{"id":12,"date":"2017-10-05T13:43:17","date_gmt":"2017-10-05T13:43:17","guid":{"rendered":"http:\/\/localhost\/mcroller\/?page_id=12"},"modified":"2021-05-04T13:06:12","modified_gmt":"2021-05-04T13:06:12","slug":"mcroller","status":"publish","type":"page","link":"https:\/\/www.mcroller.com\/ca\/fabricant-productes-hoquei\/","title":{"rendered":"McRoller"},"content":{"rendered":"<p>McRoller va n\u00e9ixer l&#8217;any 1998, per la passi\u00f3 que el seu fundador, Sergio S\u00e1nchez Soro, ex-jugador d&#8217;Hoquei Sobre Patins, tenia i segueix tenint per l&#8217;Hoquei de les 4 rodes sobre patins, aix\u00ed com per l&#8217;activitat de patinar, i en general pels esports amb \u201crodes \u201c.<\/p>\n<p>Des de l&#8217;inici, CARLOTA ROLLER, la nostra empresa, que \u00e9s propiet\u00e0ria de la marca McRoller, ha tingut com a principal objectiu la fabricaci\u00f3 de productes de m\u00e0xima qualitat per a l&#8217;Hoquei Sobre Patins i tamb\u00e9 complements per al Patinatge Art\u00edstic, adequats per a l&#8217;activitat d&#8217;aquests esports, tant en la iniciaci\u00f3 com en l&#8217;alta competici\u00f3.<\/p>\n<p>Per aconseguir aquests nivells de qualitat, comptem amb la col\u00b7laboraci\u00f3 i opini\u00f3 d&#8217;experts, jugadors i exjugadors d&#8217;elit, i altres especialistes en la fabricaci\u00f3 i comercialitzaci\u00f3 de material, que ens ajuden i aconsellen fins a aconseguir productes eficients i actuals que inserim al nostre cat\u00e0leg McRoller,\u2026 aix\u00ed anem \u201cMcRollerando\u201d i gaudint d&#8217;aquesta Passi\u00f3\u2026 donant un servei honest, transparent i garantia de correcte \u00fas en tots els nostres productes.<\/p>\n<p>Aquesta Passi\u00f3 ens ha fet en aquests vint anys anar creixent, a poc a poc, i gaudir molt\u00edssim amb la nostra activitat, treballant amb clients en diferents pa\u00efsos.<\/p>\n<p>\u00c9s el nostre prop\u00f2sit, seguir col\u00b7laborant en l&#8217;expansi\u00f3 de l&#8217;Hoquei Sobre Patins i els esports de Rodes, oferint nous i millorats productes per a la bona pr\u00e0ctica, aix\u00ed com promocionant la nostra Filosofia d&#8217;empresa i de la nostra marca McRoller en el major nombre de destinacions i pa\u00efsos possibles.<\/p>\n<p>En l&#8217;\u00e0mbit Social, un contingut m\u00e9s de la nostra Filosofia \u201cMcRollerando\u201d, \u00e9s dedicar i seguir dedicant, part dels nostres beneficis econ\u00f2mics a col\u00b7laborar amb Entitats i Fundacions que tenen per objectiu ajudar en la Formaci\u00f3 i en la Salut de Nens i Nenes necessitats.<\/p>\n<p>Esperem en breu, anunciar una nova l\u00ednia de productes, relacionats amb l&#8217;Hoquei i el patinatge.<\/p>\n<p>With McRoller you\u00b4ll never Skate Alone!!<\/p>\n<p>Sergio S\u00e1nchez Soro<\/p>\n<p>CEO CARLOTA ROLLER McRoller SINCE 1998<\/p>\n<p>MADE IN BARCELONA<\/p>\n<p>&nbsp;<\/p>","protected":false},"excerpt":{"rendered":"<p>McRoller va n\u00e9ixer l&#8217;any 1998, per la passi\u00f3 que el seu fundador, Sergio S\u00e1nchez Soro, ex-jugador d&#8217;Hoquei Sobre Patins, tenia i segueix tenint per l&#8217;Hoquei de les 4 rodes sobre patins, aix\u00ed com per l&#8217;activitat de patinar, i en general pels esports amb \u201crodes \u201c. Des de l&#8217;inici, CARLOTA ROLLER, la nostra empresa, que \u00e9s &hellip; <\/p>\n<p class=\"link-more\"><a href=\"https:\/\/www.mcroller.com\/ca\/fabricant-productes-hoquei\/\" class=\"more-link\">Continua llegint <span class=\"screen-reader-text\">\u00abMcRoller\u00bb<\/span><\/a><\/p>\n","protected":false},"author":1,"featured_media":1170,"parent":0,"menu_order":0,"comment_status":"closed","ping_status":"closed","template":"page-default.php","meta":[],"acf":[],"yoast_head":"<!-- This site is optimized with the Yoast SEO plugin v18.5.1 - https:\/\/yoast.com\/wordpress\/plugins\/seo\/ -->\n<title>McRoller | Hockey McRoller Tenda<\/title>\n<meta name=\"robots\" content=\"index, follow, max-snippet:-1, max-image-preview:large, max-video-preview:-1\" \/>\n<link rel=\"canonical\" href=\"https:\/\/www.mcroller.com\/ca\/mcroller\/\" \/>\n<meta property=\"og:locale\" content=\"ca_ES\" \/>\n<meta property=\"og:type\" content=\"article\" \/>\n<meta property=\"og:title\" content=\"McRoller | Hockey McRoller Tenda\" \/>\n<meta property=\"og:description\" content=\"McRoller va n\u00e9ixer l&#8217;any 1998, per la passi\u00f3 que el seu fundador, Sergio S\u00e1nchez Soro, ex-jugador d&#8217;Hoquei Sobre Patins, tenia i segueix tenint per l&#8217;Hoquei de les 4 rodes sobre patins, aix\u00ed com per l&#8217;activitat de patinar, i en general pels esports amb \u201crodes \u201c. Des de l&#8217;inici, CARLOTA ROLLER, la nostra empresa, que \u00e9s &hellip; Continua llegint \u00abMcRoller\u00bb\" \/>\n<meta property=\"og:url\" content=\"https:\/\/www.mcroller.com\/ca\/mcroller\/\" \/>\n<meta property=\"og:site_name\" content=\"Hockey McRoller Tenda\" \/>\n<meta property=\"article:publisher\" content=\"https:\/\/www.facebook.com\/McRoller-184371304938402\/\" \/>\n<meta property=\"article:modified_time\" content=\"2021-05-04T13:06:12+00:00\" \/>\n<meta property=\"og:image\" content=\"https:\/\/www.mcroller.com\/wp-content\/uploads\/2017\/10\/Sergio_Profesional-e1532017256852.png\" \/>\n\t<meta property=\"og:image:width\" content=\"500\" \/>\n\t<meta property=\"og:image:height\" content=\"434\" \/>\n\t<meta property=\"og:image:type\" content=\"image\/png\" \/>\n<meta name=\"twitter:card\" content=\"summary_large_image\" \/>\n<meta name=\"twitter:label1\" content=\"Temps estimat de lectura\" \/>\n\t<meta name=\"twitter:data1\" content=\"9 minuts\" \/>\n<script type=\"application\/ld+json\" class=\"yoast-schema-graph\">{\"@context\":\"https:\/\/schema.org\",\"@graph\":[{\"@type\":\"WebSite\",\"@id\":\"https:\/\/www.mcroller.com\/ca\/#website\",\"url\":\"https:\/\/www.mcroller.com\/ca\/\",\"name\":\"Hockey McRoller Tenda\",\"description\":\"\",\"potentialAction\":[{\"@type\":\"SearchAction\",\"target\":{\"@type\":\"EntryPoint\",\"urlTemplate\":\"https:\/\/www.mcroller.com\/ca\/?s={search_term_string}\"},\"query-input\":\"required name=search_term_string\"}],\"inLanguage\":\"ca\"},{\"@type\":\"ImageObject\",\"@id\":\"https:\/\/www.mcroller.com\/ca\/mcroller\/#primaryimage\",\"inLanguage\":\"ca\",\"url\":\"https:\/\/www.mcroller.com\/wp-content\/uploads\/2017\/10\/Sergio_Profesional-e1532017256852.png\",\"contentUrl\":\"https:\/\/www.mcroller.com\/wp-content\/uploads\/2017\/10\/Sergio_Profesional-e1532017256852.png\",\"width\":500,\"height\":434,\"caption\":\"Sergio S\u00e1nchez Soro\"},{\"@type\":\"WebPage\",\"@id\":\"https:\/\/www.mcroller.com\/ca\/mcroller\/#webpage\",\"url\":\"https:\/\/www.mcroller.com\/ca\/mcroller\/\",\"name\":\"McRoller | Hockey McRoller Tenda\",\"isPartOf\":{\"@id\":\"https:\/\/www.mcroller.com\/ca\/#website\"},\"primaryImageOfPage\":{\"@id\":\"https:\/\/www.mcroller.com\/ca\/mcroller\/#primaryimage\"},\"datePublished\":\"2017-10-05T13:43:17+00:00\",\"dateModified\":\"2021-05-04T13:06:12+00:00\",\"breadcrumb\":{\"@id\":\"https:\/\/www.mcroller.com\/ca\/mcroller\/#breadcrumb\"},\"inLanguage\":\"ca\",\"potentialAction\":[{\"@type\":\"ReadAction\",\"target\":[[\"https:\/\/www.mcroller.com\/ca\/mcroller\/\"]]}]},{\"@type\":\"BreadcrumbList\",\"@id\":\"https:\/\/www.mcroller.com\/ca\/mcroller\/#breadcrumb\",\"itemListElement\":[{\"@type\":\"ListItem\",\"position\":1,\"name\":\"Inici\",\"item\":\"https:\/\/www.mcroller.com\/ca\/\"},{\"@type\":\"ListItem\",\"position\":2,\"name\":\"McRoller\"}]}]}<\/script>\n<!-- \/ Yoast SEO plugin. -->","yoast_head_json":{"title":"McRoller | Hockey McRoller Tenda","robots":{"index":"index","follow":"follow","max-snippet":"max-snippet:-1","max-image-preview":"max-image-preview:large","max-video-preview":"max-video-preview:-1"},"canonical":"https:\/\/www.mcroller.com\/ca\/mcroller\/","og_locale":"ca_ES","og_type":"article","og_title":"McRoller | Hockey McRoller Tenda","og_description":"McRoller va n\u00e9ixer l&#8217;any 1998, per la passi\u00f3 que el seu fundador, Sergio S\u00e1nchez Soro, ex-jugador d&#8217;Hoquei Sobre Patins, tenia i segueix tenint per l&#8217;Hoquei de les 4 rodes sobre patins, aix\u00ed com per l&#8217;activitat de patinar, i en general pels esports amb \u201crodes \u201c. Des de l&#8217;inici, CARLOTA ROLLER, la nostra empresa, que \u00e9s &hellip; Continua llegint \u00abMcRoller\u00bb","og_url":"https:\/\/www.mcroller.com\/ca\/mcroller\/","og_site_name":"Hockey McRoller Tenda","article_publisher":"https:\/\/www.facebook.com\/McRoller-184371304938402\/","article_modified_time":"2021-05-04T13:06:12+00:00","og_image":[{"width":500,"height":434,"url":"https:\/\/www.mcroller.com\/wp-content\/uploads\/2017\/10\/Sergio_Profesional-e1532017256852.png","type":"image\/png"}],"twitter_card":"summary_large_image","twitter_misc":{"Temps estimat de lectura":"9 minuts"},"schema":{"@context":"https:\/\/schema.org","@graph":[{"@type":"WebSite","@id":"https:\/\/www.mcroller.com\/ca\/#website","url":"https:\/\/www.mcroller.com\/ca\/","name":"Hockey McRoller Tenda","description":"","potentialAction":[{"@type":"SearchAction","target":{"@type":"EntryPoint","urlTemplate":"https:\/\/www.mcroller.com\/ca\/?s={search_term_string}"},"query-input":"required name=search_term_string"}],"inLanguage":"ca"},{"@type":"ImageObject","@id":"https:\/\/www.mcroller.com\/ca\/mcroller\/#primaryimage","inLanguage":"ca","url":"https:\/\/www.mcroller.com\/wp-content\/uploads\/2017\/10\/Sergio_Profesional-e1532017256852.png","contentUrl":"https:\/\/www.mcroller.com\/wp-content\/uploads\/2017\/10\/Sergio_Profesional-e1532017256852.png","width":500,"height":434,"caption":"Sergio S\u00e1nchez Soro"},{"@type":"WebPage","@id":"https:\/\/www.mcroller.com\/ca\/mcroller\/#webpage","url":"https:\/\/www.mcroller.com\/ca\/mcroller\/","name":"McRoller | Hockey McRoller Tenda","isPartOf":{"@id":"https:\/\/www.mcroller.com\/ca\/#website"},"primaryImageOfPage":{"@id":"https:\/\/www.mcroller.com\/ca\/mcroller\/#primaryimage"},"datePublished":"2017-10-05T13:43:17+00:00","dateModified":"2021-05-04T13:06:12+00:00","breadcrumb":{"@id":"https:\/\/www.mcroller.com\/ca\/mcroller\/#breadcrumb"},"inLanguage":"ca","potentialAction":[{"@type":"ReadAction","target":[["https:\/\/www.mcroller.com\/ca\/mcroller\/"]]}]},{"@type":"BreadcrumbList","@id":"https:\/\/www.mcroller.com\/ca\/mcroller\/#breadcrumb","itemListElement":[{"@type":"ListItem","position":1,"name":"Inici","item":"https:\/\/www.mcroller.com\/ca\/"},{"@type":"ListItem","position":2,"name":"McRoller"}]}]}},"_links":{"self":[{"href":"https:\/\/www.mcroller.com\/ca\/wp-json\/wp\/v2\/pages\/12"}],"collection":[{"href":"https:\/\/www.mcroller.com\/ca\/wp-json\/wp\/v2\/pages"}],"about":[{"href":"https:\/\/www.mcroller.com\/ca\/wp-json\/wp\/v2\/types\/page"}],"author":[{"embeddable":true,"href":"https:\/\/www.mcroller.com\/ca\/wp-json\/wp\/v2\/users\/1"}],"replies":[{"embeddable":true,"href":"https:\/\/www.mcroller.com\/ca\/wp-json\/wp\/v2\/comments?post=12"}],"version-history":[{"count":30,"href":"https:\/\/www.mcroller.com\/ca\/wp-json\/wp\/v2\/pages\/12\/revisions"}],"predecessor-version":[{"id":2417,"href":"https:\/\/www.mcroller.com\/ca\/wp-json\/wp\/v2\/pages\/12\/revisions\/2417"}],"wp:featuredmedia":[{"embeddable":true,"href":"https:\/\/www.mcroller.com\/ca\/wp-json\/wp\/v2\/media\/1170"}],"wp:attachment":[{"href":"https:\/\/www.mcroller.com\/ca\/wp-json\/wp\/v2\/media?parent=12"}],"curies":[{"name":"wp","href":"https:\/\/api.w.org\/{rel}","templated":true}]}}