{"id":181,"date":"2017-10-11T05:50:33","date_gmt":"2017-10-11T05:50:33","guid":{"rendered":"http:\/\/www.mcroller.com\/beta\/?page_id=181"},"modified":"2018-01-31T16:13:02","modified_gmt":"2018-01-31T16:13:02","slug":"condiciones","status":"publish","type":"page","link":"https:\/\/www.mcroller.com\/ca\/condiciones\/","title":{"rendered":"Condicions"},"content":{"rendered":"<p><span style=\"margin: 0px; color: black; line-height: 115%; font-family: 'Arial','sans-serif'; font-size: 9pt;\"><b><u>Condicions Generals de Compra<\/u><\/b><\/span><span style=\"margin: 0px; color: black; line-height: 115%; font-family: 'Arial','sans-serif'; font-size: 9pt;\"><br \/>\n<u>Preus<\/u><\/span><\/p>\n<p>Tots els preus publicats s\u00f3n sempre amb impostos inclosos.<\/p>\n<p>El tipus impositius de l&#8217;Impost sobre el Valor Afegit (IVA), s&#8217;aplicar\u00e0 el 21% per a la Uni\u00f3 Europea, per a particulars, quedant exempts d&#8217;aquest impost, aquelles empreses pertanyents a la Uni\u00f3 Europa, a excepci\u00f3 de les situades a Espanya.<\/p>\n<p>Es realitzessin les comunicacions oportunes a l&#8217;Ag\u00e8ncia Tribut\u00e0ria Espanyola, d&#8217;aquelles vendes realitzades a empreses dins de la Uni\u00f3 Europea, i que siguin exemptes d&#8217;IVA.<\/p>\n<p>Els preus indicats, s\u00f3n sempre els publicats, llevat d&#8217;error o omissi\u00f3.<\/p>\n<p><u>Sistemes de Pagament o Compra<\/u><\/p>\n<p>Donis la nostra p\u00e0gina, podran pagar mitjan\u00e7ant la seva targeta de cr\u00e8dit o mitjan\u00e7ant transfer\u00e8ncia banc\u00e0ria, proc\u00e9s que trobar al final de la validaci\u00f3 de la compra en el carret, segons la selecci\u00f3 que hagi realitzat.<\/p>\n<p>En els casos de pagament per transfer\u00e8ncia, \u00e9s indispensable indicar el nombre de comanda facilitada, indicant el seu nom i cognoms. \u00c9s indispensable la notificaci\u00f3 per mail, de la transfer\u00e8ncia realitzada amb les dades indicades anteriorment, adjuntant el comprovant bancari de la mateixa.<\/p>\n<p>Les divises acceptades per a compra directa des de la web www.mcroller.com s\u00f3n EUROS.<\/p>\n<p><u>Enviaments i Terminis de lliurament<\/u><\/p>\n<p>Carlota\u00a0Roller\u00a0SCP, titular i propiet\u00e0ria de www.mcroller.com, es reserva el dret de variacions en l&#8217;enviament i companyia de transport, sempre que no suposi un perjudici latent per al client.<\/p>\n<p>Els terminis de lliurament indicats en cada article, pot variar en funci\u00f3 de l&#8217;acumulaci\u00f3 d&#8217;articles en una mateixa comanda, sent sempre aquests terminis, una estimaci\u00f3.<\/p>\n<p><u>Enviaments ESPANYA:<\/u><\/p>\n<p>Per a enviaments a pen\u00ednsula i Balears, les comandes seran enviades en24 hores, despr\u00e9s de confirmaci\u00f3 i validaci\u00f3 del pagament, sempre que est el material en Estoc. Al moment de realitzar la comanda, s&#8217;indica si l&#8217;article est\u00e0 o no en estoc, al moment de la compra.<\/p>\n<p>En tot cas, sempre existir\u00e0 comunicaci\u00f3 amb el client per informar de qualsevol tipus d&#8217;incid\u00e8ncia o demora en el lliurament de la seva comanda.<\/p>\n<p><u>Enviaments FORA D&#8217;ESPANYA i CAN\u00c0RIES:<\/u><\/p>\n<p>Per enviats a altres pa\u00efsos de la Uni\u00f3 Europea, les comandes seran enviades en funci\u00f3 de la destinaci\u00f3, sent com a m\u00e0xim 1 setmana el temps de recepci\u00f3 del mateix, en condicions normals, despr\u00e9s de confirmaci\u00f3 i validaci\u00f3 del pagament, sempre que est el material en Estoc. Al moment de realitzar la comanda, s&#8217;indica si l&#8217;article est\u00e0 o no en estoc, al moment de la compra, i el termini benvolgut segons el pa\u00eds de compra i destinaci\u00f3.<\/p>\n<p>En tot cas, sempre existir\u00e0 comunicaci\u00f3 amb el client per informar de qualsevol tipus d&#8217;incid\u00e8ncia o demora en el lliurament de la seva comanda<\/p>","protected":false},"excerpt":{"rendered":"<p>Condicions Generals de Compra Preus Tots els preus publicats s\u00f3n sempre amb impostos inclosos. El tipus impositius de l&#8217;Impost sobre el Valor Afegit (IVA), s&#8217;aplicar\u00e0 el 21% per a la Uni\u00f3 Europea, per a particulars, quedant exempts d&#8217;aquest impost, aquelles empreses pertanyents a la Uni\u00f3 Europa, a excepci\u00f3 de les situades a Espanya. Es realitzessin &hellip; <\/p>\n<p class=\"link-more\"><a href=\"https:\/\/www.mcroller.com\/ca\/condiciones\/\" class=\"more-link\">Continua llegint <span class=\"screen-reader-text\">\u00abCondicions\u00bb<\/span><\/a><\/p>\n","protected":false},"author":1,"featured_media":1205,"parent":0,"menu_order":0,"comment_status":"closed","ping_status":"closed","template":"page-default.php","meta":[],"acf":[],"yoast_head":"<!-- This site is optimized with the Yoast SEO plugin v18.5.1 - https:\/\/yoast.com\/wordpress\/plugins\/seo\/ -->\n<title>Condicions | Hockey McRoller Tenda<\/title>\n<meta name=\"robots\" content=\"index, follow, max-snippet:-1, max-image-preview:large, max-video-preview:-1\" \/>\n<link rel=\"canonical\" href=\"https:\/\/www.mcroller.com\/ca\/condiciones\/\" \/>\n<meta property=\"og:locale\" content=\"ca_ES\" \/>\n<meta property=\"og:type\" content=\"article\" \/>\n<meta property=\"og:title\" content=\"Condicions | Hockey McRoller Tenda\" \/>\n<meta property=\"og:description\" content=\"Condicions Generals de Compra Preus Tots els preus publicats s\u00f3n sempre amb impostos inclosos. El tipus impositius de l&#8217;Impost sobre el Valor Afegit (IVA), s&#8217;aplicar\u00e0 el 21% per a la Uni\u00f3 Europea, per a particulars, quedant exempts d&#8217;aquest impost, aquelles empreses pertanyents a la Uni\u00f3 Europa, a excepci\u00f3 de les situades a Espanya. Es realitzessin &hellip; Continua llegint \u00abCondicions\u00bb\" \/>\n<meta property=\"og:url\" content=\"https:\/\/www.mcroller.com\/ca\/condiciones\/\" \/>\n<meta property=\"og:site_name\" content=\"Hockey McRoller Tenda\" \/>\n<meta property=\"article:publisher\" content=\"https:\/\/www.facebook.com\/McRoller-184371304938402\/\" \/>\n<meta property=\"article:modified_time\" content=\"2018-01-31T16:13:02+00:00\" \/>\n<meta property=\"og:image\" content=\"https:\/\/www.mcroller.com\/wp-content\/uploads\/2017\/10\/Sliders_Paginas_Garantia-e1532072188658.jpg\" \/>\n\t<meta property=\"og:image:width\" content=\"1200\" \/>\n\t<meta property=\"og:image:height\" content=\"800\" \/>\n\t<meta property=\"og:image:type\" content=\"image\/jpeg\" \/>\n<meta name=\"twitter:card\" content=\"summary_large_image\" \/>\n<meta name=\"twitter:label1\" content=\"Temps estimat de lectura\" \/>\n\t<meta name=\"twitter:data1\" content=\"13 minuts\" \/>\n<script type=\"application\/ld+json\" class=\"yoast-schema-graph\">{\"@context\":\"https:\/\/schema.org\",\"@graph\":[{\"@type\":\"WebSite\",\"@id\":\"https:\/\/www.mcroller.com\/ca\/#website\",\"url\":\"https:\/\/www.mcroller.com\/ca\/\",\"name\":\"Hockey McRoller Tenda\",\"description\":\"\",\"potentialAction\":[{\"@type\":\"SearchAction\",\"target\":{\"@type\":\"EntryPoint\",\"urlTemplate\":\"https:\/\/www.mcroller.com\/ca\/?s={search_term_string}\"},\"query-input\":\"required name=search_term_string\"}],\"inLanguage\":\"ca\"},{\"@type\":\"ImageObject\",\"@id\":\"https:\/\/www.mcroller.com\/ca\/condiciones\/#primaryimage\",\"inLanguage\":\"ca\",\"url\":\"https:\/\/www.mcroller.com\/wp-content\/uploads\/2017\/10\/Sliders_Paginas_Garantia-e1532072188658.jpg\",\"contentUrl\":\"https:\/\/www.mcroller.com\/wp-content\/uploads\/2017\/10\/Sliders_Paginas_Garantia-e1532072188658.jpg\",\"width\":1200,\"height\":800,\"caption\":\"hockey mcroller fabricante\"},{\"@type\":\"WebPage\",\"@id\":\"https:\/\/www.mcroller.com\/ca\/condiciones\/#webpage\",\"url\":\"https:\/\/www.mcroller.com\/ca\/condiciones\/\",\"name\":\"Condicions | Hockey McRoller Tenda\",\"isPartOf\":{\"@id\":\"https:\/\/www.mcroller.com\/ca\/#website\"},\"primaryImageOfPage\":{\"@id\":\"https:\/\/www.mcroller.com\/ca\/condiciones\/#primaryimage\"},\"datePublished\":\"2017-10-11T05:50:33+00:00\",\"dateModified\":\"2018-01-31T16:13:02+00:00\",\"breadcrumb\":{\"@id\":\"https:\/\/www.mcroller.com\/ca\/condiciones\/#breadcrumb\"},\"inLanguage\":\"ca\",\"potentialAction\":[{\"@type\":\"ReadAction\",\"target\":[[\"https:\/\/www.mcroller.com\/ca\/condiciones\/\"]]}]},{\"@type\":\"BreadcrumbList\",\"@id\":\"https:\/\/www.mcroller.com\/ca\/condiciones\/#breadcrumb\",\"itemListElement\":[{\"@type\":\"ListItem\",\"position\":1,\"name\":\"Inici\",\"item\":\"https:\/\/www.mcroller.com\/ca\/\"},{\"@type\":\"ListItem\",\"position\":2,\"name\":\"Terms\"}]}]}<\/script>\n<!-- \/ Yoast SEO plugin. -->","yoast_head_json":{"title":"Condicions | Hockey McRoller Tenda","robots":{"index":"index","follow":"follow","max-snippet":"max-snippet:-1","max-image-preview":"max-image-preview:large","max-video-preview":"max-video-preview:-1"},"canonical":"https:\/\/www.mcroller.com\/ca\/condiciones\/","og_locale":"ca_ES","og_type":"article","og_title":"Condicions | Hockey McRoller Tenda","og_description":"Condicions Generals de Compra Preus Tots els preus publicats s\u00f3n sempre amb impostos inclosos. El tipus impositius de l&#8217;Impost sobre el Valor Afegit (IVA), s&#8217;aplicar\u00e0 el 21% per a la Uni\u00f3 Europea, per a particulars, quedant exempts d&#8217;aquest impost, aquelles empreses pertanyents a la Uni\u00f3 Europa, a excepci\u00f3 de les situades a Espanya. Es realitzessin &hellip; Continua llegint \u00abCondicions\u00bb","og_url":"https:\/\/www.mcroller.com\/ca\/condiciones\/","og_site_name":"Hockey McRoller Tenda","article_publisher":"https:\/\/www.facebook.com\/McRoller-184371304938402\/","article_modified_time":"2018-01-31T16:13:02+00:00","og_image":[{"width":1200,"height":800,"url":"https:\/\/www.mcroller.com\/wp-content\/uploads\/2017\/10\/Sliders_Paginas_Garantia-e1532072188658.jpg","type":"image\/jpeg"}],"twitter_card":"summary_large_image","twitter_misc":{"Temps estimat de lectura":"13 minuts"},"schema":{"@context":"https:\/\/schema.org","@graph":[{"@type":"WebSite","@id":"https:\/\/www.mcroller.com\/ca\/#website","url":"https:\/\/www.mcroller.com\/ca\/","name":"Hockey McRoller Tenda","description":"","potentialAction":[{"@type":"SearchAction","target":{"@type":"EntryPoint","urlTemplate":"https:\/\/www.mcroller.com\/ca\/?s={search_term_string}"},"query-input":"required name=search_term_string"}],"inLanguage":"ca"},{"@type":"ImageObject","@id":"https:\/\/www.mcroller.com\/ca\/condiciones\/#primaryimage","inLanguage":"ca","url":"https:\/\/www.mcroller.com\/wp-content\/uploads\/2017\/10\/Sliders_Paginas_Garantia-e1532072188658.jpg","contentUrl":"https:\/\/www.mcroller.com\/wp-content\/uploads\/2017\/10\/Sliders_Paginas_Garantia-e1532072188658.jpg","width":1200,"height":800,"caption":"hockey mcroller fabricante"},{"@type":"WebPage","@id":"https:\/\/www.mcroller.com\/ca\/condiciones\/#webpage","url":"https:\/\/www.mcroller.com\/ca\/condiciones\/","name":"Condicions | Hockey McRoller Tenda","isPartOf":{"@id":"https:\/\/www.mcroller.com\/ca\/#website"},"primaryImageOfPage":{"@id":"https:\/\/www.mcroller.com\/ca\/condiciones\/#primaryimage"},"datePublished":"2017-10-11T05:50:33+00:00","dateModified":"2018-01-31T16:13:02+00:00","breadcrumb":{"@id":"https:\/\/www.mcroller.com\/ca\/condiciones\/#breadcrumb"},"inLanguage":"ca","potentialAction":[{"@type":"ReadAction","target":[["https:\/\/www.mcroller.com\/ca\/condiciones\/"]]}]},{"@type":"BreadcrumbList","@id":"https:\/\/www.mcroller.com\/ca\/condiciones\/#breadcrumb","itemListElement":[{"@type":"ListItem","position":1,"name":"Inici","item":"https:\/\/www.mcroller.com\/ca\/"},{"@type":"ListItem","position":2,"name":"Terms"}]}]}},"_links":{"self":[{"href":"https:\/\/www.mcroller.com\/ca\/wp-json\/wp\/v2\/pages\/181"}],"collection":[{"href":"https:\/\/www.mcroller.com\/ca\/wp-json\/wp\/v2\/pages"}],"about":[{"href":"https:\/\/www.mcroller.com\/ca\/wp-json\/wp\/v2\/types\/page"}],"author":[{"embeddable":true,"href":"https:\/\/www.mcroller.com\/ca\/wp-json\/wp\/v2\/users\/1"}],"replies":[{"embeddable":true,"href":"https:\/\/www.mcroller.com\/ca\/wp-json\/wp\/v2\/comments?post=181"}],"version-history":[{"count":9,"href":"https:\/\/www.mcroller.com\/ca\/wp-json\/wp\/v2\/pages\/181\/revisions"}],"predecessor-version":[{"id":1030,"href":"https:\/\/www.mcroller.com\/ca\/wp-json\/wp\/v2\/pages\/181\/revisions\/1030"}],"wp:featuredmedia":[{"embeddable":true,"href":"https:\/\/www.mcroller.com\/ca\/wp-json\/wp\/v2\/media\/1205"}],"wp:attachment":[{"href":"https:\/\/www.mcroller.com\/ca\/wp-json\/wp\/v2\/media?parent=181"}],"curies":[{"name":"wp","href":"https:\/\/api.w.org\/{rel}","templated":true}]}}