{"id":183,"date":"2017-10-11T05:51:28","date_gmt":"2017-10-11T05:51:28","guid":{"rendered":"http:\/\/www.mcroller.com\/beta\/?page_id=183"},"modified":"2021-05-05T05:41:52","modified_gmt":"2021-05-05T05:41:52","slug":"devoluciones","status":"publish","type":"page","link":"https:\/\/www.mcroller.com\/ca\/devolucions\/","title":{"rendered":"Devolucions"},"content":{"rendered":"<p><\/p>\n<form class=\"formulari form-horizontal\">\n<div class=\"traductor-textarea form-group\" style=\"text-align: center;\">\u00a0<span lang=\"CA\" style=\"margin: 0px; line-height: 115%; font-family: 'Arial','sans-serif'; font-size: 9pt;\"><b><u><span style=\"color: #000000;\">Document d&#8217;informaci\u00f3 sobre el desistiment<\/span><\/u><\/b><\/span><\/div>\n<div><\/div>\n<div>\n<p><strong><u><span lang=\"CA\" style=\"margin: 0px; font-family: 'Arial','sans-serif'; font-size: 9pt;\"><span style=\"color: #000000;\">Dret de desistiment<\/span><\/span><\/u><\/strong><\/p>\n<p><span lang=\"CA\" style=\"margin: 0px; line-height: 115%; font-family: 'Arial','sans-serif'; font-size: 9pt;\"><span style=\"color: #000000;\">T\u00e9 vost\u00e8 dret a desistir del present contracte en un termini de 14 dies naturals sense necessitat de justificaci\u00f3.<\/span><\/span><\/p>\n<p><span lang=\"CA\" style=\"margin: 0px; line-height: 115%; font-family: 'Arial','sans-serif'; font-size: 9pt;\"><span style=\"color: #000000;\">El termini de desistiment expirar\u00e0 als 14 dies naturals del dia que vost\u00e8 o un tercer per vost\u00e8 indicat, diferent del transportista, va adquirir la possessi\u00f3 material dels b\u00e9ns.<\/span><\/span><\/p>\n<p><span lang=\"CA\" style=\"margin: 0px; line-height: 115%; font-family: 'Arial','sans-serif'; font-size: 9pt;\"><span style=\"color: #000000;\">Per exercir el dret de desistiment, haur\u00e0 de vost\u00e8 notificar-nos (Insereixi&#8217;s el seu nom, la seva adre\u00e7a completa i, si disposa d&#8217;ells, el seu n\u00famero de tel\u00e8fon, el seu nombre de fax i la seva adre\u00e7a de correu electr\u00f2nic) la seva decisi\u00f3 de desistir del contracte a trav\u00e9s d&#8217;una declaraci\u00f3 inequ\u00edvoca (per exemple, una carta enviada per correu postal, fax o correu electr\u00f2nic). Podr\u00e0 utilitzar el model de formulari de desistiment que figura a continuaci\u00f3, encara que el seu \u00fas no \u00e9s obligatori. Per complir el termini de desistiment, n&#8217;hi ha prou que la comunicaci\u00f3 relativa a l&#8217;exercici per la seva banda d&#8217;aquest dret sigui enviada abans que venci el termini corresponent.<\/span><\/span><\/p>\n<p><strong><u><span lang=\"CA\" style=\"margin: 0px; font-family: 'Arial','sans-serif'; font-size: 9pt;\"><span style=\"color: #000000;\">Conseq\u00fc\u00e8ncies del desistiment<\/span><\/span><\/u><\/strong><\/p>\n<p><span lang=\"CA\" style=\"margin: 0px; line-height: 115%; font-family: 'Arial','sans-serif'; font-size: 9pt;\"><span style=\"color: #000000;\">En cas de desistiment per la seva banda, li retornarem tots els pagaments rebuts de vost\u00e8, inclosos les despeses de lliurament (amb l&#8217;excepci\u00f3 de les despeses addicionals resultants de l&#8217;elecci\u00f3 per la seva banda d&#8217;una modalitat de lliurament diferent a la modalitat menys costosa de lliurament ordinari que oferim) sense cap demora indeguda i, en tot cas, a tot tardar 14 dies naturals a partir de la data en la qual se&#8217;ns informi de la seva decisi\u00f3 de desistir del present contracte. Procedirem a efectuar aquest reemborsament utilitzant el mateix mitj\u00e0 de pagament emprat per vost\u00e8 per a la transacci\u00f3 inicial, tret que hi hagi vost\u00e8 disposat expressament el contrari; en tot cas, no incorrer\u00e0 en cap despesa com a conseq\u00fc\u00e8ncia del reemborsament. Podrem retenir el reemborsament fins a haver rebut els b\u00e9ns, o fins que vost\u00e8 hagi presentat una prova de la devoluci\u00f3 dels mateixos, segons quina condici\u00f3 es compleixi primer. Haur\u00e0 de vost\u00e8 retornar-nos o lliurar-nos directament els b\u00e9ns o a\u2026 (Insereixi&#8217;s el nom i el domicili, si escau, de la persona autoritzada per vost\u00e8 a rebre els b\u00e9ns), sense cap demora indeguda i, en qualsevol cas, a tot tardar en el termini de 14 dies naturals a partir de la data en qu\u00e8 ens comuniqui la seva decisi\u00f3 de desistiment del contracte. Es considerar\u00e0 complert el termini si efectua la devoluci\u00f3 dels b\u00e9ns abans que hagi concl\u00f2s aquest termini. Haur\u00e0 de vost\u00e8 assumir el cost directe de devoluci\u00f3 dels b\u00e9ns.<\/span><\/span><\/p>\n<p><span lang=\"CA\" style=\"margin: 0px; line-height: 115%; font-family: 'Arial','sans-serif'; font-size: 9pt;\"><span style=\"color: #000000;\">Solament ser\u00e0 vost\u00e8 responsable de la disminuci\u00f3 de valor dels b\u00e9ns resultant d&#8217;una manipulaci\u00f3 diferent a la necess\u00e0ria per establir la naturalesa, les caracter\u00edstiques i el funcionament dels b\u00e9ns.<\/span><\/span><\/p>\n<\/div>\n<\/form>\n<p><\/p>","protected":false},"excerpt":{"rendered":"","protected":false},"author":1,"featured_media":1205,"parent":0,"menu_order":0,"comment_status":"closed","ping_status":"closed","template":"page-default.php","meta":[],"acf":[],"yoast_head":"<!-- This site is optimized with the Yoast SEO plugin v18.5.1 - https:\/\/yoast.com\/wordpress\/plugins\/seo\/ -->\n<title>Devolucions | Hockey McRoller Tenda<\/title>\n<meta name=\"robots\" content=\"index, follow, max-snippet:-1, max-image-preview:large, max-video-preview:-1\" \/>\n<link rel=\"canonical\" href=\"https:\/\/www.mcroller.com\/ca\/devoluciones\/\" \/>\n<meta property=\"og:locale\" content=\"ca_ES\" \/>\n<meta property=\"og:type\" content=\"article\" \/>\n<meta property=\"og:title\" content=\"Devolucions | Hockey McRoller Tenda\" \/>\n<meta property=\"og:url\" content=\"https:\/\/www.mcroller.com\/ca\/devoluciones\/\" \/>\n<meta property=\"og:site_name\" content=\"Hockey McRoller Tenda\" \/>\n<meta property=\"article:publisher\" content=\"https:\/\/www.facebook.com\/McRoller-184371304938402\/\" \/>\n<meta property=\"article:modified_time\" content=\"2021-05-05T05:41:52+00:00\" \/>\n<meta property=\"og:image\" content=\"https:\/\/www.mcroller.com\/wp-content\/uploads\/2017\/10\/Sliders_Paginas_Garantia-e1532072188658.jpg\" \/>\n\t<meta property=\"og:image:width\" content=\"1200\" \/>\n\t<meta property=\"og:image:height\" content=\"800\" \/>\n\t<meta property=\"og:image:type\" content=\"image\/jpeg\" \/>\n<meta name=\"twitter:card\" content=\"summary_large_image\" \/>\n<meta name=\"twitter:label1\" content=\"Temps estimat de lectura\" \/>\n\t<meta name=\"twitter:data1\" content=\"18 minuts\" \/>\n<script type=\"application\/ld+json\" class=\"yoast-schema-graph\">{\"@context\":\"https:\/\/schema.org\",\"@graph\":[{\"@type\":\"WebSite\",\"@id\":\"https:\/\/www.mcroller.com\/ca\/#website\",\"url\":\"https:\/\/www.mcroller.com\/ca\/\",\"name\":\"Hockey McRoller Tenda\",\"description\":\"\",\"potentialAction\":[{\"@type\":\"SearchAction\",\"target\":{\"@type\":\"EntryPoint\",\"urlTemplate\":\"https:\/\/www.mcroller.com\/ca\/?s={search_term_string}\"},\"query-input\":\"required name=search_term_string\"}],\"inLanguage\":\"ca\"},{\"@type\":\"ImageObject\",\"@id\":\"https:\/\/www.mcroller.com\/ca\/devoluciones\/#primaryimage\",\"inLanguage\":\"ca\",\"url\":\"https:\/\/www.mcroller.com\/wp-content\/uploads\/2017\/10\/Sliders_Paginas_Garantia-e1532072188658.jpg\",\"contentUrl\":\"https:\/\/www.mcroller.com\/wp-content\/uploads\/2017\/10\/Sliders_Paginas_Garantia-e1532072188658.jpg\",\"width\":1200,\"height\":800,\"caption\":\"hockey mcroller fabricante\"},{\"@type\":\"WebPage\",\"@id\":\"https:\/\/www.mcroller.com\/ca\/devoluciones\/#webpage\",\"url\":\"https:\/\/www.mcroller.com\/ca\/devoluciones\/\",\"name\":\"Devolucions | Hockey McRoller Tenda\",\"isPartOf\":{\"@id\":\"https:\/\/www.mcroller.com\/ca\/#website\"},\"primaryImageOfPage\":{\"@id\":\"https:\/\/www.mcroller.com\/ca\/devoluciones\/#primaryimage\"},\"datePublished\":\"2017-10-11T05:51:28+00:00\",\"dateModified\":\"2021-05-05T05:41:52+00:00\",\"breadcrumb\":{\"@id\":\"https:\/\/www.mcroller.com\/ca\/devoluciones\/#breadcrumb\"},\"inLanguage\":\"ca\",\"potentialAction\":[{\"@type\":\"ReadAction\",\"target\":[[\"https:\/\/www.mcroller.com\/ca\/devoluciones\/\"]]}]},{\"@type\":\"BreadcrumbList\",\"@id\":\"https:\/\/www.mcroller.com\/ca\/devoluciones\/#breadcrumb\",\"itemListElement\":[{\"@type\":\"ListItem\",\"position\":1,\"name\":\"Inici\",\"item\":\"https:\/\/www.mcroller.com\/ca\/\"},{\"@type\":\"ListItem\",\"position\":2,\"name\":\"Returns\"}]}]}<\/script>\n<!-- \/ Yoast SEO plugin. -->","yoast_head_json":{"title":"Devolucions | Hockey McRoller Tenda","robots":{"index":"index","follow":"follow","max-snippet":"max-snippet:-1","max-image-preview":"max-image-preview:large","max-video-preview":"max-video-preview:-1"},"canonical":"https:\/\/www.mcroller.com\/ca\/devoluciones\/","og_locale":"ca_ES","og_type":"article","og_title":"Devolucions | Hockey McRoller Tenda","og_url":"https:\/\/www.mcroller.com\/ca\/devoluciones\/","og_site_name":"Hockey McRoller Tenda","article_publisher":"https:\/\/www.facebook.com\/McRoller-184371304938402\/","article_modified_time":"2021-05-05T05:41:52+00:00","og_image":[{"width":1200,"height":800,"url":"https:\/\/www.mcroller.com\/wp-content\/uploads\/2017\/10\/Sliders_Paginas_Garantia-e1532072188658.jpg","type":"image\/jpeg"}],"twitter_card":"summary_large_image","twitter_misc":{"Temps estimat de lectura":"18 minuts"},"schema":{"@context":"https:\/\/schema.org","@graph":[{"@type":"WebSite","@id":"https:\/\/www.mcroller.com\/ca\/#website","url":"https:\/\/www.mcroller.com\/ca\/","name":"Hockey McRoller Tenda","description":"","potentialAction":[{"@type":"SearchAction","target":{"@type":"EntryPoint","urlTemplate":"https:\/\/www.mcroller.com\/ca\/?s={search_term_string}"},"query-input":"required name=search_term_string"}],"inLanguage":"ca"},{"@type":"ImageObject","@id":"https:\/\/www.mcroller.com\/ca\/devoluciones\/#primaryimage","inLanguage":"ca","url":"https:\/\/www.mcroller.com\/wp-content\/uploads\/2017\/10\/Sliders_Paginas_Garantia-e1532072188658.jpg","contentUrl":"https:\/\/www.mcroller.com\/wp-content\/uploads\/2017\/10\/Sliders_Paginas_Garantia-e1532072188658.jpg","width":1200,"height":800,"caption":"hockey mcroller fabricante"},{"@type":"WebPage","@id":"https:\/\/www.mcroller.com\/ca\/devoluciones\/#webpage","url":"https:\/\/www.mcroller.com\/ca\/devoluciones\/","name":"Devolucions | Hockey McRoller Tenda","isPartOf":{"@id":"https:\/\/www.mcroller.com\/ca\/#website"},"primaryImageOfPage":{"@id":"https:\/\/www.mcroller.com\/ca\/devoluciones\/#primaryimage"},"datePublished":"2017-10-11T05:51:28+00:00","dateModified":"2021-05-05T05:41:52+00:00","breadcrumb":{"@id":"https:\/\/www.mcroller.com\/ca\/devoluciones\/#breadcrumb"},"inLanguage":"ca","potentialAction":[{"@type":"ReadAction","target":[["https:\/\/www.mcroller.com\/ca\/devoluciones\/"]]}]},{"@type":"BreadcrumbList","@id":"https:\/\/www.mcroller.com\/ca\/devoluciones\/#breadcrumb","itemListElement":[{"@type":"ListItem","position":1,"name":"Inici","item":"https:\/\/www.mcroller.com\/ca\/"},{"@type":"ListItem","position":2,"name":"Returns"}]}]}},"_links":{"self":[{"href":"https:\/\/www.mcroller.com\/ca\/wp-json\/wp\/v2\/pages\/183"}],"collection":[{"href":"https:\/\/www.mcroller.com\/ca\/wp-json\/wp\/v2\/pages"}],"about":[{"href":"https:\/\/www.mcroller.com\/ca\/wp-json\/wp\/v2\/types\/page"}],"author":[{"embeddable":true,"href":"https:\/\/www.mcroller.com\/ca\/wp-json\/wp\/v2\/users\/1"}],"replies":[{"embeddable":true,"href":"https:\/\/www.mcroller.com\/ca\/wp-json\/wp\/v2\/comments?post=183"}],"version-history":[{"count":11,"href":"https:\/\/www.mcroller.com\/ca\/wp-json\/wp\/v2\/pages\/183\/revisions"}],"predecessor-version":[{"id":2424,"href":"https:\/\/www.mcroller.com\/ca\/wp-json\/wp\/v2\/pages\/183\/revisions\/2424"}],"wp:featuredmedia":[{"embeddable":true,"href":"https:\/\/www.mcroller.com\/ca\/wp-json\/wp\/v2\/media\/1205"}],"wp:attachment":[{"href":"https:\/\/www.mcroller.com\/ca\/wp-json\/wp\/v2\/media?parent=183"}],"curies":[{"name":"wp","href":"https:\/\/api.w.org\/{rel}","templated":true}]}}