{"id":185,"date":"2017-10-11T05:52:17","date_gmt":"2017-10-11T05:52:17","guid":{"rendered":"http:\/\/www.mcroller.com\/beta\/?page_id=185"},"modified":"2021-05-05T05:41:12","modified_gmt":"2021-05-05T05:41:12","slug":"garantias","status":"publish","type":"page","link":"https:\/\/www.mcroller.com\/ca\/garanties\/","title":{"rendered":"GARANTIES"},"content":{"rendered":"<p><span style=\"margin: 0px; color: black; font-family: 'Arial','sans-serif'; font-size: 9pt;\">McRoller<\/span><span style=\"color: #000000; font-family: Calibri;\">\u00a0Garanteix la correcta fabricaci\u00f3 i bona qualitat dels seus productes, per a un resultat efica\u00e7 i \u00f2ptim per a la pr\u00e0ctica de l&#8217;esport.<\/span><\/p>\n<p><span style=\"margin: 0px; color: black; font-family: 'Arial','sans-serif'; font-size: 9pt;\">Els defectes o desperfectes deguts a una incorrecta utilitzaci\u00f3 o manipulaci\u00f3 del material o els desgastos produ\u00efts per un \u00fas normal del mateix, no s&#8217;inclouen en aquesta garantia.<\/span><\/p>\n<p><span style=\"margin: 0px; color: black; font-family: 'Arial','sans-serif'; font-size: 9pt;\">Els minvaments en la funcionalitat dels articles, degudes a les limitacions de concepci\u00f3 dels mateixos, tamb\u00e9 estan excloses de la cobertura d&#8217;aquesta garantia.<\/span><\/p>\n<p><span style=\"margin: 0px; color: black; font-family: 'Arial','sans-serif'; font-size: 9pt;\">Per a qualsevol dubte pot contactar amb nosaltres i li indicarem el millor per a vost\u00e8 i el seu producte.<\/span><\/p>\n<p><span style=\"margin: 0px; color: black; font-family: 'Arial','sans-serif'; font-size: 9pt;\">LIMITACI\u00d3 DE RESPONSABILITAT<\/span><\/p>\n<p><span style=\"margin: 0px; color: black; font-family: 'Arial','sans-serif'; font-size: 9pt;\">L&#8217;hoquei i el patinatge s\u00f3n considerats com a esport que pot ser perillosos i poden produir lesions greus. \u00c9s responsabilitat del client estar t\u00e8cnicament capacitat per utilitzar els materials d&#8217;aquest esport.<\/span><\/p>","protected":false},"excerpt":{"rendered":"<p>McRoller\u00a0Garanteix la correcta fabricaci\u00f3 i bona qualitat dels seus productes, per a un resultat efica\u00e7 i \u00f2ptim per a la pr\u00e0ctica de l&#8217;esport. Els defectes o desperfectes deguts a una incorrecta utilitzaci\u00f3 o manipulaci\u00f3 del material o els desgastos produ\u00efts per un \u00fas normal del mateix, no s&#8217;inclouen en aquesta garantia. Els minvaments en la &hellip; <\/p>\n<p class=\"link-more\"><a href=\"https:\/\/www.mcroller.com\/ca\/garanties\/\" class=\"more-link\">Continua llegint <span class=\"screen-reader-text\">\u00abGARANTIES\u00bb<\/span><\/a><\/p>\n","protected":false},"author":1,"featured_media":1205,"parent":0,"menu_order":0,"comment_status":"closed","ping_status":"closed","template":"page-default.php","meta":[],"acf":[],"yoast_head":"<!-- This site is optimized with the Yoast SEO plugin v18.5.1 - https:\/\/yoast.com\/wordpress\/plugins\/seo\/ -->\n<title>GARANTIES | Hockey McRoller Tenda<\/title>\n<meta name=\"robots\" content=\"index, follow, max-snippet:-1, max-image-preview:large, max-video-preview:-1\" \/>\n<link rel=\"canonical\" href=\"https:\/\/www.mcroller.com\/ca\/garantias\/\" \/>\n<meta property=\"og:locale\" content=\"ca_ES\" \/>\n<meta property=\"og:type\" content=\"article\" \/>\n<meta property=\"og:title\" content=\"GARANTIES | Hockey McRoller Tenda\" \/>\n<meta property=\"og:description\" content=\"McRoller\u00a0Garanteix la correcta fabricaci\u00f3 i bona qualitat dels seus productes, per a un resultat efica\u00e7 i \u00f2ptim per a la pr\u00e0ctica de l&#8217;esport. Els defectes o desperfectes deguts a una incorrecta utilitzaci\u00f3 o manipulaci\u00f3 del material o els desgastos produ\u00efts per un \u00fas normal del mateix, no s&#8217;inclouen en aquesta garantia. Els minvaments en la &hellip; Continua llegint \u00abGARANTIES\u00bb\" \/>\n<meta property=\"og:url\" content=\"https:\/\/www.mcroller.com\/ca\/garantias\/\" \/>\n<meta property=\"og:site_name\" content=\"Hockey McRoller Tenda\" \/>\n<meta property=\"article:publisher\" content=\"https:\/\/www.facebook.com\/McRoller-184371304938402\/\" \/>\n<meta property=\"article:modified_time\" content=\"2021-05-05T05:41:12+00:00\" \/>\n<meta property=\"og:image\" content=\"https:\/\/www.mcroller.com\/wp-content\/uploads\/2017\/10\/Sliders_Paginas_Garantia-e1532072188658.jpg\" \/>\n\t<meta property=\"og:image:width\" content=\"1200\" \/>\n\t<meta property=\"og:image:height\" content=\"800\" \/>\n\t<meta property=\"og:image:type\" content=\"image\/jpeg\" \/>\n<meta name=\"twitter:card\" content=\"summary_large_image\" \/>\n<meta name=\"twitter:label1\" content=\"Temps estimat de lectura\" \/>\n\t<meta name=\"twitter:data1\" content=\"4 minuts\" \/>\n<script type=\"application\/ld+json\" class=\"yoast-schema-graph\">{\"@context\":\"https:\/\/schema.org\",\"@graph\":[{\"@type\":\"WebSite\",\"@id\":\"https:\/\/www.mcroller.com\/ca\/#website\",\"url\":\"https:\/\/www.mcroller.com\/ca\/\",\"name\":\"Hockey McRoller Tenda\",\"description\":\"\",\"potentialAction\":[{\"@type\":\"SearchAction\",\"target\":{\"@type\":\"EntryPoint\",\"urlTemplate\":\"https:\/\/www.mcroller.com\/ca\/?s={search_term_string}\"},\"query-input\":\"required name=search_term_string\"}],\"inLanguage\":\"ca\"},{\"@type\":\"ImageObject\",\"@id\":\"https:\/\/www.mcroller.com\/ca\/garantias\/#primaryimage\",\"inLanguage\":\"ca\",\"url\":\"https:\/\/www.mcroller.com\/wp-content\/uploads\/2017\/10\/Sliders_Paginas_Garantia-e1532072188658.jpg\",\"contentUrl\":\"https:\/\/www.mcroller.com\/wp-content\/uploads\/2017\/10\/Sliders_Paginas_Garantia-e1532072188658.jpg\",\"width\":1200,\"height\":800,\"caption\":\"hockey mcroller fabricante\"},{\"@type\":\"WebPage\",\"@id\":\"https:\/\/www.mcroller.com\/ca\/garantias\/#webpage\",\"url\":\"https:\/\/www.mcroller.com\/ca\/garantias\/\",\"name\":\"GARANTIES | Hockey McRoller Tenda\",\"isPartOf\":{\"@id\":\"https:\/\/www.mcroller.com\/ca\/#website\"},\"primaryImageOfPage\":{\"@id\":\"https:\/\/www.mcroller.com\/ca\/garantias\/#primaryimage\"},\"datePublished\":\"2017-10-11T05:52:17+00:00\",\"dateModified\":\"2021-05-05T05:41:12+00:00\",\"breadcrumb\":{\"@id\":\"https:\/\/www.mcroller.com\/ca\/garantias\/#breadcrumb\"},\"inLanguage\":\"ca\",\"potentialAction\":[{\"@type\":\"ReadAction\",\"target\":[[\"https:\/\/www.mcroller.com\/ca\/garantias\/\"]]}]},{\"@type\":\"BreadcrumbList\",\"@id\":\"https:\/\/www.mcroller.com\/ca\/garantias\/#breadcrumb\",\"itemListElement\":[{\"@type\":\"ListItem\",\"position\":1,\"name\":\"Inici\",\"item\":\"https:\/\/www.mcroller.com\/ca\/\"},{\"@type\":\"ListItem\",\"position\":2,\"name\":\"WARRANTY\"}]}]}<\/script>\n<!-- \/ Yoast SEO plugin. -->","yoast_head_json":{"title":"GARANTIES | Hockey McRoller Tenda","robots":{"index":"index","follow":"follow","max-snippet":"max-snippet:-1","max-image-preview":"max-image-preview:large","max-video-preview":"max-video-preview:-1"},"canonical":"https:\/\/www.mcroller.com\/ca\/garantias\/","og_locale":"ca_ES","og_type":"article","og_title":"GARANTIES | Hockey McRoller Tenda","og_description":"McRoller\u00a0Garanteix la correcta fabricaci\u00f3 i bona qualitat dels seus productes, per a un resultat efica\u00e7 i \u00f2ptim per a la pr\u00e0ctica de l&#8217;esport. Els defectes o desperfectes deguts a una incorrecta utilitzaci\u00f3 o manipulaci\u00f3 del material o els desgastos produ\u00efts per un \u00fas normal del mateix, no s&#8217;inclouen en aquesta garantia. Els minvaments en la &hellip; Continua llegint \u00abGARANTIES\u00bb","og_url":"https:\/\/www.mcroller.com\/ca\/garantias\/","og_site_name":"Hockey McRoller Tenda","article_publisher":"https:\/\/www.facebook.com\/McRoller-184371304938402\/","article_modified_time":"2021-05-05T05:41:12+00:00","og_image":[{"width":1200,"height":800,"url":"https:\/\/www.mcroller.com\/wp-content\/uploads\/2017\/10\/Sliders_Paginas_Garantia-e1532072188658.jpg","type":"image\/jpeg"}],"twitter_card":"summary_large_image","twitter_misc":{"Temps estimat de lectura":"4 minuts"},"schema":{"@context":"https:\/\/schema.org","@graph":[{"@type":"WebSite","@id":"https:\/\/www.mcroller.com\/ca\/#website","url":"https:\/\/www.mcroller.com\/ca\/","name":"Hockey McRoller Tenda","description":"","potentialAction":[{"@type":"SearchAction","target":{"@type":"EntryPoint","urlTemplate":"https:\/\/www.mcroller.com\/ca\/?s={search_term_string}"},"query-input":"required name=search_term_string"}],"inLanguage":"ca"},{"@type":"ImageObject","@id":"https:\/\/www.mcroller.com\/ca\/garantias\/#primaryimage","inLanguage":"ca","url":"https:\/\/www.mcroller.com\/wp-content\/uploads\/2017\/10\/Sliders_Paginas_Garantia-e1532072188658.jpg","contentUrl":"https:\/\/www.mcroller.com\/wp-content\/uploads\/2017\/10\/Sliders_Paginas_Garantia-e1532072188658.jpg","width":1200,"height":800,"caption":"hockey mcroller fabricante"},{"@type":"WebPage","@id":"https:\/\/www.mcroller.com\/ca\/garantias\/#webpage","url":"https:\/\/www.mcroller.com\/ca\/garantias\/","name":"GARANTIES | Hockey McRoller Tenda","isPartOf":{"@id":"https:\/\/www.mcroller.com\/ca\/#website"},"primaryImageOfPage":{"@id":"https:\/\/www.mcroller.com\/ca\/garantias\/#primaryimage"},"datePublished":"2017-10-11T05:52:17+00:00","dateModified":"2021-05-05T05:41:12+00:00","breadcrumb":{"@id":"https:\/\/www.mcroller.com\/ca\/garantias\/#breadcrumb"},"inLanguage":"ca","potentialAction":[{"@type":"ReadAction","target":[["https:\/\/www.mcroller.com\/ca\/garantias\/"]]}]},{"@type":"BreadcrumbList","@id":"https:\/\/www.mcroller.com\/ca\/garantias\/#breadcrumb","itemListElement":[{"@type":"ListItem","position":1,"name":"Inici","item":"https:\/\/www.mcroller.com\/ca\/"},{"@type":"ListItem","position":2,"name":"WARRANTY"}]}]}},"_links":{"self":[{"href":"https:\/\/www.mcroller.com\/ca\/wp-json\/wp\/v2\/pages\/185"}],"collection":[{"href":"https:\/\/www.mcroller.com\/ca\/wp-json\/wp\/v2\/pages"}],"about":[{"href":"https:\/\/www.mcroller.com\/ca\/wp-json\/wp\/v2\/types\/page"}],"author":[{"embeddable":true,"href":"https:\/\/www.mcroller.com\/ca\/wp-json\/wp\/v2\/users\/1"}],"replies":[{"embeddable":true,"href":"https:\/\/www.mcroller.com\/ca\/wp-json\/wp\/v2\/comments?post=185"}],"version-history":[{"count":9,"href":"https:\/\/www.mcroller.com\/ca\/wp-json\/wp\/v2\/pages\/185\/revisions"}],"predecessor-version":[{"id":2423,"href":"https:\/\/www.mcroller.com\/ca\/wp-json\/wp\/v2\/pages\/185\/revisions\/2423"}],"wp:featuredmedia":[{"embeddable":true,"href":"https:\/\/www.mcroller.com\/ca\/wp-json\/wp\/v2\/media\/1205"}],"wp:attachment":[{"href":"https:\/\/www.mcroller.com\/ca\/wp-json\/wp\/v2\/media?parent=185"}],"curies":[{"name":"wp","href":"https:\/\/api.w.org\/{rel}","templated":true}]}}