{"id":187,"date":"2017-10-11T05:52:50","date_gmt":"2017-10-11T05:52:50","guid":{"rendered":"http:\/\/www.mcroller.com\/beta\/?page_id=187"},"modified":"2017-12-20T16:17:34","modified_gmt":"2017-12-20T16:17:34","slug":"avisos-legales","status":"publish","type":"page","link":"https:\/\/www.mcroller.com\/ca\/avisos-legales\/","title":{"rendered":"Avisos legals"},"content":{"rendered":"<p><span style=\"margin: 0px; color: black; font-family: 'Arial','sans-serif'; font-size: 9pt;\">PROTECCI\u00d3 DE DADES DE CAR\u00c0CTER PERSONAL<\/span><\/p>\n<p><span style=\"margin: 0px; color: black; font-family: 'Arial','sans-serif'; font-size: 9pt;\">En compliment de l&#8217;establert en la Llei Org\u00e0nica 15\/1999, de 13 de desembre, de Protecci\u00f3 de Dades de Car\u00e0cter Personal, Carlota\u00a0Roller\u00a0SCP, amb CIF J62949912 i domicili social en\u00a0Passeigd&#8217;Amunt, 34\u00a0 de Barcelona, informa als seus clients que quants dades personals li facilitin seran inclosos en un fitxer automatitzat de dades de car\u00e0cter personal, creat i mantingut sota la responsabilitat de Carlota\u00a0Roller\u00a0SCP<\/span><\/p>\n<p><span style=\"margin: 0px; color: black; font-family: 'Arial','sans-serif'; font-size: 9pt;\">La finalitat d&#8217;aquest fitxer \u00e9s facilitar la tramitaci\u00f3 de les comandes i enviar ofertes comercials en el futur sobre productes i serveis que puguin resultar d&#8217;inter\u00e8s als nostres clients.<\/span><\/p>\n<p><span style=\"margin: 0px; color: black; font-family: 'Arial','sans-serif'; font-size: 9pt;\">Carlota\u00a0Roller,\u00a0SCP\u00a0garanteix la seguretat i confidencialitat de les dades facilitades. D&#8217;aquesta manera, es compromet al compliment de la seva obligaci\u00f3 de secret de les dades de car\u00e0cter personal i del seu deure guardar-los i adoptar totes les mesures necess\u00e0ries per evitar la seva alteraci\u00f3, p\u00e8rdua, tractament o \u00fas no autoritzat. Per tant, tota la informaci\u00f3 sobre els nostres clients no ser\u00e0 utilitzada amb prop\u00f2sits comercials ni ser\u00e0 cedida a tercers.<\/span><\/p>","protected":false},"excerpt":{"rendered":"<p>PROTECCI\u00d3 DE DADES DE CAR\u00c0CTER PERSONAL En compliment de l&#8217;establert en la Llei Org\u00e0nica 15\/1999, de 13 de desembre, de Protecci\u00f3 de Dades de Car\u00e0cter Personal, Carlota\u00a0Roller\u00a0SCP, amb CIF J62949912 i domicili social en\u00a0Passeigd&#8217;Amunt, 34\u00a0 de Barcelona, informa als seus clients que quants dades personals li facilitin seran inclosos en un fitxer automatitzat de dades &hellip; <\/p>\n<p class=\"link-more\"><a href=\"https:\/\/www.mcroller.com\/ca\/avisos-legales\/\" class=\"more-link\">Continua llegint <span class=\"screen-reader-text\">\u00abAvisos legals\u00bb<\/span><\/a><\/p>\n","protected":false},"author":1,"featured_media":29,"parent":0,"menu_order":0,"comment_status":"closed","ping_status":"closed","template":"page-default.php","meta":[],"acf":[],"yoast_head":"<!-- This site is optimized with the Yoast SEO plugin v18.5.1 - https:\/\/yoast.com\/wordpress\/plugins\/seo\/ -->\n<title>Avisos legals | Hockey McRoller Tenda<\/title>\n<meta name=\"robots\" content=\"index, follow, max-snippet:-1, max-image-preview:large, max-video-preview:-1\" \/>\n<link rel=\"canonical\" href=\"https:\/\/www.mcroller.com\/ca\/avisos-legales\/\" \/>\n<meta property=\"og:locale\" content=\"ca_ES\" \/>\n<meta property=\"og:type\" content=\"article\" \/>\n<meta property=\"og:title\" content=\"Avisos legals | Hockey McRoller Tenda\" \/>\n<meta property=\"og:description\" content=\"PROTECCI\u00d3 DE DADES DE CAR\u00c0CTER PERSONAL En compliment de l&#8217;establert en la Llei Org\u00e0nica 15\/1999, de 13 de desembre, de Protecci\u00f3 de Dades de Car\u00e0cter Personal, Carlota\u00a0Roller\u00a0SCP, amb CIF J62949912 i domicili social en\u00a0Passeigd&#8217;Amunt, 34\u00a0 de Barcelona, informa als seus clients que quants dades personals li facilitin seran inclosos en un fitxer automatitzat de dades &hellip; Continua llegint \u00abAvisos legals\u00bb\" \/>\n<meta property=\"og:url\" content=\"https:\/\/www.mcroller.com\/ca\/avisos-legales\/\" \/>\n<meta property=\"og:site_name\" content=\"Hockey McRoller Tenda\" \/>\n<meta property=\"article:publisher\" content=\"https:\/\/www.facebook.com\/McRoller-184371304938402\/\" \/>\n<meta property=\"article:modified_time\" content=\"2017-12-20T16:17:34+00:00\" \/>\n<meta property=\"og:image\" content=\"https:\/\/www.mcroller.com\/wp-content\/uploads\/2017\/10\/about_img.jpg\" \/>\n\t<meta property=\"og:image:width\" content=\"1648\" \/>\n\t<meta property=\"og:image:height\" content=\"1072\" \/>\n\t<meta property=\"og:image:type\" content=\"image\/jpeg\" \/>\n<meta name=\"twitter:card\" content=\"summary_large_image\" \/>\n<meta name=\"twitter:label1\" content=\"Temps estimat de lectura\" \/>\n\t<meta name=\"twitter:data1\" content=\"5 minuts\" \/>\n<script type=\"application\/ld+json\" class=\"yoast-schema-graph\">{\"@context\":\"https:\/\/schema.org\",\"@graph\":[{\"@type\":\"WebSite\",\"@id\":\"https:\/\/www.mcroller.com\/ca\/#website\",\"url\":\"https:\/\/www.mcroller.com\/ca\/\",\"name\":\"Hockey McRoller Tenda\",\"description\":\"\",\"potentialAction\":[{\"@type\":\"SearchAction\",\"target\":{\"@type\":\"EntryPoint\",\"urlTemplate\":\"https:\/\/www.mcroller.com\/ca\/?s={search_term_string}\"},\"query-input\":\"required name=search_term_string\"}],\"inLanguage\":\"ca\"},{\"@type\":\"ImageObject\",\"@id\":\"https:\/\/www.mcroller.com\/ca\/avisos-legales\/#primaryimage\",\"inLanguage\":\"ca\",\"url\":\"https:\/\/www.mcroller.com\/wp-content\/uploads\/2017\/10\/about_img.jpg\",\"contentUrl\":\"https:\/\/www.mcroller.com\/wp-content\/uploads\/2017\/10\/about_img.jpg\",\"width\":1648,\"height\":1072},{\"@type\":\"WebPage\",\"@id\":\"https:\/\/www.mcroller.com\/ca\/avisos-legales\/#webpage\",\"url\":\"https:\/\/www.mcroller.com\/ca\/avisos-legales\/\",\"name\":\"Avisos legals | Hockey McRoller Tenda\",\"isPartOf\":{\"@id\":\"https:\/\/www.mcroller.com\/ca\/#website\"},\"primaryImageOfPage\":{\"@id\":\"https:\/\/www.mcroller.com\/ca\/avisos-legales\/#primaryimage\"},\"datePublished\":\"2017-10-11T05:52:50+00:00\",\"dateModified\":\"2017-12-20T16:17:34+00:00\",\"breadcrumb\":{\"@id\":\"https:\/\/www.mcroller.com\/ca\/avisos-legales\/#breadcrumb\"},\"inLanguage\":\"ca\",\"potentialAction\":[{\"@type\":\"ReadAction\",\"target\":[[\"https:\/\/www.mcroller.com\/ca\/avisos-legales\/\"]]}]},{\"@type\":\"BreadcrumbList\",\"@id\":\"https:\/\/www.mcroller.com\/ca\/avisos-legales\/#breadcrumb\",\"itemListElement\":[{\"@type\":\"ListItem\",\"position\":1,\"name\":\"Inici\",\"item\":\"https:\/\/www.mcroller.com\/ca\/\"},{\"@type\":\"ListItem\",\"position\":2,\"name\":\"Legal Notices\"}]}]}<\/script>\n<!-- \/ Yoast SEO plugin. -->","yoast_head_json":{"title":"Avisos legals | Hockey McRoller Tenda","robots":{"index":"index","follow":"follow","max-snippet":"max-snippet:-1","max-image-preview":"max-image-preview:large","max-video-preview":"max-video-preview:-1"},"canonical":"https:\/\/www.mcroller.com\/ca\/avisos-legales\/","og_locale":"ca_ES","og_type":"article","og_title":"Avisos legals | Hockey McRoller Tenda","og_description":"PROTECCI\u00d3 DE DADES DE CAR\u00c0CTER PERSONAL En compliment de l&#8217;establert en la Llei Org\u00e0nica 15\/1999, de 13 de desembre, de Protecci\u00f3 de Dades de Car\u00e0cter Personal, Carlota\u00a0Roller\u00a0SCP, amb CIF J62949912 i domicili social en\u00a0Passeigd&#8217;Amunt, 34\u00a0 de Barcelona, informa als seus clients que quants dades personals li facilitin seran inclosos en un fitxer automatitzat de dades &hellip; Continua llegint \u00abAvisos legals\u00bb","og_url":"https:\/\/www.mcroller.com\/ca\/avisos-legales\/","og_site_name":"Hockey McRoller Tenda","article_publisher":"https:\/\/www.facebook.com\/McRoller-184371304938402\/","article_modified_time":"2017-12-20T16:17:34+00:00","og_image":[{"width":1648,"height":1072,"url":"https:\/\/www.mcroller.com\/wp-content\/uploads\/2017\/10\/about_img.jpg","type":"image\/jpeg"}],"twitter_card":"summary_large_image","twitter_misc":{"Temps estimat de lectura":"5 minuts"},"schema":{"@context":"https:\/\/schema.org","@graph":[{"@type":"WebSite","@id":"https:\/\/www.mcroller.com\/ca\/#website","url":"https:\/\/www.mcroller.com\/ca\/","name":"Hockey McRoller Tenda","description":"","potentialAction":[{"@type":"SearchAction","target":{"@type":"EntryPoint","urlTemplate":"https:\/\/www.mcroller.com\/ca\/?s={search_term_string}"},"query-input":"required name=search_term_string"}],"inLanguage":"ca"},{"@type":"ImageObject","@id":"https:\/\/www.mcroller.com\/ca\/avisos-legales\/#primaryimage","inLanguage":"ca","url":"https:\/\/www.mcroller.com\/wp-content\/uploads\/2017\/10\/about_img.jpg","contentUrl":"https:\/\/www.mcroller.com\/wp-content\/uploads\/2017\/10\/about_img.jpg","width":1648,"height":1072},{"@type":"WebPage","@id":"https:\/\/www.mcroller.com\/ca\/avisos-legales\/#webpage","url":"https:\/\/www.mcroller.com\/ca\/avisos-legales\/","name":"Avisos legals | Hockey McRoller Tenda","isPartOf":{"@id":"https:\/\/www.mcroller.com\/ca\/#website"},"primaryImageOfPage":{"@id":"https:\/\/www.mcroller.com\/ca\/avisos-legales\/#primaryimage"},"datePublished":"2017-10-11T05:52:50+00:00","dateModified":"2017-12-20T16:17:34+00:00","breadcrumb":{"@id":"https:\/\/www.mcroller.com\/ca\/avisos-legales\/#breadcrumb"},"inLanguage":"ca","potentialAction":[{"@type":"ReadAction","target":[["https:\/\/www.mcroller.com\/ca\/avisos-legales\/"]]}]},{"@type":"BreadcrumbList","@id":"https:\/\/www.mcroller.com\/ca\/avisos-legales\/#breadcrumb","itemListElement":[{"@type":"ListItem","position":1,"name":"Inici","item":"https:\/\/www.mcroller.com\/ca\/"},{"@type":"ListItem","position":2,"name":"Legal Notices"}]}]}},"_links":{"self":[{"href":"https:\/\/www.mcroller.com\/ca\/wp-json\/wp\/v2\/pages\/187"}],"collection":[{"href":"https:\/\/www.mcroller.com\/ca\/wp-json\/wp\/v2\/pages"}],"about":[{"href":"https:\/\/www.mcroller.com\/ca\/wp-json\/wp\/v2\/types\/page"}],"author":[{"embeddable":true,"href":"https:\/\/www.mcroller.com\/ca\/wp-json\/wp\/v2\/users\/1"}],"replies":[{"embeddable":true,"href":"https:\/\/www.mcroller.com\/ca\/wp-json\/wp\/v2\/comments?post=187"}],"version-history":[{"count":10,"href":"https:\/\/www.mcroller.com\/ca\/wp-json\/wp\/v2\/pages\/187\/revisions"}],"predecessor-version":[{"id":1026,"href":"https:\/\/www.mcroller.com\/ca\/wp-json\/wp\/v2\/pages\/187\/revisions\/1026"}],"wp:featuredmedia":[{"embeddable":true,"href":"https:\/\/www.mcroller.com\/ca\/wp-json\/wp\/v2\/media\/29"}],"wp:attachment":[{"href":"https:\/\/www.mcroller.com\/ca\/wp-json\/wp\/v2\/media?parent=187"}],"curies":[{"name":"wp","href":"https:\/\/api.w.org\/{rel}","templated":true}]}}