{"id":3338,"date":"2022-12-21T11:09:14","date_gmt":"2022-12-21T11:09:14","guid":{"rendered":"https:\/\/www.mcroller.com\/?page_id=3338"},"modified":"2022-12-23T13:09:48","modified_gmt":"2022-12-23T13:09:48","slug":"cast-entrevista-hokey-mungia","status":"publish","type":"page","link":"https:\/\/www.mcroller.com\/ca\/cast-entrevista-hockey-mungia\/","title":{"rendered":"(Cast) Entrevista Hockey Mungia"},"content":{"rendered":"<p><a href=\"https:\/\/hockeymungia.com\/fabricar-el-mejor-material-al-mejor-precio-final-posible\" target=\"_blank\" rel=\"noopener\"><img loading=\"lazy\" class=\"aligncenter wp-image-3347 size-full\" src=\"https:\/\/www.mcroller.com\/wp-content\/uploads\/2022\/12\/Entrevista.png\" alt=\"\" width=\"1836\" height=\"351\" srcset=\"https:\/\/www.mcroller.com\/wp-content\/uploads\/2022\/12\/Entrevista.png 1836w, https:\/\/www.mcroller.com\/wp-content\/uploads\/2022\/12\/Entrevista-300x57.png 300w, https:\/\/www.mcroller.com\/wp-content\/uploads\/2022\/12\/Entrevista-1024x196.png 1024w, https:\/\/www.mcroller.com\/wp-content\/uploads\/2022\/12\/Entrevista-768x147.png 768w, https:\/\/www.mcroller.com\/wp-content\/uploads\/2022\/12\/Entrevista-1536x294.png 1536w, https:\/\/www.mcroller.com\/wp-content\/uploads\/2022\/12\/Entrevista-550x105.png 550w, https:\/\/www.mcroller.com\/wp-content\/uploads\/2022\/12\/Entrevista-350x67.png 350w\" sizes=\"(max-width: 706px) 89vw, (max-width: 767px) 82vw, 740px\" \/><\/a><\/p>\n<p>&nbsp;<\/p>\n<p><em>Despu\u00e9s de ser jugador no es raro que el deportista se convierta en empresario. Hoy nos lo explica Sergio S\u00e1nchez Soro (fundador de McRoller) en nuestra secci\u00f3n de entrevistas.<\/em><\/p>\n<p>&nbsp;<\/p>\n<p><strong>MSK: \u00bfCu\u00e1ndo nace la idea de McRoller?<\/strong><\/p>\n<p>&nbsp;<\/p>\n<p><em><strong>Sergio S\u00e1nchez Soro;\u00a0<\/strong>La idea de McRoller naci\u00f3 en el inicio de los a\u00f1os 90, al conocer a un artesano que ten\u00eda maquinaria para poder fabricar sticks de Hockey sobre Patines sumado a mi car\u00e1cter de emprender. Me pareci\u00f3 apasionante colaborar en la fabricaci\u00f3n y comercializaci\u00f3n de Sticks para nuestro deporte.\u00a0<\/em><\/p>\n<p>&nbsp;<\/p>\n<p><em>Estuvimos fabricando, sal\u00edan muy bien, y al cabo de un tiempo ya registr\u00e9 la marca McRoller\u00ae e inici\u00e9 la actividad, era en el a\u00f1o 1.994\u2026. y hasta la fecha que seguimos.<\/em><\/p>\n<p>&nbsp;<\/p>\n<p><img loading=\"lazy\" class=\"size-medium wp-image-1604 aligncenter\" src=\"https:\/\/i0.wp.com\/hockeymungia.com\/wp-content\/uploads\/2022\/09\/msk-santutxu_11_2021-5.jpg?resize=300%2C200&amp;ssl=1\" sizes=\"(max-width: 300px) 100vw, 300px\" srcset=\"https:\/\/i0.wp.com\/hockeymungia.com\/wp-content\/uploads\/2022\/09\/msk-santutxu_11_2021-5-scaled.jpg?resize=300%2C200&amp;ssl=1 300w, https:\/\/i0.wp.com\/hockeymungia.com\/wp-content\/uploads\/2022\/09\/msk-santutxu_11_2021-5-scaled.jpg?resize=1024%2C683&amp;ssl=1 1024w, https:\/\/i0.wp.com\/hockeymungia.com\/wp-content\/uploads\/2022\/09\/msk-santutxu_11_2021-5-scaled.jpg?resize=768%2C512&amp;ssl=1 768w, https:\/\/i0.wp.com\/hockeymungia.com\/wp-content\/uploads\/2022\/09\/msk-santutxu_11_2021-5-scaled.jpg?resize=1536%2C1024&amp;ssl=1 1536w, https:\/\/i0.wp.com\/hockeymungia.com\/wp-content\/uploads\/2022\/09\/msk-santutxu_11_2021-5-scaled.jpg?resize=2048%2C1365&amp;ssl=1 2048w, https:\/\/i0.wp.com\/hockeymungia.com\/wp-content\/uploads\/2022\/09\/msk-santutxu_11_2021-5-scaled.jpg?resize=360%2C240&amp;ssl=1 360w, https:\/\/i0.wp.com\/hockeymungia.com\/wp-content\/uploads\/2022\/09\/msk-santutxu_11_2021-5-scaled.jpg?w=2250&amp;ssl=1 2250w\" alt=\"\" width=\"300\" height=\"200\" \/><\/p>\n<p>&nbsp;<\/p>\n<p><strong>MSK; \u00bfY antes, a que te dedicabas?<\/strong><\/p>\n<p>&nbsp;<\/p>\n<p><strong>SSS;<\/strong>\u00a0<em>Finalic\u00e9 mis estudios de Empresariales tarde, al haber tenido la suerte de haber jugado en diferentes equipos de Hockey Patines que compet\u00edamos en torneos internacionales, me llevaba mucha dedicaci\u00f3n de entrenamientos y viajes, por lo que me incorpor\u00e9 a la vida laboral tarde, como responsable de administraci\u00f3n y posteriormente como Controller en varias empresas, tatos nacionales como transnacionales del sector farmac\u00e9utico.<\/em><\/p>\n<p>&nbsp;<\/p>\n<p><strong>MSK;\u00a0<\/strong><strong>\u00bfPor qu\u00e9 decidiste emprender?<\/strong><\/p>\n<p>&nbsp;<\/p>\n<p><strong>SSS;\u00a0<\/strong><em>Desde muy joven, por las experiencias vividas en un entorno de amistades en que sus familias ten\u00edan empresas a pleno funcionamiento, se me despert\u00f3 muy pronto un perfil emprendedor, y una de las actividades econ\u00f3micas que inici\u00e9 fue McRoller\u00ae al ver posibilidades de aportar a nuestro deporte.<\/em><\/p>\n<p>&nbsp;<\/p>\n<p><img loading=\"lazy\" class=\"size-medium wp-image-1605 aligncenter\" src=\"https:\/\/i0.wp.com\/hockeymungia.com\/wp-content\/uploads\/2022\/09\/4.jpg?resize=246%2C300&amp;ssl=1\" sizes=\"(max-width: 246px) 100vw, 246px\" srcset=\"https:\/\/i0.wp.com\/hockeymungia.com\/wp-content\/uploads\/2022\/09\/4.jpg?resize=246%2C300&amp;ssl=1 246w, https:\/\/i0.wp.com\/hockeymungia.com\/wp-content\/uploads\/2022\/09\/4.jpg?w=704&amp;ssl=1 704w\" alt=\"\" width=\"246\" height=\"300\" \/><\/p>\n<p>&nbsp;<\/p>\n<p><strong>MSK; \u00bfPuedes explicarnos el concepto de tu negocio?<\/strong><\/p>\n<p>&nbsp;<\/p>\n<p><strong>SSS;<\/strong>\u00a0<em>McRoller\u00ae tiene como fundamento principal y m\u00e1s importante es la misi\u00f3n espiritual y social con la que se fund\u00f3, y no es otra que McRoller\u00ae se fund\u00f3 con la ilusi\u00f3n de fabricar el mejor material posible al mejor precio final posible, para que los padres de los jugadores\/as tengan que desembolsar el menor importe posible, y que el Hockey Sobre Patines lo practiquen el mayor n\u00famero de jugadores\/as posibles. Esa misi\u00f3n es la que mantenemos desde nuestros inicios y que queremos seguir manteniendo.<\/em><\/p>\n<p>&nbsp;<\/p>\n<p><em>Pensamos que el alto precio del material es un h\u00e1ndicap para nuestro deporte y en McRoller\u00ae intentamos fabricar calidad al precio m\u00e1s correcto posible, motivo por el cu\u00e1l no patrocinamos directamente a equipos de las m\u00e1ximas categor\u00edas, si as\u00ed fuera, entonces tendr\u00edamos de vender a otros precios repercutiendo esos costes en el precio final a los padres de los ni\u00f1os\/as en formaci\u00f3n, y acabar\u00edan pagando el material regalado a los seniors. y eso a nosotros no nos parece bien, no est\u00e1 en nuestra misi\u00f3n social y espiritual de nuestra empresa. El mantener esta misi\u00f3n, fabricar calidad a buen precio, seguramente ha sido el motivo de tener una empresa funcionando durante 28 a\u00f1os.<\/em><\/p>\n<p>&nbsp;<\/p>\n<p><strong>MSK; \u00bfHasta ahora cu\u00e1l ha sido el momento m\u00e1s dif\u00edcil del proyecto McRoller?<\/strong><\/p>\n<p>&nbsp;<\/p>\n<p><strong>SSS;<\/strong>\u00a0<em>Con poca capacidad financiera fabricamos 500 sticks y salieron defectuosos en esa ocasi\u00f3n, tuvimos que eliminarlos, era sobre el a\u00f1o 1.998, fue una situaci\u00f3n triste y una buena ca\u00edda, pero tomamos nota y nos levantamos.<\/em><\/p>\n<p>&nbsp;<\/p>\n<div id=\"attachment_1606\" class=\"wp-caption alignright\">\n<p><img loading=\"lazy\" class=\"wp-image-1606 size-medium\" src=\"https:\/\/i0.wp.com\/hockeymungia.com\/wp-content\/uploads\/2022\/09\/5.jpg?resize=300%2C188&amp;ssl=1\" sizes=\"(max-width: 300px) 100vw, 300px\" srcset=\"https:\/\/i0.wp.com\/hockeymungia.com\/wp-content\/uploads\/2022\/09\/5.jpg?resize=300%2C188&amp;ssl=1 300w, https:\/\/i0.wp.com\/hockeymungia.com\/wp-content\/uploads\/2022\/09\/5.jpg?resize=768%2C480&amp;ssl=1 768w, https:\/\/i0.wp.com\/hockeymungia.com\/wp-content\/uploads\/2022\/09\/5.jpg?w=1024&amp;ssl=1 1024w\" alt=\"\" width=\"300\" height=\"188\" aria-describedby=\"caption-attachment-1606\" \/><\/p>\n<p id=\"caption-attachment-1606\" class=\"wp-caption-text\">Sergio (5) posando en 1998 como jugador del equipo Estel Thiene en la Serie A Italiana.<\/p>\n<\/div>\n<p><strong>MSK; \u00bfY el momento m\u00e1s bonito?\u00a0<\/strong><\/p>\n<p>&nbsp;<\/p>\n<p><strong>SSS;<\/strong>\u00a0<em>En el a\u00f1o 2.019 cumplimos 25 a\u00f1os de actividad. momento de pensar en el camino realizado, lo satisfactorio que ha sido todo el camino\u2026 y la ilusi\u00f3n de seguir McRolleando \u00ae<\/em><\/p>\n<p>&nbsp;<\/p>\n<p><strong>MSK; \u00bfNos puedes dar algunas cifras sobre tu empresa?<\/strong><\/p>\n<p>&nbsp;<\/p>\n<p><strong>SSS;\u00a0<\/strong>Desde al inicio, excepto en el ejercicio 2.020 por la pandemia seguimos creciendo en volumen de negocio todos los a\u00f1os. Nuestra venta se centra en Espa\u00f1a y Portugal, aunque espor\u00e1dicamente tenemos pedidos de otros pa\u00edses. Tenemos pendiente expandirnos m\u00e1s internacionalmente.<\/p>\n<p>&nbsp;<\/p>\n<p><strong>MSK; \u00bfC\u00f3mo imaginas el a\u00f1o que viene?<\/strong><\/p>\n<p>&nbsp;<\/p>\n<p><strong>SSS;\u00a0<\/strong><em>Movido y con mucho Hockey, est\u00e1 aumentando el hockey femenino, y eso es una preciosa noticia.<\/em><\/p>\n<p>&nbsp;<\/p>\n<p><strong>MSK; \u00bfHay alguna persona del mundo de los negocios que admires? \u00bfPor qu\u00e9?<\/strong><\/p>\n<p>&nbsp;<\/p>\n<p><strong>SSS;\u00a0<\/strong><em>Admiro a varios empresarios, son los que tienen conciencia colectiva, que dan valor a todos los componentes de la empresa, que adem\u00e1s de obtener dividendos, miran por el bienestar y la prosperidad de sus empleados, y que colaboran en las buenas causas para mejorar nuestra sociedad.<\/em><\/p>\n<p>&nbsp;<\/p>\n<p><img loading=\"lazy\" class=\"size-medium wp-image-1608 aligncenter\" src=\"https:\/\/i0.wp.com\/hockeymungia.com\/wp-content\/uploads\/2022\/09\/msk-santutxu_11_2021-60.jpg?resize=300%2C200&amp;ssl=1\" sizes=\"(max-width: 300px) 100vw, 300px\" srcset=\"https:\/\/i0.wp.com\/hockeymungia.com\/wp-content\/uploads\/2022\/09\/msk-santutxu_11_2021-60-scaled.jpg?resize=300%2C200&amp;ssl=1 300w, https:\/\/i0.wp.com\/hockeymungia.com\/wp-content\/uploads\/2022\/09\/msk-santutxu_11_2021-60-scaled.jpg?resize=1024%2C683&amp;ssl=1 1024w, https:\/\/i0.wp.com\/hockeymungia.com\/wp-content\/uploads\/2022\/09\/msk-santutxu_11_2021-60-scaled.jpg?resize=768%2C512&amp;ssl=1 768w, https:\/\/i0.wp.com\/hockeymungia.com\/wp-content\/uploads\/2022\/09\/msk-santutxu_11_2021-60-scaled.jpg?resize=1536%2C1024&amp;ssl=1 1536w, https:\/\/i0.wp.com\/hockeymungia.com\/wp-content\/uploads\/2022\/09\/msk-santutxu_11_2021-60-scaled.jpg?resize=2048%2C1365&amp;ssl=1 2048w, https:\/\/i0.wp.com\/hockeymungia.com\/wp-content\/uploads\/2022\/09\/msk-santutxu_11_2021-60-scaled.jpg?resize=360%2C240&amp;ssl=1 360w, https:\/\/i0.wp.com\/hockeymungia.com\/wp-content\/uploads\/2022\/09\/msk-santutxu_11_2021-60-scaled.jpg?w=2250&amp;ssl=1 2250w\" alt=\"\" width=\"300\" height=\"200\" \/><\/p>\n<p>&nbsp;<\/p>\n<p><strong>MSK; \u00bfUn consejo para las familias de los porteros y jugadores de Hockey Patines que nos leen?<\/strong><\/p>\n<p>&nbsp;<\/p>\n<p><strong>SSS;\u00a0<\/strong><em>Que apoyen a sus hijos en la pr\u00e1ctica del Hockey Patines, que es un deporte precioso, que les aportar\u00e1 valores para en su futuro en ser personas de bien, que sabr\u00e1n respetar, compartir, ser muy competitivos con respeto y as\u00ed\u00a0\u00a0 mejorar nuestra sociedad.<\/em><\/p>\n<p>&nbsp;<\/p>\n<p><strong>MSK; Para terminar, \u00bfTienes una cita preferida?<\/strong><\/p>\n<p>&nbsp;<\/p>\n<p><strong>SSS;\u00a0<\/strong><em>No quieras nunca para los dem\u00e1s lo que no quieres para Ti.<\/em><\/p>\n<p>&nbsp;<\/p>\n<p><img loading=\"lazy\" class=\"size-medium wp-image-1609 aligncenter\" src=\"https:\/\/i0.wp.com\/hockeymungia.com\/wp-content\/uploads\/2022\/09\/msk-santutxu_11_2021-11.jpg?resize=300%2C200&amp;ssl=1\" sizes=\"(max-width: 300px) 100vw, 300px\" srcset=\"https:\/\/i0.wp.com\/hockeymungia.com\/wp-content\/uploads\/2022\/09\/msk-santutxu_11_2021-11-scaled.jpg?resize=300%2C200&amp;ssl=1 300w, https:\/\/i0.wp.com\/hockeymungia.com\/wp-content\/uploads\/2022\/09\/msk-santutxu_11_2021-11-scaled.jpg?resize=1024%2C683&amp;ssl=1 1024w, https:\/\/i0.wp.com\/hockeymungia.com\/wp-content\/uploads\/2022\/09\/msk-santutxu_11_2021-11-scaled.jpg?resize=768%2C512&amp;ssl=1 768w, https:\/\/i0.wp.com\/hockeymungia.com\/wp-content\/uploads\/2022\/09\/msk-santutxu_11_2021-11-scaled.jpg?resize=1536%2C1024&amp;ssl=1 1536w, https:\/\/i0.wp.com\/hockeymungia.com\/wp-content\/uploads\/2022\/09\/msk-santutxu_11_2021-11-scaled.jpg?resize=2048%2C1365&amp;ssl=1 2048w, https:\/\/i0.wp.com\/hockeymungia.com\/wp-content\/uploads\/2022\/09\/msk-santutxu_11_2021-11-scaled.jpg?resize=360%2C240&amp;ssl=1 360w, https:\/\/i0.wp.com\/hockeymungia.com\/wp-content\/uploads\/2022\/09\/msk-santutxu_11_2021-11-scaled.jpg?w=2250&amp;ssl=1 2250w\" alt=\"\" width=\"300\" height=\"200\" \/><\/p>","protected":false},"excerpt":{"rendered":"<p>&nbsp; Despu\u00e9s de ser jugador no es raro que el deportista se convierta en empresario. Hoy nos lo explica Sergio S\u00e1nchez Soro (fundador de McRoller) en nuestra secci\u00f3n de entrevistas. &nbsp; MSK: \u00bfCu\u00e1ndo nace la idea de McRoller? &nbsp; Sergio S\u00e1nchez Soro;\u00a0La idea de McRoller naci\u00f3 en el inicio de los a\u00f1os 90, al conocer &hellip; <\/p>\n<p class=\"link-more\"><a href=\"https:\/\/www.mcroller.com\/ca\/cast-entrevista-hockey-mungia\/\" class=\"more-link\">Continua llegint <span class=\"screen-reader-text\">\u00ab(Cast) Entrevista Hockey Mungia\u00bb<\/span><\/a><\/p>\n","protected":false},"author":1,"featured_media":0,"parent":0,"menu_order":0,"comment_status":"closed","ping_status":"closed","template":"Entrevista.php","meta":[],"acf":[],"yoast_head":"<!-- This site is optimized with the Yoast SEO plugin v18.5.1 - https:\/\/yoast.com\/wordpress\/plugins\/seo\/ -->\n<title>(Cast) Entrevista Hockey Mungia | Hockey McRoller Tenda<\/title>\n<meta name=\"robots\" content=\"index, follow, max-snippet:-1, max-image-preview:large, max-video-preview:-1\" \/>\n<link rel=\"canonical\" href=\"https:\/\/www.mcroller.com\/ca\/cast-entrevista-hockey-mungia\/\" \/>\n<meta property=\"og:locale\" content=\"ca_ES\" \/>\n<meta property=\"og:type\" content=\"article\" \/>\n<meta property=\"og:title\" content=\"(Cast) Entrevista Hockey Mungia | Hockey McRoller Tenda\" \/>\n<meta property=\"og:description\" content=\"&nbsp; Despu\u00e9s de ser jugador no es raro que el deportista se convierta en empresario. Hoy nos lo explica Sergio S\u00e1nchez Soro (fundador de McRoller) en nuestra secci\u00f3n de entrevistas. &nbsp; MSK: \u00bfCu\u00e1ndo nace la idea de McRoller? &nbsp; Sergio S\u00e1nchez Soro;\u00a0La idea de McRoller naci\u00f3 en el inicio de los a\u00f1os 90, al conocer &hellip; Continua llegint \u00ab(Cast) Entrevista Hockey Mungia\u00bb\" \/>\n<meta property=\"og:url\" content=\"https:\/\/www.mcroller.com\/ca\/cast-entrevista-hockey-mungia\/\" \/>\n<meta property=\"og:site_name\" content=\"Hockey McRoller Tenda\" \/>\n<meta property=\"article:publisher\" content=\"https:\/\/www.facebook.com\/McRoller-184371304938402\/\" \/>\n<meta property=\"article:modified_time\" content=\"2022-12-23T13:09:48+00:00\" \/>\n<meta property=\"og:image\" content=\"https:\/\/www.mcroller.com\/wp-content\/uploads\/2022\/12\/Entrevista.png\" \/>\n<meta name=\"twitter:card\" content=\"summary_large_image\" \/>\n<meta name=\"twitter:label1\" content=\"Temps estimat de lectura\" \/>\n\t<meta name=\"twitter:data1\" content=\"5 minuts\" \/>\n<script type=\"application\/ld+json\" class=\"yoast-schema-graph\">{\"@context\":\"https:\/\/schema.org\",\"@graph\":[{\"@type\":\"WebSite\",\"@id\":\"https:\/\/www.mcroller.com\/ca\/#website\",\"url\":\"https:\/\/www.mcroller.com\/ca\/\",\"name\":\"Hockey McRoller Tenda\",\"description\":\"\",\"potentialAction\":[{\"@type\":\"SearchAction\",\"target\":{\"@type\":\"EntryPoint\",\"urlTemplate\":\"https:\/\/www.mcroller.com\/ca\/?s={search_term_string}\"},\"query-input\":\"required name=search_term_string\"}],\"inLanguage\":\"ca\"},{\"@type\":\"ImageObject\",\"@id\":\"https:\/\/www.mcroller.com\/ca\/cast-entrevista-hockey-mungia\/#primaryimage\",\"inLanguage\":\"ca\",\"url\":\"https:\/\/www.mcroller.com\/wp-content\/uploads\/2022\/12\/Entrevista.png\",\"contentUrl\":\"https:\/\/www.mcroller.com\/wp-content\/uploads\/2022\/12\/Entrevista.png\",\"width\":1836,\"height\":351},{\"@type\":\"WebPage\",\"@id\":\"https:\/\/www.mcroller.com\/ca\/cast-entrevista-hockey-mungia\/#webpage\",\"url\":\"https:\/\/www.mcroller.com\/ca\/cast-entrevista-hockey-mungia\/\",\"name\":\"(Cast) Entrevista Hockey Mungia | Hockey McRoller Tenda\",\"isPartOf\":{\"@id\":\"https:\/\/www.mcroller.com\/ca\/#website\"},\"primaryImageOfPage\":{\"@id\":\"https:\/\/www.mcroller.com\/ca\/cast-entrevista-hockey-mungia\/#primaryimage\"},\"datePublished\":\"2022-12-21T11:09:14+00:00\",\"dateModified\":\"2022-12-23T13:09:48+00:00\",\"breadcrumb\":{\"@id\":\"https:\/\/www.mcroller.com\/ca\/cast-entrevista-hockey-mungia\/#breadcrumb\"},\"inLanguage\":\"ca\",\"potentialAction\":[{\"@type\":\"ReadAction\",\"target\":[[\"https:\/\/www.mcroller.com\/ca\/cast-entrevista-hockey-mungia\/\"]]}]},{\"@type\":\"BreadcrumbList\",\"@id\":\"https:\/\/www.mcroller.com\/ca\/cast-entrevista-hockey-mungia\/#breadcrumb\",\"itemListElement\":[{\"@type\":\"ListItem\",\"position\":1,\"name\":\"Inici\",\"item\":\"https:\/\/www.mcroller.com\/ca\/\"},{\"@type\":\"ListItem\",\"position\":2,\"name\":\"(Cast) Entrevista Hockey Mungia\"}]}]}<\/script>\n<!-- \/ Yoast SEO plugin. -->","yoast_head_json":{"title":"(Cast) Entrevista Hockey Mungia | Hockey McRoller Tenda","robots":{"index":"index","follow":"follow","max-snippet":"max-snippet:-1","max-image-preview":"max-image-preview:large","max-video-preview":"max-video-preview:-1"},"canonical":"https:\/\/www.mcroller.com\/ca\/cast-entrevista-hockey-mungia\/","og_locale":"ca_ES","og_type":"article","og_title":"(Cast) Entrevista Hockey Mungia | Hockey McRoller Tenda","og_description":"&nbsp; Despu\u00e9s de ser jugador no es raro que el deportista se convierta en empresario. Hoy nos lo explica Sergio S\u00e1nchez Soro (fundador de McRoller) en nuestra secci\u00f3n de entrevistas. &nbsp; MSK: \u00bfCu\u00e1ndo nace la idea de McRoller? &nbsp; Sergio S\u00e1nchez Soro;\u00a0La idea de McRoller naci\u00f3 en el inicio de los a\u00f1os 90, al conocer &hellip; Continua llegint \u00ab(Cast) Entrevista Hockey Mungia\u00bb","og_url":"https:\/\/www.mcroller.com\/ca\/cast-entrevista-hockey-mungia\/","og_site_name":"Hockey McRoller Tenda","article_publisher":"https:\/\/www.facebook.com\/McRoller-184371304938402\/","article_modified_time":"2022-12-23T13:09:48+00:00","og_image":[{"url":"https:\/\/www.mcroller.com\/wp-content\/uploads\/2022\/12\/Entrevista.png"}],"twitter_card":"summary_large_image","twitter_misc":{"Temps estimat de lectura":"5 minuts"},"schema":{"@context":"https:\/\/schema.org","@graph":[{"@type":"WebSite","@id":"https:\/\/www.mcroller.com\/ca\/#website","url":"https:\/\/www.mcroller.com\/ca\/","name":"Hockey McRoller Tenda","description":"","potentialAction":[{"@type":"SearchAction","target":{"@type":"EntryPoint","urlTemplate":"https:\/\/www.mcroller.com\/ca\/?s={search_term_string}"},"query-input":"required name=search_term_string"}],"inLanguage":"ca"},{"@type":"ImageObject","@id":"https:\/\/www.mcroller.com\/ca\/cast-entrevista-hockey-mungia\/#primaryimage","inLanguage":"ca","url":"https:\/\/www.mcroller.com\/wp-content\/uploads\/2022\/12\/Entrevista.png","contentUrl":"https:\/\/www.mcroller.com\/wp-content\/uploads\/2022\/12\/Entrevista.png","width":1836,"height":351},{"@type":"WebPage","@id":"https:\/\/www.mcroller.com\/ca\/cast-entrevista-hockey-mungia\/#webpage","url":"https:\/\/www.mcroller.com\/ca\/cast-entrevista-hockey-mungia\/","name":"(Cast) Entrevista Hockey Mungia | Hockey McRoller Tenda","isPartOf":{"@id":"https:\/\/www.mcroller.com\/ca\/#website"},"primaryImageOfPage":{"@id":"https:\/\/www.mcroller.com\/ca\/cast-entrevista-hockey-mungia\/#primaryimage"},"datePublished":"2022-12-21T11:09:14+00:00","dateModified":"2022-12-23T13:09:48+00:00","breadcrumb":{"@id":"https:\/\/www.mcroller.com\/ca\/cast-entrevista-hockey-mungia\/#breadcrumb"},"inLanguage":"ca","potentialAction":[{"@type":"ReadAction","target":[["https:\/\/www.mcroller.com\/ca\/cast-entrevista-hockey-mungia\/"]]}]},{"@type":"BreadcrumbList","@id":"https:\/\/www.mcroller.com\/ca\/cast-entrevista-hockey-mungia\/#breadcrumb","itemListElement":[{"@type":"ListItem","position":1,"name":"Inici","item":"https:\/\/www.mcroller.com\/ca\/"},{"@type":"ListItem","position":2,"name":"(Cast) Entrevista Hockey Mungia"}]}]}},"_links":{"self":[{"href":"https:\/\/www.mcroller.com\/ca\/wp-json\/wp\/v2\/pages\/3338"}],"collection":[{"href":"https:\/\/www.mcroller.com\/ca\/wp-json\/wp\/v2\/pages"}],"about":[{"href":"https:\/\/www.mcroller.com\/ca\/wp-json\/wp\/v2\/types\/page"}],"author":[{"embeddable":true,"href":"https:\/\/www.mcroller.com\/ca\/wp-json\/wp\/v2\/users\/1"}],"replies":[{"embeddable":true,"href":"https:\/\/www.mcroller.com\/ca\/wp-json\/wp\/v2\/comments?post=3338"}],"version-history":[{"count":20,"href":"https:\/\/www.mcroller.com\/ca\/wp-json\/wp\/v2\/pages\/3338\/revisions"}],"predecessor-version":[{"id":3364,"href":"https:\/\/www.mcroller.com\/ca\/wp-json\/wp\/v2\/pages\/3338\/revisions\/3364"}],"wp:attachment":[{"href":"https:\/\/www.mcroller.com\/ca\/wp-json\/wp\/v2\/media?parent=3338"}],"curies":[{"name":"wp","href":"https:\/\/api.w.org\/{rel}","templated":true}]}}