{"id":1174,"date":"2018-01-26T14:44:57","date_gmt":"2018-01-26T14:44:57","guid":{"rendered":"https:\/\/www.mcroller.com\/?post_type=product&#038;p=1174"},"modified":"2023-07-30T16:39:55","modified_gmt":"2023-07-30T16:39:55","slug":"figure-skate-carrier-bag-with-strap","status":"publish","type":"product","link":"https:\/\/www.mcroller.com\/ca\/botiga\/borsa-bandolera-patinatge-artistic\/","title":{"rendered":"Borsa Bandolera Patinatge Art\u00edstic Multicolors"},"content":{"rendered":"<p class=\"qtranxs-available-languages-message qtranxs-available-languages-message-ca\">Ho sentim, aquesta entrada es troba disponible \u00fanicament en <a href=\"https:\/\/www.mcroller.com\/es\/wp-json\/wp\/v2\/product\/1174\" class=\"qtranxs-available-language-link qtranxs-available-language-link-es\" title=\"Cast\">espanyol europeu<\/a>.<\/p>","protected":false},"excerpt":{"rendered":"<p>Borsa bandolera McRoller per a patinatge art\u00edstic.<\/p>\n<p>Innovador disseny, c\u00f2moda i resistent.<\/p>\n<p>Disponible en \u00e0mplia gamma de colors<\/p>\n","protected":false},"featured_media":1402,"template":"","meta":[],"product_cat":[131],"product_tag":[],"acf":[],"yoast_head":"<!-- This site is optimized with the Yoast SEO plugin v18.5.1 - https:\/\/yoast.com\/wordpress\/plugins\/seo\/ -->\n<title>Borsa Bandolera Patinatge Art\u00edstic Multicolors | Hockey McRoller Tenda<\/title>\n<meta name=\"robots\" content=\"index, follow, max-snippet:-1, max-image-preview:large, max-video-preview:-1\" \/>\n<link rel=\"canonical\" href=\"https:\/\/www.mcroller.com\/ca\/tienda\/bolsa-bandolera-patinaje-artistico\/\" \/>\n<meta property=\"og:locale\" content=\"ca_ES\" \/>\n<meta property=\"og:type\" content=\"article\" \/>\n<meta property=\"og:title\" content=\"Borsa Bandolera Patinatge Art\u00edstic Multicolors | Hockey McRoller Tenda\" \/>\n<meta property=\"og:description\" content=\"Borsa bandolera McRoller per a patinatge art\u00edstic.  Innovador disseny, c\u00f2moda i resistent.  Disponible en \u00e0mplia gamma de colors\" \/>\n<meta property=\"og:url\" content=\"https:\/\/www.mcroller.com\/ca\/tienda\/bolsa-bandolera-patinaje-artistico\/\" \/>\n<meta property=\"og:site_name\" content=\"Hockey McRoller Tenda\" \/>\n<meta property=\"article:publisher\" content=\"https:\/\/www.facebook.com\/McRoller-184371304938402\/\" \/>\n<meta property=\"article:modified_time\" content=\"2023-07-30T16:39:55+00:00\" \/>\n<meta property=\"og:image\" content=\"https:\/\/www.mcroller.com\/wp-content\/uploads\/2018\/03\/BSW-bandolera-patinaje-artistico-mcroller-e1532071809879.jpg\" \/>\n\t<meta property=\"og:image:width\" content=\"1200\" \/>\n\t<meta property=\"og:image:height\" content=\"800\" \/>\n\t<meta property=\"og:image:type\" content=\"image\/jpeg\" \/>\n<meta name=\"twitter:card\" content=\"summary_large_image\" \/>\n<script type=\"application\/ld+json\" class=\"yoast-schema-graph\">{\"@context\":\"https:\/\/schema.org\",\"@graph\":[{\"@type\":\"WebSite\",\"@id\":\"https:\/\/www.mcroller.com\/ca\/#website\",\"url\":\"https:\/\/www.mcroller.com\/ca\/\",\"name\":\"Hockey McRoller Tenda\",\"description\":\"\",\"potentialAction\":[{\"@type\":\"SearchAction\",\"target\":{\"@type\":\"EntryPoint\",\"urlTemplate\":\"https:\/\/www.mcroller.com\/ca\/?s={search_term_string}\"},\"query-input\":\"required name=search_term_string\"}],\"inLanguage\":\"ca\"},{\"@type\":\"ImageObject\",\"@id\":\"https:\/\/www.mcroller.com\/ca\/tienda\/bolsa-bandolera-patinaje-artistico\/#primaryimage\",\"inLanguage\":\"ca\",\"url\":\"https:\/\/www.mcroller.com\/wp-content\/uploads\/2018\/03\/BSW-bandolera-patinaje-artistico-mcroller-e1532071809879.jpg\",\"contentUrl\":\"https:\/\/www.mcroller.com\/wp-content\/uploads\/2018\/03\/BSW-bandolera-patinaje-artistico-mcroller-e1532071809879.jpg\",\"width\":1200,\"height\":800,\"caption\":\"Borse portapattini skate artistic\"},{\"@type\":\"WebPage\",\"@id\":\"https:\/\/www.mcroller.com\/ca\/tienda\/bolsa-bandolera-patinaje-artistico\/#webpage\",\"url\":\"https:\/\/www.mcroller.com\/ca\/tienda\/bolsa-bandolera-patinaje-artistico\/\",\"name\":\"Borsa Bandolera Patinatge Art\u00edstic Multicolors | Hockey McRoller Tenda\",\"isPartOf\":{\"@id\":\"https:\/\/www.mcroller.com\/ca\/#website\"},\"primaryImageOfPage\":{\"@id\":\"https:\/\/www.mcroller.com\/ca\/tienda\/bolsa-bandolera-patinaje-artistico\/#primaryimage\"},\"datePublished\":\"2018-01-26T14:44:57+00:00\",\"dateModified\":\"2023-07-30T16:39:55+00:00\",\"breadcrumb\":{\"@id\":\"https:\/\/www.mcroller.com\/ca\/tienda\/bolsa-bandolera-patinaje-artistico\/#breadcrumb\"},\"inLanguage\":\"ca\",\"potentialAction\":[{\"@type\":\"ReadAction\",\"target\":[[\"https:\/\/www.mcroller.com\/ca\/tienda\/bolsa-bandolera-patinaje-artistico\/\"]]}]},{\"@type\":\"BreadcrumbList\",\"@id\":\"https:\/\/www.mcroller.com\/ca\/tienda\/bolsa-bandolera-patinaje-artistico\/#breadcrumb\",\"itemListElement\":[{\"@type\":\"ListItem\",\"position\":1,\"name\":\"Inici\",\"item\":\"https:\/\/www.mcroller.com\/ca\/\"},{\"@type\":\"ListItem\",\"position\":2,\"name\":\"Homepage\",\"item\":\"https:\/\/www.mcroller.com\/ca\/\"},{\"@type\":\"ListItem\",\"position\":3,\"name\":\"Bolsa bandolera Patinaje Art\u00edstico Multicolor\"}]}]}<\/script>\n<!-- \/ Yoast SEO plugin. -->","yoast_head_json":{"title":"Borsa Bandolera Patinatge Art\u00edstic Multicolors | Hockey McRoller Tenda","robots":{"index":"index","follow":"follow","max-snippet":"max-snippet:-1","max-image-preview":"max-image-preview:large","max-video-preview":"max-video-preview:-1"},"canonical":"https:\/\/www.mcroller.com\/ca\/tienda\/bolsa-bandolera-patinaje-artistico\/","og_locale":"ca_ES","og_type":"article","og_title":"Borsa Bandolera Patinatge Art\u00edstic Multicolors | Hockey McRoller Tenda","og_description":"Borsa bandolera McRoller per a patinatge art\u00edstic.  Innovador disseny, c\u00f2moda i resistent.  Disponible en \u00e0mplia gamma de colors","og_url":"https:\/\/www.mcroller.com\/ca\/tienda\/bolsa-bandolera-patinaje-artistico\/","og_site_name":"Hockey McRoller Tenda","article_publisher":"https:\/\/www.facebook.com\/McRoller-184371304938402\/","article_modified_time":"2023-07-30T16:39:55+00:00","og_image":[{"width":1200,"height":800,"url":"https:\/\/www.mcroller.com\/wp-content\/uploads\/2018\/03\/BSW-bandolera-patinaje-artistico-mcroller-e1532071809879.jpg","type":"image\/jpeg"}],"twitter_card":"summary_large_image","schema":{"@context":"https:\/\/schema.org","@graph":[{"@type":"WebSite","@id":"https:\/\/www.mcroller.com\/ca\/#website","url":"https:\/\/www.mcroller.com\/ca\/","name":"Hockey McRoller Tenda","description":"","potentialAction":[{"@type":"SearchAction","target":{"@type":"EntryPoint","urlTemplate":"https:\/\/www.mcroller.com\/ca\/?s={search_term_string}"},"query-input":"required name=search_term_string"}],"inLanguage":"ca"},{"@type":"ImageObject","@id":"https:\/\/www.mcroller.com\/ca\/tienda\/bolsa-bandolera-patinaje-artistico\/#primaryimage","inLanguage":"ca","url":"https:\/\/www.mcroller.com\/wp-content\/uploads\/2018\/03\/BSW-bandolera-patinaje-artistico-mcroller-e1532071809879.jpg","contentUrl":"https:\/\/www.mcroller.com\/wp-content\/uploads\/2018\/03\/BSW-bandolera-patinaje-artistico-mcroller-e1532071809879.jpg","width":1200,"height":800,"caption":"Borse portapattini skate artistic"},{"@type":"WebPage","@id":"https:\/\/www.mcroller.com\/ca\/tienda\/bolsa-bandolera-patinaje-artistico\/#webpage","url":"https:\/\/www.mcroller.com\/ca\/tienda\/bolsa-bandolera-patinaje-artistico\/","name":"Borsa Bandolera Patinatge Art\u00edstic Multicolors | Hockey McRoller Tenda","isPartOf":{"@id":"https:\/\/www.mcroller.com\/ca\/#website"},"primaryImageOfPage":{"@id":"https:\/\/www.mcroller.com\/ca\/tienda\/bolsa-bandolera-patinaje-artistico\/#primaryimage"},"datePublished":"2018-01-26T14:44:57+00:00","dateModified":"2023-07-30T16:39:55+00:00","breadcrumb":{"@id":"https:\/\/www.mcroller.com\/ca\/tienda\/bolsa-bandolera-patinaje-artistico\/#breadcrumb"},"inLanguage":"ca","potentialAction":[{"@type":"ReadAction","target":[["https:\/\/www.mcroller.com\/ca\/tienda\/bolsa-bandolera-patinaje-artistico\/"]]}]},{"@type":"BreadcrumbList","@id":"https:\/\/www.mcroller.com\/ca\/tienda\/bolsa-bandolera-patinaje-artistico\/#breadcrumb","itemListElement":[{"@type":"ListItem","position":1,"name":"Inici","item":"https:\/\/www.mcroller.com\/ca\/"},{"@type":"ListItem","position":2,"name":"Homepage","item":"https:\/\/www.mcroller.com\/ca\/"},{"@type":"ListItem","position":3,"name":"Bolsa bandolera Patinaje Art\u00edstico Multicolor"}]}]}},"_links":{"self":[{"href":"https:\/\/www.mcroller.com\/ca\/wp-json\/wp\/v2\/product\/1174"}],"collection":[{"href":"https:\/\/www.mcroller.com\/ca\/wp-json\/wp\/v2\/product"}],"about":[{"href":"https:\/\/www.mcroller.com\/ca\/wp-json\/wp\/v2\/types\/product"}],"wp:featuredmedia":[{"embeddable":true,"href":"https:\/\/www.mcroller.com\/ca\/wp-json\/wp\/v2\/media\/1402"}],"wp:attachment":[{"href":"https:\/\/www.mcroller.com\/ca\/wp-json\/wp\/v2\/media?parent=1174"}],"wp:term":[{"taxonomy":"product_cat","embeddable":true,"href":"https:\/\/www.mcroller.com\/ca\/wp-json\/wp\/v2\/product_cat?post=1174"},{"taxonomy":"product_tag","embeddable":true,"href":"https:\/\/www.mcroller.com\/ca\/wp-json\/wp\/v2\/product_tag?post=1174"}],"curies":[{"name":"wp","href":"https:\/\/api.w.org\/{rel}","templated":true}]}}