{"id":2601,"date":"2021-09-13T07:28:49","date_gmt":"2021-09-13T07:28:49","guid":{"rendered":"https:\/\/www.mcroller.com\/es\/?post_type=product&#038;p=2601"},"modified":"2025-10-18T13:45:26","modified_gmt":"2025-10-18T13:45:26","slug":"rink-hockey-mesh-protection-3-kit-pink","status":"publish","type":"product","link":"https:\/\/www.mcroller.com\/ca\/botiga\/pack-3-proteccions-hoquei-patins-iniciacio-blau-2-2-2-2-6\/","title":{"rendered":"Pack 3 proteccions Mesh hoquei patins -Rosa"},"content":{"rendered":"","protected":false},"excerpt":{"rendered":"<p>Pack de tres proteccions hoquei patins McRoller, fabricats en Mesh, teixit transpirable.<\/p>\n<div class=\"woocommerce-product-details__short-description\">\n<div class=\"product_desc_txt\">\n<p>Consta de genolleres, canelleres i guants.<\/p>\n<p>Ajust de genolleres amb velcro, molt c\u00f2mode i resistent, ideal pel hoquei patins.<\/p>\n<p>Disponible en una \u00e0mplia gamma colors i talles.<\/p>\n<p>&nbsp;<\/p>\n<p>Taula de talles (orientativa segons al\u00e7ada nen\/a vs edat) :<\/p>\n<p>XXXS (106-112 cm) (4-5 anys)<\/p>\n<p>XXS(112-117cm) (6-7 anys)<\/p>\n<p>XS (117-122 cm) (8-9 anys)<\/p>\n<p>S (122-130 cm) (9-10 anys)<\/p>\n<\/div>\n<\/div>\n","protected":false},"featured_media":3019,"template":"","meta":[],"product_cat":[199,38],"product_tag":[],"acf":[],"yoast_head":"<!-- This site is optimized with the Yoast SEO plugin v18.5.1 - https:\/\/yoast.com\/wordpress\/plugins\/seo\/ -->\n<title>Pack 3 proteccions Mesh hoquei patins -Rosa | Hockey McRoller Tenda<\/title>\n<meta name=\"robots\" content=\"index, follow, max-snippet:-1, max-image-preview:large, max-video-preview:-1\" \/>\n<link rel=\"canonical\" href=\"https:\/\/www.mcroller.com\/ca\/tienda\/pack-3-protecciones-hockey-patines-iniciacion-azul-2-2-2-2-6\/\" \/>\n<meta property=\"og:locale\" content=\"ca_ES\" \/>\n<meta property=\"og:type\" content=\"article\" \/>\n<meta property=\"og:title\" content=\"Pack 3 proteccions Mesh hoquei patins -Rosa | Hockey McRoller Tenda\" \/>\n<meta property=\"og:description\" content=\"Pack de tres proteccions hoquei patins McRoller, fabricats en Mesh, teixit transpirable.    Consta de genolleres, canelleres i guants.  Ajust de genolleres amb velcro, molt c\u00f2mode i resistent, ideal pel hoquei patins.  Disponible en una \u00e0mplia gamma colors i talles.  &nbsp;  Taula de talles (orientativa segons al\u00e7ada nen\/a vs edat) :  XXXS (106-112 cm) (4-5 anys)  XXS(112-117cm) (6-7 anys)  XS (117-122 cm) (8-9 anys)  S (122-130 cm) (9-10 anys)\" \/>\n<meta property=\"og:url\" content=\"https:\/\/www.mcroller.com\/ca\/tienda\/pack-3-protecciones-hockey-patines-iniciacion-azul-2-2-2-2-6\/\" \/>\n<meta property=\"og:site_name\" content=\"Hockey McRoller Tenda\" \/>\n<meta property=\"article:publisher\" content=\"https:\/\/www.facebook.com\/McRoller-184371304938402\/\" \/>\n<meta property=\"article:modified_time\" content=\"2025-10-18T13:45:26+00:00\" \/>\n<meta property=\"og:image\" content=\"https:\/\/www.mcroller.com\/wp-content\/uploads\/2022\/10\/SET3MESH-SET-PACK-3-PCS-MESH-ROSA-scaled.jpg\" \/>\n\t<meta property=\"og:image:width\" content=\"2560\" \/>\n\t<meta property=\"og:image:height\" content=\"1920\" \/>\n\t<meta property=\"og:image:type\" content=\"image\/jpeg\" \/>\n<meta name=\"twitter:card\" content=\"summary_large_image\" \/>\n<script type=\"application\/ld+json\" class=\"yoast-schema-graph\">{\"@context\":\"https:\/\/schema.org\",\"@graph\":[{\"@type\":\"WebSite\",\"@id\":\"https:\/\/www.mcroller.com\/ca\/#website\",\"url\":\"https:\/\/www.mcroller.com\/ca\/\",\"name\":\"Hockey McRoller Tenda\",\"description\":\"\",\"potentialAction\":[{\"@type\":\"SearchAction\",\"target\":{\"@type\":\"EntryPoint\",\"urlTemplate\":\"https:\/\/www.mcroller.com\/ca\/?s={search_term_string}\"},\"query-input\":\"required name=search_term_string\"}],\"inLanguage\":\"ca\"},{\"@type\":\"ImageObject\",\"@id\":\"https:\/\/www.mcroller.com\/ca\/tienda\/pack-3-protecciones-hockey-patines-iniciacion-azul-2-2-2-2-6\/#primaryimage\",\"inLanguage\":\"ca\",\"url\":\"https:\/\/www.mcroller.com\/wp-content\/uploads\/2022\/10\/SET3MESH-SET-PACK-3-PCS-MESH-ROSA-scaled.jpg\",\"contentUrl\":\"https:\/\/www.mcroller.com\/wp-content\/uploads\/2022\/10\/SET3MESH-SET-PACK-3-PCS-MESH-ROSA-scaled.jpg\",\"width\":2560,\"height\":1920},{\"@type\":\"WebPage\",\"@id\":\"https:\/\/www.mcroller.com\/ca\/tienda\/pack-3-protecciones-hockey-patines-iniciacion-azul-2-2-2-2-6\/#webpage\",\"url\":\"https:\/\/www.mcroller.com\/ca\/tienda\/pack-3-protecciones-hockey-patines-iniciacion-azul-2-2-2-2-6\/\",\"name\":\"Pack 3 proteccions Mesh hoquei patins -Rosa | Hockey McRoller Tenda\",\"isPartOf\":{\"@id\":\"https:\/\/www.mcroller.com\/ca\/#website\"},\"primaryImageOfPage\":{\"@id\":\"https:\/\/www.mcroller.com\/ca\/tienda\/pack-3-protecciones-hockey-patines-iniciacion-azul-2-2-2-2-6\/#primaryimage\"},\"datePublished\":\"2021-09-13T07:28:49+00:00\",\"dateModified\":\"2025-10-18T13:45:26+00:00\",\"breadcrumb\":{\"@id\":\"https:\/\/www.mcroller.com\/ca\/tienda\/pack-3-protecciones-hockey-patines-iniciacion-azul-2-2-2-2-6\/#breadcrumb\"},\"inLanguage\":\"ca\",\"potentialAction\":[{\"@type\":\"ReadAction\",\"target\":[[\"https:\/\/www.mcroller.com\/ca\/tienda\/pack-3-protecciones-hockey-patines-iniciacion-azul-2-2-2-2-6\/\"]]}]},{\"@type\":\"BreadcrumbList\",\"@id\":\"https:\/\/www.mcroller.com\/ca\/tienda\/pack-3-protecciones-hockey-patines-iniciacion-azul-2-2-2-2-6\/#breadcrumb\",\"itemListElement\":[{\"@type\":\"ListItem\",\"position\":1,\"name\":\"Inici\",\"item\":\"https:\/\/www.mcroller.com\/ca\/\"},{\"@type\":\"ListItem\",\"position\":2,\"name\":\"Homepage\",\"item\":\"https:\/\/www.mcroller.com\/ca\/\"},{\"@type\":\"ListItem\",\"position\":3,\"name\":\"Pack 3 Protecciones Mesh hockey patines Rosa\"}]}]}<\/script>\n<!-- \/ Yoast SEO plugin. -->","yoast_head_json":{"title":"Pack 3 proteccions Mesh hoquei patins -Rosa | Hockey McRoller Tenda","robots":{"index":"index","follow":"follow","max-snippet":"max-snippet:-1","max-image-preview":"max-image-preview:large","max-video-preview":"max-video-preview:-1"},"canonical":"https:\/\/www.mcroller.com\/ca\/tienda\/pack-3-protecciones-hockey-patines-iniciacion-azul-2-2-2-2-6\/","og_locale":"ca_ES","og_type":"article","og_title":"Pack 3 proteccions Mesh hoquei patins -Rosa | Hockey McRoller Tenda","og_description":"Pack de tres proteccions hoquei patins McRoller, fabricats en Mesh, teixit transpirable.    Consta de genolleres, canelleres i guants.  Ajust de genolleres amb velcro, molt c\u00f2mode i resistent, ideal pel hoquei patins.  Disponible en una \u00e0mplia gamma colors i talles.  &nbsp;  Taula de talles (orientativa segons al\u00e7ada nen\/a vs edat) :  XXXS (106-112 cm) (4-5 anys)  XXS(112-117cm) (6-7 anys)  XS (117-122 cm) (8-9 anys)  S (122-130 cm) (9-10 anys)","og_url":"https:\/\/www.mcroller.com\/ca\/tienda\/pack-3-protecciones-hockey-patines-iniciacion-azul-2-2-2-2-6\/","og_site_name":"Hockey McRoller Tenda","article_publisher":"https:\/\/www.facebook.com\/McRoller-184371304938402\/","article_modified_time":"2025-10-18T13:45:26+00:00","og_image":[{"width":2560,"height":1920,"url":"https:\/\/www.mcroller.com\/wp-content\/uploads\/2022\/10\/SET3MESH-SET-PACK-3-PCS-MESH-ROSA-scaled.jpg","type":"image\/jpeg"}],"twitter_card":"summary_large_image","schema":{"@context":"https:\/\/schema.org","@graph":[{"@type":"WebSite","@id":"https:\/\/www.mcroller.com\/ca\/#website","url":"https:\/\/www.mcroller.com\/ca\/","name":"Hockey McRoller Tenda","description":"","potentialAction":[{"@type":"SearchAction","target":{"@type":"EntryPoint","urlTemplate":"https:\/\/www.mcroller.com\/ca\/?s={search_term_string}"},"query-input":"required name=search_term_string"}],"inLanguage":"ca"},{"@type":"ImageObject","@id":"https:\/\/www.mcroller.com\/ca\/tienda\/pack-3-protecciones-hockey-patines-iniciacion-azul-2-2-2-2-6\/#primaryimage","inLanguage":"ca","url":"https:\/\/www.mcroller.com\/wp-content\/uploads\/2022\/10\/SET3MESH-SET-PACK-3-PCS-MESH-ROSA-scaled.jpg","contentUrl":"https:\/\/www.mcroller.com\/wp-content\/uploads\/2022\/10\/SET3MESH-SET-PACK-3-PCS-MESH-ROSA-scaled.jpg","width":2560,"height":1920},{"@type":"WebPage","@id":"https:\/\/www.mcroller.com\/ca\/tienda\/pack-3-protecciones-hockey-patines-iniciacion-azul-2-2-2-2-6\/#webpage","url":"https:\/\/www.mcroller.com\/ca\/tienda\/pack-3-protecciones-hockey-patines-iniciacion-azul-2-2-2-2-6\/","name":"Pack 3 proteccions Mesh hoquei patins -Rosa | Hockey McRoller Tenda","isPartOf":{"@id":"https:\/\/www.mcroller.com\/ca\/#website"},"primaryImageOfPage":{"@id":"https:\/\/www.mcroller.com\/ca\/tienda\/pack-3-protecciones-hockey-patines-iniciacion-azul-2-2-2-2-6\/#primaryimage"},"datePublished":"2021-09-13T07:28:49+00:00","dateModified":"2025-10-18T13:45:26+00:00","breadcrumb":{"@id":"https:\/\/www.mcroller.com\/ca\/tienda\/pack-3-protecciones-hockey-patines-iniciacion-azul-2-2-2-2-6\/#breadcrumb"},"inLanguage":"ca","potentialAction":[{"@type":"ReadAction","target":[["https:\/\/www.mcroller.com\/ca\/tienda\/pack-3-protecciones-hockey-patines-iniciacion-azul-2-2-2-2-6\/"]]}]},{"@type":"BreadcrumbList","@id":"https:\/\/www.mcroller.com\/ca\/tienda\/pack-3-protecciones-hockey-patines-iniciacion-azul-2-2-2-2-6\/#breadcrumb","itemListElement":[{"@type":"ListItem","position":1,"name":"Inici","item":"https:\/\/www.mcroller.com\/ca\/"},{"@type":"ListItem","position":2,"name":"Homepage","item":"https:\/\/www.mcroller.com\/ca\/"},{"@type":"ListItem","position":3,"name":"Pack 3 Protecciones Mesh hockey patines Rosa"}]}]}},"_links":{"self":[{"href":"https:\/\/www.mcroller.com\/ca\/wp-json\/wp\/v2\/product\/2601"}],"collection":[{"href":"https:\/\/www.mcroller.com\/ca\/wp-json\/wp\/v2\/product"}],"about":[{"href":"https:\/\/www.mcroller.com\/ca\/wp-json\/wp\/v2\/types\/product"}],"wp:featuredmedia":[{"embeddable":true,"href":"https:\/\/www.mcroller.com\/ca\/wp-json\/wp\/v2\/media\/3019"}],"wp:attachment":[{"href":"https:\/\/www.mcroller.com\/ca\/wp-json\/wp\/v2\/media?parent=2601"}],"wp:term":[{"taxonomy":"product_cat","embeddable":true,"href":"https:\/\/www.mcroller.com\/ca\/wp-json\/wp\/v2\/product_cat?post=2601"},{"taxonomy":"product_tag","embeddable":true,"href":"https:\/\/www.mcroller.com\/ca\/wp-json\/wp\/v2\/product_tag?post=2601"}],"curies":[{"name":"wp","href":"https:\/\/api.w.org\/{rel}","templated":true}]}}