{"id":2879,"date":"2022-04-20T14:58:32","date_gmt":"2022-04-20T14:58:32","guid":{"rendered":"https:\/\/www.mcroller.com\/es\/?post_type=product&#038;p=2879"},"modified":"2026-01-07T20:32:33","modified_gmt":"2026-01-07T20:32:33","slug":"rink-hockey-trolley-bag-70-cm-3-departments","status":"publish","type":"product","link":"https:\/\/www.mcroller.com\/ca\/botiga\/trolley-jugador-hoquei-patins-70-cm-3-compartiments\/","title":{"rendered":"TROLLEY JUGADOR HOQUEI PATINS 70 CM 3 COMPARTIMENTS"},"content":{"rendered":"","protected":false},"excerpt":{"rendered":"<p>Ideal pel casc.<\/p>\n<p>Trolley McRoller de jugador d&#8217;Hoquei patins, fabricada en el millor poli\u00e8ster.<\/p>\n<p>Dissenyada amb rodes grans i resistents, i amb una alta qualitat en les seves costures, la qual cosa la fa molt resistent al dia a dia.<\/p>\n<p>Model de 70 cms amb 3 departaments.<\/p>\n<p>Messures 70 cm al\u00e7ada x 33 cm amplada x 40 cm fond\u00e0ria<\/p>\n<p>M\u00e0nec telesc\u00f2pic 38 cm<\/p>\n<p>Capacitat 92,4 L<\/p>\n","protected":false},"featured_media":2817,"template":"","meta":[],"product_cat":[38,146],"product_tag":[],"acf":[],"yoast_head":"<!-- This site is optimized with the Yoast SEO plugin v18.5.1 - https:\/\/yoast.com\/wordpress\/plugins\/seo\/ -->\n<title>TROLLEY JUGADOR HOQUEI PATINS 70 CM 3 COMPARTIMENTS | Hockey McRoller Tenda<\/title>\n<meta name=\"robots\" content=\"index, follow, max-snippet:-1, max-image-preview:large, max-video-preview:-1\" \/>\n<link rel=\"canonical\" href=\"https:\/\/www.mcroller.com\/ca\/tienda\/trolley-jugador-70-cms-3-compartimentos\/\" \/>\n<meta property=\"og:locale\" content=\"ca_ES\" \/>\n<meta property=\"og:type\" content=\"article\" \/>\n<meta property=\"og:title\" content=\"TROLLEY JUGADOR HOQUEI PATINS 70 CM 3 COMPARTIMENTS | Hockey McRoller Tenda\" \/>\n<meta property=\"og:description\" content=\"Ideal pel casc.  Trolley McRoller de jugador d&#039;Hoquei patins, fabricada en el millor poli\u00e8ster.  Dissenyada amb rodes grans i resistents, i amb una alta qualitat en les seves costures, la qual cosa la fa molt resistent al dia a dia.  Model de 70 cms amb 3 departaments.  Messures 70 cm al\u00e7ada x 33 cm amplada x 40 cm fond\u00e0ria  M\u00e0nec telesc\u00f2pic 38 cm  Capacitat 92,4 L\" \/>\n<meta property=\"og:url\" content=\"https:\/\/www.mcroller.com\/ca\/tienda\/trolley-jugador-70-cms-3-compartimentos\/\" \/>\n<meta property=\"og:site_name\" content=\"Hockey McRoller Tenda\" \/>\n<meta property=\"article:publisher\" content=\"https:\/\/www.facebook.com\/McRoller-184371304938402\/\" \/>\n<meta property=\"article:modified_time\" content=\"2026-01-07T20:32:33+00:00\" \/>\n<meta property=\"og:image\" content=\"https:\/\/www.mcroller.com\/wp-content\/uploads\/2022\/02\/TRJ70CMBLACK3C-3.jpg\" \/>\n\t<meta property=\"og:image:width\" content=\"1417\" \/>\n\t<meta property=\"og:image:height\" content=\"1063\" \/>\n\t<meta property=\"og:image:type\" content=\"image\/jpeg\" \/>\n<meta name=\"twitter:card\" content=\"summary_large_image\" \/>\n<script type=\"application\/ld+json\" class=\"yoast-schema-graph\">{\"@context\":\"https:\/\/schema.org\",\"@graph\":[{\"@type\":\"WebSite\",\"@id\":\"https:\/\/www.mcroller.com\/ca\/#website\",\"url\":\"https:\/\/www.mcroller.com\/ca\/\",\"name\":\"Hockey McRoller Tenda\",\"description\":\"\",\"potentialAction\":[{\"@type\":\"SearchAction\",\"target\":{\"@type\":\"EntryPoint\",\"urlTemplate\":\"https:\/\/www.mcroller.com\/ca\/?s={search_term_string}\"},\"query-input\":\"required name=search_term_string\"}],\"inLanguage\":\"ca\"},{\"@type\":\"ImageObject\",\"@id\":\"https:\/\/www.mcroller.com\/ca\/tienda\/trolley-jugador-70-cms-3-compartimentos\/#primaryimage\",\"inLanguage\":\"ca\",\"url\":\"https:\/\/www.mcroller.com\/wp-content\/uploads\/2022\/02\/TRJ70CMBLACK3C-3.jpg\",\"contentUrl\":\"https:\/\/www.mcroller.com\/wp-content\/uploads\/2022\/02\/TRJ70CMBLACK3C-3.jpg\",\"width\":1417,\"height\":1063},{\"@type\":\"WebPage\",\"@id\":\"https:\/\/www.mcroller.com\/ca\/tienda\/trolley-jugador-70-cms-3-compartimentos\/#webpage\",\"url\":\"https:\/\/www.mcroller.com\/ca\/tienda\/trolley-jugador-70-cms-3-compartimentos\/\",\"name\":\"TROLLEY JUGADOR HOQUEI PATINS 70 CM 3 COMPARTIMENTS | Hockey McRoller Tenda\",\"isPartOf\":{\"@id\":\"https:\/\/www.mcroller.com\/ca\/#website\"},\"primaryImageOfPage\":{\"@id\":\"https:\/\/www.mcroller.com\/ca\/tienda\/trolley-jugador-70-cms-3-compartimentos\/#primaryimage\"},\"datePublished\":\"2022-04-20T14:58:32+00:00\",\"dateModified\":\"2026-01-07T20:32:33+00:00\",\"breadcrumb\":{\"@id\":\"https:\/\/www.mcroller.com\/ca\/tienda\/trolley-jugador-70-cms-3-compartimentos\/#breadcrumb\"},\"inLanguage\":\"ca\",\"potentialAction\":[{\"@type\":\"ReadAction\",\"target\":[[\"https:\/\/www.mcroller.com\/ca\/tienda\/trolley-jugador-70-cms-3-compartimentos\/\"]]}]},{\"@type\":\"BreadcrumbList\",\"@id\":\"https:\/\/www.mcroller.com\/ca\/tienda\/trolley-jugador-70-cms-3-compartimentos\/#breadcrumb\",\"itemListElement\":[{\"@type\":\"ListItem\",\"position\":1,\"name\":\"Inici\",\"item\":\"https:\/\/www.mcroller.com\/ca\/\"},{\"@type\":\"ListItem\",\"position\":2,\"name\":\"Homepage\",\"item\":\"https:\/\/www.mcroller.com\/ca\/\"},{\"@type\":\"ListItem\",\"position\":3,\"name\":\"TROLLEY JUGADOR 70 CMS 3 COMPARTIMENTOS\"}]}]}<\/script>\n<!-- \/ Yoast SEO plugin. -->","yoast_head_json":{"title":"TROLLEY JUGADOR HOQUEI PATINS 70 CM 3 COMPARTIMENTS | Hockey McRoller Tenda","robots":{"index":"index","follow":"follow","max-snippet":"max-snippet:-1","max-image-preview":"max-image-preview:large","max-video-preview":"max-video-preview:-1"},"canonical":"https:\/\/www.mcroller.com\/ca\/tienda\/trolley-jugador-70-cms-3-compartimentos\/","og_locale":"ca_ES","og_type":"article","og_title":"TROLLEY JUGADOR HOQUEI PATINS 70 CM 3 COMPARTIMENTS | Hockey McRoller Tenda","og_description":"Ideal pel casc.  Trolley McRoller de jugador d'Hoquei patins, fabricada en el millor poli\u00e8ster.  Dissenyada amb rodes grans i resistents, i amb una alta qualitat en les seves costures, la qual cosa la fa molt resistent al dia a dia.  Model de 70 cms amb 3 departaments.  Messures 70 cm al\u00e7ada x 33 cm amplada x 40 cm fond\u00e0ria  M\u00e0nec telesc\u00f2pic 38 cm  Capacitat 92,4 L","og_url":"https:\/\/www.mcroller.com\/ca\/tienda\/trolley-jugador-70-cms-3-compartimentos\/","og_site_name":"Hockey McRoller Tenda","article_publisher":"https:\/\/www.facebook.com\/McRoller-184371304938402\/","article_modified_time":"2026-01-07T20:32:33+00:00","og_image":[{"width":1417,"height":1063,"url":"https:\/\/www.mcroller.com\/wp-content\/uploads\/2022\/02\/TRJ70CMBLACK3C-3.jpg","type":"image\/jpeg"}],"twitter_card":"summary_large_image","schema":{"@context":"https:\/\/schema.org","@graph":[{"@type":"WebSite","@id":"https:\/\/www.mcroller.com\/ca\/#website","url":"https:\/\/www.mcroller.com\/ca\/","name":"Hockey McRoller Tenda","description":"","potentialAction":[{"@type":"SearchAction","target":{"@type":"EntryPoint","urlTemplate":"https:\/\/www.mcroller.com\/ca\/?s={search_term_string}"},"query-input":"required name=search_term_string"}],"inLanguage":"ca"},{"@type":"ImageObject","@id":"https:\/\/www.mcroller.com\/ca\/tienda\/trolley-jugador-70-cms-3-compartimentos\/#primaryimage","inLanguage":"ca","url":"https:\/\/www.mcroller.com\/wp-content\/uploads\/2022\/02\/TRJ70CMBLACK3C-3.jpg","contentUrl":"https:\/\/www.mcroller.com\/wp-content\/uploads\/2022\/02\/TRJ70CMBLACK3C-3.jpg","width":1417,"height":1063},{"@type":"WebPage","@id":"https:\/\/www.mcroller.com\/ca\/tienda\/trolley-jugador-70-cms-3-compartimentos\/#webpage","url":"https:\/\/www.mcroller.com\/ca\/tienda\/trolley-jugador-70-cms-3-compartimentos\/","name":"TROLLEY JUGADOR HOQUEI PATINS 70 CM 3 COMPARTIMENTS | Hockey McRoller Tenda","isPartOf":{"@id":"https:\/\/www.mcroller.com\/ca\/#website"},"primaryImageOfPage":{"@id":"https:\/\/www.mcroller.com\/ca\/tienda\/trolley-jugador-70-cms-3-compartimentos\/#primaryimage"},"datePublished":"2022-04-20T14:58:32+00:00","dateModified":"2026-01-07T20:32:33+00:00","breadcrumb":{"@id":"https:\/\/www.mcroller.com\/ca\/tienda\/trolley-jugador-70-cms-3-compartimentos\/#breadcrumb"},"inLanguage":"ca","potentialAction":[{"@type":"ReadAction","target":[["https:\/\/www.mcroller.com\/ca\/tienda\/trolley-jugador-70-cms-3-compartimentos\/"]]}]},{"@type":"BreadcrumbList","@id":"https:\/\/www.mcroller.com\/ca\/tienda\/trolley-jugador-70-cms-3-compartimentos\/#breadcrumb","itemListElement":[{"@type":"ListItem","position":1,"name":"Inici","item":"https:\/\/www.mcroller.com\/ca\/"},{"@type":"ListItem","position":2,"name":"Homepage","item":"https:\/\/www.mcroller.com\/ca\/"},{"@type":"ListItem","position":3,"name":"TROLLEY JUGADOR 70 CMS 3 COMPARTIMENTOS"}]}]}},"_links":{"self":[{"href":"https:\/\/www.mcroller.com\/ca\/wp-json\/wp\/v2\/product\/2879"}],"collection":[{"href":"https:\/\/www.mcroller.com\/ca\/wp-json\/wp\/v2\/product"}],"about":[{"href":"https:\/\/www.mcroller.com\/ca\/wp-json\/wp\/v2\/types\/product"}],"wp:featuredmedia":[{"embeddable":true,"href":"https:\/\/www.mcroller.com\/ca\/wp-json\/wp\/v2\/media\/2817"}],"wp:attachment":[{"href":"https:\/\/www.mcroller.com\/ca\/wp-json\/wp\/v2\/media?parent=2879"}],"wp:term":[{"taxonomy":"product_cat","embeddable":true,"href":"https:\/\/www.mcroller.com\/ca\/wp-json\/wp\/v2\/product_cat?post=2879"},{"taxonomy":"product_tag","embeddable":true,"href":"https:\/\/www.mcroller.com\/ca\/wp-json\/wp\/v2\/product_tag?post=2879"}],"curies":[{"name":"wp","href":"https:\/\/api.w.org\/{rel}","templated":true}]}}