{"id":407,"date":"2017-10-24T16:49:13","date_gmt":"2017-10-24T16:49:13","guid":{"rendered":"https:\/\/www.mcroller.com\/?post_type=product&#038;p=407"},"modified":"2026-01-31T21:30:31","modified_gmt":"2026-01-31T21:30:31","slug":"mcroller-sticks-junior-madera-natural","status":"publish","type":"product","link":"https:\/\/www.mcroller.com\/ca\/botiga\/mcroller-sticks-junior\/","title":{"rendered":"Sticks Hoquei Patins Junior McRoller"},"content":{"rendered":"<p class=\"qtranxs-available-languages-message qtranxs-available-languages-message-ca\">Ho sentim, aquesta entrada es troba disponible \u00fanicament en <a href=\"https:\/\/www.mcroller.com\/es\/wp-json\/wp\/v2\/product\/407\" class=\"qtranxs-available-language-link qtranxs-available-language-link-es\" title=\"Cast\">espanyol europeu<\/a> i <a href=\"https:\/\/www.mcroller.com\/fr\/wp-json\/wp\/v2\/product\/407\" class=\"qtranxs-available-language-link qtranxs-available-language-link-fr\" title=\"FR\">franc\u00e8s<\/a>.<\/p>","protected":false},"excerpt":{"rendered":"<p>Stick hoquei patins iniciaci\u00f3 McRoller, fabricat en fusta de Faig i de Freixe.<\/p>\n<p>Lleuger i amb molt bon tacte.<\/p>\n<p>Dissenyats per a la iniciaci\u00f3 de l&#8217;hoquei patins.<\/p>\n<p>Fabricat en mida de 90 i est\u00e0ndard de 102 cm.<\/p>\n<p>Disponible en diferents colors.<\/p>\n<p>&nbsp;<\/p>\n<p>&nbsp;<\/p>\n","protected":false},"featured_media":5107,"template":"","meta":[],"product_cat":[38,28,29,57],"product_tag":[],"acf":[],"yoast_head":"<!-- This site is optimized with the Yoast SEO plugin v18.5.1 - https:\/\/yoast.com\/wordpress\/plugins\/seo\/ -->\n<title>Sticks Hoquei Patins Junior McRoller | Hockey McRoller Tenda<\/title>\n<meta name=\"robots\" content=\"index, follow, max-snippet:-1, max-image-preview:large, max-video-preview:-1\" \/>\n<link rel=\"canonical\" href=\"https:\/\/www.mcroller.com\/ca\/tienda\/mcroller-sticks-junior\/\" \/>\n<meta property=\"og:locale\" content=\"ca_ES\" \/>\n<meta property=\"og:type\" content=\"article\" \/>\n<meta property=\"og:title\" content=\"Sticks Hoquei Patins Junior McRoller | Hockey McRoller Tenda\" \/>\n<meta property=\"og:description\" content=\"Stick hoquei patins iniciaci\u00f3 McRoller, fabricat en fusta de Faig i de Freixe.  Lleuger i amb molt bon tacte.  Dissenyats per a la iniciaci\u00f3 de l&#039;hoquei patins.  Fabricat en mida de 90 i est\u00e0ndard de 102 cm.  Disponible en diferents colors.  &nbsp;  &nbsp;\" \/>\n<meta property=\"og:url\" content=\"https:\/\/www.mcroller.com\/ca\/tienda\/mcroller-sticks-junior\/\" \/>\n<meta property=\"og:site_name\" content=\"Hockey McRoller Tenda\" \/>\n<meta property=\"article:publisher\" content=\"https:\/\/www.facebook.com\/McRoller-184371304938402\/\" \/>\n<meta property=\"article:modified_time\" content=\"2026-01-31T21:30:31+00:00\" \/>\n<meta property=\"og:image\" content=\"https:\/\/www.mcroller.com\/wp-content\/uploads\/2025\/09\/stick-mcroller-azul.jpg\" \/>\n\t<meta property=\"og:image:width\" content=\"864\" \/>\n\t<meta property=\"og:image:height\" content=\"1184\" \/>\n\t<meta property=\"og:image:type\" content=\"image\/jpeg\" \/>\n<meta name=\"twitter:card\" content=\"summary_large_image\" \/>\n<script type=\"application\/ld+json\" class=\"yoast-schema-graph\">{\"@context\":\"https:\/\/schema.org\",\"@graph\":[{\"@type\":\"WebSite\",\"@id\":\"https:\/\/www.mcroller.com\/ca\/#website\",\"url\":\"https:\/\/www.mcroller.com\/ca\/\",\"name\":\"Hockey McRoller Tenda\",\"description\":\"\",\"potentialAction\":[{\"@type\":\"SearchAction\",\"target\":{\"@type\":\"EntryPoint\",\"urlTemplate\":\"https:\/\/www.mcroller.com\/ca\/?s={search_term_string}\"},\"query-input\":\"required name=search_term_string\"}],\"inLanguage\":\"ca\"},{\"@type\":\"ImageObject\",\"@id\":\"https:\/\/www.mcroller.com\/ca\/tienda\/mcroller-sticks-junior\/#primaryimage\",\"inLanguage\":\"ca\",\"url\":\"https:\/\/www.mcroller.com\/wp-content\/uploads\/2025\/09\/stick-mcroller-azul.jpg\",\"contentUrl\":\"https:\/\/www.mcroller.com\/wp-content\/uploads\/2025\/09\/stick-mcroller-azul.jpg\",\"width\":864,\"height\":1184},{\"@type\":\"WebPage\",\"@id\":\"https:\/\/www.mcroller.com\/ca\/tienda\/mcroller-sticks-junior\/#webpage\",\"url\":\"https:\/\/www.mcroller.com\/ca\/tienda\/mcroller-sticks-junior\/\",\"name\":\"Sticks Hoquei Patins Junior McRoller | Hockey McRoller Tenda\",\"isPartOf\":{\"@id\":\"https:\/\/www.mcroller.com\/ca\/#website\"},\"primaryImageOfPage\":{\"@id\":\"https:\/\/www.mcroller.com\/ca\/tienda\/mcroller-sticks-junior\/#primaryimage\"},\"datePublished\":\"2017-10-24T16:49:13+00:00\",\"dateModified\":\"2026-01-31T21:30:31+00:00\",\"breadcrumb\":{\"@id\":\"https:\/\/www.mcroller.com\/ca\/tienda\/mcroller-sticks-junior\/#breadcrumb\"},\"inLanguage\":\"ca\",\"potentialAction\":[{\"@type\":\"ReadAction\",\"target\":[[\"https:\/\/www.mcroller.com\/ca\/tienda\/mcroller-sticks-junior\/\"]]}]},{\"@type\":\"BreadcrumbList\",\"@id\":\"https:\/\/www.mcroller.com\/ca\/tienda\/mcroller-sticks-junior\/#breadcrumb\",\"itemListElement\":[{\"@type\":\"ListItem\",\"position\":1,\"name\":\"Inici\",\"item\":\"https:\/\/www.mcroller.com\/ca\/\"},{\"@type\":\"ListItem\",\"position\":2,\"name\":\"Homepage\",\"item\":\"https:\/\/www.mcroller.com\/ca\/\"},{\"@type\":\"ListItem\",\"position\":3,\"name\":\"Sticks Hockey Patines Junior McRoller\"}]}]}<\/script>\n<!-- \/ Yoast SEO plugin. -->","yoast_head_json":{"title":"Sticks Hoquei Patins Junior McRoller | Hockey McRoller Tenda","robots":{"index":"index","follow":"follow","max-snippet":"max-snippet:-1","max-image-preview":"max-image-preview:large","max-video-preview":"max-video-preview:-1"},"canonical":"https:\/\/www.mcroller.com\/ca\/tienda\/mcroller-sticks-junior\/","og_locale":"ca_ES","og_type":"article","og_title":"Sticks Hoquei Patins Junior McRoller | Hockey McRoller Tenda","og_description":"Stick hoquei patins iniciaci\u00f3 McRoller, fabricat en fusta de Faig i de Freixe.  Lleuger i amb molt bon tacte.  Dissenyats per a la iniciaci\u00f3 de l'hoquei patins.  Fabricat en mida de 90 i est\u00e0ndard de 102 cm.  Disponible en diferents colors.  &nbsp;  &nbsp;","og_url":"https:\/\/www.mcroller.com\/ca\/tienda\/mcroller-sticks-junior\/","og_site_name":"Hockey McRoller Tenda","article_publisher":"https:\/\/www.facebook.com\/McRoller-184371304938402\/","article_modified_time":"2026-01-31T21:30:31+00:00","og_image":[{"width":864,"height":1184,"url":"https:\/\/www.mcroller.com\/wp-content\/uploads\/2025\/09\/stick-mcroller-azul.jpg","type":"image\/jpeg"}],"twitter_card":"summary_large_image","schema":{"@context":"https:\/\/schema.org","@graph":[{"@type":"WebSite","@id":"https:\/\/www.mcroller.com\/ca\/#website","url":"https:\/\/www.mcroller.com\/ca\/","name":"Hockey McRoller Tenda","description":"","potentialAction":[{"@type":"SearchAction","target":{"@type":"EntryPoint","urlTemplate":"https:\/\/www.mcroller.com\/ca\/?s={search_term_string}"},"query-input":"required name=search_term_string"}],"inLanguage":"ca"},{"@type":"ImageObject","@id":"https:\/\/www.mcroller.com\/ca\/tienda\/mcroller-sticks-junior\/#primaryimage","inLanguage":"ca","url":"https:\/\/www.mcroller.com\/wp-content\/uploads\/2025\/09\/stick-mcroller-azul.jpg","contentUrl":"https:\/\/www.mcroller.com\/wp-content\/uploads\/2025\/09\/stick-mcroller-azul.jpg","width":864,"height":1184},{"@type":"WebPage","@id":"https:\/\/www.mcroller.com\/ca\/tienda\/mcroller-sticks-junior\/#webpage","url":"https:\/\/www.mcroller.com\/ca\/tienda\/mcroller-sticks-junior\/","name":"Sticks Hoquei Patins Junior McRoller | Hockey McRoller Tenda","isPartOf":{"@id":"https:\/\/www.mcroller.com\/ca\/#website"},"primaryImageOfPage":{"@id":"https:\/\/www.mcroller.com\/ca\/tienda\/mcroller-sticks-junior\/#primaryimage"},"datePublished":"2017-10-24T16:49:13+00:00","dateModified":"2026-01-31T21:30:31+00:00","breadcrumb":{"@id":"https:\/\/www.mcroller.com\/ca\/tienda\/mcroller-sticks-junior\/#breadcrumb"},"inLanguage":"ca","potentialAction":[{"@type":"ReadAction","target":[["https:\/\/www.mcroller.com\/ca\/tienda\/mcroller-sticks-junior\/"]]}]},{"@type":"BreadcrumbList","@id":"https:\/\/www.mcroller.com\/ca\/tienda\/mcroller-sticks-junior\/#breadcrumb","itemListElement":[{"@type":"ListItem","position":1,"name":"Inici","item":"https:\/\/www.mcroller.com\/ca\/"},{"@type":"ListItem","position":2,"name":"Homepage","item":"https:\/\/www.mcroller.com\/ca\/"},{"@type":"ListItem","position":3,"name":"Sticks Hockey Patines Junior McRoller"}]}]}},"_links":{"self":[{"href":"https:\/\/www.mcroller.com\/ca\/wp-json\/wp\/v2\/product\/407"}],"collection":[{"href":"https:\/\/www.mcroller.com\/ca\/wp-json\/wp\/v2\/product"}],"about":[{"href":"https:\/\/www.mcroller.com\/ca\/wp-json\/wp\/v2\/types\/product"}],"wp:featuredmedia":[{"embeddable":true,"href":"https:\/\/www.mcroller.com\/ca\/wp-json\/wp\/v2\/media\/5107"}],"wp:attachment":[{"href":"https:\/\/www.mcroller.com\/ca\/wp-json\/wp\/v2\/media?parent=407"}],"wp:term":[{"taxonomy":"product_cat","embeddable":true,"href":"https:\/\/www.mcroller.com\/ca\/wp-json\/wp\/v2\/product_cat?post=407"},{"taxonomy":"product_tag","embeddable":true,"href":"https:\/\/www.mcroller.com\/ca\/wp-json\/wp\/v2\/product_tag?post=407"}],"curies":[{"name":"wp","href":"https:\/\/api.w.org\/{rel}","templated":true}]}}