{"id":4156,"date":"2024-03-09T17:47:20","date_gmt":"2024-03-09T17:47:20","guid":{"rendered":"https:\/\/www.mcroller.com\/es\/?post_type=product&#038;p=4156"},"modified":"2025-03-18T11:47:41","modified_gmt":"2025-03-18T11:47:41","slug":"backpack-trolley-red","status":"publish","type":"product","link":"https:\/\/www.mcroller.com\/ca\/botiga\/motxilla-trolley-vermella-2\/","title":{"rendered":"MOTXILLA TROLLEY VERMELLA"},"content":{"rendered":"","protected":false},"excerpt":{"rendered":"<p>Motxilla&amp;School trolley de poli\u00e8ster amb un compartiment central de gran capacitat amb butxaca interior. Disposa d&#8217;un compartiment exterior a la cara frontal i dos laterals. Base amb 2 rodes i suport. Nansa a la zona superior. Pr\u00e0ctica per a patinatge art\u00edstic, hoquei i per anar a escola.<\/p>\n<p>Mesures: 43 cm al\u00e7ada x 34 cm amplada x 20 cm fons<\/p>\n","protected":false},"featured_media":4136,"template":"","meta":[],"product_cat":[38,77,146,131],"product_tag":[],"acf":[],"yoast_head":"<!-- This site is optimized with the Yoast SEO plugin v18.5.1 - https:\/\/yoast.com\/wordpress\/plugins\/seo\/ -->\n<title>MOTXILLA TROLLEY VERMELLA | Hockey McRoller Tenda<\/title>\n<meta name=\"robots\" content=\"index, follow, max-snippet:-1, max-image-preview:large, max-video-preview:-1\" \/>\n<link rel=\"canonical\" href=\"https:\/\/www.mcroller.com\/ca\/tienda\/mochila-trolley-roja-2\/\" \/>\n<meta property=\"og:locale\" content=\"ca_ES\" \/>\n<meta property=\"og:type\" content=\"article\" \/>\n<meta property=\"og:title\" content=\"MOTXILLA TROLLEY VERMELLA | Hockey McRoller Tenda\" \/>\n<meta property=\"og:description\" content=\"Motxilla&amp;School trolley de poli\u00e8ster amb un compartiment central de gran capacitat amb butxaca interior. Disposa d&#039;un compartiment exterior a la cara frontal i dos laterals. Base amb 2 rodes i suport. Nansa a la zona superior. Pr\u00e0ctica per a patinatge art\u00edstic, hoquei i per anar a escola.  Mesures: 43 cm al\u00e7ada x 34 cm amplada x 20 cm fons\" \/>\n<meta property=\"og:url\" content=\"https:\/\/www.mcroller.com\/ca\/tienda\/mochila-trolley-roja-2\/\" \/>\n<meta property=\"og:site_name\" content=\"Hockey McRoller Tenda\" \/>\n<meta property=\"article:publisher\" content=\"https:\/\/www.facebook.com\/McRoller-184371304938402\/\" \/>\n<meta property=\"article:modified_time\" content=\"2025-03-18T11:47:41+00:00\" \/>\n<meta property=\"og:image\" content=\"https:\/\/www.mcroller.com\/wp-content\/uploads\/2024\/03\/IMG_0404-scaled.jpg\" \/>\n\t<meta property=\"og:image:width\" content=\"1481\" \/>\n\t<meta property=\"og:image:height\" content=\"2560\" \/>\n\t<meta property=\"og:image:type\" content=\"image\/jpeg\" \/>\n<meta name=\"twitter:card\" content=\"summary_large_image\" \/>\n<script type=\"application\/ld+json\" class=\"yoast-schema-graph\">{\"@context\":\"https:\/\/schema.org\",\"@graph\":[{\"@type\":\"WebSite\",\"@id\":\"https:\/\/www.mcroller.com\/ca\/#website\",\"url\":\"https:\/\/www.mcroller.com\/ca\/\",\"name\":\"Hockey McRoller Tenda\",\"description\":\"\",\"potentialAction\":[{\"@type\":\"SearchAction\",\"target\":{\"@type\":\"EntryPoint\",\"urlTemplate\":\"https:\/\/www.mcroller.com\/ca\/?s={search_term_string}\"},\"query-input\":\"required name=search_term_string\"}],\"inLanguage\":\"ca\"},{\"@type\":\"ImageObject\",\"@id\":\"https:\/\/www.mcroller.com\/ca\/tienda\/mochila-trolley-roja-2\/#primaryimage\",\"inLanguage\":\"ca\",\"url\":\"https:\/\/www.mcroller.com\/wp-content\/uploads\/2024\/03\/IMG_0404-scaled.jpg\",\"contentUrl\":\"https:\/\/www.mcroller.com\/wp-content\/uploads\/2024\/03\/IMG_0404-scaled.jpg\",\"width\":1481,\"height\":2560},{\"@type\":\"WebPage\",\"@id\":\"https:\/\/www.mcroller.com\/ca\/tienda\/mochila-trolley-roja-2\/#webpage\",\"url\":\"https:\/\/www.mcroller.com\/ca\/tienda\/mochila-trolley-roja-2\/\",\"name\":\"MOTXILLA TROLLEY VERMELLA | Hockey McRoller Tenda\",\"isPartOf\":{\"@id\":\"https:\/\/www.mcroller.com\/ca\/#website\"},\"primaryImageOfPage\":{\"@id\":\"https:\/\/www.mcroller.com\/ca\/tienda\/mochila-trolley-roja-2\/#primaryimage\"},\"datePublished\":\"2024-03-09T17:47:20+00:00\",\"dateModified\":\"2025-03-18T11:47:41+00:00\",\"breadcrumb\":{\"@id\":\"https:\/\/www.mcroller.com\/ca\/tienda\/mochila-trolley-roja-2\/#breadcrumb\"},\"inLanguage\":\"ca\",\"potentialAction\":[{\"@type\":\"ReadAction\",\"target\":[[\"https:\/\/www.mcroller.com\/ca\/tienda\/mochila-trolley-roja-2\/\"]]}]},{\"@type\":\"BreadcrumbList\",\"@id\":\"https:\/\/www.mcroller.com\/ca\/tienda\/mochila-trolley-roja-2\/#breadcrumb\",\"itemListElement\":[{\"@type\":\"ListItem\",\"position\":1,\"name\":\"Inici\",\"item\":\"https:\/\/www.mcroller.com\/ca\/\"},{\"@type\":\"ListItem\",\"position\":2,\"name\":\"Homepage\",\"item\":\"https:\/\/www.mcroller.com\/ca\/\"},{\"@type\":\"ListItem\",\"position\":3,\"name\":\"MOCHILA TROLLEY ROJA\"}]}]}<\/script>\n<!-- \/ Yoast SEO plugin. -->","yoast_head_json":{"title":"MOTXILLA TROLLEY VERMELLA | Hockey McRoller Tenda","robots":{"index":"index","follow":"follow","max-snippet":"max-snippet:-1","max-image-preview":"max-image-preview:large","max-video-preview":"max-video-preview:-1"},"canonical":"https:\/\/www.mcroller.com\/ca\/tienda\/mochila-trolley-roja-2\/","og_locale":"ca_ES","og_type":"article","og_title":"MOTXILLA TROLLEY VERMELLA | Hockey McRoller Tenda","og_description":"Motxilla&amp;School trolley de poli\u00e8ster amb un compartiment central de gran capacitat amb butxaca interior. Disposa d'un compartiment exterior a la cara frontal i dos laterals. Base amb 2 rodes i suport. Nansa a la zona superior. Pr\u00e0ctica per a patinatge art\u00edstic, hoquei i per anar a escola.  Mesures: 43 cm al\u00e7ada x 34 cm amplada x 20 cm fons","og_url":"https:\/\/www.mcroller.com\/ca\/tienda\/mochila-trolley-roja-2\/","og_site_name":"Hockey McRoller Tenda","article_publisher":"https:\/\/www.facebook.com\/McRoller-184371304938402\/","article_modified_time":"2025-03-18T11:47:41+00:00","og_image":[{"width":1481,"height":2560,"url":"https:\/\/www.mcroller.com\/wp-content\/uploads\/2024\/03\/IMG_0404-scaled.jpg","type":"image\/jpeg"}],"twitter_card":"summary_large_image","schema":{"@context":"https:\/\/schema.org","@graph":[{"@type":"WebSite","@id":"https:\/\/www.mcroller.com\/ca\/#website","url":"https:\/\/www.mcroller.com\/ca\/","name":"Hockey McRoller Tenda","description":"","potentialAction":[{"@type":"SearchAction","target":{"@type":"EntryPoint","urlTemplate":"https:\/\/www.mcroller.com\/ca\/?s={search_term_string}"},"query-input":"required name=search_term_string"}],"inLanguage":"ca"},{"@type":"ImageObject","@id":"https:\/\/www.mcroller.com\/ca\/tienda\/mochila-trolley-roja-2\/#primaryimage","inLanguage":"ca","url":"https:\/\/www.mcroller.com\/wp-content\/uploads\/2024\/03\/IMG_0404-scaled.jpg","contentUrl":"https:\/\/www.mcroller.com\/wp-content\/uploads\/2024\/03\/IMG_0404-scaled.jpg","width":1481,"height":2560},{"@type":"WebPage","@id":"https:\/\/www.mcroller.com\/ca\/tienda\/mochila-trolley-roja-2\/#webpage","url":"https:\/\/www.mcroller.com\/ca\/tienda\/mochila-trolley-roja-2\/","name":"MOTXILLA TROLLEY VERMELLA | Hockey McRoller Tenda","isPartOf":{"@id":"https:\/\/www.mcroller.com\/ca\/#website"},"primaryImageOfPage":{"@id":"https:\/\/www.mcroller.com\/ca\/tienda\/mochila-trolley-roja-2\/#primaryimage"},"datePublished":"2024-03-09T17:47:20+00:00","dateModified":"2025-03-18T11:47:41+00:00","breadcrumb":{"@id":"https:\/\/www.mcroller.com\/ca\/tienda\/mochila-trolley-roja-2\/#breadcrumb"},"inLanguage":"ca","potentialAction":[{"@type":"ReadAction","target":[["https:\/\/www.mcroller.com\/ca\/tienda\/mochila-trolley-roja-2\/"]]}]},{"@type":"BreadcrumbList","@id":"https:\/\/www.mcroller.com\/ca\/tienda\/mochila-trolley-roja-2\/#breadcrumb","itemListElement":[{"@type":"ListItem","position":1,"name":"Inici","item":"https:\/\/www.mcroller.com\/ca\/"},{"@type":"ListItem","position":2,"name":"Homepage","item":"https:\/\/www.mcroller.com\/ca\/"},{"@type":"ListItem","position":3,"name":"MOCHILA TROLLEY ROJA"}]}]}},"_links":{"self":[{"href":"https:\/\/www.mcroller.com\/ca\/wp-json\/wp\/v2\/product\/4156"}],"collection":[{"href":"https:\/\/www.mcroller.com\/ca\/wp-json\/wp\/v2\/product"}],"about":[{"href":"https:\/\/www.mcroller.com\/ca\/wp-json\/wp\/v2\/types\/product"}],"wp:featuredmedia":[{"embeddable":true,"href":"https:\/\/www.mcroller.com\/ca\/wp-json\/wp\/v2\/media\/4136"}],"wp:attachment":[{"href":"https:\/\/www.mcroller.com\/ca\/wp-json\/wp\/v2\/media?parent=4156"}],"wp:term":[{"taxonomy":"product_cat","embeddable":true,"href":"https:\/\/www.mcroller.com\/ca\/wp-json\/wp\/v2\/product_cat?post=4156"},{"taxonomy":"product_tag","embeddable":true,"href":"https:\/\/www.mcroller.com\/ca\/wp-json\/wp\/v2\/product_tag?post=4156"}],"curies":[{"name":"wp","href":"https:\/\/api.w.org\/{rel}","templated":true}]}}