{"id":493,"date":"2017-10-31T16:57:58","date_gmt":"2017-10-31T16:57:58","guid":{"rendered":"https:\/\/www.mcroller.com\/?post_type=product&#038;p=493"},"modified":"2022-08-31T08:20:26","modified_gmt":"2022-08-31T08:20:26","slug":"set-pack-3-negro","status":"publish","type":"product","link":"https:\/\/www.mcroller.com\/ca\/botiga\/pack-3-proteccions-hoquei-patins-iniciacio-negre\/","title":{"rendered":"Pack 3 proteccions hoquei patins iniciaci\u00f3 \u2013 Negre"},"content":{"rendered":"<p><img loading=\"lazy\" class=\"aligncenter size-full wp-image-462\" src=\"https:\/\/www.mcroller.com\/wp-content\/uploads\/2017\/10\/SET3BK_Pack_Hockey_rodillera_guantes_espinilleras-1.jpg\" alt=\"pack hockey luvas mcroller\" width=\"1920\" height=\"1280\" srcset=\"https:\/\/www.mcroller.com\/wp-content\/uploads\/2017\/10\/SET3BK_Pack_Hockey_rodillera_guantes_espinilleras-1.jpg 1920w, https:\/\/www.mcroller.com\/wp-content\/uploads\/2017\/10\/SET3BK_Pack_Hockey_rodillera_guantes_espinilleras-1-350x233.jpg 350w, https:\/\/www.mcroller.com\/wp-content\/uploads\/2017\/10\/SET3BK_Pack_Hockey_rodillera_guantes_espinilleras-1-300x200.jpg 300w, https:\/\/www.mcroller.com\/wp-content\/uploads\/2017\/10\/SET3BK_Pack_Hockey_rodillera_guantes_espinilleras-1-768x512.jpg 768w, https:\/\/www.mcroller.com\/wp-content\/uploads\/2017\/10\/SET3BK_Pack_Hockey_rodillera_guantes_espinilleras-1-1024x683.jpg 1024w, https:\/\/www.mcroller.com\/wp-content\/uploads\/2017\/10\/SET3BK_Pack_Hockey_rodillera_guantes_espinilleras-1-550x367.jpg 550w\" sizes=\"(max-width: 706px) 89vw, (max-width: 767px) 82vw, 740px\" \/><\/p>\n","protected":false},"excerpt":{"rendered":"<div class=\"woocommerce-product-details__short-description\">\n<div class=\"product_desc_txt\">\n<p>Pack de tres proteccions hoquei patins McRoller, fabricats en pell sint\u00e8tica.<\/p>\n<p>Consta de genolleres, canyelleres i guants.<\/p>\n<p>Ajust de genolleres i canyelleres amb velcro, molt c\u00f2mode i resistent, ideal per a iniciaci\u00f3 de l\u2019Hoquei patinis.<\/p>\n<p>Disponible en una \u00e0mplia gamma coloreixis i talles.<\/p>\n<\/div>\n<\/div>\n","protected":false},"featured_media":462,"template":"","meta":[],"product_cat":[81],"product_tag":[],"acf":[],"yoast_head":"<!-- This site is optimized with the Yoast SEO plugin v18.5.1 - https:\/\/yoast.com\/wordpress\/plugins\/seo\/ -->\n<title>Pack 3 proteccions hoquei patins iniciaci\u00f3 \u2013 Negre | Hockey McRoller Tenda<\/title>\n<meta name=\"robots\" content=\"index, follow, max-snippet:-1, max-image-preview:large, max-video-preview:-1\" \/>\n<link rel=\"canonical\" href=\"https:\/\/www.mcroller.com\/ca\/product\/set-pack-3-negro\/\" \/>\n<meta property=\"og:locale\" content=\"ca_ES\" \/>\n<meta property=\"og:type\" content=\"article\" \/>\n<meta property=\"og:title\" content=\"Pack 3 proteccions hoquei patins iniciaci\u00f3 \u2013 Negre | Hockey McRoller Tenda\" \/>\n<meta property=\"og:description\" content=\"Pack de tres proteccions hoquei patins McRoller, fabricats en pell sint\u00e8tica.  Consta de genolleres, canyelleres i guants.  Ajust de genolleres i canyelleres amb velcro, molt c\u00f2mode i resistent, ideal per a iniciaci\u00f3 de l\u2019Hoquei patinis.  Disponible en una \u00e0mplia gamma coloreixis i talles.\" \/>\n<meta property=\"og:url\" content=\"https:\/\/www.mcroller.com\/ca\/product\/set-pack-3-negro\/\" \/>\n<meta property=\"og:site_name\" content=\"Hockey McRoller Tenda\" \/>\n<meta property=\"article:publisher\" content=\"https:\/\/www.facebook.com\/McRoller-184371304938402\/\" \/>\n<meta property=\"article:modified_time\" content=\"2022-08-31T08:20:26+00:00\" \/>\n<meta property=\"og:image\" content=\"https:\/\/www.mcroller.com\/wp-content\/uploads\/2017\/10\/SET3BK_Pack_Hockey_rodillera_guantes_espinilleras-1.jpg\" \/>\n\t<meta property=\"og:image:width\" content=\"1920\" \/>\n\t<meta property=\"og:image:height\" content=\"1280\" \/>\n\t<meta property=\"og:image:type\" content=\"image\/jpeg\" \/>\n<meta name=\"twitter:card\" content=\"summary_large_image\" \/>\n<script type=\"application\/ld+json\" class=\"yoast-schema-graph\">{\"@context\":\"https:\/\/schema.org\",\"@graph\":[{\"@type\":\"WebSite\",\"@id\":\"https:\/\/www.mcroller.com\/ca\/#website\",\"url\":\"https:\/\/www.mcroller.com\/ca\/\",\"name\":\"Hockey McRoller Tenda\",\"description\":\"\",\"potentialAction\":[{\"@type\":\"SearchAction\",\"target\":{\"@type\":\"EntryPoint\",\"urlTemplate\":\"https:\/\/www.mcroller.com\/ca\/?s={search_term_string}\"},\"query-input\":\"required name=search_term_string\"}],\"inLanguage\":\"ca\"},{\"@type\":\"ImageObject\",\"@id\":\"https:\/\/www.mcroller.com\/ca\/product\/set-pack-3-negro\/#primaryimage\",\"inLanguage\":\"ca\",\"url\":\"https:\/\/www.mcroller.com\/wp-content\/uploads\/2017\/10\/SET3BK_Pack_Hockey_rodillera_guantes_espinilleras-1.jpg\",\"contentUrl\":\"https:\/\/www.mcroller.com\/wp-content\/uploads\/2017\/10\/SET3BK_Pack_Hockey_rodillera_guantes_espinilleras-1.jpg\",\"width\":1920,\"height\":1280,\"caption\":\"pack hockey luvas mcroller\"},{\"@type\":\"WebPage\",\"@id\":\"https:\/\/www.mcroller.com\/ca\/product\/set-pack-3-negro\/#webpage\",\"url\":\"https:\/\/www.mcroller.com\/ca\/product\/set-pack-3-negro\/\",\"name\":\"Pack 3 proteccions hoquei patins iniciaci\u00f3 \u2013 Negre | Hockey McRoller Tenda\",\"isPartOf\":{\"@id\":\"https:\/\/www.mcroller.com\/ca\/#website\"},\"primaryImageOfPage\":{\"@id\":\"https:\/\/www.mcroller.com\/ca\/product\/set-pack-3-negro\/#primaryimage\"},\"datePublished\":\"2017-10-31T16:57:58+00:00\",\"dateModified\":\"2022-08-31T08:20:26+00:00\",\"breadcrumb\":{\"@id\":\"https:\/\/www.mcroller.com\/ca\/product\/set-pack-3-negro\/#breadcrumb\"},\"inLanguage\":\"ca\",\"potentialAction\":[{\"@type\":\"ReadAction\",\"target\":[[\"https:\/\/www.mcroller.com\/ca\/product\/set-pack-3-negro\/\"]]}]},{\"@type\":\"BreadcrumbList\",\"@id\":\"https:\/\/www.mcroller.com\/ca\/product\/set-pack-3-negro\/#breadcrumb\",\"itemListElement\":[{\"@type\":\"ListItem\",\"position\":1,\"name\":\"Inici\",\"item\":\"https:\/\/www.mcroller.com\/ca\/\"},{\"@type\":\"ListItem\",\"position\":2,\"name\":\"Homepage\",\"item\":\"https:\/\/www.mcroller.com\/ca\/\"},{\"@type\":\"ListItem\",\"position\":3,\"name\":\"Initiation protection 3 pack ring hockey \u2013 Noir\"}]}]}<\/script>\n<!-- \/ Yoast SEO plugin. -->","yoast_head_json":{"title":"Pack 3 proteccions hoquei patins iniciaci\u00f3 \u2013 Negre | Hockey McRoller Tenda","robots":{"index":"index","follow":"follow","max-snippet":"max-snippet:-1","max-image-preview":"max-image-preview:large","max-video-preview":"max-video-preview:-1"},"canonical":"https:\/\/www.mcroller.com\/ca\/product\/set-pack-3-negro\/","og_locale":"ca_ES","og_type":"article","og_title":"Pack 3 proteccions hoquei patins iniciaci\u00f3 \u2013 Negre | Hockey McRoller Tenda","og_description":"Pack de tres proteccions hoquei patins McRoller, fabricats en pell sint\u00e8tica.  Consta de genolleres, canyelleres i guants.  Ajust de genolleres i canyelleres amb velcro, molt c\u00f2mode i resistent, ideal per a iniciaci\u00f3 de l\u2019Hoquei patinis.  Disponible en una \u00e0mplia gamma coloreixis i talles.","og_url":"https:\/\/www.mcroller.com\/ca\/product\/set-pack-3-negro\/","og_site_name":"Hockey McRoller Tenda","article_publisher":"https:\/\/www.facebook.com\/McRoller-184371304938402\/","article_modified_time":"2022-08-31T08:20:26+00:00","og_image":[{"width":1920,"height":1280,"url":"https:\/\/www.mcroller.com\/wp-content\/uploads\/2017\/10\/SET3BK_Pack_Hockey_rodillera_guantes_espinilleras-1.jpg","type":"image\/jpeg"}],"twitter_card":"summary_large_image","schema":{"@context":"https:\/\/schema.org","@graph":[{"@type":"WebSite","@id":"https:\/\/www.mcroller.com\/ca\/#website","url":"https:\/\/www.mcroller.com\/ca\/","name":"Hockey McRoller Tenda","description":"","potentialAction":[{"@type":"SearchAction","target":{"@type":"EntryPoint","urlTemplate":"https:\/\/www.mcroller.com\/ca\/?s={search_term_string}"},"query-input":"required name=search_term_string"}],"inLanguage":"ca"},{"@type":"ImageObject","@id":"https:\/\/www.mcroller.com\/ca\/product\/set-pack-3-negro\/#primaryimage","inLanguage":"ca","url":"https:\/\/www.mcroller.com\/wp-content\/uploads\/2017\/10\/SET3BK_Pack_Hockey_rodillera_guantes_espinilleras-1.jpg","contentUrl":"https:\/\/www.mcroller.com\/wp-content\/uploads\/2017\/10\/SET3BK_Pack_Hockey_rodillera_guantes_espinilleras-1.jpg","width":1920,"height":1280,"caption":"pack hockey luvas mcroller"},{"@type":"WebPage","@id":"https:\/\/www.mcroller.com\/ca\/product\/set-pack-3-negro\/#webpage","url":"https:\/\/www.mcroller.com\/ca\/product\/set-pack-3-negro\/","name":"Pack 3 proteccions hoquei patins iniciaci\u00f3 \u2013 Negre | Hockey McRoller Tenda","isPartOf":{"@id":"https:\/\/www.mcroller.com\/ca\/#website"},"primaryImageOfPage":{"@id":"https:\/\/www.mcroller.com\/ca\/product\/set-pack-3-negro\/#primaryimage"},"datePublished":"2017-10-31T16:57:58+00:00","dateModified":"2022-08-31T08:20:26+00:00","breadcrumb":{"@id":"https:\/\/www.mcroller.com\/ca\/product\/set-pack-3-negro\/#breadcrumb"},"inLanguage":"ca","potentialAction":[{"@type":"ReadAction","target":[["https:\/\/www.mcroller.com\/ca\/product\/set-pack-3-negro\/"]]}]},{"@type":"BreadcrumbList","@id":"https:\/\/www.mcroller.com\/ca\/product\/set-pack-3-negro\/#breadcrumb","itemListElement":[{"@type":"ListItem","position":1,"name":"Inici","item":"https:\/\/www.mcroller.com\/ca\/"},{"@type":"ListItem","position":2,"name":"Homepage","item":"https:\/\/www.mcroller.com\/ca\/"},{"@type":"ListItem","position":3,"name":"Initiation protection 3 pack ring hockey \u2013 Noir"}]}]}},"_links":{"self":[{"href":"https:\/\/www.mcroller.com\/ca\/wp-json\/wp\/v2\/product\/493"}],"collection":[{"href":"https:\/\/www.mcroller.com\/ca\/wp-json\/wp\/v2\/product"}],"about":[{"href":"https:\/\/www.mcroller.com\/ca\/wp-json\/wp\/v2\/types\/product"}],"wp:featuredmedia":[{"embeddable":true,"href":"https:\/\/www.mcroller.com\/ca\/wp-json\/wp\/v2\/media\/462"}],"wp:attachment":[{"href":"https:\/\/www.mcroller.com\/ca\/wp-json\/wp\/v2\/media?parent=493"}],"wp:term":[{"taxonomy":"product_cat","embeddable":true,"href":"https:\/\/www.mcroller.com\/ca\/wp-json\/wp\/v2\/product_cat?post=493"},{"taxonomy":"product_tag","embeddable":true,"href":"https:\/\/www.mcroller.com\/ca\/wp-json\/wp\/v2\/product_tag?post=493"}],"curies":[{"name":"wp","href":"https:\/\/api.w.org\/{rel}","templated":true}]}}