{"id":5420,"date":"2026-01-21T09:35:49","date_gmt":"2026-01-21T09:35:49","guid":{"rendered":"https:\/\/www.mcroller.com\/es\/?post_type=product&#038;p=5420"},"modified":"2026-03-10T07:55:35","modified_gmt":"2026-03-10T07:55:35","slug":"hoodie-streetwear-artistic","status":"publish","type":"product","link":"https:\/\/www.mcroller.com\/ca\/botiga\/dessuadores-streetwear-artistic\/","title":{"rendered":"DESSUADORA STREETWEAR ART\u00cdSTIC"},"content":{"rendered":"<p><img loading=\"lazy\" class=\"alignnone size-medium wp-image-5401\" src=\"https:\/\/www.mcroller.com\/wp-content\/uploads\/2026\/01\/MINT-DORSO-1-200x300.jpg\" alt=\"\" width=\"200\" height=\"300\" srcset=\"https:\/\/www.mcroller.com\/wp-content\/uploads\/2026\/01\/MINT-DORSO-1-200x300.jpg 200w, https:\/\/www.mcroller.com\/wp-content\/uploads\/2026\/01\/MINT-DORSO-1-683x1024.jpg 683w, https:\/\/www.mcroller.com\/wp-content\/uploads\/2026\/01\/MINT-DORSO-1-768x1152.jpg 768w, https:\/\/www.mcroller.com\/wp-content\/uploads\/2026\/01\/MINT-DORSO-1-367x550.jpg 367w, https:\/\/www.mcroller.com\/wp-content\/uploads\/2026\/01\/MINT-DORSO-1-350x525.jpg 350w, https:\/\/www.mcroller.com\/wp-content\/uploads\/2026\/01\/MINT-DORSO-1.jpg 1024w\" sizes=\"(max-width: 200px) 100vw, 200px\" \/><\/p>\n","protected":false},"excerpt":{"rendered":"<p>&nbsp;<\/p>\n<p>CARACTER\u00cdSTIQUES<\/p>\n<p>85% cot\u00f3 org\u00e0nic\/15% poli\u00e8ster reciclat<\/p>\n<p>Superf\u00edcie exterior 100% cot\u00f3. Felpa penjada.<\/p>\n<p>Tall recte. Acabat tubular a punys i sota pe\u00e7a.<\/p>\n<p>Butxaca cangur. Caputxa folrada.<\/p>\n<p>Doble repunt al coll, punys i baix de la pe\u00e7a.<\/p>\n<p><img loading=\"lazy\" class=\"alignnone size-full wp-image-5445\" src=\"https:\/\/www.mcroller.com\/wp-content\/uploads\/2026\/01\/SUDADERAS-CARACTERITICAS-1.jpg\" alt=\"\" width=\"297\" height=\"184\" \/><\/p>\n<p><img loading=\"lazy\" class=\"alignnone size-medium wp-image-5419\" src=\"https:\/\/www.mcroller.com\/wp-content\/uploads\/2026\/01\/SUDADERAS-CERTIFICADOS-300x147.jpg\" alt=\"\" width=\"300\" height=\"147\" srcset=\"https:\/\/www.mcroller.com\/wp-content\/uploads\/2026\/01\/SUDADERAS-CERTIFICADOS-300x147.jpg 300w, https:\/\/www.mcroller.com\/wp-content\/uploads\/2026\/01\/SUDADERAS-CERTIFICADOS-350x172.jpg 350w, https:\/\/www.mcroller.com\/wp-content\/uploads\/2026\/01\/SUDADERAS-CERTIFICADOS.jpg 352w\" sizes=\"(max-width: 300px) 100vw, 300px\" \/><\/p>\n<p>&nbsp;<\/p>\n","protected":false},"featured_media":5401,"template":"","meta":[],"product_cat":[283,284,38,40],"product_tag":[],"acf":[],"yoast_head":"<!-- This site is optimized with the Yoast SEO plugin v18.5.1 - https:\/\/yoast.com\/wordpress\/plugins\/seo\/ -->\n<title>DESSUADORA STREETWEAR ART\u00cdSTIC | Hockey McRoller Tenda<\/title>\n<meta name=\"robots\" content=\"index, follow, max-snippet:-1, max-image-preview:large, max-video-preview:-1\" \/>\n<link rel=\"canonical\" href=\"https:\/\/www.mcroller.com\/ca\/tienda\/sudaderas-streetwear-artistico\/\" \/>\n<meta property=\"og:locale\" content=\"ca_ES\" \/>\n<meta property=\"og:type\" content=\"article\" \/>\n<meta property=\"og:title\" content=\"DESSUADORA STREETWEAR ART\u00cdSTIC | Hockey McRoller Tenda\" \/>\n<meta property=\"og:description\" content=\"&nbsp;  CARACTER\u00cdSTIQUES  85% cot\u00f3 org\u00e0nic\/15% poli\u00e8ster reciclat  Superf\u00edcie exterior 100% cot\u00f3. Felpa penjada.  Tall recte. Acabat tubular a punys i sota pe\u00e7a.  Butxaca cangur. Caputxa folrada.  Doble repunt al coll, punys i baix de la pe\u00e7a.      &nbsp;\" \/>\n<meta property=\"og:url\" content=\"https:\/\/www.mcroller.com\/ca\/tienda\/sudaderas-streetwear-artistico\/\" \/>\n<meta property=\"og:site_name\" content=\"Hockey McRoller Tenda\" \/>\n<meta property=\"article:publisher\" content=\"https:\/\/www.facebook.com\/McRoller-184371304938402\/\" \/>\n<meta property=\"article:modified_time\" content=\"2026-03-10T07:55:35+00:00\" \/>\n<meta property=\"og:image\" content=\"https:\/\/www.mcroller.com\/wp-content\/uploads\/2026\/01\/MINT-DORSO-1.jpg\" \/>\n\t<meta property=\"og:image:width\" content=\"1024\" \/>\n\t<meta property=\"og:image:height\" content=\"1536\" \/>\n\t<meta property=\"og:image:type\" content=\"image\/jpeg\" \/>\n<meta name=\"twitter:card\" content=\"summary_large_image\" \/>\n<meta name=\"twitter:label1\" content=\"Temps estimat de lectura\" \/>\n\t<meta name=\"twitter:data1\" content=\"1 minut\" \/>\n<script type=\"application\/ld+json\" class=\"yoast-schema-graph\">{\"@context\":\"https:\/\/schema.org\",\"@graph\":[{\"@type\":\"WebSite\",\"@id\":\"https:\/\/www.mcroller.com\/ca\/#website\",\"url\":\"https:\/\/www.mcroller.com\/ca\/\",\"name\":\"Hockey McRoller Tenda\",\"description\":\"\",\"potentialAction\":[{\"@type\":\"SearchAction\",\"target\":{\"@type\":\"EntryPoint\",\"urlTemplate\":\"https:\/\/www.mcroller.com\/ca\/?s={search_term_string}\"},\"query-input\":\"required name=search_term_string\"}],\"inLanguage\":\"ca\"},{\"@type\":\"ImageObject\",\"@id\":\"https:\/\/www.mcroller.com\/ca\/tienda\/sudaderas-streetwear-artistico\/#primaryimage\",\"inLanguage\":\"ca\",\"url\":\"https:\/\/www.mcroller.com\/wp-content\/uploads\/2026\/01\/MINT-DORSO-1.jpg\",\"contentUrl\":\"https:\/\/www.mcroller.com\/wp-content\/uploads\/2026\/01\/MINT-DORSO-1.jpg\",\"width\":1024,\"height\":1536},{\"@type\":\"WebPage\",\"@id\":\"https:\/\/www.mcroller.com\/ca\/tienda\/sudaderas-streetwear-artistico\/#webpage\",\"url\":\"https:\/\/www.mcroller.com\/ca\/tienda\/sudaderas-streetwear-artistico\/\",\"name\":\"DESSUADORA STREETWEAR ART\u00cdSTIC | Hockey McRoller Tenda\",\"isPartOf\":{\"@id\":\"https:\/\/www.mcroller.com\/ca\/#website\"},\"primaryImageOfPage\":{\"@id\":\"https:\/\/www.mcroller.com\/ca\/tienda\/sudaderas-streetwear-artistico\/#primaryimage\"},\"datePublished\":\"2026-01-21T09:35:49+00:00\",\"dateModified\":\"2026-03-10T07:55:35+00:00\",\"breadcrumb\":{\"@id\":\"https:\/\/www.mcroller.com\/ca\/tienda\/sudaderas-streetwear-artistico\/#breadcrumb\"},\"inLanguage\":\"ca\",\"potentialAction\":[{\"@type\":\"ReadAction\",\"target\":[[\"https:\/\/www.mcroller.com\/ca\/tienda\/sudaderas-streetwear-artistico\/\"]]}]},{\"@type\":\"BreadcrumbList\",\"@id\":\"https:\/\/www.mcroller.com\/ca\/tienda\/sudaderas-streetwear-artistico\/#breadcrumb\",\"itemListElement\":[{\"@type\":\"ListItem\",\"position\":1,\"name\":\"Inici\",\"item\":\"https:\/\/www.mcroller.com\/ca\/\"},{\"@type\":\"ListItem\",\"position\":2,\"name\":\"Homepage\",\"item\":\"https:\/\/www.mcroller.com\/ca\/\"},{\"@type\":\"ListItem\",\"position\":3,\"name\":\"SUDADERAS STREETWEAR ART\u00cdSTICO\"}]}]}<\/script>\n<!-- \/ Yoast SEO plugin. -->","yoast_head_json":{"title":"DESSUADORA STREETWEAR ART\u00cdSTIC | Hockey McRoller Tenda","robots":{"index":"index","follow":"follow","max-snippet":"max-snippet:-1","max-image-preview":"max-image-preview:large","max-video-preview":"max-video-preview:-1"},"canonical":"https:\/\/www.mcroller.com\/ca\/tienda\/sudaderas-streetwear-artistico\/","og_locale":"ca_ES","og_type":"article","og_title":"DESSUADORA STREETWEAR ART\u00cdSTIC | Hockey McRoller Tenda","og_description":"&nbsp;  CARACTER\u00cdSTIQUES  85% cot\u00f3 org\u00e0nic\/15% poli\u00e8ster reciclat  Superf\u00edcie exterior 100% cot\u00f3. Felpa penjada.  Tall recte. Acabat tubular a punys i sota pe\u00e7a.  Butxaca cangur. Caputxa folrada.  Doble repunt al coll, punys i baix de la pe\u00e7a.      &nbsp;","og_url":"https:\/\/www.mcroller.com\/ca\/tienda\/sudaderas-streetwear-artistico\/","og_site_name":"Hockey McRoller Tenda","article_publisher":"https:\/\/www.facebook.com\/McRoller-184371304938402\/","article_modified_time":"2026-03-10T07:55:35+00:00","og_image":[{"width":1024,"height":1536,"url":"https:\/\/www.mcroller.com\/wp-content\/uploads\/2026\/01\/MINT-DORSO-1.jpg","type":"image\/jpeg"}],"twitter_card":"summary_large_image","twitter_misc":{"Temps estimat de lectura":"1 minut"},"schema":{"@context":"https:\/\/schema.org","@graph":[{"@type":"WebSite","@id":"https:\/\/www.mcroller.com\/ca\/#website","url":"https:\/\/www.mcroller.com\/ca\/","name":"Hockey McRoller Tenda","description":"","potentialAction":[{"@type":"SearchAction","target":{"@type":"EntryPoint","urlTemplate":"https:\/\/www.mcroller.com\/ca\/?s={search_term_string}"},"query-input":"required name=search_term_string"}],"inLanguage":"ca"},{"@type":"ImageObject","@id":"https:\/\/www.mcroller.com\/ca\/tienda\/sudaderas-streetwear-artistico\/#primaryimage","inLanguage":"ca","url":"https:\/\/www.mcroller.com\/wp-content\/uploads\/2026\/01\/MINT-DORSO-1.jpg","contentUrl":"https:\/\/www.mcroller.com\/wp-content\/uploads\/2026\/01\/MINT-DORSO-1.jpg","width":1024,"height":1536},{"@type":"WebPage","@id":"https:\/\/www.mcroller.com\/ca\/tienda\/sudaderas-streetwear-artistico\/#webpage","url":"https:\/\/www.mcroller.com\/ca\/tienda\/sudaderas-streetwear-artistico\/","name":"DESSUADORA STREETWEAR ART\u00cdSTIC | Hockey McRoller Tenda","isPartOf":{"@id":"https:\/\/www.mcroller.com\/ca\/#website"},"primaryImageOfPage":{"@id":"https:\/\/www.mcroller.com\/ca\/tienda\/sudaderas-streetwear-artistico\/#primaryimage"},"datePublished":"2026-01-21T09:35:49+00:00","dateModified":"2026-03-10T07:55:35+00:00","breadcrumb":{"@id":"https:\/\/www.mcroller.com\/ca\/tienda\/sudaderas-streetwear-artistico\/#breadcrumb"},"inLanguage":"ca","potentialAction":[{"@type":"ReadAction","target":[["https:\/\/www.mcroller.com\/ca\/tienda\/sudaderas-streetwear-artistico\/"]]}]},{"@type":"BreadcrumbList","@id":"https:\/\/www.mcroller.com\/ca\/tienda\/sudaderas-streetwear-artistico\/#breadcrumb","itemListElement":[{"@type":"ListItem","position":1,"name":"Inici","item":"https:\/\/www.mcroller.com\/ca\/"},{"@type":"ListItem","position":2,"name":"Homepage","item":"https:\/\/www.mcroller.com\/ca\/"},{"@type":"ListItem","position":3,"name":"SUDADERAS STREETWEAR ART\u00cdSTICO"}]}]}},"_links":{"self":[{"href":"https:\/\/www.mcroller.com\/ca\/wp-json\/wp\/v2\/product\/5420"}],"collection":[{"href":"https:\/\/www.mcroller.com\/ca\/wp-json\/wp\/v2\/product"}],"about":[{"href":"https:\/\/www.mcroller.com\/ca\/wp-json\/wp\/v2\/types\/product"}],"wp:featuredmedia":[{"embeddable":true,"href":"https:\/\/www.mcroller.com\/ca\/wp-json\/wp\/v2\/media\/5401"}],"wp:attachment":[{"href":"https:\/\/www.mcroller.com\/ca\/wp-json\/wp\/v2\/media?parent=5420"}],"wp:term":[{"taxonomy":"product_cat","embeddable":true,"href":"https:\/\/www.mcroller.com\/ca\/wp-json\/wp\/v2\/product_cat?post=5420"},{"taxonomy":"product_tag","embeddable":true,"href":"https:\/\/www.mcroller.com\/ca\/wp-json\/wp\/v2\/product_tag?post=5420"}],"curies":[{"name":"wp","href":"https:\/\/api.w.org\/{rel}","templated":true}]}}