{"id":5537,"date":"2026-02-26T17:25:57","date_gmt":"2026-02-26T17:25:57","guid":{"rendered":"https:\/\/www.mcroller.com\/es\/?post_type=product&#038;p=5537"},"modified":"2026-03-10T08:19:25","modified_gmt":"2026-03-10T08:19:25","slug":"boxer","status":"publish","type":"product","link":"https:\/\/www.mcroller.com\/ca\/botiga\/boxer-hoquei-patins\/","title":{"rendered":"BOXER"},"content":{"rendered":"<p><img loading=\"lazy\" class=\"alignnone size-medium wp-image-5479\" src=\"https:\/\/www.mcroller.com\/wp-content\/uploads\/2026\/02\/BOXER-300x263.jpg\" alt=\"\" width=\"300\" height=\"263\" srcset=\"https:\/\/www.mcroller.com\/wp-content\/uploads\/2026\/02\/BOXER-300x263.jpg 300w, https:\/\/www.mcroller.com\/wp-content\/uploads\/2026\/02\/BOXER-1024x896.jpg 1024w, https:\/\/www.mcroller.com\/wp-content\/uploads\/2026\/02\/BOXER-768x672.jpg 768w, https:\/\/www.mcroller.com\/wp-content\/uploads\/2026\/02\/BOXER-550x481.jpg 550w, https:\/\/www.mcroller.com\/wp-content\/uploads\/2026\/02\/BOXER-350x306.jpg 350w, https:\/\/www.mcroller.com\/wp-content\/uploads\/2026\/02\/BOXER.jpg 1500w\" sizes=\"(max-width: 300px) 100vw, 300px\" \/><\/p>\n","protected":false},"excerpt":{"rendered":"<p>Pe\u00e7a interior t\u00e8cnica amb butxaca portacoquillera per coquilla r\u00edgida est\u00e0ndard, dissenyada per garantir comoditat, ajustament i llibertat de moviment en entrenaments i competicions d&#8217;hoquei sobre patins.<\/p>\n<p>Caracter\u00edstiques principals:<\/p>\n<p>Teixit transpirable<br \/>\nCostures planes FlexSystem per evitar rascades<br \/>\nConfort m\u00e0xim, lleuger i flexible<br \/>\nTeixit esponj\u00f3s, suau al contacte amb la pell<br \/>\nAntibacteri\u00e0, antial\u00b7l\u00e8rgies i antiolor<br \/>\nEs pot rentar a 40 \u00b0C, mant\u00e9 les seves propietats despr\u00e9s del rentat<br \/>\nCompatible amb conquilles r\u00edgides est\u00e0ndard<\/p>\n<p>Manteniment:<\/p>\n<p>Rentat a m\u00e0quina a 40 \u00b0C<br \/>\nNo fer servir assecadora ni planxa<br \/>\nRetirar la conquilla abans del rentat<\/p>\n","protected":false},"featured_media":5479,"template":"","meta":[],"product_cat":[301,308,302,38,28],"product_tag":[],"acf":[],"yoast_head":"<!-- This site is optimized with the Yoast SEO plugin v18.5.1 - https:\/\/yoast.com\/wordpress\/plugins\/seo\/ -->\n<title>BOXER | Hockey McRoller Tenda<\/title>\n<meta name=\"robots\" content=\"index, follow, max-snippet:-1, max-image-preview:large, max-video-preview:-1\" \/>\n<link rel=\"canonical\" href=\"https:\/\/www.mcroller.com\/ca\/tienda\/boxer-hockey-patines\/\" \/>\n<meta property=\"og:locale\" content=\"ca_ES\" \/>\n<meta property=\"og:type\" content=\"article\" \/>\n<meta property=\"og:title\" content=\"BOXER | Hockey McRoller Tenda\" \/>\n<meta property=\"og:description\" content=\"Pe\u00e7a interior t\u00e8cnica amb butxaca portacoquillera per coquilla r\u00edgida est\u00e0ndard, dissenyada per garantir comoditat, ajustament i llibertat de moviment en entrenaments i competicions d&#039;hoquei sobre patins.  Caracter\u00edstiques principals:  Teixit transpirable Costures planes FlexSystem per evitar rascades Confort m\u00e0xim, lleuger i flexible Teixit esponj\u00f3s, suau al contacte amb la pell Antibacteri\u00e0, antial\u00b7l\u00e8rgies i antiolor Es pot rentar a 40 \u00b0C, mant\u00e9 les seves propietats despr\u00e9s del rentat Compatible amb conquilles r\u00edgides est\u00e0ndard  Manteniment:  Rentat a m\u00e0quina a 40 \u00b0C No fer servir assecadora ni planxa Retirar la conquilla abans del rentat\" \/>\n<meta property=\"og:url\" content=\"https:\/\/www.mcroller.com\/ca\/tienda\/boxer-hockey-patines\/\" \/>\n<meta property=\"og:site_name\" content=\"Hockey McRoller Tenda\" \/>\n<meta property=\"article:publisher\" content=\"https:\/\/www.facebook.com\/McRoller-184371304938402\/\" \/>\n<meta property=\"article:modified_time\" content=\"2026-03-10T08:19:25+00:00\" \/>\n<meta property=\"og:image\" content=\"https:\/\/www.mcroller.com\/wp-content\/uploads\/2026\/02\/BOXER.jpg\" \/>\n\t<meta property=\"og:image:width\" content=\"1500\" \/>\n\t<meta property=\"og:image:height\" content=\"1313\" \/>\n\t<meta property=\"og:image:type\" content=\"image\/jpeg\" \/>\n<meta name=\"twitter:card\" content=\"summary_large_image\" \/>\n<script type=\"application\/ld+json\" class=\"yoast-schema-graph\">{\"@context\":\"https:\/\/schema.org\",\"@graph\":[{\"@type\":\"WebSite\",\"@id\":\"https:\/\/www.mcroller.com\/ca\/#website\",\"url\":\"https:\/\/www.mcroller.com\/ca\/\",\"name\":\"Hockey McRoller Tenda\",\"description\":\"\",\"potentialAction\":[{\"@type\":\"SearchAction\",\"target\":{\"@type\":\"EntryPoint\",\"urlTemplate\":\"https:\/\/www.mcroller.com\/ca\/?s={search_term_string}\"},\"query-input\":\"required name=search_term_string\"}],\"inLanguage\":\"ca\"},{\"@type\":\"ImageObject\",\"@id\":\"https:\/\/www.mcroller.com\/ca\/tienda\/boxer-hockey-patines\/#primaryimage\",\"inLanguage\":\"ca\",\"url\":\"https:\/\/www.mcroller.com\/wp-content\/uploads\/2026\/02\/BOXER.jpg\",\"contentUrl\":\"https:\/\/www.mcroller.com\/wp-content\/uploads\/2026\/02\/BOXER.jpg\",\"width\":1500,\"height\":1313},{\"@type\":\"WebPage\",\"@id\":\"https:\/\/www.mcroller.com\/ca\/tienda\/boxer-hockey-patines\/#webpage\",\"url\":\"https:\/\/www.mcroller.com\/ca\/tienda\/boxer-hockey-patines\/\",\"name\":\"BOXER | Hockey McRoller Tenda\",\"isPartOf\":{\"@id\":\"https:\/\/www.mcroller.com\/ca\/#website\"},\"primaryImageOfPage\":{\"@id\":\"https:\/\/www.mcroller.com\/ca\/tienda\/boxer-hockey-patines\/#primaryimage\"},\"datePublished\":\"2026-02-26T17:25:57+00:00\",\"dateModified\":\"2026-03-10T08:19:25+00:00\",\"breadcrumb\":{\"@id\":\"https:\/\/www.mcroller.com\/ca\/tienda\/boxer-hockey-patines\/#breadcrumb\"},\"inLanguage\":\"ca\",\"potentialAction\":[{\"@type\":\"ReadAction\",\"target\":[[\"https:\/\/www.mcroller.com\/ca\/tienda\/boxer-hockey-patines\/\"]]}]},{\"@type\":\"BreadcrumbList\",\"@id\":\"https:\/\/www.mcroller.com\/ca\/tienda\/boxer-hockey-patines\/#breadcrumb\",\"itemListElement\":[{\"@type\":\"ListItem\",\"position\":1,\"name\":\"Inici\",\"item\":\"https:\/\/www.mcroller.com\/ca\/\"},{\"@type\":\"ListItem\",\"position\":2,\"name\":\"Homepage\",\"item\":\"https:\/\/www.mcroller.com\/ca\/\"},{\"@type\":\"ListItem\",\"position\":3,\"name\":\"BOXER\"}]}]}<\/script>\n<!-- \/ Yoast SEO plugin. -->","yoast_head_json":{"title":"BOXER | Hockey McRoller Tenda","robots":{"index":"index","follow":"follow","max-snippet":"max-snippet:-1","max-image-preview":"max-image-preview:large","max-video-preview":"max-video-preview:-1"},"canonical":"https:\/\/www.mcroller.com\/ca\/tienda\/boxer-hockey-patines\/","og_locale":"ca_ES","og_type":"article","og_title":"BOXER | Hockey McRoller Tenda","og_description":"Pe\u00e7a interior t\u00e8cnica amb butxaca portacoquillera per coquilla r\u00edgida est\u00e0ndard, dissenyada per garantir comoditat, ajustament i llibertat de moviment en entrenaments i competicions d'hoquei sobre patins.  Caracter\u00edstiques principals:  Teixit transpirable Costures planes FlexSystem per evitar rascades Confort m\u00e0xim, lleuger i flexible Teixit esponj\u00f3s, suau al contacte amb la pell Antibacteri\u00e0, antial\u00b7l\u00e8rgies i antiolor Es pot rentar a 40 \u00b0C, mant\u00e9 les seves propietats despr\u00e9s del rentat Compatible amb conquilles r\u00edgides est\u00e0ndard  Manteniment:  Rentat a m\u00e0quina a 40 \u00b0C No fer servir assecadora ni planxa Retirar la conquilla abans del rentat","og_url":"https:\/\/www.mcroller.com\/ca\/tienda\/boxer-hockey-patines\/","og_site_name":"Hockey McRoller Tenda","article_publisher":"https:\/\/www.facebook.com\/McRoller-184371304938402\/","article_modified_time":"2026-03-10T08:19:25+00:00","og_image":[{"width":1500,"height":1313,"url":"https:\/\/www.mcroller.com\/wp-content\/uploads\/2026\/02\/BOXER.jpg","type":"image\/jpeg"}],"twitter_card":"summary_large_image","schema":{"@context":"https:\/\/schema.org","@graph":[{"@type":"WebSite","@id":"https:\/\/www.mcroller.com\/ca\/#website","url":"https:\/\/www.mcroller.com\/ca\/","name":"Hockey McRoller Tenda","description":"","potentialAction":[{"@type":"SearchAction","target":{"@type":"EntryPoint","urlTemplate":"https:\/\/www.mcroller.com\/ca\/?s={search_term_string}"},"query-input":"required name=search_term_string"}],"inLanguage":"ca"},{"@type":"ImageObject","@id":"https:\/\/www.mcroller.com\/ca\/tienda\/boxer-hockey-patines\/#primaryimage","inLanguage":"ca","url":"https:\/\/www.mcroller.com\/wp-content\/uploads\/2026\/02\/BOXER.jpg","contentUrl":"https:\/\/www.mcroller.com\/wp-content\/uploads\/2026\/02\/BOXER.jpg","width":1500,"height":1313},{"@type":"WebPage","@id":"https:\/\/www.mcroller.com\/ca\/tienda\/boxer-hockey-patines\/#webpage","url":"https:\/\/www.mcroller.com\/ca\/tienda\/boxer-hockey-patines\/","name":"BOXER | Hockey McRoller Tenda","isPartOf":{"@id":"https:\/\/www.mcroller.com\/ca\/#website"},"primaryImageOfPage":{"@id":"https:\/\/www.mcroller.com\/ca\/tienda\/boxer-hockey-patines\/#primaryimage"},"datePublished":"2026-02-26T17:25:57+00:00","dateModified":"2026-03-10T08:19:25+00:00","breadcrumb":{"@id":"https:\/\/www.mcroller.com\/ca\/tienda\/boxer-hockey-patines\/#breadcrumb"},"inLanguage":"ca","potentialAction":[{"@type":"ReadAction","target":[["https:\/\/www.mcroller.com\/ca\/tienda\/boxer-hockey-patines\/"]]}]},{"@type":"BreadcrumbList","@id":"https:\/\/www.mcroller.com\/ca\/tienda\/boxer-hockey-patines\/#breadcrumb","itemListElement":[{"@type":"ListItem","position":1,"name":"Inici","item":"https:\/\/www.mcroller.com\/ca\/"},{"@type":"ListItem","position":2,"name":"Homepage","item":"https:\/\/www.mcroller.com\/ca\/"},{"@type":"ListItem","position":3,"name":"BOXER"}]}]}},"_links":{"self":[{"href":"https:\/\/www.mcroller.com\/ca\/wp-json\/wp\/v2\/product\/5537"}],"collection":[{"href":"https:\/\/www.mcroller.com\/ca\/wp-json\/wp\/v2\/product"}],"about":[{"href":"https:\/\/www.mcroller.com\/ca\/wp-json\/wp\/v2\/types\/product"}],"wp:featuredmedia":[{"embeddable":true,"href":"https:\/\/www.mcroller.com\/ca\/wp-json\/wp\/v2\/media\/5479"}],"wp:attachment":[{"href":"https:\/\/www.mcroller.com\/ca\/wp-json\/wp\/v2\/media?parent=5537"}],"wp:term":[{"taxonomy":"product_cat","embeddable":true,"href":"https:\/\/www.mcroller.com\/ca\/wp-json\/wp\/v2\/product_cat?post=5537"},{"taxonomy":"product_tag","embeddable":true,"href":"https:\/\/www.mcroller.com\/ca\/wp-json\/wp\/v2\/product_tag?post=5537"}],"curies":[{"name":"wp","href":"https:\/\/api.w.org\/{rel}","templated":true}]}}