{"id":594,"date":"2017-11-01T10:23:09","date_gmt":"2017-11-01T10:23:09","guid":{"rendered":"https:\/\/www.mcroller.com\/?post_type=product&#038;p=594"},"modified":"2025-11-04T19:37:49","modified_gmt":"2025-11-04T19:37:49","slug":"guardas-portero-iniciacion","status":"publish","type":"product","link":"https:\/\/www.mcroller.com\/ca\/botiga\/guardas-portero-iniciacion\/","title":{"rendered":"Guardes Porter Iniciaci\u00f3"},"content":{"rendered":"","protected":false},"excerpt":{"rendered":"<p>Guardes de porter d&#8217;Hoquei Patins<\/p>\n<p>Fabricades en pell amb refor\u00e7os.<\/p>\n<p>Lleugeres i ideals per a porters i porteres en formaci\u00f3 d&#8217;hoquei patins.<\/p>\n<p>Disponible en dos colors i diverses talles.<\/p>\n<p><img loading=\"lazy\" class=\"alignnone size-medium wp-image-4037\" src=\"https:\/\/www.mcroller.com\/wp-content\/uploads\/2017\/11\/GUARDAS-PORTERO-INICIACION-FOTO-300x283.jpg\" alt=\"\" width=\"300\" height=\"283\" srcset=\"https:\/\/www.mcroller.com\/wp-content\/uploads\/2017\/11\/GUARDAS-PORTERO-INICIACION-FOTO-300x283.jpg 300w, https:\/\/www.mcroller.com\/wp-content\/uploads\/2017\/11\/GUARDAS-PORTERO-INICIACION-FOTO-350x330.jpg 350w, https:\/\/www.mcroller.com\/wp-content\/uploads\/2017\/11\/GUARDAS-PORTERO-INICIACION-FOTO.jpg 519w\" sizes=\"(max-width: 300px) 100vw, 300px\" \/><img loading=\"lazy\" class=\"alignnone size-medium wp-image-4039\" src=\"https:\/\/www.mcroller.com\/wp-content\/uploads\/2017\/11\/MEDIDAS-GUARDAS-PORTERO-INICIACION-300x81.jpg\" alt=\"\" width=\"300\" height=\"81\" srcset=\"https:\/\/www.mcroller.com\/wp-content\/uploads\/2017\/11\/MEDIDAS-GUARDAS-PORTERO-INICIACION-300x81.jpg 300w, https:\/\/www.mcroller.com\/wp-content\/uploads\/2017\/11\/MEDIDAS-GUARDAS-PORTERO-INICIACION-550x148.jpg 550w, https:\/\/www.mcroller.com\/wp-content\/uploads\/2017\/11\/MEDIDAS-GUARDAS-PORTERO-INICIACION-350x94.jpg 350w, https:\/\/www.mcroller.com\/wp-content\/uploads\/2017\/11\/MEDIDAS-GUARDAS-PORTERO-INICIACION.jpg 668w\" sizes=\"(max-width: 300px) 100vw, 300px\" \/><\/p>\n","protected":false},"featured_media":4025,"template":"","meta":[],"product_cat":[83],"product_tag":[],"acf":[],"yoast_head":"<!-- This site is optimized with the Yoast SEO plugin v18.5.1 - https:\/\/yoast.com\/wordpress\/plugins\/seo\/ -->\n<title>Guardes Porter Iniciaci\u00f3 | Hockey McRoller Tenda<\/title>\n<meta name=\"robots\" content=\"index, follow, max-snippet:-1, max-image-preview:large, max-video-preview:-1\" \/>\n<link rel=\"canonical\" href=\"https:\/\/www.mcroller.com\/ca\/tienda\/guardas-portero-iniciacion\/\" \/>\n<meta property=\"og:locale\" content=\"ca_ES\" \/>\n<meta property=\"og:type\" content=\"article\" \/>\n<meta property=\"og:title\" content=\"Guardes Porter Iniciaci\u00f3 | Hockey McRoller Tenda\" \/>\n<meta property=\"og:description\" content=\"Guardes de porter d&#039;Hoquei Patins  Fabricades en pell amb refor\u00e7os.  Lleugeres i ideals per a porters i porteres en formaci\u00f3 d&#039;hoquei patins.  Disponible en dos colors i diverses talles.\" \/>\n<meta property=\"og:url\" content=\"https:\/\/www.mcroller.com\/ca\/tienda\/guardas-portero-iniciacion\/\" \/>\n<meta property=\"og:site_name\" content=\"Hockey McRoller Tenda\" \/>\n<meta property=\"article:publisher\" content=\"https:\/\/www.facebook.com\/McRoller-184371304938402\/\" \/>\n<meta property=\"article:modified_time\" content=\"2025-11-04T19:37:49+00:00\" \/>\n<meta property=\"og:image\" content=\"https:\/\/www.mcroller.com\/wp-content\/uploads\/2024\/01\/GUARD-GUARDAS-PORTERO-AZUL-scaled.jpg\" \/>\n\t<meta property=\"og:image:width\" content=\"2262\" \/>\n\t<meta property=\"og:image:height\" content=\"2560\" \/>\n\t<meta property=\"og:image:type\" content=\"image\/jpeg\" \/>\n<meta name=\"twitter:card\" content=\"summary_large_image\" \/>\n<script type=\"application\/ld+json\" class=\"yoast-schema-graph\">{\"@context\":\"https:\/\/schema.org\",\"@graph\":[{\"@type\":\"WebSite\",\"@id\":\"https:\/\/www.mcroller.com\/ca\/#website\",\"url\":\"https:\/\/www.mcroller.com\/ca\/\",\"name\":\"Hockey McRoller Tenda\",\"description\":\"\",\"potentialAction\":[{\"@type\":\"SearchAction\",\"target\":{\"@type\":\"EntryPoint\",\"urlTemplate\":\"https:\/\/www.mcroller.com\/ca\/?s={search_term_string}\"},\"query-input\":\"required name=search_term_string\"}],\"inLanguage\":\"ca\"},{\"@type\":\"ImageObject\",\"@id\":\"https:\/\/www.mcroller.com\/ca\/tienda\/guardas-portero-iniciacion\/#primaryimage\",\"inLanguage\":\"ca\",\"url\":\"https:\/\/www.mcroller.com\/wp-content\/uploads\/2024\/01\/GUARD-GUARDAS-PORTERO-AZUL-scaled.jpg\",\"contentUrl\":\"https:\/\/www.mcroller.com\/wp-content\/uploads\/2024\/01\/GUARD-GUARDAS-PORTERO-AZUL-scaled.jpg\",\"width\":2262,\"height\":2560},{\"@type\":\"WebPage\",\"@id\":\"https:\/\/www.mcroller.com\/ca\/tienda\/guardas-portero-iniciacion\/#webpage\",\"url\":\"https:\/\/www.mcroller.com\/ca\/tienda\/guardas-portero-iniciacion\/\",\"name\":\"Guardes Porter Iniciaci\u00f3 | Hockey McRoller Tenda\",\"isPartOf\":{\"@id\":\"https:\/\/www.mcroller.com\/ca\/#website\"},\"primaryImageOfPage\":{\"@id\":\"https:\/\/www.mcroller.com\/ca\/tienda\/guardas-portero-iniciacion\/#primaryimage\"},\"datePublished\":\"2017-11-01T10:23:09+00:00\",\"dateModified\":\"2025-11-04T19:37:49+00:00\",\"breadcrumb\":{\"@id\":\"https:\/\/www.mcroller.com\/ca\/tienda\/guardas-portero-iniciacion\/#breadcrumb\"},\"inLanguage\":\"ca\",\"potentialAction\":[{\"@type\":\"ReadAction\",\"target\":[[\"https:\/\/www.mcroller.com\/ca\/tienda\/guardas-portero-iniciacion\/\"]]}]},{\"@type\":\"BreadcrumbList\",\"@id\":\"https:\/\/www.mcroller.com\/ca\/tienda\/guardas-portero-iniciacion\/#breadcrumb\",\"itemListElement\":[{\"@type\":\"ListItem\",\"position\":1,\"name\":\"Inici\",\"item\":\"https:\/\/www.mcroller.com\/ca\/\"},{\"@type\":\"ListItem\",\"position\":2,\"name\":\"Homepage\",\"item\":\"https:\/\/www.mcroller.com\/ca\/\"},{\"@type\":\"ListItem\",\"position\":3,\"name\":\"Guardas Portero Iniciaci\u00f3n\"}]}]}<\/script>\n<!-- \/ Yoast SEO plugin. -->","yoast_head_json":{"title":"Guardes Porter Iniciaci\u00f3 | Hockey McRoller Tenda","robots":{"index":"index","follow":"follow","max-snippet":"max-snippet:-1","max-image-preview":"max-image-preview:large","max-video-preview":"max-video-preview:-1"},"canonical":"https:\/\/www.mcroller.com\/ca\/tienda\/guardas-portero-iniciacion\/","og_locale":"ca_ES","og_type":"article","og_title":"Guardes Porter Iniciaci\u00f3 | Hockey McRoller Tenda","og_description":"Guardes de porter d'Hoquei Patins  Fabricades en pell amb refor\u00e7os.  Lleugeres i ideals per a porters i porteres en formaci\u00f3 d'hoquei patins.  Disponible en dos colors i diverses talles.","og_url":"https:\/\/www.mcroller.com\/ca\/tienda\/guardas-portero-iniciacion\/","og_site_name":"Hockey McRoller Tenda","article_publisher":"https:\/\/www.facebook.com\/McRoller-184371304938402\/","article_modified_time":"2025-11-04T19:37:49+00:00","og_image":[{"width":2262,"height":2560,"url":"https:\/\/www.mcroller.com\/wp-content\/uploads\/2024\/01\/GUARD-GUARDAS-PORTERO-AZUL-scaled.jpg","type":"image\/jpeg"}],"twitter_card":"summary_large_image","schema":{"@context":"https:\/\/schema.org","@graph":[{"@type":"WebSite","@id":"https:\/\/www.mcroller.com\/ca\/#website","url":"https:\/\/www.mcroller.com\/ca\/","name":"Hockey McRoller Tenda","description":"","potentialAction":[{"@type":"SearchAction","target":{"@type":"EntryPoint","urlTemplate":"https:\/\/www.mcroller.com\/ca\/?s={search_term_string}"},"query-input":"required name=search_term_string"}],"inLanguage":"ca"},{"@type":"ImageObject","@id":"https:\/\/www.mcroller.com\/ca\/tienda\/guardas-portero-iniciacion\/#primaryimage","inLanguage":"ca","url":"https:\/\/www.mcroller.com\/wp-content\/uploads\/2024\/01\/GUARD-GUARDAS-PORTERO-AZUL-scaled.jpg","contentUrl":"https:\/\/www.mcroller.com\/wp-content\/uploads\/2024\/01\/GUARD-GUARDAS-PORTERO-AZUL-scaled.jpg","width":2262,"height":2560},{"@type":"WebPage","@id":"https:\/\/www.mcroller.com\/ca\/tienda\/guardas-portero-iniciacion\/#webpage","url":"https:\/\/www.mcroller.com\/ca\/tienda\/guardas-portero-iniciacion\/","name":"Guardes Porter Iniciaci\u00f3 | Hockey McRoller Tenda","isPartOf":{"@id":"https:\/\/www.mcroller.com\/ca\/#website"},"primaryImageOfPage":{"@id":"https:\/\/www.mcroller.com\/ca\/tienda\/guardas-portero-iniciacion\/#primaryimage"},"datePublished":"2017-11-01T10:23:09+00:00","dateModified":"2025-11-04T19:37:49+00:00","breadcrumb":{"@id":"https:\/\/www.mcroller.com\/ca\/tienda\/guardas-portero-iniciacion\/#breadcrumb"},"inLanguage":"ca","potentialAction":[{"@type":"ReadAction","target":[["https:\/\/www.mcroller.com\/ca\/tienda\/guardas-portero-iniciacion\/"]]}]},{"@type":"BreadcrumbList","@id":"https:\/\/www.mcroller.com\/ca\/tienda\/guardas-portero-iniciacion\/#breadcrumb","itemListElement":[{"@type":"ListItem","position":1,"name":"Inici","item":"https:\/\/www.mcroller.com\/ca\/"},{"@type":"ListItem","position":2,"name":"Homepage","item":"https:\/\/www.mcroller.com\/ca\/"},{"@type":"ListItem","position":3,"name":"Guardas Portero Iniciaci\u00f3n"}]}]}},"_links":{"self":[{"href":"https:\/\/www.mcroller.com\/ca\/wp-json\/wp\/v2\/product\/594"}],"collection":[{"href":"https:\/\/www.mcroller.com\/ca\/wp-json\/wp\/v2\/product"}],"about":[{"href":"https:\/\/www.mcroller.com\/ca\/wp-json\/wp\/v2\/types\/product"}],"wp:featuredmedia":[{"embeddable":true,"href":"https:\/\/www.mcroller.com\/ca\/wp-json\/wp\/v2\/media\/4025"}],"wp:attachment":[{"href":"https:\/\/www.mcroller.com\/ca\/wp-json\/wp\/v2\/media?parent=594"}],"wp:term":[{"taxonomy":"product_cat","embeddable":true,"href":"https:\/\/www.mcroller.com\/ca\/wp-json\/wp\/v2\/product_cat?post=594"},{"taxonomy":"product_tag","embeddable":true,"href":"https:\/\/www.mcroller.com\/ca\/wp-json\/wp\/v2\/product_tag?post=594"}],"curies":[{"name":"wp","href":"https:\/\/api.w.org\/{rel}","templated":true}]}}