{"id":902,"date":"2017-11-06T18:50:19","date_gmt":"2017-11-06T18:50:19","guid":{"rendered":"https:\/\/www.mcroller.com\/?post_type=product&#038;p=902"},"modified":"2026-05-04T16:53:07","modified_gmt":"2026-05-04T16:53:07","slug":"trolley-player-hockey-50-ctms-3-departments","status":"publish","type":"product","link":"https:\/\/www.mcroller.com\/ca\/botiga\/trolleys-jugador-hockey-50-ctms-3-departaments-2\/","title":{"rendered":"Trolley Jugador Hoquei Patins 50 cms 3 Departaments"},"content":{"rendered":"<p class=\"qtranxs-available-languages-message qtranxs-available-languages-message-ca\">Ho sentim, aquesta entrada es troba disponible \u00fanicament en <a href=\"https:\/\/www.mcroller.com\/en\/wp-json\/wp\/v2\/product\/902\" class=\"qtranxs-available-language-link qtranxs-available-language-link-en\" title=\"Eng\">angl\u00e8s americ\u00e0<\/a>.<\/p>","protected":false},"excerpt":{"rendered":"<p>Trolley McRoller de jugador d&#8217;Hoquei patins, fabricada en el millor poli\u00e8ster.<\/p>\n<p>Dissenyada amb rodes grans i resistents, i amb una alta qualitat en les seves costures, la qual cosa la fa molt resistent al dia a dia.<\/p>\n<p>Model de 50 cms amb 3 departaments.<\/p>\n<p>Messures 50 cm al\u00e7ada x 31 cm amplada x 34 cm fond\u00e0ria<\/p>\n<p>M\u00e0nec telesc\u00f2pic 38 cm<\/p>\n<p>Capacitat 52,7 L<\/p>\n<p>Disponible en \u00e0mplia gamma de colors<\/p>\n","protected":false},"featured_media":768,"template":"","meta":[],"product_cat":[146],"product_tag":[],"acf":[],"yoast_head":"<!-- This site is optimized with the Yoast SEO plugin v18.5.1 - https:\/\/yoast.com\/wordpress\/plugins\/seo\/ -->\n<title>Trolley Jugador Hoquei Patins 50 cms 3 Departaments | Hockey McRoller Tenda<\/title>\n<meta name=\"robots\" content=\"index, follow, max-snippet:-1, max-image-preview:large, max-video-preview:-1\" \/>\n<link rel=\"canonical\" href=\"https:\/\/www.mcroller.com\/ca\/tienda\/trolleys-jugador-hockey-50-ctms-3-departamentos-2\/\" \/>\n<meta property=\"og:locale\" content=\"ca_ES\" \/>\n<meta property=\"og:type\" content=\"article\" \/>\n<meta property=\"og:title\" content=\"Trolley Jugador Hoquei Patins 50 cms 3 Departaments | Hockey McRoller Tenda\" \/>\n<meta property=\"og:description\" content=\"Trolley McRoller de jugador d&#039;Hoquei patins, fabricada en el millor poli\u00e8ster.  Dissenyada amb rodes grans i resistents, i amb una alta qualitat en les seves costures, la qual cosa la fa molt resistent al dia a dia.  Model de 50 cms amb 3 departaments.  Messures 50 cm al\u00e7ada x 31 cm amplada x 34 cm fond\u00e0ria  M\u00e0nec telesc\u00f2pic 38 cm  Capacitat 52,7 L  Disponible en \u00e0mplia gamma de colors\" \/>\n<meta property=\"og:url\" content=\"https:\/\/www.mcroller.com\/ca\/tienda\/trolleys-jugador-hockey-50-ctms-3-departamentos-2\/\" \/>\n<meta property=\"og:site_name\" content=\"Hockey McRoller Tenda\" \/>\n<meta property=\"article:publisher\" content=\"https:\/\/www.facebook.com\/McRoller-184371304938402\/\" \/>\n<meta property=\"article:modified_time\" content=\"2026-05-04T16:53:07+00:00\" \/>\n<meta property=\"og:image\" content=\"https:\/\/www.mcroller.com\/wp-content\/uploads\/2017\/11\/TRJ50_50CM_Trolley-jugador-hockey-azul-amarillo-e1532072376332.jpg\" \/>\n\t<meta property=\"og:image:width\" content=\"1200\" \/>\n\t<meta property=\"og:image:height\" content=\"800\" \/>\n\t<meta property=\"og:image:type\" content=\"image\/jpeg\" \/>\n<meta name=\"twitter:card\" content=\"summary_large_image\" \/>\n<script type=\"application\/ld+json\" class=\"yoast-schema-graph\">{\"@context\":\"https:\/\/schema.org\",\"@graph\":[{\"@type\":\"WebSite\",\"@id\":\"https:\/\/www.mcroller.com\/ca\/#website\",\"url\":\"https:\/\/www.mcroller.com\/ca\/\",\"name\":\"Hockey McRoller Tenda\",\"description\":\"\",\"potentialAction\":[{\"@type\":\"SearchAction\",\"target\":{\"@type\":\"EntryPoint\",\"urlTemplate\":\"https:\/\/www.mcroller.com\/ca\/?s={search_term_string}\"},\"query-input\":\"required name=search_term_string\"}],\"inLanguage\":\"ca\"},{\"@type\":\"ImageObject\",\"@id\":\"https:\/\/www.mcroller.com\/ca\/tienda\/trolleys-jugador-hockey-50-ctms-3-departamentos-2\/#primaryimage\",\"inLanguage\":\"ca\",\"url\":\"https:\/\/www.mcroller.com\/wp-content\/uploads\/2017\/11\/TRJ50_50CM_Trolley-jugador-hockey-azul-amarillo-e1532072376332.jpg\",\"contentUrl\":\"https:\/\/www.mcroller.com\/wp-content\/uploads\/2017\/11\/TRJ50_50CM_Trolley-jugador-hockey-azul-amarillo-e1532072376332.jpg\",\"width\":1200,\"height\":800,\"caption\":\"patins de h\u00f3quei de trole player\"},{\"@type\":\"WebPage\",\"@id\":\"https:\/\/www.mcroller.com\/ca\/tienda\/trolleys-jugador-hockey-50-ctms-3-departamentos-2\/#webpage\",\"url\":\"https:\/\/www.mcroller.com\/ca\/tienda\/trolleys-jugador-hockey-50-ctms-3-departamentos-2\/\",\"name\":\"Trolley Jugador Hoquei Patins 50 cms 3 Departaments | Hockey McRoller Tenda\",\"isPartOf\":{\"@id\":\"https:\/\/www.mcroller.com\/ca\/#website\"},\"primaryImageOfPage\":{\"@id\":\"https:\/\/www.mcroller.com\/ca\/tienda\/trolleys-jugador-hockey-50-ctms-3-departamentos-2\/#primaryimage\"},\"datePublished\":\"2017-11-06T18:50:19+00:00\",\"dateModified\":\"2026-05-04T16:53:07+00:00\",\"breadcrumb\":{\"@id\":\"https:\/\/www.mcroller.com\/ca\/tienda\/trolleys-jugador-hockey-50-ctms-3-departamentos-2\/#breadcrumb\"},\"inLanguage\":\"ca\",\"potentialAction\":[{\"@type\":\"ReadAction\",\"target\":[[\"https:\/\/www.mcroller.com\/ca\/tienda\/trolleys-jugador-hockey-50-ctms-3-departamentos-2\/\"]]}]},{\"@type\":\"BreadcrumbList\",\"@id\":\"https:\/\/www.mcroller.com\/ca\/tienda\/trolleys-jugador-hockey-50-ctms-3-departamentos-2\/#breadcrumb\",\"itemListElement\":[{\"@type\":\"ListItem\",\"position\":1,\"name\":\"Inici\",\"item\":\"https:\/\/www.mcroller.com\/ca\/\"},{\"@type\":\"ListItem\",\"position\":2,\"name\":\"Homepage\",\"item\":\"https:\/\/www.mcroller.com\/ca\/\"},{\"@type\":\"ListItem\",\"position\":3,\"name\":\"Trolley Jugador Hockey Patines 50 cm 3 Departamentos\"}]}]}<\/script>\n<!-- \/ Yoast SEO plugin. -->","yoast_head_json":{"title":"Trolley Jugador Hoquei Patins 50 cms 3 Departaments | Hockey McRoller Tenda","robots":{"index":"index","follow":"follow","max-snippet":"max-snippet:-1","max-image-preview":"max-image-preview:large","max-video-preview":"max-video-preview:-1"},"canonical":"https:\/\/www.mcroller.com\/ca\/tienda\/trolleys-jugador-hockey-50-ctms-3-departamentos-2\/","og_locale":"ca_ES","og_type":"article","og_title":"Trolley Jugador Hoquei Patins 50 cms 3 Departaments | Hockey McRoller Tenda","og_description":"Trolley McRoller de jugador d'Hoquei patins, fabricada en el millor poli\u00e8ster.  Dissenyada amb rodes grans i resistents, i amb una alta qualitat en les seves costures, la qual cosa la fa molt resistent al dia a dia.  Model de 50 cms amb 3 departaments.  Messures 50 cm al\u00e7ada x 31 cm amplada x 34 cm fond\u00e0ria  M\u00e0nec telesc\u00f2pic 38 cm  Capacitat 52,7 L  Disponible en \u00e0mplia gamma de colors","og_url":"https:\/\/www.mcroller.com\/ca\/tienda\/trolleys-jugador-hockey-50-ctms-3-departamentos-2\/","og_site_name":"Hockey McRoller Tenda","article_publisher":"https:\/\/www.facebook.com\/McRoller-184371304938402\/","article_modified_time":"2026-05-04T16:53:07+00:00","og_image":[{"width":1200,"height":800,"url":"https:\/\/www.mcroller.com\/wp-content\/uploads\/2017\/11\/TRJ50_50CM_Trolley-jugador-hockey-azul-amarillo-e1532072376332.jpg","type":"image\/jpeg"}],"twitter_card":"summary_large_image","schema":{"@context":"https:\/\/schema.org","@graph":[{"@type":"WebSite","@id":"https:\/\/www.mcroller.com\/ca\/#website","url":"https:\/\/www.mcroller.com\/ca\/","name":"Hockey McRoller Tenda","description":"","potentialAction":[{"@type":"SearchAction","target":{"@type":"EntryPoint","urlTemplate":"https:\/\/www.mcroller.com\/ca\/?s={search_term_string}"},"query-input":"required name=search_term_string"}],"inLanguage":"ca"},{"@type":"ImageObject","@id":"https:\/\/www.mcroller.com\/ca\/tienda\/trolleys-jugador-hockey-50-ctms-3-departamentos-2\/#primaryimage","inLanguage":"ca","url":"https:\/\/www.mcroller.com\/wp-content\/uploads\/2017\/11\/TRJ50_50CM_Trolley-jugador-hockey-azul-amarillo-e1532072376332.jpg","contentUrl":"https:\/\/www.mcroller.com\/wp-content\/uploads\/2017\/11\/TRJ50_50CM_Trolley-jugador-hockey-azul-amarillo-e1532072376332.jpg","width":1200,"height":800,"caption":"patins de h\u00f3quei de trole player"},{"@type":"WebPage","@id":"https:\/\/www.mcroller.com\/ca\/tienda\/trolleys-jugador-hockey-50-ctms-3-departamentos-2\/#webpage","url":"https:\/\/www.mcroller.com\/ca\/tienda\/trolleys-jugador-hockey-50-ctms-3-departamentos-2\/","name":"Trolley Jugador Hoquei Patins 50 cms 3 Departaments | Hockey McRoller Tenda","isPartOf":{"@id":"https:\/\/www.mcroller.com\/ca\/#website"},"primaryImageOfPage":{"@id":"https:\/\/www.mcroller.com\/ca\/tienda\/trolleys-jugador-hockey-50-ctms-3-departamentos-2\/#primaryimage"},"datePublished":"2017-11-06T18:50:19+00:00","dateModified":"2026-05-04T16:53:07+00:00","breadcrumb":{"@id":"https:\/\/www.mcroller.com\/ca\/tienda\/trolleys-jugador-hockey-50-ctms-3-departamentos-2\/#breadcrumb"},"inLanguage":"ca","potentialAction":[{"@type":"ReadAction","target":[["https:\/\/www.mcroller.com\/ca\/tienda\/trolleys-jugador-hockey-50-ctms-3-departamentos-2\/"]]}]},{"@type":"BreadcrumbList","@id":"https:\/\/www.mcroller.com\/ca\/tienda\/trolleys-jugador-hockey-50-ctms-3-departamentos-2\/#breadcrumb","itemListElement":[{"@type":"ListItem","position":1,"name":"Inici","item":"https:\/\/www.mcroller.com\/ca\/"},{"@type":"ListItem","position":2,"name":"Homepage","item":"https:\/\/www.mcroller.com\/ca\/"},{"@type":"ListItem","position":3,"name":"Trolley Jugador Hockey Patines 50 cm 3 Departamentos"}]}]}},"_links":{"self":[{"href":"https:\/\/www.mcroller.com\/ca\/wp-json\/wp\/v2\/product\/902"}],"collection":[{"href":"https:\/\/www.mcroller.com\/ca\/wp-json\/wp\/v2\/product"}],"about":[{"href":"https:\/\/www.mcroller.com\/ca\/wp-json\/wp\/v2\/types\/product"}],"wp:featuredmedia":[{"embeddable":true,"href":"https:\/\/www.mcroller.com\/ca\/wp-json\/wp\/v2\/media\/768"}],"wp:attachment":[{"href":"https:\/\/www.mcroller.com\/ca\/wp-json\/wp\/v2\/media?parent=902"}],"wp:term":[{"taxonomy":"product_cat","embeddable":true,"href":"https:\/\/www.mcroller.com\/ca\/wp-json\/wp\/v2\/product_cat?post=902"},{"taxonomy":"product_tag","embeddable":true,"href":"https:\/\/www.mcroller.com\/ca\/wp-json\/wp\/v2\/product_tag?post=902"}],"curies":[{"name":"wp","href":"https:\/\/api.w.org\/{rel}","templated":true}]}}