{"id":181,"date":"2017-10-11T05:50:33","date_gmt":"2017-10-11T05:50:33","guid":{"rendered":"http:\/\/www.mcroller.com\/beta\/?page_id=181"},"modified":"2018-01-31T16:13:02","modified_gmt":"2018-01-31T16:13:02","slug":"condiciones","status":"publish","type":"page","link":"https:\/\/www.mcroller.com\/es\/condiciones\/","title":{"rendered":"Condiciones"},"content":{"rendered":"<p><strong><u>Condiciones Generales de Compra<\/u><\/strong><\/p>\n<p><u>Precios<\/u><\/p>\n<p>Todos los precios publicados son siempre con impuestos incluidos.<\/p>\n<p>El tipo impositivos del Impuesto sobre el Valor A\u00f1adido (IVA),\u00a0 se aplicar\u00e1 el 21% para la Uni\u00f3n Europea, para particulares, quedando exentos de dicho impuesto, aquellas empresas pertenecientes a la Uni\u00f3n Europa, a excepci\u00f3n de las ubicadas en Espa\u00f1a.<\/p>\n<p>Se realizaran las comunicaciones oportunas a la Agencia Tributaria Espa\u00f1ola, de aquellas ventas realizadas a empresas dentro de la Uni\u00f3n Europea, y que sean exentas de IVA.<\/p>\n<p>Los precios indicados, son siempre los publicados, salvo error u omisi\u00f3n.<\/p>\n<p>&nbsp;<\/p>\n<p><u>Sistemas de Pago o Compra<\/u><\/p>\n<p>Des nuestra p\u00e1gina, podr\u00e1n pagar mediante su tarjeta de cr\u00e9dito o mediante transferencia bancaria, proceso que encontrar al final de la validaci\u00f3n de la compra en el carrito, seg\u00fan la selecci\u00f3n que haya realizado.<\/p>\n<p>En los casos de pago por transferencia, es indispensable indicar el n\u00famero de pedido facilitado, indicando su nombre y apellidos. Es\u00a0 indispensable la notificaci\u00f3n por mail, de la transferencia realizada con los datos indicados anteriormente, adjuntando el comprobante bancario de la misma.<\/p>\n<p>Las divisas aceptadas para compra directa desde la web <a href=\"http:\/\/www.mcroller.com\/\">www.mcroller.com<\/a>\u00a0 son EUROS.<\/p>\n<p>&nbsp;<\/p>\n<p><u>Env\u00edos y Plazos de entrega<\/u><\/p>\n<p>Carlota Roller SCP, titular y propietaria de <a href=\"http:\/\/www.mcroller.com\/\">www.mcroller.com<\/a>, se reserva el derecho de variaciones en el env\u00edo y compa\u00f1\u00eda de transporte, siempre y cuando no suponga un perjuicio latente para el cliente.<\/p>\n<p>Los plazos de entrega indicados en cada art\u00edculo, puede variar en funci\u00f3n de la acumulaci\u00f3n de art\u00edculos en un mismo pedido, siendo siempre estos plazos, una estimaci\u00f3n.<\/p>\n<p>Env\u00edos ESPA\u00d1A:<\/p>\n<p>Para env\u00edos a pen\u00ednsula y Baleares, los pedidos ser\u00e1n enviados en24 horas, tras confirmaci\u00f3n y validaci\u00f3n del pago, siempre y cuando este el material en Stock. En el momento de realizar el pedido, se indica si el art\u00edculo est\u00e1\u00a0 o no en stock, en el momento de la compra.<\/p>\n<p>En todo caso, siempre existir\u00e1 comunicaci\u00f3n con el cliente para informar de cualquier tipo de incidencia o demora en la entrega de su pedido.<\/p>\n<p>Env\u00edos FUERA DE ESPA\u00d1A y CANARIAS:<\/p>\n<p>Para enviados a otros pa\u00edses de la Uni\u00f3n Europea, los pedidos ser\u00e1n enviados en funci\u00f3n del destino, siendo como m\u00e1ximo 1 semana el tiempo de recepci\u00f3n del mismo, en condiciones normales, tras confirmaci\u00f3n y validaci\u00f3n del pago, siempre y cuando este el material en Stock. En el momento de realizar el pedido, se indica si el art\u00edculo est\u00e1\u00a0 o no en stock, en el momento de la compra, y el plazo estimado seg\u00fan el pa\u00eds de compra y destino.<\/p>\n<p>En todo caso, siempre existir\u00e1 comunicaci\u00f3n con el cliente para informar de cualquier tipo de incidencia o demora en la entrega de su pedido.<\/p>","protected":false},"excerpt":{"rendered":"<p>Condiciones Generales de Compra Precios Todos los precios publicados son siempre con impuestos incluidos. El tipo impositivos del Impuesto sobre el Valor A\u00f1adido (IVA),\u00a0 se aplicar\u00e1 el 21% para la Uni\u00f3n Europea, para particulares, quedando exentos de dicho impuesto, aquellas empresas pertenecientes a la Uni\u00f3n Europa, a excepci\u00f3n de las ubicadas en Espa\u00f1a. Se realizaran &hellip; <\/p>\n<p class=\"link-more\"><a href=\"https:\/\/www.mcroller.com\/es\/condiciones\/\" class=\"more-link\">Continuar leyendo<span class=\"screen-reader-text\"> \u00abCondiciones\u00bb<\/span><\/a><\/p>\n","protected":false},"author":1,"featured_media":1205,"parent":0,"menu_order":0,"comment_status":"closed","ping_status":"closed","template":"page-default.php","meta":[],"acf":[],"yoast_head":"<!-- This site is optimized with the Yoast SEO plugin v18.5.1 - https:\/\/yoast.com\/wordpress\/plugins\/seo\/ -->\n<title>Condiciones | Hockey McRoller Tienda<\/title>\n<meta name=\"robots\" content=\"index, follow, max-snippet:-1, max-image-preview:large, max-video-preview:-1\" \/>\n<link rel=\"canonical\" href=\"https:\/\/www.mcroller.com\/es\/condiciones\/\" \/>\n<meta property=\"og:locale\" content=\"es_ES\" \/>\n<meta property=\"og:type\" content=\"article\" \/>\n<meta property=\"og:title\" content=\"Condiciones | Hockey McRoller Tienda\" \/>\n<meta property=\"og:description\" content=\"Condiciones Generales de Compra Precios Todos los precios publicados son siempre con impuestos incluidos. El tipo impositivos del Impuesto sobre el Valor A\u00f1adido (IVA),\u00a0 se aplicar\u00e1 el 21% para la Uni\u00f3n Europea, para particulares, quedando exentos de dicho impuesto, aquellas empresas pertenecientes a la Uni\u00f3n Europa, a excepci\u00f3n de las ubicadas en Espa\u00f1a. Se realizaran &hellip; Continuar leyendo &quot;Condiciones&quot;\" \/>\n<meta property=\"og:url\" content=\"https:\/\/www.mcroller.com\/es\/condiciones\/\" \/>\n<meta property=\"og:site_name\" content=\"Hockey McRoller Tienda\" \/>\n<meta property=\"article:publisher\" content=\"https:\/\/www.facebook.com\/McRoller-184371304938402\/\" \/>\n<meta property=\"article:modified_time\" content=\"2018-01-31T16:13:02+00:00\" \/>\n<meta property=\"og:image\" content=\"https:\/\/www.mcroller.com\/wp-content\/uploads\/2017\/10\/Sliders_Paginas_Garantia-e1532072188658.jpg\" \/>\n\t<meta property=\"og:image:width\" content=\"1200\" \/>\n\t<meta property=\"og:image:height\" content=\"800\" \/>\n\t<meta property=\"og:image:type\" content=\"image\/jpeg\" \/>\n<meta name=\"twitter:card\" content=\"summary_large_image\" \/>\n<meta name=\"twitter:label1\" content=\"Tiempo de lectura\" \/>\n\t<meta name=\"twitter:data1\" content=\"13 minutos\" \/>\n<script type=\"application\/ld+json\" class=\"yoast-schema-graph\">{\"@context\":\"https:\/\/schema.org\",\"@graph\":[{\"@type\":\"WebSite\",\"@id\":\"https:\/\/www.mcroller.com\/es\/#website\",\"url\":\"https:\/\/www.mcroller.com\/es\/\",\"name\":\"Hockey McRoller Tienda\",\"description\":\"\",\"potentialAction\":[{\"@type\":\"SearchAction\",\"target\":{\"@type\":\"EntryPoint\",\"urlTemplate\":\"https:\/\/www.mcroller.com\/es\/?s={search_term_string}\"},\"query-input\":\"required name=search_term_string\"}],\"inLanguage\":\"es\"},{\"@type\":\"ImageObject\",\"@id\":\"https:\/\/www.mcroller.com\/es\/condiciones\/#primaryimage\",\"inLanguage\":\"es\",\"url\":\"https:\/\/www.mcroller.com\/wp-content\/uploads\/2017\/10\/Sliders_Paginas_Garantia-e1532072188658.jpg\",\"contentUrl\":\"https:\/\/www.mcroller.com\/wp-content\/uploads\/2017\/10\/Sliders_Paginas_Garantia-e1532072188658.jpg\",\"width\":1200,\"height\":800,\"caption\":\"hockey mcroller fabricante\"},{\"@type\":\"WebPage\",\"@id\":\"https:\/\/www.mcroller.com\/es\/condiciones\/#webpage\",\"url\":\"https:\/\/www.mcroller.com\/es\/condiciones\/\",\"name\":\"Condiciones | Hockey McRoller Tienda\",\"isPartOf\":{\"@id\":\"https:\/\/www.mcroller.com\/es\/#website\"},\"primaryImageOfPage\":{\"@id\":\"https:\/\/www.mcroller.com\/es\/condiciones\/#primaryimage\"},\"datePublished\":\"2017-10-11T05:50:33+00:00\",\"dateModified\":\"2018-01-31T16:13:02+00:00\",\"breadcrumb\":{\"@id\":\"https:\/\/www.mcroller.com\/es\/condiciones\/#breadcrumb\"},\"inLanguage\":\"es\",\"potentialAction\":[{\"@type\":\"ReadAction\",\"target\":[[\"https:\/\/www.mcroller.com\/es\/condiciones\/\"]]}]},{\"@type\":\"BreadcrumbList\",\"@id\":\"https:\/\/www.mcroller.com\/es\/condiciones\/#breadcrumb\",\"itemListElement\":[{\"@type\":\"ListItem\",\"position\":1,\"name\":\"Portada\",\"item\":\"https:\/\/www.mcroller.com\/es\/\"},{\"@type\":\"ListItem\",\"position\":2,\"name\":\"Terms\"}]}]}<\/script>\n<!-- \/ Yoast SEO plugin. -->","yoast_head_json":{"title":"Condiciones | Hockey McRoller Tienda","robots":{"index":"index","follow":"follow","max-snippet":"max-snippet:-1","max-image-preview":"max-image-preview:large","max-video-preview":"max-video-preview:-1"},"canonical":"https:\/\/www.mcroller.com\/es\/condiciones\/","og_locale":"es_ES","og_type":"article","og_title":"Condiciones | Hockey McRoller Tienda","og_description":"Condiciones Generales de Compra Precios Todos los precios publicados son siempre con impuestos incluidos. El tipo impositivos del Impuesto sobre el Valor A\u00f1adido (IVA),\u00a0 se aplicar\u00e1 el 21% para la Uni\u00f3n Europea, para particulares, quedando exentos de dicho impuesto, aquellas empresas pertenecientes a la Uni\u00f3n Europa, a excepci\u00f3n de las ubicadas en Espa\u00f1a. Se realizaran &hellip; Continuar leyendo \"Condiciones\"","og_url":"https:\/\/www.mcroller.com\/es\/condiciones\/","og_site_name":"Hockey McRoller Tienda","article_publisher":"https:\/\/www.facebook.com\/McRoller-184371304938402\/","article_modified_time":"2018-01-31T16:13:02+00:00","og_image":[{"width":1200,"height":800,"url":"https:\/\/www.mcroller.com\/wp-content\/uploads\/2017\/10\/Sliders_Paginas_Garantia-e1532072188658.jpg","type":"image\/jpeg"}],"twitter_card":"summary_large_image","twitter_misc":{"Tiempo de lectura":"13 minutos"},"schema":{"@context":"https:\/\/schema.org","@graph":[{"@type":"WebSite","@id":"https:\/\/www.mcroller.com\/es\/#website","url":"https:\/\/www.mcroller.com\/es\/","name":"Hockey McRoller Tienda","description":"","potentialAction":[{"@type":"SearchAction","target":{"@type":"EntryPoint","urlTemplate":"https:\/\/www.mcroller.com\/es\/?s={search_term_string}"},"query-input":"required name=search_term_string"}],"inLanguage":"es"},{"@type":"ImageObject","@id":"https:\/\/www.mcroller.com\/es\/condiciones\/#primaryimage","inLanguage":"es","url":"https:\/\/www.mcroller.com\/wp-content\/uploads\/2017\/10\/Sliders_Paginas_Garantia-e1532072188658.jpg","contentUrl":"https:\/\/www.mcroller.com\/wp-content\/uploads\/2017\/10\/Sliders_Paginas_Garantia-e1532072188658.jpg","width":1200,"height":800,"caption":"hockey mcroller fabricante"},{"@type":"WebPage","@id":"https:\/\/www.mcroller.com\/es\/condiciones\/#webpage","url":"https:\/\/www.mcroller.com\/es\/condiciones\/","name":"Condiciones | Hockey McRoller Tienda","isPartOf":{"@id":"https:\/\/www.mcroller.com\/es\/#website"},"primaryImageOfPage":{"@id":"https:\/\/www.mcroller.com\/es\/condiciones\/#primaryimage"},"datePublished":"2017-10-11T05:50:33+00:00","dateModified":"2018-01-31T16:13:02+00:00","breadcrumb":{"@id":"https:\/\/www.mcroller.com\/es\/condiciones\/#breadcrumb"},"inLanguage":"es","potentialAction":[{"@type":"ReadAction","target":[["https:\/\/www.mcroller.com\/es\/condiciones\/"]]}]},{"@type":"BreadcrumbList","@id":"https:\/\/www.mcroller.com\/es\/condiciones\/#breadcrumb","itemListElement":[{"@type":"ListItem","position":1,"name":"Portada","item":"https:\/\/www.mcroller.com\/es\/"},{"@type":"ListItem","position":2,"name":"Terms"}]}]}},"_links":{"self":[{"href":"https:\/\/www.mcroller.com\/es\/wp-json\/wp\/v2\/pages\/181"}],"collection":[{"href":"https:\/\/www.mcroller.com\/es\/wp-json\/wp\/v2\/pages"}],"about":[{"href":"https:\/\/www.mcroller.com\/es\/wp-json\/wp\/v2\/types\/page"}],"author":[{"embeddable":true,"href":"https:\/\/www.mcroller.com\/es\/wp-json\/wp\/v2\/users\/1"}],"replies":[{"embeddable":true,"href":"https:\/\/www.mcroller.com\/es\/wp-json\/wp\/v2\/comments?post=181"}],"version-history":[{"count":9,"href":"https:\/\/www.mcroller.com\/es\/wp-json\/wp\/v2\/pages\/181\/revisions"}],"predecessor-version":[{"id":1030,"href":"https:\/\/www.mcroller.com\/es\/wp-json\/wp\/v2\/pages\/181\/revisions\/1030"}],"wp:featuredmedia":[{"embeddable":true,"href":"https:\/\/www.mcroller.com\/es\/wp-json\/wp\/v2\/media\/1205"}],"wp:attachment":[{"href":"https:\/\/www.mcroller.com\/es\/wp-json\/wp\/v2\/media?parent=181"}],"curies":[{"name":"wp","href":"https:\/\/api.w.org\/{rel}","templated":true}]}}