{"id":185,"date":"2017-10-11T05:52:17","date_gmt":"2017-10-11T05:52:17","guid":{"rendered":"http:\/\/www.mcroller.com\/beta\/?page_id=185"},"modified":"2021-05-05T05:41:12","modified_gmt":"2021-05-05T05:41:12","slug":"garantias","status":"publish","type":"page","link":"https:\/\/www.mcroller.com\/es\/garantias\/","title":{"rendered":"GARANT\u00cdAS"},"content":{"rendered":"<p><span style=\"margin: 0px; font-family: 'Arial','sans-serif'; font-size: 9pt;\"><span style=\"color: #000000;\">McRoller Garantiza la correcta fabricaci\u00f3n y buena calidad de sus productos, para un resultado eficaz y \u00f3ptimo para la pr\u00e1ctica del deporte.<\/span><\/span><\/p>\n<p><span style=\"margin: 0px; font-family: 'Arial','sans-serif'; font-size: 9pt;\"><span style=\"color: #000000;\">Los defectos o desperfectos debidos a una incorrecta utilizaci\u00f3n o manipulaci\u00f3n del material o los desgastes producidos por un uso normal del mismo, no se incluyen en esta garant\u00eda.<\/span><\/span><\/p>\n<p><span style=\"margin: 0px; font-family: 'Arial','sans-serif'; font-size: 9pt;\"><span style=\"color: #000000;\">Las mermas en la funcionalidad de los art\u00edculos, debidas a las limitaciones de concepci\u00f3n de los mismos, tambi\u00e9n est\u00e1n excluidas de la cobertura de esta garant\u00eda.<\/span><\/span><\/p>\n<p><span style=\"margin: 0px; font-family: 'Arial','sans-serif'; font-size: 9pt;\"><span style=\"color: #000000;\">Para cualquier duda puede contactar con nosotros y le indicaremos el mejor para usted y su producto.<\/span><\/span><\/p>\n<p><span style=\"margin: 0px; font-family: 'Arial','sans-serif'; font-size: 9pt;\"><span style=\"color: #000000;\">LIMITACI\u00d3N DE RESPONSABILIDAD<\/span><\/span><\/p>\n<p><span style=\"margin: 0px; font-family: 'Arial','sans-serif'; font-size: 9pt;\"><span style=\"color: #000000;\">El hockey y el patinaje son considerados como deporte que puede ser peligrosos y pueden producir lesiones graves. Es responsabilidad del cliente estar t\u00e9cnicamente capacitado para utilizar los materiales de dicho deporte.<\/span><\/span><\/p>\n<p>&nbsp;<\/p>","protected":false},"excerpt":{"rendered":"<p>McRoller Garantiza la correcta fabricaci\u00f3n y buena calidad de sus productos, para un resultado eficaz y \u00f3ptimo para la pr\u00e1ctica del deporte. Los defectos o desperfectos debidos a una incorrecta utilizaci\u00f3n o manipulaci\u00f3n del material o los desgastes producidos por un uso normal del mismo, no se incluyen en esta garant\u00eda. Las mermas en la &hellip; <\/p>\n<p class=\"link-more\"><a href=\"https:\/\/www.mcroller.com\/es\/garantias\/\" class=\"more-link\">Continuar leyendo<span class=\"screen-reader-text\"> \u00abGARANT\u00cdAS\u00bb<\/span><\/a><\/p>\n","protected":false},"author":1,"featured_media":1205,"parent":0,"menu_order":0,"comment_status":"closed","ping_status":"closed","template":"page-default.php","meta":[],"acf":[],"yoast_head":"<!-- This site is optimized with the Yoast SEO plugin v18.5.1 - https:\/\/yoast.com\/wordpress\/plugins\/seo\/ -->\n<title>GARANT\u00cdAS | Hockey McRoller Tienda<\/title>\n<meta name=\"robots\" content=\"index, follow, max-snippet:-1, max-image-preview:large, max-video-preview:-1\" \/>\n<link rel=\"canonical\" href=\"https:\/\/www.mcroller.com\/es\/garantias\/\" \/>\n<meta property=\"og:locale\" content=\"es_ES\" \/>\n<meta property=\"og:type\" content=\"article\" \/>\n<meta property=\"og:title\" content=\"GARANT\u00cdAS | Hockey McRoller Tienda\" \/>\n<meta property=\"og:description\" content=\"McRoller Garantiza la correcta fabricaci\u00f3n y buena calidad de sus productos, para un resultado eficaz y \u00f3ptimo para la pr\u00e1ctica del deporte. Los defectos o desperfectos debidos a una incorrecta utilizaci\u00f3n o manipulaci\u00f3n del material o los desgastes producidos por un uso normal del mismo, no se incluyen en esta garant\u00eda. Las mermas en la &hellip; Continuar leyendo &quot;GARANT\u00cdAS&quot;\" \/>\n<meta property=\"og:url\" content=\"https:\/\/www.mcroller.com\/es\/garantias\/\" \/>\n<meta property=\"og:site_name\" content=\"Hockey McRoller Tienda\" \/>\n<meta property=\"article:publisher\" content=\"https:\/\/www.facebook.com\/McRoller-184371304938402\/\" \/>\n<meta property=\"article:modified_time\" content=\"2021-05-05T05:41:12+00:00\" \/>\n<meta property=\"og:image\" content=\"https:\/\/www.mcroller.com\/wp-content\/uploads\/2017\/10\/Sliders_Paginas_Garantia-e1532072188658.jpg\" \/>\n\t<meta property=\"og:image:width\" content=\"1200\" \/>\n\t<meta property=\"og:image:height\" content=\"800\" \/>\n\t<meta property=\"og:image:type\" content=\"image\/jpeg\" \/>\n<meta name=\"twitter:card\" content=\"summary_large_image\" \/>\n<meta name=\"twitter:label1\" content=\"Tiempo de lectura\" \/>\n\t<meta name=\"twitter:data1\" content=\"4 minutos\" \/>\n<script type=\"application\/ld+json\" class=\"yoast-schema-graph\">{\"@context\":\"https:\/\/schema.org\",\"@graph\":[{\"@type\":\"WebSite\",\"@id\":\"https:\/\/www.mcroller.com\/es\/#website\",\"url\":\"https:\/\/www.mcroller.com\/es\/\",\"name\":\"Hockey McRoller Tienda\",\"description\":\"\",\"potentialAction\":[{\"@type\":\"SearchAction\",\"target\":{\"@type\":\"EntryPoint\",\"urlTemplate\":\"https:\/\/www.mcroller.com\/es\/?s={search_term_string}\"},\"query-input\":\"required name=search_term_string\"}],\"inLanguage\":\"es\"},{\"@type\":\"ImageObject\",\"@id\":\"https:\/\/www.mcroller.com\/es\/garantias\/#primaryimage\",\"inLanguage\":\"es\",\"url\":\"https:\/\/www.mcroller.com\/wp-content\/uploads\/2017\/10\/Sliders_Paginas_Garantia-e1532072188658.jpg\",\"contentUrl\":\"https:\/\/www.mcroller.com\/wp-content\/uploads\/2017\/10\/Sliders_Paginas_Garantia-e1532072188658.jpg\",\"width\":1200,\"height\":800,\"caption\":\"hockey mcroller fabricante\"},{\"@type\":\"WebPage\",\"@id\":\"https:\/\/www.mcroller.com\/es\/garantias\/#webpage\",\"url\":\"https:\/\/www.mcroller.com\/es\/garantias\/\",\"name\":\"GARANT\u00cdAS | Hockey McRoller Tienda\",\"isPartOf\":{\"@id\":\"https:\/\/www.mcroller.com\/es\/#website\"},\"primaryImageOfPage\":{\"@id\":\"https:\/\/www.mcroller.com\/es\/garantias\/#primaryimage\"},\"datePublished\":\"2017-10-11T05:52:17+00:00\",\"dateModified\":\"2021-05-05T05:41:12+00:00\",\"breadcrumb\":{\"@id\":\"https:\/\/www.mcroller.com\/es\/garantias\/#breadcrumb\"},\"inLanguage\":\"es\",\"potentialAction\":[{\"@type\":\"ReadAction\",\"target\":[[\"https:\/\/www.mcroller.com\/es\/garantias\/\"]]}]},{\"@type\":\"BreadcrumbList\",\"@id\":\"https:\/\/www.mcroller.com\/es\/garantias\/#breadcrumb\",\"itemListElement\":[{\"@type\":\"ListItem\",\"position\":1,\"name\":\"Portada\",\"item\":\"https:\/\/www.mcroller.com\/es\/\"},{\"@type\":\"ListItem\",\"position\":2,\"name\":\"WARRANTY\"}]}]}<\/script>\n<!-- \/ Yoast SEO plugin. -->","yoast_head_json":{"title":"GARANT\u00cdAS | Hockey McRoller Tienda","robots":{"index":"index","follow":"follow","max-snippet":"max-snippet:-1","max-image-preview":"max-image-preview:large","max-video-preview":"max-video-preview:-1"},"canonical":"https:\/\/www.mcroller.com\/es\/garantias\/","og_locale":"es_ES","og_type":"article","og_title":"GARANT\u00cdAS | Hockey McRoller Tienda","og_description":"McRoller Garantiza la correcta fabricaci\u00f3n y buena calidad de sus productos, para un resultado eficaz y \u00f3ptimo para la pr\u00e1ctica del deporte. Los defectos o desperfectos debidos a una incorrecta utilizaci\u00f3n o manipulaci\u00f3n del material o los desgastes producidos por un uso normal del mismo, no se incluyen en esta garant\u00eda. Las mermas en la &hellip; Continuar leyendo \"GARANT\u00cdAS\"","og_url":"https:\/\/www.mcroller.com\/es\/garantias\/","og_site_name":"Hockey McRoller Tienda","article_publisher":"https:\/\/www.facebook.com\/McRoller-184371304938402\/","article_modified_time":"2021-05-05T05:41:12+00:00","og_image":[{"width":1200,"height":800,"url":"https:\/\/www.mcroller.com\/wp-content\/uploads\/2017\/10\/Sliders_Paginas_Garantia-e1532072188658.jpg","type":"image\/jpeg"}],"twitter_card":"summary_large_image","twitter_misc":{"Tiempo de lectura":"4 minutos"},"schema":{"@context":"https:\/\/schema.org","@graph":[{"@type":"WebSite","@id":"https:\/\/www.mcroller.com\/es\/#website","url":"https:\/\/www.mcroller.com\/es\/","name":"Hockey McRoller Tienda","description":"","potentialAction":[{"@type":"SearchAction","target":{"@type":"EntryPoint","urlTemplate":"https:\/\/www.mcroller.com\/es\/?s={search_term_string}"},"query-input":"required name=search_term_string"}],"inLanguage":"es"},{"@type":"ImageObject","@id":"https:\/\/www.mcroller.com\/es\/garantias\/#primaryimage","inLanguage":"es","url":"https:\/\/www.mcroller.com\/wp-content\/uploads\/2017\/10\/Sliders_Paginas_Garantia-e1532072188658.jpg","contentUrl":"https:\/\/www.mcroller.com\/wp-content\/uploads\/2017\/10\/Sliders_Paginas_Garantia-e1532072188658.jpg","width":1200,"height":800,"caption":"hockey mcroller fabricante"},{"@type":"WebPage","@id":"https:\/\/www.mcroller.com\/es\/garantias\/#webpage","url":"https:\/\/www.mcroller.com\/es\/garantias\/","name":"GARANT\u00cdAS | Hockey McRoller Tienda","isPartOf":{"@id":"https:\/\/www.mcroller.com\/es\/#website"},"primaryImageOfPage":{"@id":"https:\/\/www.mcroller.com\/es\/garantias\/#primaryimage"},"datePublished":"2017-10-11T05:52:17+00:00","dateModified":"2021-05-05T05:41:12+00:00","breadcrumb":{"@id":"https:\/\/www.mcroller.com\/es\/garantias\/#breadcrumb"},"inLanguage":"es","potentialAction":[{"@type":"ReadAction","target":[["https:\/\/www.mcroller.com\/es\/garantias\/"]]}]},{"@type":"BreadcrumbList","@id":"https:\/\/www.mcroller.com\/es\/garantias\/#breadcrumb","itemListElement":[{"@type":"ListItem","position":1,"name":"Portada","item":"https:\/\/www.mcroller.com\/es\/"},{"@type":"ListItem","position":2,"name":"WARRANTY"}]}]}},"_links":{"self":[{"href":"https:\/\/www.mcroller.com\/es\/wp-json\/wp\/v2\/pages\/185"}],"collection":[{"href":"https:\/\/www.mcroller.com\/es\/wp-json\/wp\/v2\/pages"}],"about":[{"href":"https:\/\/www.mcroller.com\/es\/wp-json\/wp\/v2\/types\/page"}],"author":[{"embeddable":true,"href":"https:\/\/www.mcroller.com\/es\/wp-json\/wp\/v2\/users\/1"}],"replies":[{"embeddable":true,"href":"https:\/\/www.mcroller.com\/es\/wp-json\/wp\/v2\/comments?post=185"}],"version-history":[{"count":9,"href":"https:\/\/www.mcroller.com\/es\/wp-json\/wp\/v2\/pages\/185\/revisions"}],"predecessor-version":[{"id":2423,"href":"https:\/\/www.mcroller.com\/es\/wp-json\/wp\/v2\/pages\/185\/revisions\/2423"}],"wp:featuredmedia":[{"embeddable":true,"href":"https:\/\/www.mcroller.com\/es\/wp-json\/wp\/v2\/media\/1205"}],"wp:attachment":[{"href":"https:\/\/www.mcroller.com\/es\/wp-json\/wp\/v2\/media?parent=185"}],"curies":[{"name":"wp","href":"https:\/\/api.w.org\/{rel}","templated":true}]}}