{"id":187,"date":"2017-10-11T05:52:50","date_gmt":"2017-10-11T05:52:50","guid":{"rendered":"http:\/\/www.mcroller.com\/beta\/?page_id=187"},"modified":"2017-12-20T16:17:34","modified_gmt":"2017-12-20T16:17:34","slug":"avisos-legales","status":"publish","type":"page","link":"https:\/\/www.mcroller.com\/es\/avisos-legales\/","title":{"rendered":"Avisos legales"},"content":{"rendered":"<p><span style=\"margin: 0px; font-family: 'Arial','sans-serif'; font-size: 9pt;\"><span style=\"color: #000000;\">PROTECCI\u00d3N DE DATOS DE CAR\u00c1CTER PERSONAL<\/span><\/span><\/p>\n<p><span style=\"margin: 0px; font-family: 'Arial','sans-serif'; font-size: 9pt;\"><span style=\"color: #000000;\">En cumplimiento de lo establecido en la Ley Org\u00e1nica 15\/1999, de 13 de diciembre, de Protecci\u00f3n de Datos de Car\u00e1cter Personal, Carlota Roller SCP, con CIF J62949912 y domicilio social en Passeig d&#8217;Amunt, 34\u00a0 de Barcelona, informa a sus clientes de que cuantos datos personales le faciliten ser\u00e1n incluidos en un fichero automatizado de datos de car\u00e1cter personal, creado y mantenido bajo la responsabilidad de Carlota Roller SCP<\/span><\/span><\/p>\n<p><span style=\"margin: 0px; font-family: 'Arial','sans-serif'; font-size: 9pt;\"><span style=\"color: #000000;\">La finalidad de dicho fichero es facilitar la tramitaci\u00f3n de los pedidos y enviar ofertas comerciales en el futuro sobre productos y servicios que puedan resultar de inter\u00e9s a nuestros clientes.<\/span><\/span><\/p>\n<p><span style=\"margin: 0px; font-family: 'Arial','sans-serif'; font-size: 9pt;\"><span style=\"color: #000000;\">Carlota Roller, SCP garantiza la seguridad y confidencialidad de los datos facilitados. De este modo, se compromete al cumplimiento de su obligaci\u00f3n de secreto de los datos de car\u00e1cter personal y de su deber de guardarlos y adoptar todas las medidas necesarias para evitar su alteraci\u00f3n, p\u00e9rdida, tratamiento o uso no autorizado. Por lo tanto, toda la informaci\u00f3n sobre nuestros clientes no ser\u00e1 utilizada con prop\u00f3sitos comerciales ni ser\u00e1 cedida a terceros.<\/span><\/span><\/p>","protected":false},"excerpt":{"rendered":"<p>PROTECCI\u00d3N DE DATOS DE CAR\u00c1CTER PERSONAL En cumplimiento de lo establecido en la Ley Org\u00e1nica 15\/1999, de 13 de diciembre, de Protecci\u00f3n de Datos de Car\u00e1cter Personal, Carlota Roller SCP, con CIF J62949912 y domicilio social en Passeig d&#8217;Amunt, 34\u00a0 de Barcelona, informa a sus clientes de que cuantos datos personales le faciliten ser\u00e1n incluidos &hellip; <\/p>\n<p class=\"link-more\"><a href=\"https:\/\/www.mcroller.com\/es\/avisos-legales\/\" class=\"more-link\">Continuar leyendo<span class=\"screen-reader-text\"> \u00abAvisos legales\u00bb<\/span><\/a><\/p>\n","protected":false},"author":1,"featured_media":29,"parent":0,"menu_order":0,"comment_status":"closed","ping_status":"closed","template":"page-default.php","meta":[],"acf":[],"yoast_head":"<!-- This site is optimized with the Yoast SEO plugin v18.5.1 - https:\/\/yoast.com\/wordpress\/plugins\/seo\/ -->\n<title>Avisos legales | Hockey McRoller Tienda<\/title>\n<meta name=\"robots\" content=\"index, follow, max-snippet:-1, max-image-preview:large, max-video-preview:-1\" \/>\n<link rel=\"canonical\" href=\"https:\/\/www.mcroller.com\/es\/avisos-legales\/\" \/>\n<meta property=\"og:locale\" content=\"es_ES\" \/>\n<meta property=\"og:type\" content=\"article\" \/>\n<meta property=\"og:title\" content=\"Avisos legales | Hockey McRoller Tienda\" \/>\n<meta property=\"og:description\" content=\"PROTECCI\u00d3N DE DATOS DE CAR\u00c1CTER PERSONAL En cumplimiento de lo establecido en la Ley Org\u00e1nica 15\/1999, de 13 de diciembre, de Protecci\u00f3n de Datos de Car\u00e1cter Personal, Carlota Roller SCP, con CIF J62949912 y domicilio social en Passeig d&#8217;Amunt, 34\u00a0 de Barcelona, informa a sus clientes de que cuantos datos personales le faciliten ser\u00e1n incluidos &hellip; Continuar leyendo &quot;Avisos legales&quot;\" \/>\n<meta property=\"og:url\" content=\"https:\/\/www.mcroller.com\/es\/avisos-legales\/\" \/>\n<meta property=\"og:site_name\" content=\"Hockey McRoller Tienda\" \/>\n<meta property=\"article:publisher\" content=\"https:\/\/www.facebook.com\/McRoller-184371304938402\/\" \/>\n<meta property=\"article:modified_time\" content=\"2017-12-20T16:17:34+00:00\" \/>\n<meta property=\"og:image\" content=\"https:\/\/www.mcroller.com\/wp-content\/uploads\/2017\/10\/about_img.jpg\" \/>\n\t<meta property=\"og:image:width\" content=\"1648\" \/>\n\t<meta property=\"og:image:height\" content=\"1072\" \/>\n\t<meta property=\"og:image:type\" content=\"image\/jpeg\" \/>\n<meta name=\"twitter:card\" content=\"summary_large_image\" \/>\n<meta name=\"twitter:label1\" content=\"Tiempo de lectura\" \/>\n\t<meta name=\"twitter:data1\" content=\"5 minutos\" \/>\n<script type=\"application\/ld+json\" class=\"yoast-schema-graph\">{\"@context\":\"https:\/\/schema.org\",\"@graph\":[{\"@type\":\"WebSite\",\"@id\":\"https:\/\/www.mcroller.com\/es\/#website\",\"url\":\"https:\/\/www.mcroller.com\/es\/\",\"name\":\"Hockey McRoller Tienda\",\"description\":\"\",\"potentialAction\":[{\"@type\":\"SearchAction\",\"target\":{\"@type\":\"EntryPoint\",\"urlTemplate\":\"https:\/\/www.mcroller.com\/es\/?s={search_term_string}\"},\"query-input\":\"required name=search_term_string\"}],\"inLanguage\":\"es\"},{\"@type\":\"ImageObject\",\"@id\":\"https:\/\/www.mcroller.com\/es\/avisos-legales\/#primaryimage\",\"inLanguage\":\"es\",\"url\":\"https:\/\/www.mcroller.com\/wp-content\/uploads\/2017\/10\/about_img.jpg\",\"contentUrl\":\"https:\/\/www.mcroller.com\/wp-content\/uploads\/2017\/10\/about_img.jpg\",\"width\":1648,\"height\":1072},{\"@type\":\"WebPage\",\"@id\":\"https:\/\/www.mcroller.com\/es\/avisos-legales\/#webpage\",\"url\":\"https:\/\/www.mcroller.com\/es\/avisos-legales\/\",\"name\":\"Avisos legales | Hockey McRoller Tienda\",\"isPartOf\":{\"@id\":\"https:\/\/www.mcroller.com\/es\/#website\"},\"primaryImageOfPage\":{\"@id\":\"https:\/\/www.mcroller.com\/es\/avisos-legales\/#primaryimage\"},\"datePublished\":\"2017-10-11T05:52:50+00:00\",\"dateModified\":\"2017-12-20T16:17:34+00:00\",\"breadcrumb\":{\"@id\":\"https:\/\/www.mcroller.com\/es\/avisos-legales\/#breadcrumb\"},\"inLanguage\":\"es\",\"potentialAction\":[{\"@type\":\"ReadAction\",\"target\":[[\"https:\/\/www.mcroller.com\/es\/avisos-legales\/\"]]}]},{\"@type\":\"BreadcrumbList\",\"@id\":\"https:\/\/www.mcroller.com\/es\/avisos-legales\/#breadcrumb\",\"itemListElement\":[{\"@type\":\"ListItem\",\"position\":1,\"name\":\"Portada\",\"item\":\"https:\/\/www.mcroller.com\/es\/\"},{\"@type\":\"ListItem\",\"position\":2,\"name\":\"Legal Notices\"}]}]}<\/script>\n<!-- \/ Yoast SEO plugin. -->","yoast_head_json":{"title":"Avisos legales | Hockey McRoller Tienda","robots":{"index":"index","follow":"follow","max-snippet":"max-snippet:-1","max-image-preview":"max-image-preview:large","max-video-preview":"max-video-preview:-1"},"canonical":"https:\/\/www.mcroller.com\/es\/avisos-legales\/","og_locale":"es_ES","og_type":"article","og_title":"Avisos legales | Hockey McRoller Tienda","og_description":"PROTECCI\u00d3N DE DATOS DE CAR\u00c1CTER PERSONAL En cumplimiento de lo establecido en la Ley Org\u00e1nica 15\/1999, de 13 de diciembre, de Protecci\u00f3n de Datos de Car\u00e1cter Personal, Carlota Roller SCP, con CIF J62949912 y domicilio social en Passeig d&#8217;Amunt, 34\u00a0 de Barcelona, informa a sus clientes de que cuantos datos personales le faciliten ser\u00e1n incluidos &hellip; Continuar leyendo \"Avisos legales\"","og_url":"https:\/\/www.mcroller.com\/es\/avisos-legales\/","og_site_name":"Hockey McRoller Tienda","article_publisher":"https:\/\/www.facebook.com\/McRoller-184371304938402\/","article_modified_time":"2017-12-20T16:17:34+00:00","og_image":[{"width":1648,"height":1072,"url":"https:\/\/www.mcroller.com\/wp-content\/uploads\/2017\/10\/about_img.jpg","type":"image\/jpeg"}],"twitter_card":"summary_large_image","twitter_misc":{"Tiempo de lectura":"5 minutos"},"schema":{"@context":"https:\/\/schema.org","@graph":[{"@type":"WebSite","@id":"https:\/\/www.mcroller.com\/es\/#website","url":"https:\/\/www.mcroller.com\/es\/","name":"Hockey McRoller Tienda","description":"","potentialAction":[{"@type":"SearchAction","target":{"@type":"EntryPoint","urlTemplate":"https:\/\/www.mcroller.com\/es\/?s={search_term_string}"},"query-input":"required name=search_term_string"}],"inLanguage":"es"},{"@type":"ImageObject","@id":"https:\/\/www.mcroller.com\/es\/avisos-legales\/#primaryimage","inLanguage":"es","url":"https:\/\/www.mcroller.com\/wp-content\/uploads\/2017\/10\/about_img.jpg","contentUrl":"https:\/\/www.mcroller.com\/wp-content\/uploads\/2017\/10\/about_img.jpg","width":1648,"height":1072},{"@type":"WebPage","@id":"https:\/\/www.mcroller.com\/es\/avisos-legales\/#webpage","url":"https:\/\/www.mcroller.com\/es\/avisos-legales\/","name":"Avisos legales | Hockey McRoller Tienda","isPartOf":{"@id":"https:\/\/www.mcroller.com\/es\/#website"},"primaryImageOfPage":{"@id":"https:\/\/www.mcroller.com\/es\/avisos-legales\/#primaryimage"},"datePublished":"2017-10-11T05:52:50+00:00","dateModified":"2017-12-20T16:17:34+00:00","breadcrumb":{"@id":"https:\/\/www.mcroller.com\/es\/avisos-legales\/#breadcrumb"},"inLanguage":"es","potentialAction":[{"@type":"ReadAction","target":[["https:\/\/www.mcroller.com\/es\/avisos-legales\/"]]}]},{"@type":"BreadcrumbList","@id":"https:\/\/www.mcroller.com\/es\/avisos-legales\/#breadcrumb","itemListElement":[{"@type":"ListItem","position":1,"name":"Portada","item":"https:\/\/www.mcroller.com\/es\/"},{"@type":"ListItem","position":2,"name":"Legal Notices"}]}]}},"_links":{"self":[{"href":"https:\/\/www.mcroller.com\/es\/wp-json\/wp\/v2\/pages\/187"}],"collection":[{"href":"https:\/\/www.mcroller.com\/es\/wp-json\/wp\/v2\/pages"}],"about":[{"href":"https:\/\/www.mcroller.com\/es\/wp-json\/wp\/v2\/types\/page"}],"author":[{"embeddable":true,"href":"https:\/\/www.mcroller.com\/es\/wp-json\/wp\/v2\/users\/1"}],"replies":[{"embeddable":true,"href":"https:\/\/www.mcroller.com\/es\/wp-json\/wp\/v2\/comments?post=187"}],"version-history":[{"count":10,"href":"https:\/\/www.mcroller.com\/es\/wp-json\/wp\/v2\/pages\/187\/revisions"}],"predecessor-version":[{"id":1026,"href":"https:\/\/www.mcroller.com\/es\/wp-json\/wp\/v2\/pages\/187\/revisions\/1026"}],"wp:featuredmedia":[{"embeddable":true,"href":"https:\/\/www.mcroller.com\/es\/wp-json\/wp\/v2\/media\/29"}],"wp:attachment":[{"href":"https:\/\/www.mcroller.com\/es\/wp-json\/wp\/v2\/media?parent=187"}],"curies":[{"name":"wp","href":"https:\/\/api.w.org\/{rel}","templated":true}]}}