{"id":1931,"date":"2019-12-03T22:10:01","date_gmt":"2019-12-03T22:10:01","guid":{"rendered":"https:\/\/www.mcroller.com\/es\/?post_type=product&#038;p=1931"},"modified":"2026-02-11T08:47:42","modified_gmt":"2026-02-11T08:47:42","slug":"rink-hockey-mesh-protection-3-kit-blue","status":"publish","type":"product","link":"https:\/\/www.mcroller.com\/es\/tienda\/pack-3-protecciones-hockey-patines-iniciacion-azul-2-2-2-2-3\/","title":{"rendered":"Pack 3 Protecciones Mesh hockey patines &#8211; Azul"},"content":{"rendered":"","protected":false},"excerpt":{"rendered":"<div class=\"woocommerce-product-details__short-description\">\n<div class=\"product_desc_txt\">\n<p>Pack de tres protecciones hockey patines fabricados en Mesh.<\/p>\n<p>Tejido Transpirable. Protecciones Hockey McRoller.<\/p>\n<p>Consta de rodilleras, guantes y espinilleras.<\/p>\n<p>Ajuste de rodilleras con velcro, muy c\u00f3modo y resistente, ideal para hockey .<\/p>\n<p>Disponible en una amplia gama colores y tallas XXXS, XXS, XS, Small.<\/p>\n<p>Tabla de tallas (orientativa seg\u00fan altura nin@ vs edad) :<\/p>\n<p>XXXS (106-112 cm) (4-5 a\u00f1os)<\/p>\n<p>XXS(112-117cm) (6-7 a\u00f1os)<\/p>\n<p>XS (117-122 cm) (8-9 a\u00f1os)<\/p>\n<p>S (122-130 cm) (9-10 a\u00f1os)<\/p>\n<\/div>\n<\/div>\n","protected":false},"featured_media":1913,"template":"","meta":[],"product_cat":[199,38],"product_tag":[],"acf":[],"yoast_head":"<!-- This site is optimized with the Yoast SEO plugin v18.5.1 - https:\/\/yoast.com\/wordpress\/plugins\/seo\/ -->\n<title>Pack 3 Protecciones Mesh hockey patines - Azul | Hockey McRoller Tienda<\/title>\n<meta name=\"robots\" content=\"index, follow, max-snippet:-1, max-image-preview:large, max-video-preview:-1\" \/>\n<link rel=\"canonical\" href=\"https:\/\/www.mcroller.com\/es\/tienda\/pack-3-protecciones-hockey-patines-iniciacion-azul-2-2-2-2-3\/\" \/>\n<meta property=\"og:locale\" content=\"es_ES\" \/>\n<meta property=\"og:type\" content=\"article\" \/>\n<meta property=\"og:title\" content=\"Pack 3 Protecciones Mesh hockey patines - Azul | Hockey McRoller Tienda\" \/>\n<meta property=\"og:description\" content=\"Pack de tres protecciones hockey patines fabricados en Mesh.  Tejido Transpirable. Protecciones Hockey McRoller.  Consta de rodilleras, guantes y espinilleras.  Ajuste de rodilleras con velcro, muy c\u00f3modo y resistente, ideal para hockey .  Disponible en una amplia gama colores y tallas XXXS, XXS, XS, Small.  Tabla de tallas (orientativa seg\u00fan altura nin@ vs edad) :  XXXS (106-112 cm) (4-5 a\u00f1os)  XXS(112-117cm) (6-7 a\u00f1os)  XS (117-122 cm) (8-9 a\u00f1os)  S (122-130 cm) (9-10 a\u00f1os)\" \/>\n<meta property=\"og:url\" content=\"https:\/\/www.mcroller.com\/es\/tienda\/pack-3-protecciones-hockey-patines-iniciacion-azul-2-2-2-2-3\/\" \/>\n<meta property=\"og:site_name\" content=\"Hockey McRoller Tienda\" \/>\n<meta property=\"article:publisher\" content=\"https:\/\/www.facebook.com\/McRoller-184371304938402\/\" \/>\n<meta property=\"article:modified_time\" content=\"2026-02-11T08:47:42+00:00\" \/>\n<meta property=\"og:image\" content=\"https:\/\/www.mcroller.com\/wp-content\/uploads\/2019\/12\/rodilleras-guantes-hockey-patines-azul-1920-1280.jpg\" \/>\n\t<meta property=\"og:image:width\" content=\"1920\" \/>\n\t<meta property=\"og:image:height\" content=\"1280\" \/>\n\t<meta property=\"og:image:type\" content=\"image\/jpeg\" \/>\n<meta name=\"twitter:card\" content=\"summary_large_image\" \/>\n<script type=\"application\/ld+json\" class=\"yoast-schema-graph\">{\"@context\":\"https:\/\/schema.org\",\"@graph\":[{\"@type\":\"WebSite\",\"@id\":\"https:\/\/www.mcroller.com\/es\/#website\",\"url\":\"https:\/\/www.mcroller.com\/es\/\",\"name\":\"Hockey McRoller Tienda\",\"description\":\"\",\"potentialAction\":[{\"@type\":\"SearchAction\",\"target\":{\"@type\":\"EntryPoint\",\"urlTemplate\":\"https:\/\/www.mcroller.com\/es\/?s={search_term_string}\"},\"query-input\":\"required name=search_term_string\"}],\"inLanguage\":\"es\"},{\"@type\":\"ImageObject\",\"@id\":\"https:\/\/www.mcroller.com\/es\/tienda\/pack-3-protecciones-hockey-patines-iniciacion-azul-2-2-2-2-3\/#primaryimage\",\"inLanguage\":\"es\",\"url\":\"https:\/\/www.mcroller.com\/wp-content\/uploads\/2019\/12\/rodilleras-guantes-hockey-patines-azul-1920-1280.jpg\",\"contentUrl\":\"https:\/\/www.mcroller.com\/wp-content\/uploads\/2019\/12\/rodilleras-guantes-hockey-patines-azul-1920-1280.jpg\",\"width\":1920,\"height\":1280,\"caption\":\"hoquei em patins protection mcroller\"},{\"@type\":\"WebPage\",\"@id\":\"https:\/\/www.mcroller.com\/es\/tienda\/pack-3-protecciones-hockey-patines-iniciacion-azul-2-2-2-2-3\/#webpage\",\"url\":\"https:\/\/www.mcroller.com\/es\/tienda\/pack-3-protecciones-hockey-patines-iniciacion-azul-2-2-2-2-3\/\",\"name\":\"Pack 3 Protecciones Mesh hockey patines - Azul | Hockey McRoller Tienda\",\"isPartOf\":{\"@id\":\"https:\/\/www.mcroller.com\/es\/#website\"},\"primaryImageOfPage\":{\"@id\":\"https:\/\/www.mcroller.com\/es\/tienda\/pack-3-protecciones-hockey-patines-iniciacion-azul-2-2-2-2-3\/#primaryimage\"},\"datePublished\":\"2019-12-03T22:10:01+00:00\",\"dateModified\":\"2026-02-11T08:47:42+00:00\",\"breadcrumb\":{\"@id\":\"https:\/\/www.mcroller.com\/es\/tienda\/pack-3-protecciones-hockey-patines-iniciacion-azul-2-2-2-2-3\/#breadcrumb\"},\"inLanguage\":\"es\",\"potentialAction\":[{\"@type\":\"ReadAction\",\"target\":[[\"https:\/\/www.mcroller.com\/es\/tienda\/pack-3-protecciones-hockey-patines-iniciacion-azul-2-2-2-2-3\/\"]]}]},{\"@type\":\"BreadcrumbList\",\"@id\":\"https:\/\/www.mcroller.com\/es\/tienda\/pack-3-protecciones-hockey-patines-iniciacion-azul-2-2-2-2-3\/#breadcrumb\",\"itemListElement\":[{\"@type\":\"ListItem\",\"position\":1,\"name\":\"Portada\",\"item\":\"https:\/\/www.mcroller.com\/es\/\"},{\"@type\":\"ListItem\",\"position\":2,\"name\":\"Homepage\",\"item\":\"https:\/\/www.mcroller.com\/es\/\"},{\"@type\":\"ListItem\",\"position\":3,\"name\":\"Pack 3 Protecciones Mesh hockey patines &#8211; Azul\"}]}]}<\/script>\n<!-- \/ Yoast SEO plugin. -->","yoast_head_json":{"title":"Pack 3 Protecciones Mesh hockey patines - Azul | Hockey McRoller Tienda","robots":{"index":"index","follow":"follow","max-snippet":"max-snippet:-1","max-image-preview":"max-image-preview:large","max-video-preview":"max-video-preview:-1"},"canonical":"https:\/\/www.mcroller.com\/es\/tienda\/pack-3-protecciones-hockey-patines-iniciacion-azul-2-2-2-2-3\/","og_locale":"es_ES","og_type":"article","og_title":"Pack 3 Protecciones Mesh hockey patines - Azul | Hockey McRoller Tienda","og_description":"Pack de tres protecciones hockey patines fabricados en Mesh.  Tejido Transpirable. Protecciones Hockey McRoller.  Consta de rodilleras, guantes y espinilleras.  Ajuste de rodilleras con velcro, muy c\u00f3modo y resistente, ideal para hockey .  Disponible en una amplia gama colores y tallas XXXS, XXS, XS, Small.  Tabla de tallas (orientativa seg\u00fan altura nin@ vs edad) :  XXXS (106-112 cm) (4-5 a\u00f1os)  XXS(112-117cm) (6-7 a\u00f1os)  XS (117-122 cm) (8-9 a\u00f1os)  S (122-130 cm) (9-10 a\u00f1os)","og_url":"https:\/\/www.mcroller.com\/es\/tienda\/pack-3-protecciones-hockey-patines-iniciacion-azul-2-2-2-2-3\/","og_site_name":"Hockey McRoller Tienda","article_publisher":"https:\/\/www.facebook.com\/McRoller-184371304938402\/","article_modified_time":"2026-02-11T08:47:42+00:00","og_image":[{"width":1920,"height":1280,"url":"https:\/\/www.mcroller.com\/wp-content\/uploads\/2019\/12\/rodilleras-guantes-hockey-patines-azul-1920-1280.jpg","type":"image\/jpeg"}],"twitter_card":"summary_large_image","schema":{"@context":"https:\/\/schema.org","@graph":[{"@type":"WebSite","@id":"https:\/\/www.mcroller.com\/es\/#website","url":"https:\/\/www.mcroller.com\/es\/","name":"Hockey McRoller Tienda","description":"","potentialAction":[{"@type":"SearchAction","target":{"@type":"EntryPoint","urlTemplate":"https:\/\/www.mcroller.com\/es\/?s={search_term_string}"},"query-input":"required name=search_term_string"}],"inLanguage":"es"},{"@type":"ImageObject","@id":"https:\/\/www.mcroller.com\/es\/tienda\/pack-3-protecciones-hockey-patines-iniciacion-azul-2-2-2-2-3\/#primaryimage","inLanguage":"es","url":"https:\/\/www.mcroller.com\/wp-content\/uploads\/2019\/12\/rodilleras-guantes-hockey-patines-azul-1920-1280.jpg","contentUrl":"https:\/\/www.mcroller.com\/wp-content\/uploads\/2019\/12\/rodilleras-guantes-hockey-patines-azul-1920-1280.jpg","width":1920,"height":1280,"caption":"hoquei em patins protection mcroller"},{"@type":"WebPage","@id":"https:\/\/www.mcroller.com\/es\/tienda\/pack-3-protecciones-hockey-patines-iniciacion-azul-2-2-2-2-3\/#webpage","url":"https:\/\/www.mcroller.com\/es\/tienda\/pack-3-protecciones-hockey-patines-iniciacion-azul-2-2-2-2-3\/","name":"Pack 3 Protecciones Mesh hockey patines - Azul | Hockey McRoller Tienda","isPartOf":{"@id":"https:\/\/www.mcroller.com\/es\/#website"},"primaryImageOfPage":{"@id":"https:\/\/www.mcroller.com\/es\/tienda\/pack-3-protecciones-hockey-patines-iniciacion-azul-2-2-2-2-3\/#primaryimage"},"datePublished":"2019-12-03T22:10:01+00:00","dateModified":"2026-02-11T08:47:42+00:00","breadcrumb":{"@id":"https:\/\/www.mcroller.com\/es\/tienda\/pack-3-protecciones-hockey-patines-iniciacion-azul-2-2-2-2-3\/#breadcrumb"},"inLanguage":"es","potentialAction":[{"@type":"ReadAction","target":[["https:\/\/www.mcroller.com\/es\/tienda\/pack-3-protecciones-hockey-patines-iniciacion-azul-2-2-2-2-3\/"]]}]},{"@type":"BreadcrumbList","@id":"https:\/\/www.mcroller.com\/es\/tienda\/pack-3-protecciones-hockey-patines-iniciacion-azul-2-2-2-2-3\/#breadcrumb","itemListElement":[{"@type":"ListItem","position":1,"name":"Portada","item":"https:\/\/www.mcroller.com\/es\/"},{"@type":"ListItem","position":2,"name":"Homepage","item":"https:\/\/www.mcroller.com\/es\/"},{"@type":"ListItem","position":3,"name":"Pack 3 Protecciones Mesh hockey patines &#8211; Azul"}]}]}},"_links":{"self":[{"href":"https:\/\/www.mcroller.com\/es\/wp-json\/wp\/v2\/product\/1931"}],"collection":[{"href":"https:\/\/www.mcroller.com\/es\/wp-json\/wp\/v2\/product"}],"about":[{"href":"https:\/\/www.mcroller.com\/es\/wp-json\/wp\/v2\/types\/product"}],"wp:featuredmedia":[{"embeddable":true,"href":"https:\/\/www.mcroller.com\/es\/wp-json\/wp\/v2\/media\/1913"}],"wp:attachment":[{"href":"https:\/\/www.mcroller.com\/es\/wp-json\/wp\/v2\/media?parent=1931"}],"wp:term":[{"taxonomy":"product_cat","embeddable":true,"href":"https:\/\/www.mcroller.com\/es\/wp-json\/wp\/v2\/product_cat?post=1931"},{"taxonomy":"product_tag","embeddable":true,"href":"https:\/\/www.mcroller.com\/es\/wp-json\/wp\/v2\/product_tag?post=1931"}],"curies":[{"name":"wp","href":"https:\/\/api.w.org\/{rel}","templated":true}]}}