{"id":5545,"date":"2026-02-27T18:29:26","date_gmt":"2026-02-27T18:29:26","guid":{"rendered":"https:\/\/www.mcroller.com\/es\/?post_type=product&#038;p=5545"},"modified":"2026-03-10T08:17:04","modified_gmt":"2026-03-10T08:17:04","slug":"slip","status":"publish","type":"product","link":"https:\/\/www.mcroller.com\/es\/tienda\/slip-hockey-patines\/","title":{"rendered":"SLIP"},"content":{"rendered":"<p><img loading=\"lazy\" class=\"alignnone size-medium wp-image-5480\" src=\"https:\/\/www.mcroller.com\/wp-content\/uploads\/2026\/02\/CALZONCILLO-300x300.jpg\" alt=\"\" width=\"300\" height=\"300\" srcset=\"https:\/\/www.mcroller.com\/wp-content\/uploads\/2026\/02\/CALZONCILLO-300x300.jpg 300w, https:\/\/www.mcroller.com\/wp-content\/uploads\/2026\/02\/CALZONCILLO-1024x1024.jpg 1024w, https:\/\/www.mcroller.com\/wp-content\/uploads\/2026\/02\/CALZONCILLO-150x150.jpg 150w, https:\/\/www.mcroller.com\/wp-content\/uploads\/2026\/02\/CALZONCILLO-768x768.jpg 768w, https:\/\/www.mcroller.com\/wp-content\/uploads\/2026\/02\/CALZONCILLO-550x550.jpg 550w, https:\/\/www.mcroller.com\/wp-content\/uploads\/2026\/02\/CALZONCILLO-100x100.jpg 100w, https:\/\/www.mcroller.com\/wp-content\/uploads\/2026\/02\/CALZONCILLO-250x250.jpg 250w, https:\/\/www.mcroller.com\/wp-content\/uploads\/2026\/02\/CALZONCILLO-350x350.jpg 350w, https:\/\/www.mcroller.com\/wp-content\/uploads\/2026\/02\/CALZONCILLO.jpg 1500w\" sizes=\"(max-width: 300px) 100vw, 300px\" \/><\/p>\n","protected":false},"excerpt":{"rendered":"<p>Prenda interior t\u00e9cnica con <strong>bolsillo portacoquillera<\/strong> para coquilla r\u00edgida est\u00e1ndar, dise\u00f1ada para garantizar <strong>comodidad, ajuste y libertad de movimiento<\/strong> en entrenamientos y competiciones de hockey sobre patines.<\/p>\n<p><strong>Caracter\u00edsticas principales:<\/strong><\/p>\n<ul>\n<li>Tejido <strong>transpirable<\/strong><\/li>\n<li><strong>Costuras planas FlexSystem<\/strong> para evitar rozaduras<\/li>\n<li><strong>Confort m\u00e1ximo<\/strong>, ligero y flexible<\/li>\n<li><strong>Tejido esponjoso<\/strong>, suave al contacto con la piel<\/li>\n<li><strong>Antibacteriano<\/strong>, <strong>antialergias<\/strong> y <strong>antiolor<\/strong><\/li>\n<li><strong>Lavable a 40 \u00b0C<\/strong>, mantiene sus propiedades tras el lavado<\/li>\n<li>Compatible con coquilleras r\u00edgidas est\u00e1ndar<\/li>\n<\/ul>\n<p><strong>Mantenimiento:<\/strong><\/p>\n<ul>\n<li>Lavado a m\u00e1quina a <strong>40 \u00b0C<\/strong><\/li>\n<li>No usar secadora ni plancha<\/li>\n<li>Retirar la coquilla antes del lavado<\/li>\n<\/ul>\n","protected":false},"featured_media":5480,"template":"","meta":[],"product_cat":[305,307,302,38,28],"product_tag":[],"acf":[],"yoast_head":"<!-- This site is optimized with the Yoast SEO plugin v18.5.1 - https:\/\/yoast.com\/wordpress\/plugins\/seo\/ -->\n<title>SLIP | Hockey McRoller Tienda<\/title>\n<meta name=\"robots\" content=\"index, follow, max-snippet:-1, max-image-preview:large, max-video-preview:-1\" \/>\n<link rel=\"canonical\" href=\"https:\/\/www.mcroller.com\/es\/tienda\/slip-hockey-patines\/\" \/>\n<meta property=\"og:locale\" content=\"es_ES\" \/>\n<meta property=\"og:type\" content=\"article\" \/>\n<meta property=\"og:title\" content=\"SLIP | Hockey McRoller Tienda\" \/>\n<meta property=\"og:description\" content=\"Prenda interior t\u00e9cnica con bolsillo portacoquillera para coquilla r\u00edgida est\u00e1ndar, dise\u00f1ada para garantizar comodidad, ajuste y libertad de movimiento en entrenamientos y competiciones de hockey sobre patines.  Caracter\u00edsticas principales:   Tejido transpirable  Costuras planas FlexSystem para evitar rozaduras  Confort m\u00e1ximo, ligero y flexible  Tejido esponjoso, suave al contacto con la piel  Antibacteriano, antialergias y antiolor  Lavable a 40 \u00b0C, mantiene sus propiedades tras el lavado  Compatible con coquilleras r\u00edgidas est\u00e1ndar  Mantenimiento:   Lavado a m\u00e1quina a 40 \u00b0C  No usar secadora ni plancha  Retirar la coquilla antes del lavado\" \/>\n<meta property=\"og:url\" content=\"https:\/\/www.mcroller.com\/es\/tienda\/slip-hockey-patines\/\" \/>\n<meta property=\"og:site_name\" content=\"Hockey McRoller Tienda\" \/>\n<meta property=\"article:publisher\" content=\"https:\/\/www.facebook.com\/McRoller-184371304938402\/\" \/>\n<meta property=\"article:modified_time\" content=\"2026-03-10T08:17:04+00:00\" \/>\n<meta property=\"og:image\" content=\"https:\/\/www.mcroller.com\/wp-content\/uploads\/2026\/02\/CALZONCILLO.jpg\" \/>\n\t<meta property=\"og:image:width\" content=\"1500\" \/>\n\t<meta property=\"og:image:height\" content=\"1500\" \/>\n\t<meta property=\"og:image:type\" content=\"image\/jpeg\" \/>\n<meta name=\"twitter:card\" content=\"summary_large_image\" \/>\n<script type=\"application\/ld+json\" class=\"yoast-schema-graph\">{\"@context\":\"https:\/\/schema.org\",\"@graph\":[{\"@type\":\"WebSite\",\"@id\":\"https:\/\/www.mcroller.com\/es\/#website\",\"url\":\"https:\/\/www.mcroller.com\/es\/\",\"name\":\"Hockey McRoller Tienda\",\"description\":\"\",\"potentialAction\":[{\"@type\":\"SearchAction\",\"target\":{\"@type\":\"EntryPoint\",\"urlTemplate\":\"https:\/\/www.mcroller.com\/es\/?s={search_term_string}\"},\"query-input\":\"required name=search_term_string\"}],\"inLanguage\":\"es\"},{\"@type\":\"ImageObject\",\"@id\":\"https:\/\/www.mcroller.com\/es\/tienda\/slip-hockey-patines\/#primaryimage\",\"inLanguage\":\"es\",\"url\":\"https:\/\/www.mcroller.com\/wp-content\/uploads\/2026\/02\/CALZONCILLO.jpg\",\"contentUrl\":\"https:\/\/www.mcroller.com\/wp-content\/uploads\/2026\/02\/CALZONCILLO.jpg\",\"width\":1500,\"height\":1500},{\"@type\":\"WebPage\",\"@id\":\"https:\/\/www.mcroller.com\/es\/tienda\/slip-hockey-patines\/#webpage\",\"url\":\"https:\/\/www.mcroller.com\/es\/tienda\/slip-hockey-patines\/\",\"name\":\"SLIP | Hockey McRoller Tienda\",\"isPartOf\":{\"@id\":\"https:\/\/www.mcroller.com\/es\/#website\"},\"primaryImageOfPage\":{\"@id\":\"https:\/\/www.mcroller.com\/es\/tienda\/slip-hockey-patines\/#primaryimage\"},\"datePublished\":\"2026-02-27T18:29:26+00:00\",\"dateModified\":\"2026-03-10T08:17:04+00:00\",\"breadcrumb\":{\"@id\":\"https:\/\/www.mcroller.com\/es\/tienda\/slip-hockey-patines\/#breadcrumb\"},\"inLanguage\":\"es\",\"potentialAction\":[{\"@type\":\"ReadAction\",\"target\":[[\"https:\/\/www.mcroller.com\/es\/tienda\/slip-hockey-patines\/\"]]}]},{\"@type\":\"BreadcrumbList\",\"@id\":\"https:\/\/www.mcroller.com\/es\/tienda\/slip-hockey-patines\/#breadcrumb\",\"itemListElement\":[{\"@type\":\"ListItem\",\"position\":1,\"name\":\"Portada\",\"item\":\"https:\/\/www.mcroller.com\/es\/\"},{\"@type\":\"ListItem\",\"position\":2,\"name\":\"Homepage\",\"item\":\"https:\/\/www.mcroller.com\/es\/\"},{\"@type\":\"ListItem\",\"position\":3,\"name\":\"SLIP\"}]}]}<\/script>\n<!-- \/ Yoast SEO plugin. -->","yoast_head_json":{"title":"SLIP | Hockey McRoller Tienda","robots":{"index":"index","follow":"follow","max-snippet":"max-snippet:-1","max-image-preview":"max-image-preview:large","max-video-preview":"max-video-preview:-1"},"canonical":"https:\/\/www.mcroller.com\/es\/tienda\/slip-hockey-patines\/","og_locale":"es_ES","og_type":"article","og_title":"SLIP | Hockey McRoller Tienda","og_description":"Prenda interior t\u00e9cnica con bolsillo portacoquillera para coquilla r\u00edgida est\u00e1ndar, dise\u00f1ada para garantizar comodidad, ajuste y libertad de movimiento en entrenamientos y competiciones de hockey sobre patines.  Caracter\u00edsticas principales:   Tejido transpirable  Costuras planas FlexSystem para evitar rozaduras  Confort m\u00e1ximo, ligero y flexible  Tejido esponjoso, suave al contacto con la piel  Antibacteriano, antialergias y antiolor  Lavable a 40 \u00b0C, mantiene sus propiedades tras el lavado  Compatible con coquilleras r\u00edgidas est\u00e1ndar  Mantenimiento:   Lavado a m\u00e1quina a 40 \u00b0C  No usar secadora ni plancha  Retirar la coquilla antes del lavado","og_url":"https:\/\/www.mcroller.com\/es\/tienda\/slip-hockey-patines\/","og_site_name":"Hockey McRoller Tienda","article_publisher":"https:\/\/www.facebook.com\/McRoller-184371304938402\/","article_modified_time":"2026-03-10T08:17:04+00:00","og_image":[{"width":1500,"height":1500,"url":"https:\/\/www.mcroller.com\/wp-content\/uploads\/2026\/02\/CALZONCILLO.jpg","type":"image\/jpeg"}],"twitter_card":"summary_large_image","schema":{"@context":"https:\/\/schema.org","@graph":[{"@type":"WebSite","@id":"https:\/\/www.mcroller.com\/es\/#website","url":"https:\/\/www.mcroller.com\/es\/","name":"Hockey McRoller Tienda","description":"","potentialAction":[{"@type":"SearchAction","target":{"@type":"EntryPoint","urlTemplate":"https:\/\/www.mcroller.com\/es\/?s={search_term_string}"},"query-input":"required name=search_term_string"}],"inLanguage":"es"},{"@type":"ImageObject","@id":"https:\/\/www.mcroller.com\/es\/tienda\/slip-hockey-patines\/#primaryimage","inLanguage":"es","url":"https:\/\/www.mcroller.com\/wp-content\/uploads\/2026\/02\/CALZONCILLO.jpg","contentUrl":"https:\/\/www.mcroller.com\/wp-content\/uploads\/2026\/02\/CALZONCILLO.jpg","width":1500,"height":1500},{"@type":"WebPage","@id":"https:\/\/www.mcroller.com\/es\/tienda\/slip-hockey-patines\/#webpage","url":"https:\/\/www.mcroller.com\/es\/tienda\/slip-hockey-patines\/","name":"SLIP | Hockey McRoller Tienda","isPartOf":{"@id":"https:\/\/www.mcroller.com\/es\/#website"},"primaryImageOfPage":{"@id":"https:\/\/www.mcroller.com\/es\/tienda\/slip-hockey-patines\/#primaryimage"},"datePublished":"2026-02-27T18:29:26+00:00","dateModified":"2026-03-10T08:17:04+00:00","breadcrumb":{"@id":"https:\/\/www.mcroller.com\/es\/tienda\/slip-hockey-patines\/#breadcrumb"},"inLanguage":"es","potentialAction":[{"@type":"ReadAction","target":[["https:\/\/www.mcroller.com\/es\/tienda\/slip-hockey-patines\/"]]}]},{"@type":"BreadcrumbList","@id":"https:\/\/www.mcroller.com\/es\/tienda\/slip-hockey-patines\/#breadcrumb","itemListElement":[{"@type":"ListItem","position":1,"name":"Portada","item":"https:\/\/www.mcroller.com\/es\/"},{"@type":"ListItem","position":2,"name":"Homepage","item":"https:\/\/www.mcroller.com\/es\/"},{"@type":"ListItem","position":3,"name":"SLIP"}]}]}},"_links":{"self":[{"href":"https:\/\/www.mcroller.com\/es\/wp-json\/wp\/v2\/product\/5545"}],"collection":[{"href":"https:\/\/www.mcroller.com\/es\/wp-json\/wp\/v2\/product"}],"about":[{"href":"https:\/\/www.mcroller.com\/es\/wp-json\/wp\/v2\/types\/product"}],"wp:featuredmedia":[{"embeddable":true,"href":"https:\/\/www.mcroller.com\/es\/wp-json\/wp\/v2\/media\/5480"}],"wp:attachment":[{"href":"https:\/\/www.mcroller.com\/es\/wp-json\/wp\/v2\/media?parent=5545"}],"wp:term":[{"taxonomy":"product_cat","embeddable":true,"href":"https:\/\/www.mcroller.com\/es\/wp-json\/wp\/v2\/product_cat?post=5545"},{"taxonomy":"product_tag","embeddable":true,"href":"https:\/\/www.mcroller.com\/es\/wp-json\/wp\/v2\/product_tag?post=5545"}],"curies":[{"name":"wp","href":"https:\/\/api.w.org\/{rel}","templated":true}]}}