{"id":687,"date":"2017-11-06T10:40:45","date_gmt":"2017-11-06T10:40:45","guid":{"rendered":"https:\/\/www.mcroller.com\/?post_type=product&#038;p=687"},"modified":"2026-01-14T08:56:42","modified_gmt":"2026-01-14T08:56:42","slug":"skates-initiation-laces","status":"publish","type":"product","link":"https:\/\/www.mcroller.com\/es\/tienda\/patines-hockey-iniciacion-cordones\/","title":{"rendered":"Patines Hockey Iniciaci\u00f3n Cordones"},"content":{"rendered":"<p><img loading=\"lazy\" class=\"aligncenter size-full wp-image-668\" src=\"https:\/\/www.mcroller.com\/wp-content\/uploads\/2017\/11\/SK1C_Patines_Iniciacion_Hockey_Cordones_2.jpg\" alt=\"patins de inicia\u00e7\u00e3o de h\u00f3quei mcroller\" width=\"1920\" height=\"1280\" srcset=\"https:\/\/www.mcroller.com\/wp-content\/uploads\/2017\/11\/SK1C_Patines_Iniciacion_Hockey_Cordones_2.jpg 1920w, https:\/\/www.mcroller.com\/wp-content\/uploads\/2017\/11\/SK1C_Patines_Iniciacion_Hockey_Cordones_2-350x233.jpg 350w, https:\/\/www.mcroller.com\/wp-content\/uploads\/2017\/11\/SK1C_Patines_Iniciacion_Hockey_Cordones_2-300x200.jpg 300w, https:\/\/www.mcroller.com\/wp-content\/uploads\/2017\/11\/SK1C_Patines_Iniciacion_Hockey_Cordones_2-768x512.jpg 768w, https:\/\/www.mcroller.com\/wp-content\/uploads\/2017\/11\/SK1C_Patines_Iniciacion_Hockey_Cordones_2-1024x683.jpg 1024w, https:\/\/www.mcroller.com\/wp-content\/uploads\/2017\/11\/SK1C_Patines_Iniciacion_Hockey_Cordones_2-550x367.jpg 550w\" sizes=\"(max-width: 706px) 89vw, (max-width: 767px) 82vw, 740px\" \/><\/p>\n","protected":false},"excerpt":{"rendered":"<p>Patines de iniciaci\u00f3n McRoller de hockey patines con cordones.<\/p>\n<p>Bota afelpada superconfort.<\/p>\n<p>Con ejes met\u00e1licos, ruedas y frenos de poliuretano.<\/p>\n<p>Disponible en varias tallas.<\/p>\n","protected":false},"featured_media":668,"template":"","meta":[],"product_cat":[96],"product_tag":[],"acf":[],"yoast_head":"<!-- This site is optimized with the Yoast SEO plugin v18.5.1 - https:\/\/yoast.com\/wordpress\/plugins\/seo\/ -->\n<title>Patines Hockey Iniciaci\u00f3n Cordones | Hockey McRoller Tienda<\/title>\n<meta name=\"robots\" content=\"index, follow, max-snippet:-1, max-image-preview:large, max-video-preview:-1\" \/>\n<link rel=\"canonical\" href=\"https:\/\/www.mcroller.com\/es\/tienda\/patines-hockey-iniciacion-cordones\/\" \/>\n<meta property=\"og:locale\" content=\"es_ES\" \/>\n<meta property=\"og:type\" content=\"article\" \/>\n<meta property=\"og:title\" content=\"Patines Hockey Iniciaci\u00f3n Cordones | Hockey McRoller Tienda\" \/>\n<meta property=\"og:description\" content=\"Patines de iniciaci\u00f3n McRoller de hockey patines con cordones.  Bota afelpada superconfort.  Con ejes met\u00e1licos, ruedas y frenos de poliuretano.  Disponible en varias tallas.\" \/>\n<meta property=\"og:url\" content=\"https:\/\/www.mcroller.com\/es\/tienda\/patines-hockey-iniciacion-cordones\/\" \/>\n<meta property=\"og:site_name\" content=\"Hockey McRoller Tienda\" \/>\n<meta property=\"article:publisher\" content=\"https:\/\/www.facebook.com\/McRoller-184371304938402\/\" \/>\n<meta property=\"article:modified_time\" content=\"2026-01-14T08:56:42+00:00\" \/>\n<meta property=\"og:image\" content=\"https:\/\/www.mcroller.com\/wp-content\/uploads\/2017\/11\/SK1C_Patines_Iniciacion_Hockey_Cordones_2.jpg\" \/>\n\t<meta property=\"og:image:width\" content=\"1920\" \/>\n\t<meta property=\"og:image:height\" content=\"1280\" \/>\n\t<meta property=\"og:image:type\" content=\"image\/jpeg\" \/>\n<meta name=\"twitter:card\" content=\"summary_large_image\" \/>\n<script type=\"application\/ld+json\" class=\"yoast-schema-graph\">{\"@context\":\"https:\/\/schema.org\",\"@graph\":[{\"@type\":\"WebSite\",\"@id\":\"https:\/\/www.mcroller.com\/es\/#website\",\"url\":\"https:\/\/www.mcroller.com\/es\/\",\"name\":\"Hockey McRoller Tienda\",\"description\":\"\",\"potentialAction\":[{\"@type\":\"SearchAction\",\"target\":{\"@type\":\"EntryPoint\",\"urlTemplate\":\"https:\/\/www.mcroller.com\/es\/?s={search_term_string}\"},\"query-input\":\"required name=search_term_string\"}],\"inLanguage\":\"es\"},{\"@type\":\"ImageObject\",\"@id\":\"https:\/\/www.mcroller.com\/es\/tienda\/patines-hockey-iniciacion-cordones\/#primaryimage\",\"inLanguage\":\"es\",\"url\":\"https:\/\/www.mcroller.com\/wp-content\/uploads\/2017\/11\/SK1C_Patines_Iniciacion_Hockey_Cordones_2.jpg\",\"contentUrl\":\"https:\/\/www.mcroller.com\/wp-content\/uploads\/2017\/11\/SK1C_Patines_Iniciacion_Hockey_Cordones_2.jpg\",\"width\":1920,\"height\":1280,\"caption\":\"patins de inicia\u00e7\u00e3o de h\u00f3quei mcroller\"},{\"@type\":\"WebPage\",\"@id\":\"https:\/\/www.mcroller.com\/es\/tienda\/patines-hockey-iniciacion-cordones\/#webpage\",\"url\":\"https:\/\/www.mcroller.com\/es\/tienda\/patines-hockey-iniciacion-cordones\/\",\"name\":\"Patines Hockey Iniciaci\u00f3n Cordones | Hockey McRoller Tienda\",\"isPartOf\":{\"@id\":\"https:\/\/www.mcroller.com\/es\/#website\"},\"primaryImageOfPage\":{\"@id\":\"https:\/\/www.mcroller.com\/es\/tienda\/patines-hockey-iniciacion-cordones\/#primaryimage\"},\"datePublished\":\"2017-11-06T10:40:45+00:00\",\"dateModified\":\"2026-01-14T08:56:42+00:00\",\"breadcrumb\":{\"@id\":\"https:\/\/www.mcroller.com\/es\/tienda\/patines-hockey-iniciacion-cordones\/#breadcrumb\"},\"inLanguage\":\"es\",\"potentialAction\":[{\"@type\":\"ReadAction\",\"target\":[[\"https:\/\/www.mcroller.com\/es\/tienda\/patines-hockey-iniciacion-cordones\/\"]]}]},{\"@type\":\"BreadcrumbList\",\"@id\":\"https:\/\/www.mcroller.com\/es\/tienda\/patines-hockey-iniciacion-cordones\/#breadcrumb\",\"itemListElement\":[{\"@type\":\"ListItem\",\"position\":1,\"name\":\"Portada\",\"item\":\"https:\/\/www.mcroller.com\/es\/\"},{\"@type\":\"ListItem\",\"position\":2,\"name\":\"Homepage\",\"item\":\"https:\/\/www.mcroller.com\/es\/\"},{\"@type\":\"ListItem\",\"position\":3,\"name\":\"Patines Hockey Iniciaci\u00f3n Cordones\"}]}]}<\/script>\n<!-- \/ Yoast SEO plugin. -->","yoast_head_json":{"title":"Patines Hockey Iniciaci\u00f3n Cordones | Hockey McRoller Tienda","robots":{"index":"index","follow":"follow","max-snippet":"max-snippet:-1","max-image-preview":"max-image-preview:large","max-video-preview":"max-video-preview:-1"},"canonical":"https:\/\/www.mcroller.com\/es\/tienda\/patines-hockey-iniciacion-cordones\/","og_locale":"es_ES","og_type":"article","og_title":"Patines Hockey Iniciaci\u00f3n Cordones | Hockey McRoller Tienda","og_description":"Patines de iniciaci\u00f3n McRoller de hockey patines con cordones.  Bota afelpada superconfort.  Con ejes met\u00e1licos, ruedas y frenos de poliuretano.  Disponible en varias tallas.","og_url":"https:\/\/www.mcroller.com\/es\/tienda\/patines-hockey-iniciacion-cordones\/","og_site_name":"Hockey McRoller Tienda","article_publisher":"https:\/\/www.facebook.com\/McRoller-184371304938402\/","article_modified_time":"2026-01-14T08:56:42+00:00","og_image":[{"width":1920,"height":1280,"url":"https:\/\/www.mcroller.com\/wp-content\/uploads\/2017\/11\/SK1C_Patines_Iniciacion_Hockey_Cordones_2.jpg","type":"image\/jpeg"}],"twitter_card":"summary_large_image","schema":{"@context":"https:\/\/schema.org","@graph":[{"@type":"WebSite","@id":"https:\/\/www.mcroller.com\/es\/#website","url":"https:\/\/www.mcroller.com\/es\/","name":"Hockey McRoller Tienda","description":"","potentialAction":[{"@type":"SearchAction","target":{"@type":"EntryPoint","urlTemplate":"https:\/\/www.mcroller.com\/es\/?s={search_term_string}"},"query-input":"required name=search_term_string"}],"inLanguage":"es"},{"@type":"ImageObject","@id":"https:\/\/www.mcroller.com\/es\/tienda\/patines-hockey-iniciacion-cordones\/#primaryimage","inLanguage":"es","url":"https:\/\/www.mcroller.com\/wp-content\/uploads\/2017\/11\/SK1C_Patines_Iniciacion_Hockey_Cordones_2.jpg","contentUrl":"https:\/\/www.mcroller.com\/wp-content\/uploads\/2017\/11\/SK1C_Patines_Iniciacion_Hockey_Cordones_2.jpg","width":1920,"height":1280,"caption":"patins de inicia\u00e7\u00e3o de h\u00f3quei mcroller"},{"@type":"WebPage","@id":"https:\/\/www.mcroller.com\/es\/tienda\/patines-hockey-iniciacion-cordones\/#webpage","url":"https:\/\/www.mcroller.com\/es\/tienda\/patines-hockey-iniciacion-cordones\/","name":"Patines Hockey Iniciaci\u00f3n Cordones | Hockey McRoller Tienda","isPartOf":{"@id":"https:\/\/www.mcroller.com\/es\/#website"},"primaryImageOfPage":{"@id":"https:\/\/www.mcroller.com\/es\/tienda\/patines-hockey-iniciacion-cordones\/#primaryimage"},"datePublished":"2017-11-06T10:40:45+00:00","dateModified":"2026-01-14T08:56:42+00:00","breadcrumb":{"@id":"https:\/\/www.mcroller.com\/es\/tienda\/patines-hockey-iniciacion-cordones\/#breadcrumb"},"inLanguage":"es","potentialAction":[{"@type":"ReadAction","target":[["https:\/\/www.mcroller.com\/es\/tienda\/patines-hockey-iniciacion-cordones\/"]]}]},{"@type":"BreadcrumbList","@id":"https:\/\/www.mcroller.com\/es\/tienda\/patines-hockey-iniciacion-cordones\/#breadcrumb","itemListElement":[{"@type":"ListItem","position":1,"name":"Portada","item":"https:\/\/www.mcroller.com\/es\/"},{"@type":"ListItem","position":2,"name":"Homepage","item":"https:\/\/www.mcroller.com\/es\/"},{"@type":"ListItem","position":3,"name":"Patines Hockey Iniciaci\u00f3n Cordones"}]}]}},"_links":{"self":[{"href":"https:\/\/www.mcroller.com\/es\/wp-json\/wp\/v2\/product\/687"}],"collection":[{"href":"https:\/\/www.mcroller.com\/es\/wp-json\/wp\/v2\/product"}],"about":[{"href":"https:\/\/www.mcroller.com\/es\/wp-json\/wp\/v2\/types\/product"}],"wp:featuredmedia":[{"embeddable":true,"href":"https:\/\/www.mcroller.com\/es\/wp-json\/wp\/v2\/media\/668"}],"wp:attachment":[{"href":"https:\/\/www.mcroller.com\/es\/wp-json\/wp\/v2\/media?parent=687"}],"wp:term":[{"taxonomy":"product_cat","embeddable":true,"href":"https:\/\/www.mcroller.com\/es\/wp-json\/wp\/v2\/product_cat?post=687"},{"taxonomy":"product_tag","embeddable":true,"href":"https:\/\/www.mcroller.com\/es\/wp-json\/wp\/v2\/product_tag?post=687"}],"curies":[{"name":"wp","href":"https:\/\/api.w.org\/{rel}","templated":true}]}}