{"id":732,"date":"2017-11-06T12:03:21","date_gmt":"2017-11-06T12:03:21","guid":{"rendered":"https:\/\/www.mcroller.com\/?post_type=product&#038;p=732"},"modified":"2023-08-19T17:32:19","modified_gmt":"2023-08-19T17:32:19","slug":"skates-initiation-skating-art","status":"publish","type":"product","link":"https:\/\/www.mcroller.com\/es\/tienda\/patines-iniciacion-patinaje-artistico\/","title":{"rendered":"Patines Iniciaci\u00f3n Patinaje Art\u00edstico"},"content":{"rendered":"<p><img loading=\"lazy\" class=\"aligncenter size-full wp-image-670\" src=\"https:\/\/www.mcroller.com\/wp-content\/uploads\/2017\/11\/SK2_Patines_Iniciacion_artistico_2.jpg\" alt=\"mcroller patines iniciacion patinaje artistico\" width=\"1920\" height=\"1280\" srcset=\"https:\/\/www.mcroller.com\/wp-content\/uploads\/2017\/11\/SK2_Patines_Iniciacion_artistico_2.jpg 1920w, https:\/\/www.mcroller.com\/wp-content\/uploads\/2017\/11\/SK2_Patines_Iniciacion_artistico_2-350x233.jpg 350w, https:\/\/www.mcroller.com\/wp-content\/uploads\/2017\/11\/SK2_Patines_Iniciacion_artistico_2-300x200.jpg 300w, https:\/\/www.mcroller.com\/wp-content\/uploads\/2017\/11\/SK2_Patines_Iniciacion_artistico_2-768x512.jpg 768w, https:\/\/www.mcroller.com\/wp-content\/uploads\/2017\/11\/SK2_Patines_Iniciacion_artistico_2-1024x683.jpg 1024w, https:\/\/www.mcroller.com\/wp-content\/uploads\/2017\/11\/SK2_Patines_Iniciacion_artistico_2-550x367.jpg 550w\" sizes=\"(max-width: 706px) 89vw, (max-width: 767px) 82vw, 740px\" \/><\/p>\n","protected":false},"excerpt":{"rendered":"<p>Patines McRoller de iniciaci\u00f3n de patinaje art\u00edstico.<\/p>\n<p>Bota afelpada superconfort ideal para iniciarse en el patinaje art\u00edstico.<\/p>\n<p>Disponible en varias tallas.<\/p>\n","protected":false},"featured_media":670,"template":"","meta":[],"product_cat":[128,39],"product_tag":[],"acf":[],"yoast_head":"<!-- This site is optimized with the Yoast SEO plugin v18.5.1 - https:\/\/yoast.com\/wordpress\/plugins\/seo\/ -->\n<title>Patines Iniciaci\u00f3n Patinaje Art\u00edstico | Hockey McRoller Tienda<\/title>\n<meta name=\"robots\" content=\"index, follow, max-snippet:-1, max-image-preview:large, max-video-preview:-1\" \/>\n<link rel=\"canonical\" href=\"https:\/\/www.mcroller.com\/es\/product\/skates-initiation-skating-art\/\" \/>\n<meta property=\"og:locale\" content=\"es_ES\" \/>\n<meta property=\"og:type\" content=\"article\" \/>\n<meta property=\"og:title\" content=\"Patines Iniciaci\u00f3n Patinaje Art\u00edstico | Hockey McRoller Tienda\" \/>\n<meta property=\"og:description\" content=\"Patines McRoller de iniciaci\u00f3n de patinaje art\u00edstico.  Bota afelpada superconfort ideal para iniciarse en el patinaje art\u00edstico.  Disponible en varias tallas.\" \/>\n<meta property=\"og:url\" content=\"https:\/\/www.mcroller.com\/es\/product\/skates-initiation-skating-art\/\" \/>\n<meta property=\"og:site_name\" content=\"Hockey McRoller Tienda\" \/>\n<meta property=\"article:publisher\" content=\"https:\/\/www.facebook.com\/McRoller-184371304938402\/\" \/>\n<meta property=\"article:modified_time\" content=\"2023-08-19T17:32:19+00:00\" \/>\n<meta property=\"og:image\" content=\"https:\/\/www.mcroller.com\/wp-content\/uploads\/2017\/11\/SK2_Patines_Iniciacion_artistico_2.jpg\" \/>\n\t<meta property=\"og:image:width\" content=\"1920\" \/>\n\t<meta property=\"og:image:height\" content=\"1280\" \/>\n\t<meta property=\"og:image:type\" content=\"image\/jpeg\" \/>\n<meta name=\"twitter:card\" content=\"summary_large_image\" \/>\n<script type=\"application\/ld+json\" class=\"yoast-schema-graph\">{\"@context\":\"https:\/\/schema.org\",\"@graph\":[{\"@type\":\"WebSite\",\"@id\":\"https:\/\/www.mcroller.com\/es\/#website\",\"url\":\"https:\/\/www.mcroller.com\/es\/\",\"name\":\"Hockey McRoller Tienda\",\"description\":\"\",\"potentialAction\":[{\"@type\":\"SearchAction\",\"target\":{\"@type\":\"EntryPoint\",\"urlTemplate\":\"https:\/\/www.mcroller.com\/es\/?s={search_term_string}\"},\"query-input\":\"required name=search_term_string\"}],\"inLanguage\":\"es\"},{\"@type\":\"ImageObject\",\"@id\":\"https:\/\/www.mcroller.com\/es\/product\/skates-initiation-skating-art\/#primaryimage\",\"inLanguage\":\"es\",\"url\":\"https:\/\/www.mcroller.com\/wp-content\/uploads\/2017\/11\/SK2_Patines_Iniciacion_artistico_2.jpg\",\"contentUrl\":\"https:\/\/www.mcroller.com\/wp-content\/uploads\/2017\/11\/SK2_Patines_Iniciacion_artistico_2.jpg\",\"width\":1920,\"height\":1280,\"caption\":\"mcroller patines iniciacion patinaje artistico\"},{\"@type\":\"WebPage\",\"@id\":\"https:\/\/www.mcroller.com\/es\/product\/skates-initiation-skating-art\/#webpage\",\"url\":\"https:\/\/www.mcroller.com\/es\/product\/skates-initiation-skating-art\/\",\"name\":\"Patines Iniciaci\u00f3n Patinaje Art\u00edstico | Hockey McRoller Tienda\",\"isPartOf\":{\"@id\":\"https:\/\/www.mcroller.com\/es\/#website\"},\"primaryImageOfPage\":{\"@id\":\"https:\/\/www.mcroller.com\/es\/product\/skates-initiation-skating-art\/#primaryimage\"},\"datePublished\":\"2017-11-06T12:03:21+00:00\",\"dateModified\":\"2023-08-19T17:32:19+00:00\",\"breadcrumb\":{\"@id\":\"https:\/\/www.mcroller.com\/es\/product\/skates-initiation-skating-art\/#breadcrumb\"},\"inLanguage\":\"es\",\"potentialAction\":[{\"@type\":\"ReadAction\",\"target\":[[\"https:\/\/www.mcroller.com\/es\/product\/skates-initiation-skating-art\/\"]]}]},{\"@type\":\"BreadcrumbList\",\"@id\":\"https:\/\/www.mcroller.com\/es\/product\/skates-initiation-skating-art\/#breadcrumb\",\"itemListElement\":[{\"@type\":\"ListItem\",\"position\":1,\"name\":\"Portada\",\"item\":\"https:\/\/www.mcroller.com\/es\/\"},{\"@type\":\"ListItem\",\"position\":2,\"name\":\"Homepage\",\"item\":\"https:\/\/www.mcroller.com\/es\/\"},{\"@type\":\"ListItem\",\"position\":3,\"name\":\"Skates Initiation Skating Art\"}]}]}<\/script>\n<!-- \/ Yoast SEO plugin. -->","yoast_head_json":{"title":"Patines Iniciaci\u00f3n Patinaje Art\u00edstico | Hockey McRoller Tienda","robots":{"index":"index","follow":"follow","max-snippet":"max-snippet:-1","max-image-preview":"max-image-preview:large","max-video-preview":"max-video-preview:-1"},"canonical":"https:\/\/www.mcroller.com\/es\/product\/skates-initiation-skating-art\/","og_locale":"es_ES","og_type":"article","og_title":"Patines Iniciaci\u00f3n Patinaje Art\u00edstico | Hockey McRoller Tienda","og_description":"Patines McRoller de iniciaci\u00f3n de patinaje art\u00edstico.  Bota afelpada superconfort ideal para iniciarse en el patinaje art\u00edstico.  Disponible en varias tallas.","og_url":"https:\/\/www.mcroller.com\/es\/product\/skates-initiation-skating-art\/","og_site_name":"Hockey McRoller Tienda","article_publisher":"https:\/\/www.facebook.com\/McRoller-184371304938402\/","article_modified_time":"2023-08-19T17:32:19+00:00","og_image":[{"width":1920,"height":1280,"url":"https:\/\/www.mcroller.com\/wp-content\/uploads\/2017\/11\/SK2_Patines_Iniciacion_artistico_2.jpg","type":"image\/jpeg"}],"twitter_card":"summary_large_image","schema":{"@context":"https:\/\/schema.org","@graph":[{"@type":"WebSite","@id":"https:\/\/www.mcroller.com\/es\/#website","url":"https:\/\/www.mcroller.com\/es\/","name":"Hockey McRoller Tienda","description":"","potentialAction":[{"@type":"SearchAction","target":{"@type":"EntryPoint","urlTemplate":"https:\/\/www.mcroller.com\/es\/?s={search_term_string}"},"query-input":"required name=search_term_string"}],"inLanguage":"es"},{"@type":"ImageObject","@id":"https:\/\/www.mcroller.com\/es\/product\/skates-initiation-skating-art\/#primaryimage","inLanguage":"es","url":"https:\/\/www.mcroller.com\/wp-content\/uploads\/2017\/11\/SK2_Patines_Iniciacion_artistico_2.jpg","contentUrl":"https:\/\/www.mcroller.com\/wp-content\/uploads\/2017\/11\/SK2_Patines_Iniciacion_artistico_2.jpg","width":1920,"height":1280,"caption":"mcroller patines iniciacion patinaje artistico"},{"@type":"WebPage","@id":"https:\/\/www.mcroller.com\/es\/product\/skates-initiation-skating-art\/#webpage","url":"https:\/\/www.mcroller.com\/es\/product\/skates-initiation-skating-art\/","name":"Patines Iniciaci\u00f3n Patinaje Art\u00edstico | Hockey McRoller Tienda","isPartOf":{"@id":"https:\/\/www.mcroller.com\/es\/#website"},"primaryImageOfPage":{"@id":"https:\/\/www.mcroller.com\/es\/product\/skates-initiation-skating-art\/#primaryimage"},"datePublished":"2017-11-06T12:03:21+00:00","dateModified":"2023-08-19T17:32:19+00:00","breadcrumb":{"@id":"https:\/\/www.mcroller.com\/es\/product\/skates-initiation-skating-art\/#breadcrumb"},"inLanguage":"es","potentialAction":[{"@type":"ReadAction","target":[["https:\/\/www.mcroller.com\/es\/product\/skates-initiation-skating-art\/"]]}]},{"@type":"BreadcrumbList","@id":"https:\/\/www.mcroller.com\/es\/product\/skates-initiation-skating-art\/#breadcrumb","itemListElement":[{"@type":"ListItem","position":1,"name":"Portada","item":"https:\/\/www.mcroller.com\/es\/"},{"@type":"ListItem","position":2,"name":"Homepage","item":"https:\/\/www.mcroller.com\/es\/"},{"@type":"ListItem","position":3,"name":"Skates Initiation Skating Art"}]}]}},"_links":{"self":[{"href":"https:\/\/www.mcroller.com\/es\/wp-json\/wp\/v2\/product\/732"}],"collection":[{"href":"https:\/\/www.mcroller.com\/es\/wp-json\/wp\/v2\/product"}],"about":[{"href":"https:\/\/www.mcroller.com\/es\/wp-json\/wp\/v2\/types\/product"}],"wp:featuredmedia":[{"embeddable":true,"href":"https:\/\/www.mcroller.com\/es\/wp-json\/wp\/v2\/media\/670"}],"wp:attachment":[{"href":"https:\/\/www.mcroller.com\/es\/wp-json\/wp\/v2\/media?parent=732"}],"wp:term":[{"taxonomy":"product_cat","embeddable":true,"href":"https:\/\/www.mcroller.com\/es\/wp-json\/wp\/v2\/product_cat?post=732"},{"taxonomy":"product_tag","embeddable":true,"href":"https:\/\/www.mcroller.com\/es\/wp-json\/wp\/v2\/product_tag?post=732"}],"curies":[{"name":"wp","href":"https:\/\/api.w.org\/{rel}","templated":true}]}}