{"id":902,"date":"2017-11-06T18:50:19","date_gmt":"2017-11-06T18:50:19","guid":{"rendered":"https:\/\/www.mcroller.com\/?post_type=product&#038;p=902"},"modified":"2025-12-24T08:20:13","modified_gmt":"2025-12-24T08:20:13","slug":"trolley-player-hockey-50-ctms-3-departments","status":"publish","type":"product","link":"https:\/\/www.mcroller.com\/es\/tienda\/trolleys-jugador-hockey-50-ctms-3-departamentos-2\/","title":{"rendered":"Trolley Jugador Hockey Patines 50 cm 3 Departamentos"},"content":{"rendered":"<p class=\"qtranxs-available-languages-message qtranxs-available-languages-message-es\">Disculpa, pero esta entrada est\u00e1 disponible s\u00f3lo en <a href=\"https:\/\/www.mcroller.com\/en\/wp-json\/wp\/v2\/product\/902\" class=\"qtranxs-available-language-link qtranxs-available-language-link-en\" title=\"Eng\">ingl\u00e9s estadounidense<\/a>.<\/p>","protected":false},"excerpt":{"rendered":"<p>Trolley de jugador de Hockey patines McRoller, fabricada en el mejor poli\u00e9ster.<\/p>\n<p>Dise\u00f1ada con ruedas grandes y resistentes,\u00a0 con una alta calidad en sus costuras, lo que la hace muy resistente al d\u00eda a d\u00eda.<\/p>\n<p>Modelo de 50 cm con 3 departamentos.<\/p>\n<p>Medidas 50 cm altura x 31 cm anchura x 34 cm profundidad<\/p>\n<p>Mango telesc\u00f3pico 38 cm<\/p>\n<p>Capacidad 52,7 L<\/p>\n<p>Disponible en amplia gama de colores.<\/p>\n","protected":false},"featured_media":768,"template":"","meta":[],"product_cat":[146],"product_tag":[],"acf":[],"yoast_head":"<!-- This site is optimized with the Yoast SEO plugin v18.5.1 - https:\/\/yoast.com\/wordpress\/plugins\/seo\/ -->\n<title>Trolley Jugador Hockey Patines 50 cm 3 Departamentos | Hockey McRoller Tienda<\/title>\n<meta name=\"robots\" content=\"index, follow, max-snippet:-1, max-image-preview:large, max-video-preview:-1\" \/>\n<link rel=\"canonical\" href=\"https:\/\/www.mcroller.com\/es\/tienda\/trolleys-jugador-hockey-50-ctms-3-departamentos-2\/\" \/>\n<meta property=\"og:locale\" content=\"es_ES\" \/>\n<meta property=\"og:type\" content=\"article\" \/>\n<meta property=\"og:title\" content=\"Trolley Jugador Hockey Patines 50 cm 3 Departamentos | Hockey McRoller Tienda\" \/>\n<meta property=\"og:description\" content=\"Trolley de jugador de Hockey patines McRoller, fabricada en el mejor poli\u00e9ster.  Dise\u00f1ada con ruedas grandes y resistentes,\u00a0 con una alta calidad en sus costuras, lo que la hace muy resistente al d\u00eda a d\u00eda.  Modelo de 50 cm con 3 departamentos.  Medidas 50 cm altura x 31 cm anchura x 34 cm profundidad  Mango telesc\u00f3pico 38 cm  Capacidad 52,7 L  Disponible en amplia gama de colores.\" \/>\n<meta property=\"og:url\" content=\"https:\/\/www.mcroller.com\/es\/tienda\/trolleys-jugador-hockey-50-ctms-3-departamentos-2\/\" \/>\n<meta property=\"og:site_name\" content=\"Hockey McRoller Tienda\" \/>\n<meta property=\"article:publisher\" content=\"https:\/\/www.facebook.com\/McRoller-184371304938402\/\" \/>\n<meta property=\"article:modified_time\" content=\"2025-12-24T08:20:13+00:00\" \/>\n<meta property=\"og:image\" content=\"https:\/\/www.mcroller.com\/wp-content\/uploads\/2017\/11\/TRJ50_50CM_Trolley-jugador-hockey-azul-amarillo-e1532072376332.jpg\" \/>\n\t<meta property=\"og:image:width\" content=\"1200\" \/>\n\t<meta property=\"og:image:height\" content=\"800\" \/>\n\t<meta property=\"og:image:type\" content=\"image\/jpeg\" \/>\n<meta name=\"twitter:card\" content=\"summary_large_image\" \/>\n<script type=\"application\/ld+json\" class=\"yoast-schema-graph\">{\"@context\":\"https:\/\/schema.org\",\"@graph\":[{\"@type\":\"WebSite\",\"@id\":\"https:\/\/www.mcroller.com\/es\/#website\",\"url\":\"https:\/\/www.mcroller.com\/es\/\",\"name\":\"Hockey McRoller Tienda\",\"description\":\"\",\"potentialAction\":[{\"@type\":\"SearchAction\",\"target\":{\"@type\":\"EntryPoint\",\"urlTemplate\":\"https:\/\/www.mcroller.com\/es\/?s={search_term_string}\"},\"query-input\":\"required name=search_term_string\"}],\"inLanguage\":\"es\"},{\"@type\":\"ImageObject\",\"@id\":\"https:\/\/www.mcroller.com\/es\/tienda\/trolleys-jugador-hockey-50-ctms-3-departamentos-2\/#primaryimage\",\"inLanguage\":\"es\",\"url\":\"https:\/\/www.mcroller.com\/wp-content\/uploads\/2017\/11\/TRJ50_50CM_Trolley-jugador-hockey-azul-amarillo-e1532072376332.jpg\",\"contentUrl\":\"https:\/\/www.mcroller.com\/wp-content\/uploads\/2017\/11\/TRJ50_50CM_Trolley-jugador-hockey-azul-amarillo-e1532072376332.jpg\",\"width\":1200,\"height\":800,\"caption\":\"patins de h\u00f3quei de trole player\"},{\"@type\":\"WebPage\",\"@id\":\"https:\/\/www.mcroller.com\/es\/tienda\/trolleys-jugador-hockey-50-ctms-3-departamentos-2\/#webpage\",\"url\":\"https:\/\/www.mcroller.com\/es\/tienda\/trolleys-jugador-hockey-50-ctms-3-departamentos-2\/\",\"name\":\"Trolley Jugador Hockey Patines 50 cm 3 Departamentos | Hockey McRoller Tienda\",\"isPartOf\":{\"@id\":\"https:\/\/www.mcroller.com\/es\/#website\"},\"primaryImageOfPage\":{\"@id\":\"https:\/\/www.mcroller.com\/es\/tienda\/trolleys-jugador-hockey-50-ctms-3-departamentos-2\/#primaryimage\"},\"datePublished\":\"2017-11-06T18:50:19+00:00\",\"dateModified\":\"2025-12-24T08:20:13+00:00\",\"breadcrumb\":{\"@id\":\"https:\/\/www.mcroller.com\/es\/tienda\/trolleys-jugador-hockey-50-ctms-3-departamentos-2\/#breadcrumb\"},\"inLanguage\":\"es\",\"potentialAction\":[{\"@type\":\"ReadAction\",\"target\":[[\"https:\/\/www.mcroller.com\/es\/tienda\/trolleys-jugador-hockey-50-ctms-3-departamentos-2\/\"]]}]},{\"@type\":\"BreadcrumbList\",\"@id\":\"https:\/\/www.mcroller.com\/es\/tienda\/trolleys-jugador-hockey-50-ctms-3-departamentos-2\/#breadcrumb\",\"itemListElement\":[{\"@type\":\"ListItem\",\"position\":1,\"name\":\"Portada\",\"item\":\"https:\/\/www.mcroller.com\/es\/\"},{\"@type\":\"ListItem\",\"position\":2,\"name\":\"Homepage\",\"item\":\"https:\/\/www.mcroller.com\/es\/\"},{\"@type\":\"ListItem\",\"position\":3,\"name\":\"Trolley Jugador Hockey Patines 50 cm 3 Departamentos\"}]}]}<\/script>\n<!-- \/ Yoast SEO plugin. -->","yoast_head_json":{"title":"Trolley Jugador Hockey Patines 50 cm 3 Departamentos | Hockey McRoller Tienda","robots":{"index":"index","follow":"follow","max-snippet":"max-snippet:-1","max-image-preview":"max-image-preview:large","max-video-preview":"max-video-preview:-1"},"canonical":"https:\/\/www.mcroller.com\/es\/tienda\/trolleys-jugador-hockey-50-ctms-3-departamentos-2\/","og_locale":"es_ES","og_type":"article","og_title":"Trolley Jugador Hockey Patines 50 cm 3 Departamentos | Hockey McRoller Tienda","og_description":"Trolley de jugador de Hockey patines McRoller, fabricada en el mejor poli\u00e9ster.  Dise\u00f1ada con ruedas grandes y resistentes,\u00a0 con una alta calidad en sus costuras, lo que la hace muy resistente al d\u00eda a d\u00eda.  Modelo de 50 cm con 3 departamentos.  Medidas 50 cm altura x 31 cm anchura x 34 cm profundidad  Mango telesc\u00f3pico 38 cm  Capacidad 52,7 L  Disponible en amplia gama de colores.","og_url":"https:\/\/www.mcroller.com\/es\/tienda\/trolleys-jugador-hockey-50-ctms-3-departamentos-2\/","og_site_name":"Hockey McRoller Tienda","article_publisher":"https:\/\/www.facebook.com\/McRoller-184371304938402\/","article_modified_time":"2025-12-24T08:20:13+00:00","og_image":[{"width":1200,"height":800,"url":"https:\/\/www.mcroller.com\/wp-content\/uploads\/2017\/11\/TRJ50_50CM_Trolley-jugador-hockey-azul-amarillo-e1532072376332.jpg","type":"image\/jpeg"}],"twitter_card":"summary_large_image","schema":{"@context":"https:\/\/schema.org","@graph":[{"@type":"WebSite","@id":"https:\/\/www.mcroller.com\/es\/#website","url":"https:\/\/www.mcroller.com\/es\/","name":"Hockey McRoller Tienda","description":"","potentialAction":[{"@type":"SearchAction","target":{"@type":"EntryPoint","urlTemplate":"https:\/\/www.mcroller.com\/es\/?s={search_term_string}"},"query-input":"required name=search_term_string"}],"inLanguage":"es"},{"@type":"ImageObject","@id":"https:\/\/www.mcroller.com\/es\/tienda\/trolleys-jugador-hockey-50-ctms-3-departamentos-2\/#primaryimage","inLanguage":"es","url":"https:\/\/www.mcroller.com\/wp-content\/uploads\/2017\/11\/TRJ50_50CM_Trolley-jugador-hockey-azul-amarillo-e1532072376332.jpg","contentUrl":"https:\/\/www.mcroller.com\/wp-content\/uploads\/2017\/11\/TRJ50_50CM_Trolley-jugador-hockey-azul-amarillo-e1532072376332.jpg","width":1200,"height":800,"caption":"patins de h\u00f3quei de trole player"},{"@type":"WebPage","@id":"https:\/\/www.mcroller.com\/es\/tienda\/trolleys-jugador-hockey-50-ctms-3-departamentos-2\/#webpage","url":"https:\/\/www.mcroller.com\/es\/tienda\/trolleys-jugador-hockey-50-ctms-3-departamentos-2\/","name":"Trolley Jugador Hockey Patines 50 cm 3 Departamentos | Hockey McRoller Tienda","isPartOf":{"@id":"https:\/\/www.mcroller.com\/es\/#website"},"primaryImageOfPage":{"@id":"https:\/\/www.mcroller.com\/es\/tienda\/trolleys-jugador-hockey-50-ctms-3-departamentos-2\/#primaryimage"},"datePublished":"2017-11-06T18:50:19+00:00","dateModified":"2025-12-24T08:20:13+00:00","breadcrumb":{"@id":"https:\/\/www.mcroller.com\/es\/tienda\/trolleys-jugador-hockey-50-ctms-3-departamentos-2\/#breadcrumb"},"inLanguage":"es","potentialAction":[{"@type":"ReadAction","target":[["https:\/\/www.mcroller.com\/es\/tienda\/trolleys-jugador-hockey-50-ctms-3-departamentos-2\/"]]}]},{"@type":"BreadcrumbList","@id":"https:\/\/www.mcroller.com\/es\/tienda\/trolleys-jugador-hockey-50-ctms-3-departamentos-2\/#breadcrumb","itemListElement":[{"@type":"ListItem","position":1,"name":"Portada","item":"https:\/\/www.mcroller.com\/es\/"},{"@type":"ListItem","position":2,"name":"Homepage","item":"https:\/\/www.mcroller.com\/es\/"},{"@type":"ListItem","position":3,"name":"Trolley Jugador Hockey Patines 50 cm 3 Departamentos"}]}]}},"_links":{"self":[{"href":"https:\/\/www.mcroller.com\/es\/wp-json\/wp\/v2\/product\/902"}],"collection":[{"href":"https:\/\/www.mcroller.com\/es\/wp-json\/wp\/v2\/product"}],"about":[{"href":"https:\/\/www.mcroller.com\/es\/wp-json\/wp\/v2\/types\/product"}],"wp:featuredmedia":[{"embeddable":true,"href":"https:\/\/www.mcroller.com\/es\/wp-json\/wp\/v2\/media\/768"}],"wp:attachment":[{"href":"https:\/\/www.mcroller.com\/es\/wp-json\/wp\/v2\/media?parent=902"}],"wp:term":[{"taxonomy":"product_cat","embeddable":true,"href":"https:\/\/www.mcroller.com\/es\/wp-json\/wp\/v2\/product_cat?post=902"},{"taxonomy":"product_tag","embeddable":true,"href":"https:\/\/www.mcroller.com\/es\/wp-json\/wp\/v2\/product_tag?post=902"}],"curies":[{"name":"wp","href":"https:\/\/api.w.org\/{rel}","templated":true}]}}