{"id":921,"date":"2017-11-07T16:32:57","date_gmt":"2017-11-07T16:32:57","guid":{"rendered":"https:\/\/www.mcroller.com\/?post_type=product&#038;p=921"},"modified":"2025-09-28T10:23:07","modified_gmt":"2025-09-28T10:23:07","slug":"trolley-gatekeeper-fun-bag","status":"publish","type":"product","link":"https:\/\/www.mcroller.com\/es\/tienda\/trolley-portero-hockey-fun-bag\/","title":{"rendered":"Trolley Portero Hockey Fun Bag"},"content":{"rendered":"<p><img loading=\"lazy\" class=\"aligncenter size-full wp-image-781\" src=\"https:\/\/www.mcroller.com\/wp-content\/uploads\/2017\/11\/TRGF_Negra.jpg\" alt=\"trolley mcroller portero hockey barcelona\" width=\"1920\" height=\"1280\" \/><\/p>","protected":false},"excerpt":{"rendered":"<div class=\"woocommerce-product-details__short-description\">\n<div class=\"product_desc_txt\">\n<p>Trolley de\u00a0 portero de hockey patines McRoller FUN BAG, fabricada en el mejor poli\u00e9ster 800D.<\/p>\n<p>Dise\u00f1ada con ruedas grandes y resistentes, con una alta calidad en sus costuras, lo que la hace muy resistente al d\u00eda a d\u00eda.<\/p>\n<p>Disponible en 3 colores: Negro, Azul y Rojo.<\/p>\n<p>Medidas: 98 cm alto x 35 cm profundidad x40 cm ancho<\/p>\n<\/div>\n<\/div>\n","protected":false},"featured_media":781,"template":"","meta":[],"product_cat":[147],"product_tag":[],"acf":[],"yoast_head":"<!-- This site is optimized with the Yoast SEO plugin v18.5.1 - https:\/\/yoast.com\/wordpress\/plugins\/seo\/ -->\n<title>Trolley Portero Hockey Fun Bag | Hockey McRoller Tienda<\/title>\n<meta name=\"robots\" content=\"index, follow, max-snippet:-1, max-image-preview:large, max-video-preview:-1\" \/>\n<link rel=\"canonical\" href=\"https:\/\/www.mcroller.com\/es\/tienda\/trolley-portero-hockey-fun-bag\/\" \/>\n<meta property=\"og:locale\" content=\"es_ES\" \/>\n<meta property=\"og:type\" content=\"article\" \/>\n<meta property=\"og:title\" content=\"Trolley Portero Hockey Fun Bag | Hockey McRoller Tienda\" \/>\n<meta property=\"og:description\" content=\"Trolley de\u00a0 portero de hockey patines McRoller FUN BAG, fabricada en el mejor poli\u00e9ster 800D.  Dise\u00f1ada con ruedas grandes y resistentes, con una alta calidad en sus costuras, lo que la hace muy resistente al d\u00eda a d\u00eda.  Disponible en 3 colores: Negro, Azul y Rojo.  Medidas: 98 cm alto x 35 cm profundidad x40 cm ancho\" \/>\n<meta property=\"og:url\" content=\"https:\/\/www.mcroller.com\/es\/tienda\/trolley-portero-hockey-fun-bag\/\" \/>\n<meta property=\"og:site_name\" content=\"Hockey McRoller Tienda\" \/>\n<meta property=\"article:publisher\" content=\"https:\/\/www.facebook.com\/McRoller-184371304938402\/\" \/>\n<meta property=\"article:modified_time\" content=\"2025-09-28T10:23:07+00:00\" \/>\n<meta property=\"og:image\" content=\"https:\/\/www.mcroller.com\/wp-content\/uploads\/2017\/11\/TRGF_Negra-e1532019407836.jpg\" \/>\n\t<meta property=\"og:image:width\" content=\"1200\" \/>\n\t<meta property=\"og:image:height\" content=\"800\" \/>\n\t<meta property=\"og:image:type\" content=\"image\/jpeg\" \/>\n<meta name=\"twitter:card\" content=\"summary_large_image\" \/>\n<meta name=\"twitter:label1\" content=\"Tiempo de lectura\" \/>\n\t<meta name=\"twitter:data1\" content=\"1 minuto\" \/>\n<script type=\"application\/ld+json\" class=\"yoast-schema-graph\">{\"@context\":\"https:\/\/schema.org\",\"@graph\":[{\"@type\":\"WebSite\",\"@id\":\"https:\/\/www.mcroller.com\/es\/#website\",\"url\":\"https:\/\/www.mcroller.com\/es\/\",\"name\":\"Hockey McRoller Tienda\",\"description\":\"\",\"potentialAction\":[{\"@type\":\"SearchAction\",\"target\":{\"@type\":\"EntryPoint\",\"urlTemplate\":\"https:\/\/www.mcroller.com\/es\/?s={search_term_string}\"},\"query-input\":\"required name=search_term_string\"}],\"inLanguage\":\"es\"},{\"@type\":\"ImageObject\",\"@id\":\"https:\/\/www.mcroller.com\/es\/tienda\/trolley-portero-hockey-fun-bag\/#primaryimage\",\"inLanguage\":\"es\",\"url\":\"https:\/\/www.mcroller.com\/wp-content\/uploads\/2017\/11\/TRGF_Negra-e1532019407836.jpg\",\"contentUrl\":\"https:\/\/www.mcroller.com\/wp-content\/uploads\/2017\/11\/TRGF_Negra-e1532019407836.jpg\",\"width\":1200,\"height\":800,\"caption\":\"trolley mcroller portero hockey barcelona\"},{\"@type\":\"WebPage\",\"@id\":\"https:\/\/www.mcroller.com\/es\/tienda\/trolley-portero-hockey-fun-bag\/#webpage\",\"url\":\"https:\/\/www.mcroller.com\/es\/tienda\/trolley-portero-hockey-fun-bag\/\",\"name\":\"Trolley Portero Hockey Fun Bag | Hockey McRoller Tienda\",\"isPartOf\":{\"@id\":\"https:\/\/www.mcroller.com\/es\/#website\"},\"primaryImageOfPage\":{\"@id\":\"https:\/\/www.mcroller.com\/es\/tienda\/trolley-portero-hockey-fun-bag\/#primaryimage\"},\"datePublished\":\"2017-11-07T16:32:57+00:00\",\"dateModified\":\"2025-09-28T10:23:07+00:00\",\"breadcrumb\":{\"@id\":\"https:\/\/www.mcroller.com\/es\/tienda\/trolley-portero-hockey-fun-bag\/#breadcrumb\"},\"inLanguage\":\"es\",\"potentialAction\":[{\"@type\":\"ReadAction\",\"target\":[[\"https:\/\/www.mcroller.com\/es\/tienda\/trolley-portero-hockey-fun-bag\/\"]]}]},{\"@type\":\"BreadcrumbList\",\"@id\":\"https:\/\/www.mcroller.com\/es\/tienda\/trolley-portero-hockey-fun-bag\/#breadcrumb\",\"itemListElement\":[{\"@type\":\"ListItem\",\"position\":1,\"name\":\"Portada\",\"item\":\"https:\/\/www.mcroller.com\/es\/\"},{\"@type\":\"ListItem\",\"position\":2,\"name\":\"Homepage\",\"item\":\"https:\/\/www.mcroller.com\/es\/\"},{\"@type\":\"ListItem\",\"position\":3,\"name\":\"Trolley Portero Hockey Fun Bag\"}]}]}<\/script>\n<!-- \/ Yoast SEO plugin. -->","yoast_head_json":{"title":"Trolley Portero Hockey Fun Bag | Hockey McRoller Tienda","robots":{"index":"index","follow":"follow","max-snippet":"max-snippet:-1","max-image-preview":"max-image-preview:large","max-video-preview":"max-video-preview:-1"},"canonical":"https:\/\/www.mcroller.com\/es\/tienda\/trolley-portero-hockey-fun-bag\/","og_locale":"es_ES","og_type":"article","og_title":"Trolley Portero Hockey Fun Bag | Hockey McRoller Tienda","og_description":"Trolley de\u00a0 portero de hockey patines McRoller FUN BAG, fabricada en el mejor poli\u00e9ster 800D.  Dise\u00f1ada con ruedas grandes y resistentes, con una alta calidad en sus costuras, lo que la hace muy resistente al d\u00eda a d\u00eda.  Disponible en 3 colores: Negro, Azul y Rojo.  Medidas: 98 cm alto x 35 cm profundidad x40 cm ancho","og_url":"https:\/\/www.mcroller.com\/es\/tienda\/trolley-portero-hockey-fun-bag\/","og_site_name":"Hockey McRoller Tienda","article_publisher":"https:\/\/www.facebook.com\/McRoller-184371304938402\/","article_modified_time":"2025-09-28T10:23:07+00:00","og_image":[{"width":1200,"height":800,"url":"https:\/\/www.mcroller.com\/wp-content\/uploads\/2017\/11\/TRGF_Negra-e1532019407836.jpg","type":"image\/jpeg"}],"twitter_card":"summary_large_image","twitter_misc":{"Tiempo de lectura":"1 minuto"},"schema":{"@context":"https:\/\/schema.org","@graph":[{"@type":"WebSite","@id":"https:\/\/www.mcroller.com\/es\/#website","url":"https:\/\/www.mcroller.com\/es\/","name":"Hockey McRoller Tienda","description":"","potentialAction":[{"@type":"SearchAction","target":{"@type":"EntryPoint","urlTemplate":"https:\/\/www.mcroller.com\/es\/?s={search_term_string}"},"query-input":"required name=search_term_string"}],"inLanguage":"es"},{"@type":"ImageObject","@id":"https:\/\/www.mcroller.com\/es\/tienda\/trolley-portero-hockey-fun-bag\/#primaryimage","inLanguage":"es","url":"https:\/\/www.mcroller.com\/wp-content\/uploads\/2017\/11\/TRGF_Negra-e1532019407836.jpg","contentUrl":"https:\/\/www.mcroller.com\/wp-content\/uploads\/2017\/11\/TRGF_Negra-e1532019407836.jpg","width":1200,"height":800,"caption":"trolley mcroller portero hockey barcelona"},{"@type":"WebPage","@id":"https:\/\/www.mcroller.com\/es\/tienda\/trolley-portero-hockey-fun-bag\/#webpage","url":"https:\/\/www.mcroller.com\/es\/tienda\/trolley-portero-hockey-fun-bag\/","name":"Trolley Portero Hockey Fun Bag | Hockey McRoller Tienda","isPartOf":{"@id":"https:\/\/www.mcroller.com\/es\/#website"},"primaryImageOfPage":{"@id":"https:\/\/www.mcroller.com\/es\/tienda\/trolley-portero-hockey-fun-bag\/#primaryimage"},"datePublished":"2017-11-07T16:32:57+00:00","dateModified":"2025-09-28T10:23:07+00:00","breadcrumb":{"@id":"https:\/\/www.mcroller.com\/es\/tienda\/trolley-portero-hockey-fun-bag\/#breadcrumb"},"inLanguage":"es","potentialAction":[{"@type":"ReadAction","target":[["https:\/\/www.mcroller.com\/es\/tienda\/trolley-portero-hockey-fun-bag\/"]]}]},{"@type":"BreadcrumbList","@id":"https:\/\/www.mcroller.com\/es\/tienda\/trolley-portero-hockey-fun-bag\/#breadcrumb","itemListElement":[{"@type":"ListItem","position":1,"name":"Portada","item":"https:\/\/www.mcroller.com\/es\/"},{"@type":"ListItem","position":2,"name":"Homepage","item":"https:\/\/www.mcroller.com\/es\/"},{"@type":"ListItem","position":3,"name":"Trolley Portero Hockey Fun Bag"}]}]}},"_links":{"self":[{"href":"https:\/\/www.mcroller.com\/es\/wp-json\/wp\/v2\/product\/921"}],"collection":[{"href":"https:\/\/www.mcroller.com\/es\/wp-json\/wp\/v2\/product"}],"about":[{"href":"https:\/\/www.mcroller.com\/es\/wp-json\/wp\/v2\/types\/product"}],"wp:featuredmedia":[{"embeddable":true,"href":"https:\/\/www.mcroller.com\/es\/wp-json\/wp\/v2\/media\/781"}],"wp:attachment":[{"href":"https:\/\/www.mcroller.com\/es\/wp-json\/wp\/v2\/media?parent=921"}],"wp:term":[{"taxonomy":"product_cat","embeddable":true,"href":"https:\/\/www.mcroller.com\/es\/wp-json\/wp\/v2\/product_cat?post=921"},{"taxonomy":"product_tag","embeddable":true,"href":"https:\/\/www.mcroller.com\/es\/wp-json\/wp\/v2\/product_tag?post=921"}],"curies":[{"name":"wp","href":"https:\/\/api.w.org\/{rel}","templated":true}]}}