{"id":937,"date":"2017-11-07T16:59:40","date_gmt":"2017-11-07T16:59:40","guid":{"rendered":"https:\/\/www.mcroller.com\/?post_type=product&#038;p=937"},"modified":"2025-12-30T21:10:42","modified_gmt":"2025-12-30T21:10:42","slug":"trolley-player-hockey-60-ctms-3-departments","status":"publish","type":"product","link":"https:\/\/www.mcroller.com\/es\/tienda\/trolley-jugador-hockey-60-ctms-3-departamentos\/","title":{"rendered":"Trolley Jugador Hockey Patines 60 cm 3 Departamentos"},"content":{"rendered":"<p><img loading=\"lazy\" class=\"aligncenter size-full wp-image-775\" src=\"https:\/\/www.mcroller.com\/wp-content\/uploads\/2017\/11\/TRJ60_60-Trolley-jugador-hockey-negra.jpg\" alt=\"mcroller trolley player patins de hockey\" width=\"1920\" height=\"1280\" \/><\/p>","protected":false},"excerpt":{"rendered":"<p>Trolley de jugador de Hockey patines <span style=\"display: inline !important; float: none; background-color: transparent; color: #333333; cursor: text; font-family: 'Libre Franklin','Helvetica Neue',helvetica,arial,sans-serif; font-size: 16px; font-style: normal; font-variant: normal; font-weight: 400; letter-spacing: normal; line-height: 26.56px; orphans: 2; text-align: left; text-decoration: none; text-indent: 0px; text-transform: none; -webkit-text-stroke-width: 0px; white-space: normal; word-spacing: 0px;\">McRoller<\/span>, fabricada en el mejor poli\u00e9ster.<\/p>\n<p>Dise\u00f1ada con ruedas grandes y resistentes,\u00a0 con una alta calidad en sus costuras, lo que la hace muy resistente al d\u00eda a d\u00eda.<\/p>\n<p>Modelo de 60 cm con 3 departamentos.<\/p>\n<p>Medidas 60 cm altura x 31 cm anchura x 40 cm profundidad<\/p>\n<p>Mango telesc\u00f3pico 43 cm<\/p>\n<p>Capacidad 74,4 L<\/p>\n<p>Disponible en amplia gama de colores.<\/p>\n","protected":false},"featured_media":775,"template":"","meta":[],"product_cat":[146],"product_tag":[],"acf":[],"yoast_head":"<!-- This site is optimized with the Yoast SEO plugin v18.5.1 - https:\/\/yoast.com\/wordpress\/plugins\/seo\/ -->\n<title>Trolley Jugador Hockey Patines 60 cm 3 Departamentos | Hockey McRoller Tienda<\/title>\n<meta name=\"robots\" content=\"index, follow, max-snippet:-1, max-image-preview:large, max-video-preview:-1\" \/>\n<link rel=\"canonical\" href=\"https:\/\/www.mcroller.com\/es\/tienda\/trolley-jugador-hockey-60-ctms-3-departamentos\/\" \/>\n<meta property=\"og:locale\" content=\"es_ES\" \/>\n<meta property=\"og:type\" content=\"article\" \/>\n<meta property=\"og:title\" content=\"Trolley Jugador Hockey Patines 60 cm 3 Departamentos | Hockey McRoller Tienda\" \/>\n<meta property=\"og:description\" content=\"Trolley de jugador de Hockey patines McRoller, fabricada en el mejor poli\u00e9ster.  Dise\u00f1ada con ruedas grandes y resistentes,\u00a0 con una alta calidad en sus costuras, lo que la hace muy resistente al d\u00eda a d\u00eda.  Modelo de 60 cm con 3 departamentos.  Medidas 60 cm altura x 31 cm anchura x 40 cm profundidad  Mango telesc\u00f3pico 43 cm  Capacidad 74,4 L  Disponible en amplia gama de colores.\" \/>\n<meta property=\"og:url\" content=\"https:\/\/www.mcroller.com\/es\/tienda\/trolley-jugador-hockey-60-ctms-3-departamentos\/\" \/>\n<meta property=\"og:site_name\" content=\"Hockey McRoller Tienda\" \/>\n<meta property=\"article:publisher\" content=\"https:\/\/www.facebook.com\/McRoller-184371304938402\/\" \/>\n<meta property=\"article:modified_time\" content=\"2025-12-30T21:10:42+00:00\" \/>\n<meta property=\"og:image\" content=\"https:\/\/www.mcroller.com\/wp-content\/uploads\/2017\/11\/TRJ60_60-Trolley-jugador-hockey-negra-e1532019520777.jpg\" \/>\n\t<meta property=\"og:image:width\" content=\"1200\" \/>\n\t<meta property=\"og:image:height\" content=\"800\" \/>\n\t<meta property=\"og:image:type\" content=\"image\/jpeg\" \/>\n<meta name=\"twitter:card\" content=\"summary_large_image\" \/>\n<script type=\"application\/ld+json\" class=\"yoast-schema-graph\">{\"@context\":\"https:\/\/schema.org\",\"@graph\":[{\"@type\":\"WebSite\",\"@id\":\"https:\/\/www.mcroller.com\/es\/#website\",\"url\":\"https:\/\/www.mcroller.com\/es\/\",\"name\":\"Hockey McRoller Tienda\",\"description\":\"\",\"potentialAction\":[{\"@type\":\"SearchAction\",\"target\":{\"@type\":\"EntryPoint\",\"urlTemplate\":\"https:\/\/www.mcroller.com\/es\/?s={search_term_string}\"},\"query-input\":\"required name=search_term_string\"}],\"inLanguage\":\"es\"},{\"@type\":\"ImageObject\",\"@id\":\"https:\/\/www.mcroller.com\/es\/tienda\/trolley-jugador-hockey-60-ctms-3-departamentos\/#primaryimage\",\"inLanguage\":\"es\",\"url\":\"https:\/\/www.mcroller.com\/wp-content\/uploads\/2017\/11\/TRJ60_60-Trolley-jugador-hockey-negra-e1532019520777.jpg\",\"contentUrl\":\"https:\/\/www.mcroller.com\/wp-content\/uploads\/2017\/11\/TRJ60_60-Trolley-jugador-hockey-negra-e1532019520777.jpg\",\"width\":1200,\"height\":800,\"caption\":\"mcroller trolley player patins de hockey\"},{\"@type\":\"WebPage\",\"@id\":\"https:\/\/www.mcroller.com\/es\/tienda\/trolley-jugador-hockey-60-ctms-3-departamentos\/#webpage\",\"url\":\"https:\/\/www.mcroller.com\/es\/tienda\/trolley-jugador-hockey-60-ctms-3-departamentos\/\",\"name\":\"Trolley Jugador Hockey Patines 60 cm 3 Departamentos | Hockey McRoller Tienda\",\"isPartOf\":{\"@id\":\"https:\/\/www.mcroller.com\/es\/#website\"},\"primaryImageOfPage\":{\"@id\":\"https:\/\/www.mcroller.com\/es\/tienda\/trolley-jugador-hockey-60-ctms-3-departamentos\/#primaryimage\"},\"datePublished\":\"2017-11-07T16:59:40+00:00\",\"dateModified\":\"2025-12-30T21:10:42+00:00\",\"breadcrumb\":{\"@id\":\"https:\/\/www.mcroller.com\/es\/tienda\/trolley-jugador-hockey-60-ctms-3-departamentos\/#breadcrumb\"},\"inLanguage\":\"es\",\"potentialAction\":[{\"@type\":\"ReadAction\",\"target\":[[\"https:\/\/www.mcroller.com\/es\/tienda\/trolley-jugador-hockey-60-ctms-3-departamentos\/\"]]}]},{\"@type\":\"BreadcrumbList\",\"@id\":\"https:\/\/www.mcroller.com\/es\/tienda\/trolley-jugador-hockey-60-ctms-3-departamentos\/#breadcrumb\",\"itemListElement\":[{\"@type\":\"ListItem\",\"position\":1,\"name\":\"Portada\",\"item\":\"https:\/\/www.mcroller.com\/es\/\"},{\"@type\":\"ListItem\",\"position\":2,\"name\":\"Homepage\",\"item\":\"https:\/\/www.mcroller.com\/es\/\"},{\"@type\":\"ListItem\",\"position\":3,\"name\":\"Trolley Jugador Hockey Patines 60 cm 3 Departamentos\"}]}]}<\/script>\n<!-- \/ Yoast SEO plugin. -->","yoast_head_json":{"title":"Trolley Jugador Hockey Patines 60 cm 3 Departamentos | Hockey McRoller Tienda","robots":{"index":"index","follow":"follow","max-snippet":"max-snippet:-1","max-image-preview":"max-image-preview:large","max-video-preview":"max-video-preview:-1"},"canonical":"https:\/\/www.mcroller.com\/es\/tienda\/trolley-jugador-hockey-60-ctms-3-departamentos\/","og_locale":"es_ES","og_type":"article","og_title":"Trolley Jugador Hockey Patines 60 cm 3 Departamentos | Hockey McRoller Tienda","og_description":"Trolley de jugador de Hockey patines McRoller, fabricada en el mejor poli\u00e9ster.  Dise\u00f1ada con ruedas grandes y resistentes,\u00a0 con una alta calidad en sus costuras, lo que la hace muy resistente al d\u00eda a d\u00eda.  Modelo de 60 cm con 3 departamentos.  Medidas 60 cm altura x 31 cm anchura x 40 cm profundidad  Mango telesc\u00f3pico 43 cm  Capacidad 74,4 L  Disponible en amplia gama de colores.","og_url":"https:\/\/www.mcroller.com\/es\/tienda\/trolley-jugador-hockey-60-ctms-3-departamentos\/","og_site_name":"Hockey McRoller Tienda","article_publisher":"https:\/\/www.facebook.com\/McRoller-184371304938402\/","article_modified_time":"2025-12-30T21:10:42+00:00","og_image":[{"width":1200,"height":800,"url":"https:\/\/www.mcroller.com\/wp-content\/uploads\/2017\/11\/TRJ60_60-Trolley-jugador-hockey-negra-e1532019520777.jpg","type":"image\/jpeg"}],"twitter_card":"summary_large_image","schema":{"@context":"https:\/\/schema.org","@graph":[{"@type":"WebSite","@id":"https:\/\/www.mcroller.com\/es\/#website","url":"https:\/\/www.mcroller.com\/es\/","name":"Hockey McRoller Tienda","description":"","potentialAction":[{"@type":"SearchAction","target":{"@type":"EntryPoint","urlTemplate":"https:\/\/www.mcroller.com\/es\/?s={search_term_string}"},"query-input":"required name=search_term_string"}],"inLanguage":"es"},{"@type":"ImageObject","@id":"https:\/\/www.mcroller.com\/es\/tienda\/trolley-jugador-hockey-60-ctms-3-departamentos\/#primaryimage","inLanguage":"es","url":"https:\/\/www.mcroller.com\/wp-content\/uploads\/2017\/11\/TRJ60_60-Trolley-jugador-hockey-negra-e1532019520777.jpg","contentUrl":"https:\/\/www.mcroller.com\/wp-content\/uploads\/2017\/11\/TRJ60_60-Trolley-jugador-hockey-negra-e1532019520777.jpg","width":1200,"height":800,"caption":"mcroller trolley player patins de hockey"},{"@type":"WebPage","@id":"https:\/\/www.mcroller.com\/es\/tienda\/trolley-jugador-hockey-60-ctms-3-departamentos\/#webpage","url":"https:\/\/www.mcroller.com\/es\/tienda\/trolley-jugador-hockey-60-ctms-3-departamentos\/","name":"Trolley Jugador Hockey Patines 60 cm 3 Departamentos | Hockey McRoller Tienda","isPartOf":{"@id":"https:\/\/www.mcroller.com\/es\/#website"},"primaryImageOfPage":{"@id":"https:\/\/www.mcroller.com\/es\/tienda\/trolley-jugador-hockey-60-ctms-3-departamentos\/#primaryimage"},"datePublished":"2017-11-07T16:59:40+00:00","dateModified":"2025-12-30T21:10:42+00:00","breadcrumb":{"@id":"https:\/\/www.mcroller.com\/es\/tienda\/trolley-jugador-hockey-60-ctms-3-departamentos\/#breadcrumb"},"inLanguage":"es","potentialAction":[{"@type":"ReadAction","target":[["https:\/\/www.mcroller.com\/es\/tienda\/trolley-jugador-hockey-60-ctms-3-departamentos\/"]]}]},{"@type":"BreadcrumbList","@id":"https:\/\/www.mcroller.com\/es\/tienda\/trolley-jugador-hockey-60-ctms-3-departamentos\/#breadcrumb","itemListElement":[{"@type":"ListItem","position":1,"name":"Portada","item":"https:\/\/www.mcroller.com\/es\/"},{"@type":"ListItem","position":2,"name":"Homepage","item":"https:\/\/www.mcroller.com\/es\/"},{"@type":"ListItem","position":3,"name":"Trolley Jugador Hockey Patines 60 cm 3 Departamentos"}]}]}},"_links":{"self":[{"href":"https:\/\/www.mcroller.com\/es\/wp-json\/wp\/v2\/product\/937"}],"collection":[{"href":"https:\/\/www.mcroller.com\/es\/wp-json\/wp\/v2\/product"}],"about":[{"href":"https:\/\/www.mcroller.com\/es\/wp-json\/wp\/v2\/types\/product"}],"wp:featuredmedia":[{"embeddable":true,"href":"https:\/\/www.mcroller.com\/es\/wp-json\/wp\/v2\/media\/775"}],"wp:attachment":[{"href":"https:\/\/www.mcroller.com\/es\/wp-json\/wp\/v2\/media?parent=937"}],"wp:term":[{"taxonomy":"product_cat","embeddable":true,"href":"https:\/\/www.mcroller.com\/es\/wp-json\/wp\/v2\/product_cat?post=937"},{"taxonomy":"product_tag","embeddable":true,"href":"https:\/\/www.mcroller.com\/es\/wp-json\/wp\/v2\/product_tag?post=937"}],"curies":[{"name":"wp","href":"https:\/\/api.w.org\/{rel}","templated":true}]}}