{"id":1118,"date":"2018-01-09T15:25:56","date_gmt":"2018-01-09T15:25:56","guid":{"rendered":"https:\/\/www.mcroller.com\/?post_type=product&#038;p=1118"},"modified":"2026-02-09T10:15:49","modified_gmt":"2026-02-09T10:15:49","slug":"kneepads-mesh-mcroller","status":"publish","type":"product","link":"https:\/\/www.mcroller.com\/fr\/magasin\/genouilleres-hockey-mcroller\/","title":{"rendered":"Genouill\u00e8res Hockey McRoller"},"content":{"rendered":"<p class=\"qtranxs-available-languages-message qtranxs-available-languages-message-fr\">D\u00e9sol\u00e9, cet article est seulement disponible en <a href=\"https:\/\/www.mcroller.com\/es\/wp-json\/wp\/v2\/product\/1118\" class=\"qtranxs-available-language-link qtranxs-available-language-link-es\" title=\"Cast\">espagnol europ\u00e9en<\/a>.<\/p>","protected":false},"excerpt":{"rendered":"<p>Genouill\u00e8res McRoller<\/p>\n<p>Protections avec fermeture velcro, protection et confort, fabriqu\u00e9s en tissu respirant.<\/p>\n","protected":false},"featured_media":1117,"template":"","meta":[],"product_cat":[39],"product_tag":[],"acf":[],"yoast_head":"<!-- This site is optimized with the Yoast SEO plugin v18.5.1 - https:\/\/yoast.com\/wordpress\/plugins\/seo\/ -->\n<title>Genouill\u00e8res Hockey McRoller | Hockey McRoller Shop<\/title>\n<meta name=\"robots\" content=\"index, follow, max-snippet:-1, max-image-preview:large, max-video-preview:-1\" \/>\n<link rel=\"canonical\" href=\"https:\/\/www.mcroller.com\/fr\/tienda\/rodilleras-hockey-mcroller\/\" \/>\n<meta property=\"og:locale\" content=\"fr_FR\" \/>\n<meta property=\"og:type\" content=\"article\" \/>\n<meta property=\"og:title\" content=\"Genouill\u00e8res Hockey McRoller | Hockey McRoller Shop\" \/>\n<meta property=\"og:description\" content=\"Genouill\u00e8res McRoller  Protections avec fermeture velcro, protection et confort, fabriqu\u00e9s en tissu respirant.\" \/>\n<meta property=\"og:url\" content=\"https:\/\/www.mcroller.com\/fr\/tienda\/rodilleras-hockey-mcroller\/\" \/>\n<meta property=\"og:site_name\" content=\"Hockey McRoller Shop\" \/>\n<meta property=\"article:publisher\" content=\"https:\/\/www.facebook.com\/McRoller-184371304938402\/\" \/>\n<meta property=\"article:modified_time\" content=\"2026-02-09T10:15:49+00:00\" \/>\n<meta property=\"og:image\" content=\"https:\/\/www.mcroller.com\/wp-content\/uploads\/2018\/01\/KNEEOUTAROSA-e1532019011298.jpg\" \/>\n\t<meta property=\"og:image:width\" content=\"1200\" \/>\n\t<meta property=\"og:image:height\" content=\"800\" \/>\n\t<meta property=\"og:image:type\" content=\"image\/jpeg\" \/>\n<meta name=\"twitter:card\" content=\"summary_large_image\" \/>\n<script type=\"application\/ld+json\" class=\"yoast-schema-graph\">{\"@context\":\"https:\/\/schema.org\",\"@graph\":[{\"@type\":\"WebSite\",\"@id\":\"https:\/\/www.mcroller.com\/fr\/#website\",\"url\":\"https:\/\/www.mcroller.com\/fr\/\",\"name\":\"Hockey McRoller Shop\",\"description\":\"\",\"potentialAction\":[{\"@type\":\"SearchAction\",\"target\":{\"@type\":\"EntryPoint\",\"urlTemplate\":\"https:\/\/www.mcroller.com\/fr\/?s={search_term_string}\"},\"query-input\":\"required name=search_term_string\"}],\"inLanguage\":\"fr-FR\"},{\"@type\":\"ImageObject\",\"@id\":\"https:\/\/www.mcroller.com\/fr\/tienda\/rodilleras-hockey-mcroller\/#primaryimage\",\"inLanguage\":\"fr-FR\",\"url\":\"https:\/\/www.mcroller.com\/wp-content\/uploads\/2018\/01\/KNEEOUTAROSA-e1532019011298.jpg\",\"contentUrl\":\"https:\/\/www.mcroller.com\/wp-content\/uploads\/2018\/01\/KNEEOUTAROSA-e1532019011298.jpg\",\"width\":1200,\"height\":800,\"caption\":\"rodilleras mcroller hockey patines\"},{\"@type\":\"WebPage\",\"@id\":\"https:\/\/www.mcroller.com\/fr\/tienda\/rodilleras-hockey-mcroller\/#webpage\",\"url\":\"https:\/\/www.mcroller.com\/fr\/tienda\/rodilleras-hockey-mcroller\/\",\"name\":\"Genouill\u00e8res Hockey McRoller | Hockey McRoller Shop\",\"isPartOf\":{\"@id\":\"https:\/\/www.mcroller.com\/fr\/#website\"},\"primaryImageOfPage\":{\"@id\":\"https:\/\/www.mcroller.com\/fr\/tienda\/rodilleras-hockey-mcroller\/#primaryimage\"},\"datePublished\":\"2018-01-09T15:25:56+00:00\",\"dateModified\":\"2026-02-09T10:15:49+00:00\",\"breadcrumb\":{\"@id\":\"https:\/\/www.mcroller.com\/fr\/tienda\/rodilleras-hockey-mcroller\/#breadcrumb\"},\"inLanguage\":\"fr-FR\",\"potentialAction\":[{\"@type\":\"ReadAction\",\"target\":[[\"https:\/\/www.mcroller.com\/fr\/tienda\/rodilleras-hockey-mcroller\/\"]]}]},{\"@type\":\"BreadcrumbList\",\"@id\":\"https:\/\/www.mcroller.com\/fr\/tienda\/rodilleras-hockey-mcroller\/#breadcrumb\",\"itemListElement\":[{\"@type\":\"ListItem\",\"position\":1,\"name\":\"Accueil\",\"item\":\"https:\/\/www.mcroller.com\/fr\/\"},{\"@type\":\"ListItem\",\"position\":2,\"name\":\"Homepage\",\"item\":\"https:\/\/www.mcroller.com\/fr\/\"},{\"@type\":\"ListItem\",\"position\":3,\"name\":\"Rodilleras Hockey McRoller\"}]}]}<\/script>\n<!-- \/ Yoast SEO plugin. -->","yoast_head_json":{"title":"Genouill\u00e8res Hockey McRoller | Hockey McRoller Shop","robots":{"index":"index","follow":"follow","max-snippet":"max-snippet:-1","max-image-preview":"max-image-preview:large","max-video-preview":"max-video-preview:-1"},"canonical":"https:\/\/www.mcroller.com\/fr\/tienda\/rodilleras-hockey-mcroller\/","og_locale":"fr_FR","og_type":"article","og_title":"Genouill\u00e8res Hockey McRoller | Hockey McRoller Shop","og_description":"Genouill\u00e8res McRoller  Protections avec fermeture velcro, protection et confort, fabriqu\u00e9s en tissu respirant.","og_url":"https:\/\/www.mcroller.com\/fr\/tienda\/rodilleras-hockey-mcroller\/","og_site_name":"Hockey McRoller Shop","article_publisher":"https:\/\/www.facebook.com\/McRoller-184371304938402\/","article_modified_time":"2026-02-09T10:15:49+00:00","og_image":[{"width":1200,"height":800,"url":"https:\/\/www.mcroller.com\/wp-content\/uploads\/2018\/01\/KNEEOUTAROSA-e1532019011298.jpg","type":"image\/jpeg"}],"twitter_card":"summary_large_image","schema":{"@context":"https:\/\/schema.org","@graph":[{"@type":"WebSite","@id":"https:\/\/www.mcroller.com\/fr\/#website","url":"https:\/\/www.mcroller.com\/fr\/","name":"Hockey McRoller Shop","description":"","potentialAction":[{"@type":"SearchAction","target":{"@type":"EntryPoint","urlTemplate":"https:\/\/www.mcroller.com\/fr\/?s={search_term_string}"},"query-input":"required name=search_term_string"}],"inLanguage":"fr-FR"},{"@type":"ImageObject","@id":"https:\/\/www.mcroller.com\/fr\/tienda\/rodilleras-hockey-mcroller\/#primaryimage","inLanguage":"fr-FR","url":"https:\/\/www.mcroller.com\/wp-content\/uploads\/2018\/01\/KNEEOUTAROSA-e1532019011298.jpg","contentUrl":"https:\/\/www.mcroller.com\/wp-content\/uploads\/2018\/01\/KNEEOUTAROSA-e1532019011298.jpg","width":1200,"height":800,"caption":"rodilleras mcroller hockey patines"},{"@type":"WebPage","@id":"https:\/\/www.mcroller.com\/fr\/tienda\/rodilleras-hockey-mcroller\/#webpage","url":"https:\/\/www.mcroller.com\/fr\/tienda\/rodilleras-hockey-mcroller\/","name":"Genouill\u00e8res Hockey McRoller | Hockey McRoller Shop","isPartOf":{"@id":"https:\/\/www.mcroller.com\/fr\/#website"},"primaryImageOfPage":{"@id":"https:\/\/www.mcroller.com\/fr\/tienda\/rodilleras-hockey-mcroller\/#primaryimage"},"datePublished":"2018-01-09T15:25:56+00:00","dateModified":"2026-02-09T10:15:49+00:00","breadcrumb":{"@id":"https:\/\/www.mcroller.com\/fr\/tienda\/rodilleras-hockey-mcroller\/#breadcrumb"},"inLanguage":"fr-FR","potentialAction":[{"@type":"ReadAction","target":[["https:\/\/www.mcroller.com\/fr\/tienda\/rodilleras-hockey-mcroller\/"]]}]},{"@type":"BreadcrumbList","@id":"https:\/\/www.mcroller.com\/fr\/tienda\/rodilleras-hockey-mcroller\/#breadcrumb","itemListElement":[{"@type":"ListItem","position":1,"name":"Accueil","item":"https:\/\/www.mcroller.com\/fr\/"},{"@type":"ListItem","position":2,"name":"Homepage","item":"https:\/\/www.mcroller.com\/fr\/"},{"@type":"ListItem","position":3,"name":"Rodilleras Hockey McRoller"}]}]}},"_links":{"self":[{"href":"https:\/\/www.mcroller.com\/fr\/wp-json\/wp\/v2\/product\/1118"}],"collection":[{"href":"https:\/\/www.mcroller.com\/fr\/wp-json\/wp\/v2\/product"}],"about":[{"href":"https:\/\/www.mcroller.com\/fr\/wp-json\/wp\/v2\/types\/product"}],"wp:featuredmedia":[{"embeddable":true,"href":"https:\/\/www.mcroller.com\/fr\/wp-json\/wp\/v2\/media\/1117"}],"wp:attachment":[{"href":"https:\/\/www.mcroller.com\/fr\/wp-json\/wp\/v2\/media?parent=1118"}],"wp:term":[{"taxonomy":"product_cat","embeddable":true,"href":"https:\/\/www.mcroller.com\/fr\/wp-json\/wp\/v2\/product_cat?post=1118"},{"taxonomy":"product_tag","embeddable":true,"href":"https:\/\/www.mcroller.com\/fr\/wp-json\/wp\/v2\/product_tag?post=1118"}],"curies":[{"name":"wp","href":"https:\/\/api.w.org\/{rel}","templated":true}]}}