{"id":1517,"date":"2018-09-05T12:26:58","date_gmt":"2018-09-05T12:26:58","guid":{"rendered":"https:\/\/www.mcroller.com\/?post_type=product&#038;p=1517"},"modified":"2024-08-31T16:04:06","modified_gmt":"2024-08-31T16:04:06","slug":"rink-hockey-articulated-knee-pad-new","status":"publish","type":"product","link":"https:\/\/www.mcroller.com\/fr\/magasin\/rink-hockey-protections-personnalise-nouveaute-2-2\/","title":{"rendered":"Genouilleres Rink Hockey Articul\u00e9es ** Nouveaut\u00e9 **"},"content":{"rendered":"","protected":false},"excerpt":{"rendered":"<p>Rink Hockey Protections<\/p>\n<p>G<span style=\"display: inline !important; float: none; background-color: transparent; color: #333333; cursor: text; font-family: &#039;Libre Franklin&#039;,&#039;Helvetica Neue&#039;,helvetica,arial,sans-serif; font-size: 16px; font-style: normal; font-variant: normal; font-weight: 400; letter-spacing: normal; line-height: 26.56px; orphans: 2; text-align: left; text-decoration: none; text-indent: 0px; text-transform: none; -webkit-text-stroke-width: 0px; white-space: normal; word-spacing: 0px;\">enouill\u00e8res de Rinkhockey articul\u00e9es<\/span>. Fixation par ruban \u00e9lastique avec velcro.<br \/>\nDesign ergonomique avec un excellent amorti int\u00e9rieur et tr\u00e8s confortable.<br \/>\nDisponible en noir et tailles <span style=\"display: inline !important; float: none; background-color: transparent; color: #333333; cursor: text; font-family: &#039;Libre Franklin&#039;,&#039;Helvetica Neue&#039;,helvetica,arial,sans-serif; font-size: 16px; font-style: normal; font-variant: normal; font-weight: 400; letter-spacing: normal; line-height: 26.56px; orphans: 2; text-align: left; text-decoration: none; text-indent: 0px; text-transform: none; -webkit-text-stroke-width: 0px; white-space: normal; word-spacing: 0px;\">XS, Small, Medium i Large<\/span><\/p>\n<p>&nbsp;<\/p>\n","protected":false},"featured_media":1524,"template":"","meta":[],"product_cat":[38,82],"product_tag":[],"acf":[],"yoast_head":"<!-- This site is optimized with the Yoast SEO plugin v18.5.1 - https:\/\/yoast.com\/wordpress\/plugins\/seo\/ -->\n<title>Genouilleres Rink Hockey Articul\u00e9es ** Nouveaut\u00e9 ** | Hockey McRoller Shop<\/title>\n<meta name=\"robots\" content=\"index, follow, max-snippet:-1, max-image-preview:large, max-video-preview:-1\" \/>\n<link rel=\"canonical\" href=\"https:\/\/www.mcroller.com\/fr\/tienda\/protecciones-hockey-patines-personalizadas-novedad-2-2\/\" \/>\n<meta property=\"og:locale\" content=\"fr_FR\" \/>\n<meta property=\"og:type\" content=\"article\" \/>\n<meta property=\"og:title\" content=\"Genouilleres Rink Hockey Articul\u00e9es ** Nouveaut\u00e9 ** | Hockey McRoller Shop\" \/>\n<meta property=\"og:description\" content=\"Rink Hockey Protections  Genouill\u00e8res de Rinkhockey articul\u00e9es. Fixation par ruban \u00e9lastique avec velcro. Design ergonomique avec un excellent amorti int\u00e9rieur et tr\u00e8s confortable. Disponible en noir et tailles XS, Small, Medium i Large  &nbsp;\" \/>\n<meta property=\"og:url\" content=\"https:\/\/www.mcroller.com\/fr\/tienda\/protecciones-hockey-patines-personalizadas-novedad-2-2\/\" \/>\n<meta property=\"og:site_name\" content=\"Hockey McRoller Shop\" \/>\n<meta property=\"article:publisher\" content=\"https:\/\/www.facebook.com\/McRoller-184371304938402\/\" \/>\n<meta property=\"article:modified_time\" content=\"2024-08-31T16:04:06+00:00\" \/>\n<meta property=\"og:image\" content=\"https:\/\/www.mcroller.com\/wp-content\/uploads\/2018\/09\/joelheiras-hoquei-patins-guarda-redes-articuladas_okok.jpg\" \/>\n\t<meta property=\"og:image:width\" content=\"1920\" \/>\n\t<meta property=\"og:image:height\" content=\"1280\" \/>\n\t<meta property=\"og:image:type\" content=\"image\/jpeg\" \/>\n<meta name=\"twitter:card\" content=\"summary_large_image\" \/>\n<script type=\"application\/ld+json\" class=\"yoast-schema-graph\">{\"@context\":\"https:\/\/schema.org\",\"@graph\":[{\"@type\":\"WebSite\",\"@id\":\"https:\/\/www.mcroller.com\/fr\/#website\",\"url\":\"https:\/\/www.mcroller.com\/fr\/\",\"name\":\"Hockey McRoller Shop\",\"description\":\"\",\"potentialAction\":[{\"@type\":\"SearchAction\",\"target\":{\"@type\":\"EntryPoint\",\"urlTemplate\":\"https:\/\/www.mcroller.com\/fr\/?s={search_term_string}\"},\"query-input\":\"required name=search_term_string\"}],\"inLanguage\":\"fr-FR\"},{\"@type\":\"ImageObject\",\"@id\":\"https:\/\/www.mcroller.com\/fr\/tienda\/protecciones-hockey-patines-personalizadas-novedad-2-2\/#primaryimage\",\"inLanguage\":\"fr-FR\",\"url\":\"https:\/\/www.mcroller.com\/wp-content\/uploads\/2018\/09\/joelheiras-hoquei-patins-guarda-redes-articuladas_okok.jpg\",\"contentUrl\":\"https:\/\/www.mcroller.com\/wp-content\/uploads\/2018\/09\/joelheiras-hoquei-patins-guarda-redes-articuladas_okok.jpg\",\"width\":1920,\"height\":1280},{\"@type\":\"WebPage\",\"@id\":\"https:\/\/www.mcroller.com\/fr\/tienda\/protecciones-hockey-patines-personalizadas-novedad-2-2\/#webpage\",\"url\":\"https:\/\/www.mcroller.com\/fr\/tienda\/protecciones-hockey-patines-personalizadas-novedad-2-2\/\",\"name\":\"Genouilleres Rink Hockey Articul\u00e9es ** Nouveaut\u00e9 ** | Hockey McRoller Shop\",\"isPartOf\":{\"@id\":\"https:\/\/www.mcroller.com\/fr\/#website\"},\"primaryImageOfPage\":{\"@id\":\"https:\/\/www.mcroller.com\/fr\/tienda\/protecciones-hockey-patines-personalizadas-novedad-2-2\/#primaryimage\"},\"datePublished\":\"2018-09-05T12:26:58+00:00\",\"dateModified\":\"2024-08-31T16:04:06+00:00\",\"breadcrumb\":{\"@id\":\"https:\/\/www.mcroller.com\/fr\/tienda\/protecciones-hockey-patines-personalizadas-novedad-2-2\/#breadcrumb\"},\"inLanguage\":\"fr-FR\",\"potentialAction\":[{\"@type\":\"ReadAction\",\"target\":[[\"https:\/\/www.mcroller.com\/fr\/tienda\/protecciones-hockey-patines-personalizadas-novedad-2-2\/\"]]}]},{\"@type\":\"BreadcrumbList\",\"@id\":\"https:\/\/www.mcroller.com\/fr\/tienda\/protecciones-hockey-patines-personalizadas-novedad-2-2\/#breadcrumb\",\"itemListElement\":[{\"@type\":\"ListItem\",\"position\":1,\"name\":\"Accueil\",\"item\":\"https:\/\/www.mcroller.com\/fr\/\"},{\"@type\":\"ListItem\",\"position\":2,\"name\":\"Homepage\",\"item\":\"https:\/\/www.mcroller.com\/fr\/\"},{\"@type\":\"ListItem\",\"position\":3,\"name\":\"Rodilleras Hockey Patines Articuladas\"}]}]}<\/script>\n<!-- \/ Yoast SEO plugin. -->","yoast_head_json":{"title":"Genouilleres Rink Hockey Articul\u00e9es ** Nouveaut\u00e9 ** | Hockey McRoller Shop","robots":{"index":"index","follow":"follow","max-snippet":"max-snippet:-1","max-image-preview":"max-image-preview:large","max-video-preview":"max-video-preview:-1"},"canonical":"https:\/\/www.mcroller.com\/fr\/tienda\/protecciones-hockey-patines-personalizadas-novedad-2-2\/","og_locale":"fr_FR","og_type":"article","og_title":"Genouilleres Rink Hockey Articul\u00e9es ** Nouveaut\u00e9 ** | Hockey McRoller Shop","og_description":"Rink Hockey Protections  Genouill\u00e8res de Rinkhockey articul\u00e9es. Fixation par ruban \u00e9lastique avec velcro. Design ergonomique avec un excellent amorti int\u00e9rieur et tr\u00e8s confortable. Disponible en noir et tailles XS, Small, Medium i Large  &nbsp;","og_url":"https:\/\/www.mcroller.com\/fr\/tienda\/protecciones-hockey-patines-personalizadas-novedad-2-2\/","og_site_name":"Hockey McRoller Shop","article_publisher":"https:\/\/www.facebook.com\/McRoller-184371304938402\/","article_modified_time":"2024-08-31T16:04:06+00:00","og_image":[{"width":1920,"height":1280,"url":"https:\/\/www.mcroller.com\/wp-content\/uploads\/2018\/09\/joelheiras-hoquei-patins-guarda-redes-articuladas_okok.jpg","type":"image\/jpeg"}],"twitter_card":"summary_large_image","schema":{"@context":"https:\/\/schema.org","@graph":[{"@type":"WebSite","@id":"https:\/\/www.mcroller.com\/fr\/#website","url":"https:\/\/www.mcroller.com\/fr\/","name":"Hockey McRoller Shop","description":"","potentialAction":[{"@type":"SearchAction","target":{"@type":"EntryPoint","urlTemplate":"https:\/\/www.mcroller.com\/fr\/?s={search_term_string}"},"query-input":"required name=search_term_string"}],"inLanguage":"fr-FR"},{"@type":"ImageObject","@id":"https:\/\/www.mcroller.com\/fr\/tienda\/protecciones-hockey-patines-personalizadas-novedad-2-2\/#primaryimage","inLanguage":"fr-FR","url":"https:\/\/www.mcroller.com\/wp-content\/uploads\/2018\/09\/joelheiras-hoquei-patins-guarda-redes-articuladas_okok.jpg","contentUrl":"https:\/\/www.mcroller.com\/wp-content\/uploads\/2018\/09\/joelheiras-hoquei-patins-guarda-redes-articuladas_okok.jpg","width":1920,"height":1280},{"@type":"WebPage","@id":"https:\/\/www.mcroller.com\/fr\/tienda\/protecciones-hockey-patines-personalizadas-novedad-2-2\/#webpage","url":"https:\/\/www.mcroller.com\/fr\/tienda\/protecciones-hockey-patines-personalizadas-novedad-2-2\/","name":"Genouilleres Rink Hockey Articul\u00e9es ** Nouveaut\u00e9 ** | Hockey McRoller Shop","isPartOf":{"@id":"https:\/\/www.mcroller.com\/fr\/#website"},"primaryImageOfPage":{"@id":"https:\/\/www.mcroller.com\/fr\/tienda\/protecciones-hockey-patines-personalizadas-novedad-2-2\/#primaryimage"},"datePublished":"2018-09-05T12:26:58+00:00","dateModified":"2024-08-31T16:04:06+00:00","breadcrumb":{"@id":"https:\/\/www.mcroller.com\/fr\/tienda\/protecciones-hockey-patines-personalizadas-novedad-2-2\/#breadcrumb"},"inLanguage":"fr-FR","potentialAction":[{"@type":"ReadAction","target":[["https:\/\/www.mcroller.com\/fr\/tienda\/protecciones-hockey-patines-personalizadas-novedad-2-2\/"]]}]},{"@type":"BreadcrumbList","@id":"https:\/\/www.mcroller.com\/fr\/tienda\/protecciones-hockey-patines-personalizadas-novedad-2-2\/#breadcrumb","itemListElement":[{"@type":"ListItem","position":1,"name":"Accueil","item":"https:\/\/www.mcroller.com\/fr\/"},{"@type":"ListItem","position":2,"name":"Homepage","item":"https:\/\/www.mcroller.com\/fr\/"},{"@type":"ListItem","position":3,"name":"Rodilleras Hockey Patines Articuladas"}]}]}},"_links":{"self":[{"href":"https:\/\/www.mcroller.com\/fr\/wp-json\/wp\/v2\/product\/1517"}],"collection":[{"href":"https:\/\/www.mcroller.com\/fr\/wp-json\/wp\/v2\/product"}],"about":[{"href":"https:\/\/www.mcroller.com\/fr\/wp-json\/wp\/v2\/types\/product"}],"wp:featuredmedia":[{"embeddable":true,"href":"https:\/\/www.mcroller.com\/fr\/wp-json\/wp\/v2\/media\/1524"}],"wp:attachment":[{"href":"https:\/\/www.mcroller.com\/fr\/wp-json\/wp\/v2\/media?parent=1517"}],"wp:term":[{"taxonomy":"product_cat","embeddable":true,"href":"https:\/\/www.mcroller.com\/fr\/wp-json\/wp\/v2\/product_cat?post=1517"},{"taxonomy":"product_tag","embeddable":true,"href":"https:\/\/www.mcroller.com\/fr\/wp-json\/wp\/v2\/product_tag?post=1517"}],"curies":[{"name":"wp","href":"https:\/\/api.w.org\/{rel}","templated":true}]}}