{"id":2601,"date":"2021-09-13T07:28:49","date_gmt":"2021-09-13T07:28:49","guid":{"rendered":"https:\/\/www.mcroller.com\/es\/?post_type=product&#038;p=2601"},"modified":"2025-10-18T13:45:26","modified_gmt":"2025-10-18T13:45:26","slug":"rink-hockey-mesh-protection-3-kit-pink","status":"publish","type":"product","link":"https:\/\/www.mcroller.com\/fr\/magasin\/initiation-protection-3-pack-ring-hockey-bleu-2-2-2-2-6\/","title":{"rendered":"Mesh protection 3 pack ring hockey \u2013 Rose"},"content":{"rendered":"","protected":false},"excerpt":{"rendered":"<div class=\"woocommerce-product-details__short-description\">\n<div class=\"product_desc_txt\">\n<p>Pack de trois protections rink hockey McRoller, fabriqu\u00e9es en Meish.<\/p>\n<p>Comprend des genouill\u00e8res,\u00a0<span id=\"result_box\" class=\"short_text\" lang=\"fr\">prot\u00e8ge-tibias<\/span> et des gants.<\/p>\n<p>Genouill\u00e8res et\u00a0<span id=\"result_box\" class=\"short_text\" lang=\"fr\">prot\u00e8ge-tibias<\/span> ajustables avec velcro, tr\u00e8s confortables et r\u00e9sistantes, id\u00e9ales pour au rink hockey.<\/p>\n<p>Disponibles dans une large gamme de couleurs et de tailles.<\/p>\n<p>Tableau des tailles (ligne directrice en fonction de la taille des enfants par rapport \u00e0 l&rsquo;\u00e2ge)\u00a0:<\/p>\n<p>XXXS (106-112 cm) (4-5 ans)<\/p>\n<p>XXS(112-117 cm) (6-7 ans)<\/p>\n<p>XS (117-122 cm) (8-9 ans)<\/p>\n<p>S (122-130 cm) (9-10 ans)<\/p>\n<\/div>\n<\/div>\n","protected":false},"featured_media":3019,"template":"","meta":[],"product_cat":[199,38],"product_tag":[],"acf":[],"yoast_head":"<!-- This site is optimized with the Yoast SEO plugin v18.5.1 - https:\/\/yoast.com\/wordpress\/plugins\/seo\/ -->\n<title>Mesh protection 3 pack ring hockey \u2013 Rose | Hockey McRoller Shop<\/title>\n<meta name=\"robots\" content=\"index, follow, max-snippet:-1, max-image-preview:large, max-video-preview:-1\" \/>\n<link rel=\"canonical\" href=\"https:\/\/www.mcroller.com\/fr\/tienda\/pack-3-protecciones-hockey-patines-iniciacion-azul-2-2-2-2-6\/\" \/>\n<meta property=\"og:locale\" content=\"fr_FR\" \/>\n<meta property=\"og:type\" content=\"article\" \/>\n<meta property=\"og:title\" content=\"Mesh protection 3 pack ring hockey \u2013 Rose | Hockey McRoller Shop\" \/>\n<meta property=\"og:description\" content=\"Pack de trois protections rink hockey McRoller, fabriqu\u00e9es en Meish.  Comprend des genouill\u00e8res,\u00a0prot\u00e8ge-tibias et des gants.  Genouill\u00e8res et\u00a0prot\u00e8ge-tibias ajustables avec velcro, tr\u00e8s confortables et r\u00e9sistantes, id\u00e9ales pour au rink hockey.  Disponibles dans une large gamme de couleurs et de tailles.  Tableau des tailles (ligne directrice en fonction de la taille des enfants par rapport \u00e0 l&#039;\u00e2ge)\u00a0:  XXXS (106-112 cm) (4-5 ans)  XXS(112-117 cm) (6-7 ans)  XS (117-122 cm) (8-9 ans)  S (122-130 cm) (9-10 ans)\" \/>\n<meta property=\"og:url\" content=\"https:\/\/www.mcroller.com\/fr\/tienda\/pack-3-protecciones-hockey-patines-iniciacion-azul-2-2-2-2-6\/\" \/>\n<meta property=\"og:site_name\" content=\"Hockey McRoller Shop\" \/>\n<meta property=\"article:publisher\" content=\"https:\/\/www.facebook.com\/McRoller-184371304938402\/\" \/>\n<meta property=\"article:modified_time\" content=\"2025-10-18T13:45:26+00:00\" \/>\n<meta property=\"og:image\" content=\"https:\/\/www.mcroller.com\/wp-content\/uploads\/2022\/10\/SET3MESH-SET-PACK-3-PCS-MESH-ROSA-scaled.jpg\" \/>\n\t<meta property=\"og:image:width\" content=\"2560\" \/>\n\t<meta property=\"og:image:height\" content=\"1920\" \/>\n\t<meta property=\"og:image:type\" content=\"image\/jpeg\" \/>\n<meta name=\"twitter:card\" content=\"summary_large_image\" \/>\n<script type=\"application\/ld+json\" class=\"yoast-schema-graph\">{\"@context\":\"https:\/\/schema.org\",\"@graph\":[{\"@type\":\"WebSite\",\"@id\":\"https:\/\/www.mcroller.com\/fr\/#website\",\"url\":\"https:\/\/www.mcroller.com\/fr\/\",\"name\":\"Hockey McRoller Shop\",\"description\":\"\",\"potentialAction\":[{\"@type\":\"SearchAction\",\"target\":{\"@type\":\"EntryPoint\",\"urlTemplate\":\"https:\/\/www.mcroller.com\/fr\/?s={search_term_string}\"},\"query-input\":\"required name=search_term_string\"}],\"inLanguage\":\"fr-FR\"},{\"@type\":\"ImageObject\",\"@id\":\"https:\/\/www.mcroller.com\/fr\/tienda\/pack-3-protecciones-hockey-patines-iniciacion-azul-2-2-2-2-6\/#primaryimage\",\"inLanguage\":\"fr-FR\",\"url\":\"https:\/\/www.mcroller.com\/wp-content\/uploads\/2022\/10\/SET3MESH-SET-PACK-3-PCS-MESH-ROSA-scaled.jpg\",\"contentUrl\":\"https:\/\/www.mcroller.com\/wp-content\/uploads\/2022\/10\/SET3MESH-SET-PACK-3-PCS-MESH-ROSA-scaled.jpg\",\"width\":2560,\"height\":1920},{\"@type\":\"WebPage\",\"@id\":\"https:\/\/www.mcroller.com\/fr\/tienda\/pack-3-protecciones-hockey-patines-iniciacion-azul-2-2-2-2-6\/#webpage\",\"url\":\"https:\/\/www.mcroller.com\/fr\/tienda\/pack-3-protecciones-hockey-patines-iniciacion-azul-2-2-2-2-6\/\",\"name\":\"Mesh protection 3 pack ring hockey \u2013 Rose | Hockey McRoller Shop\",\"isPartOf\":{\"@id\":\"https:\/\/www.mcroller.com\/fr\/#website\"},\"primaryImageOfPage\":{\"@id\":\"https:\/\/www.mcroller.com\/fr\/tienda\/pack-3-protecciones-hockey-patines-iniciacion-azul-2-2-2-2-6\/#primaryimage\"},\"datePublished\":\"2021-09-13T07:28:49+00:00\",\"dateModified\":\"2025-10-18T13:45:26+00:00\",\"breadcrumb\":{\"@id\":\"https:\/\/www.mcroller.com\/fr\/tienda\/pack-3-protecciones-hockey-patines-iniciacion-azul-2-2-2-2-6\/#breadcrumb\"},\"inLanguage\":\"fr-FR\",\"potentialAction\":[{\"@type\":\"ReadAction\",\"target\":[[\"https:\/\/www.mcroller.com\/fr\/tienda\/pack-3-protecciones-hockey-patines-iniciacion-azul-2-2-2-2-6\/\"]]}]},{\"@type\":\"BreadcrumbList\",\"@id\":\"https:\/\/www.mcroller.com\/fr\/tienda\/pack-3-protecciones-hockey-patines-iniciacion-azul-2-2-2-2-6\/#breadcrumb\",\"itemListElement\":[{\"@type\":\"ListItem\",\"position\":1,\"name\":\"Accueil\",\"item\":\"https:\/\/www.mcroller.com\/fr\/\"},{\"@type\":\"ListItem\",\"position\":2,\"name\":\"Homepage\",\"item\":\"https:\/\/www.mcroller.com\/fr\/\"},{\"@type\":\"ListItem\",\"position\":3,\"name\":\"Pack 3 Protecciones Mesh hockey patines Rosa\"}]}]}<\/script>\n<!-- \/ Yoast SEO plugin. -->","yoast_head_json":{"title":"Mesh protection 3 pack ring hockey \u2013 Rose | Hockey McRoller Shop","robots":{"index":"index","follow":"follow","max-snippet":"max-snippet:-1","max-image-preview":"max-image-preview:large","max-video-preview":"max-video-preview:-1"},"canonical":"https:\/\/www.mcroller.com\/fr\/tienda\/pack-3-protecciones-hockey-patines-iniciacion-azul-2-2-2-2-6\/","og_locale":"fr_FR","og_type":"article","og_title":"Mesh protection 3 pack ring hockey \u2013 Rose | Hockey McRoller Shop","og_description":"Pack de trois protections rink hockey McRoller, fabriqu\u00e9es en Meish.  Comprend des genouill\u00e8res,\u00a0prot\u00e8ge-tibias et des gants.  Genouill\u00e8res et\u00a0prot\u00e8ge-tibias ajustables avec velcro, tr\u00e8s confortables et r\u00e9sistantes, id\u00e9ales pour au rink hockey.  Disponibles dans une large gamme de couleurs et de tailles.  Tableau des tailles (ligne directrice en fonction de la taille des enfants par rapport \u00e0 l'\u00e2ge)\u00a0:  XXXS (106-112 cm) (4-5 ans)  XXS(112-117 cm) (6-7 ans)  XS (117-122 cm) (8-9 ans)  S (122-130 cm) (9-10 ans)","og_url":"https:\/\/www.mcroller.com\/fr\/tienda\/pack-3-protecciones-hockey-patines-iniciacion-azul-2-2-2-2-6\/","og_site_name":"Hockey McRoller Shop","article_publisher":"https:\/\/www.facebook.com\/McRoller-184371304938402\/","article_modified_time":"2025-10-18T13:45:26+00:00","og_image":[{"width":2560,"height":1920,"url":"https:\/\/www.mcroller.com\/wp-content\/uploads\/2022\/10\/SET3MESH-SET-PACK-3-PCS-MESH-ROSA-scaled.jpg","type":"image\/jpeg"}],"twitter_card":"summary_large_image","schema":{"@context":"https:\/\/schema.org","@graph":[{"@type":"WebSite","@id":"https:\/\/www.mcroller.com\/fr\/#website","url":"https:\/\/www.mcroller.com\/fr\/","name":"Hockey McRoller Shop","description":"","potentialAction":[{"@type":"SearchAction","target":{"@type":"EntryPoint","urlTemplate":"https:\/\/www.mcroller.com\/fr\/?s={search_term_string}"},"query-input":"required name=search_term_string"}],"inLanguage":"fr-FR"},{"@type":"ImageObject","@id":"https:\/\/www.mcroller.com\/fr\/tienda\/pack-3-protecciones-hockey-patines-iniciacion-azul-2-2-2-2-6\/#primaryimage","inLanguage":"fr-FR","url":"https:\/\/www.mcroller.com\/wp-content\/uploads\/2022\/10\/SET3MESH-SET-PACK-3-PCS-MESH-ROSA-scaled.jpg","contentUrl":"https:\/\/www.mcroller.com\/wp-content\/uploads\/2022\/10\/SET3MESH-SET-PACK-3-PCS-MESH-ROSA-scaled.jpg","width":2560,"height":1920},{"@type":"WebPage","@id":"https:\/\/www.mcroller.com\/fr\/tienda\/pack-3-protecciones-hockey-patines-iniciacion-azul-2-2-2-2-6\/#webpage","url":"https:\/\/www.mcroller.com\/fr\/tienda\/pack-3-protecciones-hockey-patines-iniciacion-azul-2-2-2-2-6\/","name":"Mesh protection 3 pack ring hockey \u2013 Rose | Hockey McRoller Shop","isPartOf":{"@id":"https:\/\/www.mcroller.com\/fr\/#website"},"primaryImageOfPage":{"@id":"https:\/\/www.mcroller.com\/fr\/tienda\/pack-3-protecciones-hockey-patines-iniciacion-azul-2-2-2-2-6\/#primaryimage"},"datePublished":"2021-09-13T07:28:49+00:00","dateModified":"2025-10-18T13:45:26+00:00","breadcrumb":{"@id":"https:\/\/www.mcroller.com\/fr\/tienda\/pack-3-protecciones-hockey-patines-iniciacion-azul-2-2-2-2-6\/#breadcrumb"},"inLanguage":"fr-FR","potentialAction":[{"@type":"ReadAction","target":[["https:\/\/www.mcroller.com\/fr\/tienda\/pack-3-protecciones-hockey-patines-iniciacion-azul-2-2-2-2-6\/"]]}]},{"@type":"BreadcrumbList","@id":"https:\/\/www.mcroller.com\/fr\/tienda\/pack-3-protecciones-hockey-patines-iniciacion-azul-2-2-2-2-6\/#breadcrumb","itemListElement":[{"@type":"ListItem","position":1,"name":"Accueil","item":"https:\/\/www.mcroller.com\/fr\/"},{"@type":"ListItem","position":2,"name":"Homepage","item":"https:\/\/www.mcroller.com\/fr\/"},{"@type":"ListItem","position":3,"name":"Pack 3 Protecciones Mesh hockey patines Rosa"}]}]}},"_links":{"self":[{"href":"https:\/\/www.mcroller.com\/fr\/wp-json\/wp\/v2\/product\/2601"}],"collection":[{"href":"https:\/\/www.mcroller.com\/fr\/wp-json\/wp\/v2\/product"}],"about":[{"href":"https:\/\/www.mcroller.com\/fr\/wp-json\/wp\/v2\/types\/product"}],"wp:featuredmedia":[{"embeddable":true,"href":"https:\/\/www.mcroller.com\/fr\/wp-json\/wp\/v2\/media\/3019"}],"wp:attachment":[{"href":"https:\/\/www.mcroller.com\/fr\/wp-json\/wp\/v2\/media?parent=2601"}],"wp:term":[{"taxonomy":"product_cat","embeddable":true,"href":"https:\/\/www.mcroller.com\/fr\/wp-json\/wp\/v2\/product_cat?post=2601"},{"taxonomy":"product_tag","embeddable":true,"href":"https:\/\/www.mcroller.com\/fr\/wp-json\/wp\/v2\/product_tag?post=2601"}],"curies":[{"name":"wp","href":"https:\/\/api.w.org\/{rel}","templated":true}]}}