{"id":2879,"date":"2022-04-20T14:58:32","date_gmt":"2022-04-20T14:58:32","guid":{"rendered":"https:\/\/www.mcroller.com\/es\/?post_type=product&#038;p=2879"},"modified":"2026-01-07T20:32:33","modified_gmt":"2026-01-07T20:32:33","slug":"rink-hockey-trolley-bag-70-cm-3-departments","status":"publish","type":"product","link":"https:\/\/www.mcroller.com\/fr\/magasin\/sac-trolley-joueur-rink-hockey-70-cm\/","title":{"rendered":"SAC TROLLEY JOUEUR RINK HOCKEY 70 CM"},"content":{"rendered":"","protected":false},"excerpt":{"rendered":"<p>Super pour casque.<\/p>\n<p>Sac trolley de joueur de rink hockey <span style=\"display: inline !important; float: none; background-color: transparent; color: #333333; cursor: text; font-family: 'Libre Franklin','Helvetica Neue',helvetica,arial,sans-serif; font-size: 16px; font-style: normal; font-variant: normal; font-weight: 400; letter-spacing: normal; line-height: 26.56px; orphans: 2; text-align: left; text-decoration: none; text-indent: 0px; text-transform: none; -webkit-text-stroke-width: 0px; white-space: normal; word-spacing: 0px;\">McRoller <\/span>, fabriqu\u00e9 avec le meilleur polyester.<\/p>\n<p>Con\u00e7u avec de grandes roulettes r\u00e9sistantes et des coutures de haute qualit\u00e9, ce qui le rend tr\u00e8s r\u00e9sistant \u00e0 l\u2019usage quotidien.<\/p>\n<p>Mod\u00e8le de 70 cm avec 3 compartiments.<\/p>\n<p>Mesures 70 cm hateur x 33 cm largeur x 40 cm profondeur<\/p>\n<p>Manche t\u00e9lescopique 38 cm<\/p>\n<p>Capacit\u00e9 92,4 L<\/p>\n","protected":false},"featured_media":2817,"template":"","meta":[],"product_cat":[38,146],"product_tag":[],"acf":[],"yoast_head":"<!-- This site is optimized with the Yoast SEO plugin v18.5.1 - https:\/\/yoast.com\/wordpress\/plugins\/seo\/ -->\n<title>SAC TROLLEY JOUEUR RINK HOCKEY 70 CM | Hockey McRoller Shop<\/title>\n<meta name=\"robots\" content=\"index, follow, max-snippet:-1, max-image-preview:large, max-video-preview:-1\" \/>\n<link rel=\"canonical\" href=\"https:\/\/www.mcroller.com\/fr\/tienda\/trolley-jugador-70-cms-3-compartimentos\/\" \/>\n<meta property=\"og:locale\" content=\"fr_FR\" \/>\n<meta property=\"og:type\" content=\"article\" \/>\n<meta property=\"og:title\" content=\"SAC TROLLEY JOUEUR RINK HOCKEY 70 CM | Hockey McRoller Shop\" \/>\n<meta property=\"og:description\" content=\"Super pour casque.  Sac trolley de joueur de rink hockey McRoller , fabriqu\u00e9 avec le meilleur polyester.  Con\u00e7u avec de grandes roulettes r\u00e9sistantes et des coutures de haute qualit\u00e9, ce qui le rend tr\u00e8s r\u00e9sistant \u00e0 l\u2019usage quotidien.  Mod\u00e8le de 70 cm avec 3 compartiments.  Mesures 70 cm hateur x 33 cm largeur x 40 cm profondeur  Manche t\u00e9lescopique 38 cm  Capacit\u00e9 92,4 L\" \/>\n<meta property=\"og:url\" content=\"https:\/\/www.mcroller.com\/fr\/tienda\/trolley-jugador-70-cms-3-compartimentos\/\" \/>\n<meta property=\"og:site_name\" content=\"Hockey McRoller Shop\" \/>\n<meta property=\"article:publisher\" content=\"https:\/\/www.facebook.com\/McRoller-184371304938402\/\" \/>\n<meta property=\"article:modified_time\" content=\"2026-01-07T20:32:33+00:00\" \/>\n<meta property=\"og:image\" content=\"https:\/\/www.mcroller.com\/wp-content\/uploads\/2022\/02\/TRJ70CMBLACK3C-3.jpg\" \/>\n\t<meta property=\"og:image:width\" content=\"1417\" \/>\n\t<meta property=\"og:image:height\" content=\"1063\" \/>\n\t<meta property=\"og:image:type\" content=\"image\/jpeg\" \/>\n<meta name=\"twitter:card\" content=\"summary_large_image\" \/>\n<script type=\"application\/ld+json\" class=\"yoast-schema-graph\">{\"@context\":\"https:\/\/schema.org\",\"@graph\":[{\"@type\":\"WebSite\",\"@id\":\"https:\/\/www.mcroller.com\/fr\/#website\",\"url\":\"https:\/\/www.mcroller.com\/fr\/\",\"name\":\"Hockey McRoller Shop\",\"description\":\"\",\"potentialAction\":[{\"@type\":\"SearchAction\",\"target\":{\"@type\":\"EntryPoint\",\"urlTemplate\":\"https:\/\/www.mcroller.com\/fr\/?s={search_term_string}\"},\"query-input\":\"required name=search_term_string\"}],\"inLanguage\":\"fr-FR\"},{\"@type\":\"ImageObject\",\"@id\":\"https:\/\/www.mcroller.com\/fr\/tienda\/trolley-jugador-70-cms-3-compartimentos\/#primaryimage\",\"inLanguage\":\"fr-FR\",\"url\":\"https:\/\/www.mcroller.com\/wp-content\/uploads\/2022\/02\/TRJ70CMBLACK3C-3.jpg\",\"contentUrl\":\"https:\/\/www.mcroller.com\/wp-content\/uploads\/2022\/02\/TRJ70CMBLACK3C-3.jpg\",\"width\":1417,\"height\":1063},{\"@type\":\"WebPage\",\"@id\":\"https:\/\/www.mcroller.com\/fr\/tienda\/trolley-jugador-70-cms-3-compartimentos\/#webpage\",\"url\":\"https:\/\/www.mcroller.com\/fr\/tienda\/trolley-jugador-70-cms-3-compartimentos\/\",\"name\":\"SAC TROLLEY JOUEUR RINK HOCKEY 70 CM | Hockey McRoller Shop\",\"isPartOf\":{\"@id\":\"https:\/\/www.mcroller.com\/fr\/#website\"},\"primaryImageOfPage\":{\"@id\":\"https:\/\/www.mcroller.com\/fr\/tienda\/trolley-jugador-70-cms-3-compartimentos\/#primaryimage\"},\"datePublished\":\"2022-04-20T14:58:32+00:00\",\"dateModified\":\"2026-01-07T20:32:33+00:00\",\"breadcrumb\":{\"@id\":\"https:\/\/www.mcroller.com\/fr\/tienda\/trolley-jugador-70-cms-3-compartimentos\/#breadcrumb\"},\"inLanguage\":\"fr-FR\",\"potentialAction\":[{\"@type\":\"ReadAction\",\"target\":[[\"https:\/\/www.mcroller.com\/fr\/tienda\/trolley-jugador-70-cms-3-compartimentos\/\"]]}]},{\"@type\":\"BreadcrumbList\",\"@id\":\"https:\/\/www.mcroller.com\/fr\/tienda\/trolley-jugador-70-cms-3-compartimentos\/#breadcrumb\",\"itemListElement\":[{\"@type\":\"ListItem\",\"position\":1,\"name\":\"Accueil\",\"item\":\"https:\/\/www.mcroller.com\/fr\/\"},{\"@type\":\"ListItem\",\"position\":2,\"name\":\"Homepage\",\"item\":\"https:\/\/www.mcroller.com\/fr\/\"},{\"@type\":\"ListItem\",\"position\":3,\"name\":\"TROLLEY JUGADOR 70 CMS 3 COMPARTIMENTOS\"}]}]}<\/script>\n<!-- \/ Yoast SEO plugin. -->","yoast_head_json":{"title":"SAC TROLLEY JOUEUR RINK HOCKEY 70 CM | Hockey McRoller Shop","robots":{"index":"index","follow":"follow","max-snippet":"max-snippet:-1","max-image-preview":"max-image-preview:large","max-video-preview":"max-video-preview:-1"},"canonical":"https:\/\/www.mcroller.com\/fr\/tienda\/trolley-jugador-70-cms-3-compartimentos\/","og_locale":"fr_FR","og_type":"article","og_title":"SAC TROLLEY JOUEUR RINK HOCKEY 70 CM | Hockey McRoller Shop","og_description":"Super pour casque.  Sac trolley de joueur de rink hockey McRoller , fabriqu\u00e9 avec le meilleur polyester.  Con\u00e7u avec de grandes roulettes r\u00e9sistantes et des coutures de haute qualit\u00e9, ce qui le rend tr\u00e8s r\u00e9sistant \u00e0 l\u2019usage quotidien.  Mod\u00e8le de 70 cm avec 3 compartiments.  Mesures 70 cm hateur x 33 cm largeur x 40 cm profondeur  Manche t\u00e9lescopique 38 cm  Capacit\u00e9 92,4 L","og_url":"https:\/\/www.mcroller.com\/fr\/tienda\/trolley-jugador-70-cms-3-compartimentos\/","og_site_name":"Hockey McRoller Shop","article_publisher":"https:\/\/www.facebook.com\/McRoller-184371304938402\/","article_modified_time":"2026-01-07T20:32:33+00:00","og_image":[{"width":1417,"height":1063,"url":"https:\/\/www.mcroller.com\/wp-content\/uploads\/2022\/02\/TRJ70CMBLACK3C-3.jpg","type":"image\/jpeg"}],"twitter_card":"summary_large_image","schema":{"@context":"https:\/\/schema.org","@graph":[{"@type":"WebSite","@id":"https:\/\/www.mcroller.com\/fr\/#website","url":"https:\/\/www.mcroller.com\/fr\/","name":"Hockey McRoller Shop","description":"","potentialAction":[{"@type":"SearchAction","target":{"@type":"EntryPoint","urlTemplate":"https:\/\/www.mcroller.com\/fr\/?s={search_term_string}"},"query-input":"required name=search_term_string"}],"inLanguage":"fr-FR"},{"@type":"ImageObject","@id":"https:\/\/www.mcroller.com\/fr\/tienda\/trolley-jugador-70-cms-3-compartimentos\/#primaryimage","inLanguage":"fr-FR","url":"https:\/\/www.mcroller.com\/wp-content\/uploads\/2022\/02\/TRJ70CMBLACK3C-3.jpg","contentUrl":"https:\/\/www.mcroller.com\/wp-content\/uploads\/2022\/02\/TRJ70CMBLACK3C-3.jpg","width":1417,"height":1063},{"@type":"WebPage","@id":"https:\/\/www.mcroller.com\/fr\/tienda\/trolley-jugador-70-cms-3-compartimentos\/#webpage","url":"https:\/\/www.mcroller.com\/fr\/tienda\/trolley-jugador-70-cms-3-compartimentos\/","name":"SAC TROLLEY JOUEUR RINK HOCKEY 70 CM | Hockey McRoller Shop","isPartOf":{"@id":"https:\/\/www.mcroller.com\/fr\/#website"},"primaryImageOfPage":{"@id":"https:\/\/www.mcroller.com\/fr\/tienda\/trolley-jugador-70-cms-3-compartimentos\/#primaryimage"},"datePublished":"2022-04-20T14:58:32+00:00","dateModified":"2026-01-07T20:32:33+00:00","breadcrumb":{"@id":"https:\/\/www.mcroller.com\/fr\/tienda\/trolley-jugador-70-cms-3-compartimentos\/#breadcrumb"},"inLanguage":"fr-FR","potentialAction":[{"@type":"ReadAction","target":[["https:\/\/www.mcroller.com\/fr\/tienda\/trolley-jugador-70-cms-3-compartimentos\/"]]}]},{"@type":"BreadcrumbList","@id":"https:\/\/www.mcroller.com\/fr\/tienda\/trolley-jugador-70-cms-3-compartimentos\/#breadcrumb","itemListElement":[{"@type":"ListItem","position":1,"name":"Accueil","item":"https:\/\/www.mcroller.com\/fr\/"},{"@type":"ListItem","position":2,"name":"Homepage","item":"https:\/\/www.mcroller.com\/fr\/"},{"@type":"ListItem","position":3,"name":"TROLLEY JUGADOR 70 CMS 3 COMPARTIMENTOS"}]}]}},"_links":{"self":[{"href":"https:\/\/www.mcroller.com\/fr\/wp-json\/wp\/v2\/product\/2879"}],"collection":[{"href":"https:\/\/www.mcroller.com\/fr\/wp-json\/wp\/v2\/product"}],"about":[{"href":"https:\/\/www.mcroller.com\/fr\/wp-json\/wp\/v2\/types\/product"}],"wp:featuredmedia":[{"embeddable":true,"href":"https:\/\/www.mcroller.com\/fr\/wp-json\/wp\/v2\/media\/2817"}],"wp:attachment":[{"href":"https:\/\/www.mcroller.com\/fr\/wp-json\/wp\/v2\/media?parent=2879"}],"wp:term":[{"taxonomy":"product_cat","embeddable":true,"href":"https:\/\/www.mcroller.com\/fr\/wp-json\/wp\/v2\/product_cat?post=2879"},{"taxonomy":"product_tag","embeddable":true,"href":"https:\/\/www.mcroller.com\/fr\/wp-json\/wp\/v2\/product_tag?post=2879"}],"curies":[{"name":"wp","href":"https:\/\/api.w.org\/{rel}","templated":true}]}}