{"id":3209,"date":"2022-11-07T10:09:21","date_gmt":"2022-11-07T10:09:21","guid":{"rendered":"https:\/\/www.mcroller.com\/es\/?post_type=product&#038;p=3209"},"modified":"2024-09-04T11:57:25","modified_gmt":"2024-09-04T11:57:25","slug":"junior-hockey-boot-red-black-copia","status":"publish","type":"product","link":"https:\/\/www.mcroller.com\/fr\/magasin\/botte-de-hockey-junior-raya-3-3-2\/","title":{"rendered":"Botte de hockey junior Green-Black"},"content":{"rendered":"<p><img loading=\"lazy\" class=\"alignnone wp-image-3091 size-medium\" src=\"https:\/\/www.mcroller.com\/wp-content\/uploads\/2022\/10\/IMG_8139-300x234.jpg\" alt=\"\" width=\"300\" height=\"234\" srcset=\"https:\/\/www.mcroller.com\/wp-content\/uploads\/2022\/10\/IMG_8139-300x234.jpg 300w, https:\/\/www.mcroller.com\/wp-content\/uploads\/2022\/10\/IMG_8139-1024x800.jpg 1024w, https:\/\/www.mcroller.com\/wp-content\/uploads\/2022\/10\/IMG_8139-768x600.jpg 768w, https:\/\/www.mcroller.com\/wp-content\/uploads\/2022\/10\/IMG_8139-550x429.jpg 550w, https:\/\/www.mcroller.com\/wp-content\/uploads\/2022\/10\/IMG_8139-350x273.jpg 350w, https:\/\/www.mcroller.com\/wp-content\/uploads\/2022\/10\/IMG_8139.jpg 1182w\" sizes=\"(max-width: 300px) 100vw, 300px\" \/><\/p>\n","protected":false},"excerpt":{"rendered":"<p>Bottes de rink hockey\u00a0 junior Green-Black.<\/p>\n<p>Tr\u00e8s confortables et avec bout renforc\u00e9. Finitions r\u00e9sistantes et de grande qualit\u00e9.<\/p>\n<p>Disponibles en plusieurs couleurs et pointures.<\/p>\n","protected":false},"featured_media":3091,"template":"","meta":[],"product_cat":[38,132],"product_tag":[],"acf":[],"yoast_head":"<!-- This site is optimized with the Yoast SEO plugin v18.5.1 - https:\/\/yoast.com\/wordpress\/plugins\/seo\/ -->\n<title>Botte de hockey junior Green-Black | Hockey McRoller Shop<\/title>\n<meta name=\"robots\" content=\"index, follow, max-snippet:-1, max-image-preview:large, max-video-preview:-1\" \/>\n<link rel=\"canonical\" href=\"https:\/\/www.mcroller.com\/fr\/tienda\/bota-hockey-junior-raya-3-3-2\/\" \/>\n<meta property=\"og:locale\" content=\"fr_FR\" \/>\n<meta property=\"og:type\" content=\"article\" \/>\n<meta property=\"og:title\" content=\"Botte de hockey junior Green-Black | Hockey McRoller Shop\" \/>\n<meta property=\"og:description\" content=\"Bottes de rink hockey\u00a0 junior Green-Black.  Tr\u00e8s confortables et avec bout renforc\u00e9. Finitions r\u00e9sistantes et de grande qualit\u00e9.  Disponibles en plusieurs couleurs et pointures.\" \/>\n<meta property=\"og:url\" content=\"https:\/\/www.mcroller.com\/fr\/tienda\/bota-hockey-junior-raya-3-3-2\/\" \/>\n<meta property=\"og:site_name\" content=\"Hockey McRoller Shop\" \/>\n<meta property=\"article:publisher\" content=\"https:\/\/www.facebook.com\/McRoller-184371304938402\/\" \/>\n<meta property=\"article:modified_time\" content=\"2024-09-04T11:57:25+00:00\" \/>\n<meta property=\"og:image\" content=\"https:\/\/www.mcroller.com\/wp-content\/uploads\/2022\/10\/IMG_8139.jpg\" \/>\n\t<meta property=\"og:image:width\" content=\"1182\" \/>\n\t<meta property=\"og:image:height\" content=\"923\" \/>\n\t<meta property=\"og:image:type\" content=\"image\/jpeg\" \/>\n<meta name=\"twitter:card\" content=\"summary_large_image\" \/>\n<meta name=\"twitter:label1\" content=\"Dur\u00e9e de lecture estim\u00e9e\" \/>\n\t<meta name=\"twitter:data1\" content=\"1 minute\" \/>\n<script type=\"application\/ld+json\" class=\"yoast-schema-graph\">{\"@context\":\"https:\/\/schema.org\",\"@graph\":[{\"@type\":\"WebSite\",\"@id\":\"https:\/\/www.mcroller.com\/fr\/#website\",\"url\":\"https:\/\/www.mcroller.com\/fr\/\",\"name\":\"Hockey McRoller Shop\",\"description\":\"\",\"potentialAction\":[{\"@type\":\"SearchAction\",\"target\":{\"@type\":\"EntryPoint\",\"urlTemplate\":\"https:\/\/www.mcroller.com\/fr\/?s={search_term_string}\"},\"query-input\":\"required name=search_term_string\"}],\"inLanguage\":\"fr-FR\"},{\"@type\":\"ImageObject\",\"@id\":\"https:\/\/www.mcroller.com\/fr\/tienda\/bota-hockey-junior-raya-3-3-2\/#primaryimage\",\"inLanguage\":\"fr-FR\",\"url\":\"https:\/\/www.mcroller.com\/wp-content\/uploads\/2022\/10\/IMG_8139.jpg\",\"contentUrl\":\"https:\/\/www.mcroller.com\/wp-content\/uploads\/2022\/10\/IMG_8139.jpg\",\"width\":1182,\"height\":923},{\"@type\":\"WebPage\",\"@id\":\"https:\/\/www.mcroller.com\/fr\/tienda\/bota-hockey-junior-raya-3-3-2\/#webpage\",\"url\":\"https:\/\/www.mcroller.com\/fr\/tienda\/bota-hockey-junior-raya-3-3-2\/\",\"name\":\"Botte de hockey junior Green-Black | Hockey McRoller Shop\",\"isPartOf\":{\"@id\":\"https:\/\/www.mcroller.com\/fr\/#website\"},\"primaryImageOfPage\":{\"@id\":\"https:\/\/www.mcroller.com\/fr\/tienda\/bota-hockey-junior-raya-3-3-2\/#primaryimage\"},\"datePublished\":\"2022-11-07T10:09:21+00:00\",\"dateModified\":\"2024-09-04T11:57:25+00:00\",\"breadcrumb\":{\"@id\":\"https:\/\/www.mcroller.com\/fr\/tienda\/bota-hockey-junior-raya-3-3-2\/#breadcrumb\"},\"inLanguage\":\"fr-FR\",\"potentialAction\":[{\"@type\":\"ReadAction\",\"target\":[[\"https:\/\/www.mcroller.com\/fr\/tienda\/bota-hockey-junior-raya-3-3-2\/\"]]}]},{\"@type\":\"BreadcrumbList\",\"@id\":\"https:\/\/www.mcroller.com\/fr\/tienda\/bota-hockey-junior-raya-3-3-2\/#breadcrumb\",\"itemListElement\":[{\"@type\":\"ListItem\",\"position\":1,\"name\":\"Accueil\",\"item\":\"https:\/\/www.mcroller.com\/fr\/\"},{\"@type\":\"ListItem\",\"position\":2,\"name\":\"Homepage\",\"item\":\"https:\/\/www.mcroller.com\/fr\/\"},{\"@type\":\"ListItem\",\"position\":3,\"name\":\"Bota hockey Junior Verde-Negro\"}]}]}<\/script>\n<!-- \/ Yoast SEO plugin. -->","yoast_head_json":{"title":"Botte de hockey junior Green-Black | Hockey McRoller Shop","robots":{"index":"index","follow":"follow","max-snippet":"max-snippet:-1","max-image-preview":"max-image-preview:large","max-video-preview":"max-video-preview:-1"},"canonical":"https:\/\/www.mcroller.com\/fr\/tienda\/bota-hockey-junior-raya-3-3-2\/","og_locale":"fr_FR","og_type":"article","og_title":"Botte de hockey junior Green-Black | Hockey McRoller Shop","og_description":"Bottes de rink hockey\u00a0 junior Green-Black.  Tr\u00e8s confortables et avec bout renforc\u00e9. Finitions r\u00e9sistantes et de grande qualit\u00e9.  Disponibles en plusieurs couleurs et pointures.","og_url":"https:\/\/www.mcroller.com\/fr\/tienda\/bota-hockey-junior-raya-3-3-2\/","og_site_name":"Hockey McRoller Shop","article_publisher":"https:\/\/www.facebook.com\/McRoller-184371304938402\/","article_modified_time":"2024-09-04T11:57:25+00:00","og_image":[{"width":1182,"height":923,"url":"https:\/\/www.mcroller.com\/wp-content\/uploads\/2022\/10\/IMG_8139.jpg","type":"image\/jpeg"}],"twitter_card":"summary_large_image","twitter_misc":{"Dur\u00e9e de lecture estim\u00e9e":"1 minute"},"schema":{"@context":"https:\/\/schema.org","@graph":[{"@type":"WebSite","@id":"https:\/\/www.mcroller.com\/fr\/#website","url":"https:\/\/www.mcroller.com\/fr\/","name":"Hockey McRoller Shop","description":"","potentialAction":[{"@type":"SearchAction","target":{"@type":"EntryPoint","urlTemplate":"https:\/\/www.mcroller.com\/fr\/?s={search_term_string}"},"query-input":"required name=search_term_string"}],"inLanguage":"fr-FR"},{"@type":"ImageObject","@id":"https:\/\/www.mcroller.com\/fr\/tienda\/bota-hockey-junior-raya-3-3-2\/#primaryimage","inLanguage":"fr-FR","url":"https:\/\/www.mcroller.com\/wp-content\/uploads\/2022\/10\/IMG_8139.jpg","contentUrl":"https:\/\/www.mcroller.com\/wp-content\/uploads\/2022\/10\/IMG_8139.jpg","width":1182,"height":923},{"@type":"WebPage","@id":"https:\/\/www.mcroller.com\/fr\/tienda\/bota-hockey-junior-raya-3-3-2\/#webpage","url":"https:\/\/www.mcroller.com\/fr\/tienda\/bota-hockey-junior-raya-3-3-2\/","name":"Botte de hockey junior Green-Black | Hockey McRoller Shop","isPartOf":{"@id":"https:\/\/www.mcroller.com\/fr\/#website"},"primaryImageOfPage":{"@id":"https:\/\/www.mcroller.com\/fr\/tienda\/bota-hockey-junior-raya-3-3-2\/#primaryimage"},"datePublished":"2022-11-07T10:09:21+00:00","dateModified":"2024-09-04T11:57:25+00:00","breadcrumb":{"@id":"https:\/\/www.mcroller.com\/fr\/tienda\/bota-hockey-junior-raya-3-3-2\/#breadcrumb"},"inLanguage":"fr-FR","potentialAction":[{"@type":"ReadAction","target":[["https:\/\/www.mcroller.com\/fr\/tienda\/bota-hockey-junior-raya-3-3-2\/"]]}]},{"@type":"BreadcrumbList","@id":"https:\/\/www.mcroller.com\/fr\/tienda\/bota-hockey-junior-raya-3-3-2\/#breadcrumb","itemListElement":[{"@type":"ListItem","position":1,"name":"Accueil","item":"https:\/\/www.mcroller.com\/fr\/"},{"@type":"ListItem","position":2,"name":"Homepage","item":"https:\/\/www.mcroller.com\/fr\/"},{"@type":"ListItem","position":3,"name":"Bota hockey Junior Verde-Negro"}]}]}},"_links":{"self":[{"href":"https:\/\/www.mcroller.com\/fr\/wp-json\/wp\/v2\/product\/3209"}],"collection":[{"href":"https:\/\/www.mcroller.com\/fr\/wp-json\/wp\/v2\/product"}],"about":[{"href":"https:\/\/www.mcroller.com\/fr\/wp-json\/wp\/v2\/types\/product"}],"wp:featuredmedia":[{"embeddable":true,"href":"https:\/\/www.mcroller.com\/fr\/wp-json\/wp\/v2\/media\/3091"}],"wp:attachment":[{"href":"https:\/\/www.mcroller.com\/fr\/wp-json\/wp\/v2\/media?parent=3209"}],"wp:term":[{"taxonomy":"product_cat","embeddable":true,"href":"https:\/\/www.mcroller.com\/fr\/wp-json\/wp\/v2\/product_cat?post=3209"},{"taxonomy":"product_tag","embeddable":true,"href":"https:\/\/www.mcroller.com\/fr\/wp-json\/wp\/v2\/product_tag?post=3209"}],"curies":[{"name":"wp","href":"https:\/\/api.w.org\/{rel}","templated":true}]}}