{"id":407,"date":"2017-10-24T16:49:13","date_gmt":"2017-10-24T16:49:13","guid":{"rendered":"https:\/\/www.mcroller.com\/?post_type=product&#038;p=407"},"modified":"2026-01-31T21:30:31","modified_gmt":"2026-01-31T21:30:31","slug":"mcroller-sticks-junior-madera-natural","status":"publish","type":"product","link":"https:\/\/www.mcroller.com\/fr\/magasin\/crosses-rink-hockey-junior\/","title":{"rendered":"Crosses Rink Hockey Junior McRoller"},"content":{"rendered":"<p><img loading=\"lazy\" class=\"alignnone size-medium wp-image-5107\" src=\"https:\/\/www.mcroller.com\/wp-content\/uploads\/2025\/09\/stick-mcroller-azul-219x300.jpg\" alt=\"\" width=\"219\" height=\"300\" srcset=\"https:\/\/www.mcroller.com\/wp-content\/uploads\/2025\/09\/stick-mcroller-azul-219x300.jpg 219w, https:\/\/www.mcroller.com\/wp-content\/uploads\/2025\/09\/stick-mcroller-azul-747x1024.jpg 747w, https:\/\/www.mcroller.com\/wp-content\/uploads\/2025\/09\/stick-mcroller-azul-768x1052.jpg 768w, https:\/\/www.mcroller.com\/wp-content\/uploads\/2025\/09\/stick-mcroller-azul-401x550.jpg 401w, https:\/\/www.mcroller.com\/wp-content\/uploads\/2025\/09\/stick-mcroller-azul-350x480.jpg 350w, https:\/\/www.mcroller.com\/wp-content\/uploads\/2025\/09\/stick-mcroller-azul.jpg 864w\" sizes=\"(max-width: 219px) 100vw, 219px\" \/><\/p>","protected":false},"excerpt":{"rendered":"<p>Crosse de roller hockey McRoller pour d\u00e9butants, fabriqu\u00e9e en bois de h\u00eatre et de fr\u00eane.<\/p>\n<p>L\u00e9g\u00e8re et agr\u00e9able au toucher.<\/p>\n<p>Con\u00e7ue pour les d\u00e9butants en roller hockey.<\/p>\n<p>Disponible en tailles 90 cm et 102 cm.<\/p>\n<p>Disponible en plusieurs coloris.<\/p>\n","protected":false},"featured_media":5107,"template":"","meta":[],"product_cat":[38,28,29,57],"product_tag":[],"acf":[],"yoast_head":"<!-- This site is optimized with the Yoast SEO plugin v18.5.1 - https:\/\/yoast.com\/wordpress\/plugins\/seo\/ -->\n<title>Crosses Rink Hockey Junior McRoller | Hockey McRoller Shop<\/title>\n<meta name=\"robots\" content=\"index, follow, max-snippet:-1, max-image-preview:large, max-video-preview:-1\" \/>\n<link rel=\"canonical\" href=\"https:\/\/www.mcroller.com\/fr\/tienda\/mcroller-sticks-junior\/\" \/>\n<meta property=\"og:locale\" content=\"fr_FR\" \/>\n<meta property=\"og:type\" content=\"article\" \/>\n<meta property=\"og:title\" content=\"Crosses Rink Hockey Junior McRoller | Hockey McRoller Shop\" \/>\n<meta property=\"og:description\" content=\"Crosse de roller hockey McRoller pour d\u00e9butants, fabriqu\u00e9e en bois de h\u00eatre et de fr\u00eane.  L\u00e9g\u00e8re et agr\u00e9able au toucher.  Con\u00e7ue pour les d\u00e9butants en roller hockey.  Disponible en tailles 90 cm et 102 cm.  Disponible en plusieurs coloris.\" \/>\n<meta property=\"og:url\" content=\"https:\/\/www.mcroller.com\/fr\/tienda\/mcroller-sticks-junior\/\" \/>\n<meta property=\"og:site_name\" content=\"Hockey McRoller Shop\" \/>\n<meta property=\"article:publisher\" content=\"https:\/\/www.facebook.com\/McRoller-184371304938402\/\" \/>\n<meta property=\"article:modified_time\" content=\"2026-01-31T21:30:31+00:00\" \/>\n<meta property=\"og:image\" content=\"https:\/\/www.mcroller.com\/wp-content\/uploads\/2025\/09\/stick-mcroller-azul.jpg\" \/>\n\t<meta property=\"og:image:width\" content=\"864\" \/>\n\t<meta property=\"og:image:height\" content=\"1184\" \/>\n\t<meta property=\"og:image:type\" content=\"image\/jpeg\" \/>\n<meta name=\"twitter:card\" content=\"summary_large_image\" \/>\n<script type=\"application\/ld+json\" class=\"yoast-schema-graph\">{\"@context\":\"https:\/\/schema.org\",\"@graph\":[{\"@type\":\"WebSite\",\"@id\":\"https:\/\/www.mcroller.com\/fr\/#website\",\"url\":\"https:\/\/www.mcroller.com\/fr\/\",\"name\":\"Hockey McRoller Shop\",\"description\":\"\",\"potentialAction\":[{\"@type\":\"SearchAction\",\"target\":{\"@type\":\"EntryPoint\",\"urlTemplate\":\"https:\/\/www.mcroller.com\/fr\/?s={search_term_string}\"},\"query-input\":\"required name=search_term_string\"}],\"inLanguage\":\"fr-FR\"},{\"@type\":\"ImageObject\",\"@id\":\"https:\/\/www.mcroller.com\/fr\/tienda\/mcroller-sticks-junior\/#primaryimage\",\"inLanguage\":\"fr-FR\",\"url\":\"https:\/\/www.mcroller.com\/wp-content\/uploads\/2025\/09\/stick-mcroller-azul.jpg\",\"contentUrl\":\"https:\/\/www.mcroller.com\/wp-content\/uploads\/2025\/09\/stick-mcroller-azul.jpg\",\"width\":864,\"height\":1184},{\"@type\":\"WebPage\",\"@id\":\"https:\/\/www.mcroller.com\/fr\/tienda\/mcroller-sticks-junior\/#webpage\",\"url\":\"https:\/\/www.mcroller.com\/fr\/tienda\/mcroller-sticks-junior\/\",\"name\":\"Crosses Rink Hockey Junior McRoller | Hockey McRoller Shop\",\"isPartOf\":{\"@id\":\"https:\/\/www.mcroller.com\/fr\/#website\"},\"primaryImageOfPage\":{\"@id\":\"https:\/\/www.mcroller.com\/fr\/tienda\/mcroller-sticks-junior\/#primaryimage\"},\"datePublished\":\"2017-10-24T16:49:13+00:00\",\"dateModified\":\"2026-01-31T21:30:31+00:00\",\"breadcrumb\":{\"@id\":\"https:\/\/www.mcroller.com\/fr\/tienda\/mcroller-sticks-junior\/#breadcrumb\"},\"inLanguage\":\"fr-FR\",\"potentialAction\":[{\"@type\":\"ReadAction\",\"target\":[[\"https:\/\/www.mcroller.com\/fr\/tienda\/mcroller-sticks-junior\/\"]]}]},{\"@type\":\"BreadcrumbList\",\"@id\":\"https:\/\/www.mcroller.com\/fr\/tienda\/mcroller-sticks-junior\/#breadcrumb\",\"itemListElement\":[{\"@type\":\"ListItem\",\"position\":1,\"name\":\"Accueil\",\"item\":\"https:\/\/www.mcroller.com\/fr\/\"},{\"@type\":\"ListItem\",\"position\":2,\"name\":\"Homepage\",\"item\":\"https:\/\/www.mcroller.com\/fr\/\"},{\"@type\":\"ListItem\",\"position\":3,\"name\":\"Sticks Hockey Patines Junior McRoller\"}]}]}<\/script>\n<!-- \/ Yoast SEO plugin. -->","yoast_head_json":{"title":"Crosses Rink Hockey Junior McRoller | Hockey McRoller Shop","robots":{"index":"index","follow":"follow","max-snippet":"max-snippet:-1","max-image-preview":"max-image-preview:large","max-video-preview":"max-video-preview:-1"},"canonical":"https:\/\/www.mcroller.com\/fr\/tienda\/mcroller-sticks-junior\/","og_locale":"fr_FR","og_type":"article","og_title":"Crosses Rink Hockey Junior McRoller | Hockey McRoller Shop","og_description":"Crosse de roller hockey McRoller pour d\u00e9butants, fabriqu\u00e9e en bois de h\u00eatre et de fr\u00eane.  L\u00e9g\u00e8re et agr\u00e9able au toucher.  Con\u00e7ue pour les d\u00e9butants en roller hockey.  Disponible en tailles 90 cm et 102 cm.  Disponible en plusieurs coloris.","og_url":"https:\/\/www.mcroller.com\/fr\/tienda\/mcroller-sticks-junior\/","og_site_name":"Hockey McRoller Shop","article_publisher":"https:\/\/www.facebook.com\/McRoller-184371304938402\/","article_modified_time":"2026-01-31T21:30:31+00:00","og_image":[{"width":864,"height":1184,"url":"https:\/\/www.mcroller.com\/wp-content\/uploads\/2025\/09\/stick-mcroller-azul.jpg","type":"image\/jpeg"}],"twitter_card":"summary_large_image","schema":{"@context":"https:\/\/schema.org","@graph":[{"@type":"WebSite","@id":"https:\/\/www.mcroller.com\/fr\/#website","url":"https:\/\/www.mcroller.com\/fr\/","name":"Hockey McRoller Shop","description":"","potentialAction":[{"@type":"SearchAction","target":{"@type":"EntryPoint","urlTemplate":"https:\/\/www.mcroller.com\/fr\/?s={search_term_string}"},"query-input":"required name=search_term_string"}],"inLanguage":"fr-FR"},{"@type":"ImageObject","@id":"https:\/\/www.mcroller.com\/fr\/tienda\/mcroller-sticks-junior\/#primaryimage","inLanguage":"fr-FR","url":"https:\/\/www.mcroller.com\/wp-content\/uploads\/2025\/09\/stick-mcroller-azul.jpg","contentUrl":"https:\/\/www.mcroller.com\/wp-content\/uploads\/2025\/09\/stick-mcroller-azul.jpg","width":864,"height":1184},{"@type":"WebPage","@id":"https:\/\/www.mcroller.com\/fr\/tienda\/mcroller-sticks-junior\/#webpage","url":"https:\/\/www.mcroller.com\/fr\/tienda\/mcroller-sticks-junior\/","name":"Crosses Rink Hockey Junior McRoller | Hockey McRoller Shop","isPartOf":{"@id":"https:\/\/www.mcroller.com\/fr\/#website"},"primaryImageOfPage":{"@id":"https:\/\/www.mcroller.com\/fr\/tienda\/mcroller-sticks-junior\/#primaryimage"},"datePublished":"2017-10-24T16:49:13+00:00","dateModified":"2026-01-31T21:30:31+00:00","breadcrumb":{"@id":"https:\/\/www.mcroller.com\/fr\/tienda\/mcroller-sticks-junior\/#breadcrumb"},"inLanguage":"fr-FR","potentialAction":[{"@type":"ReadAction","target":[["https:\/\/www.mcroller.com\/fr\/tienda\/mcroller-sticks-junior\/"]]}]},{"@type":"BreadcrumbList","@id":"https:\/\/www.mcroller.com\/fr\/tienda\/mcroller-sticks-junior\/#breadcrumb","itemListElement":[{"@type":"ListItem","position":1,"name":"Accueil","item":"https:\/\/www.mcroller.com\/fr\/"},{"@type":"ListItem","position":2,"name":"Homepage","item":"https:\/\/www.mcroller.com\/fr\/"},{"@type":"ListItem","position":3,"name":"Sticks Hockey Patines Junior McRoller"}]}]}},"_links":{"self":[{"href":"https:\/\/www.mcroller.com\/fr\/wp-json\/wp\/v2\/product\/407"}],"collection":[{"href":"https:\/\/www.mcroller.com\/fr\/wp-json\/wp\/v2\/product"}],"about":[{"href":"https:\/\/www.mcroller.com\/fr\/wp-json\/wp\/v2\/types\/product"}],"wp:featuredmedia":[{"embeddable":true,"href":"https:\/\/www.mcroller.com\/fr\/wp-json\/wp\/v2\/media\/5107"}],"wp:attachment":[{"href":"https:\/\/www.mcroller.com\/fr\/wp-json\/wp\/v2\/media?parent=407"}],"wp:term":[{"taxonomy":"product_cat","embeddable":true,"href":"https:\/\/www.mcroller.com\/fr\/wp-json\/wp\/v2\/product_cat?post=407"},{"taxonomy":"product_tag","embeddable":true,"href":"https:\/\/www.mcroller.com\/fr\/wp-json\/wp\/v2\/product_tag?post=407"}],"curies":[{"name":"wp","href":"https:\/\/api.w.org\/{rel}","templated":true}]}}