{"id":4158,"date":"2024-03-09T17:52:31","date_gmt":"2024-03-09T17:52:31","guid":{"rendered":"https:\/\/www.mcroller.com\/es\/?post_type=product&#038;p=4158"},"modified":"2025-03-18T11:37:58","modified_gmt":"2025-03-18T11:37:58","slug":"backpack-trolley-blue","status":"publish","type":"product","link":"https:\/\/www.mcroller.com\/fr\/magasin\/backpack-trolley-bleu\/","title":{"rendered":"BACKPACK TROLLEY BLEU"},"content":{"rendered":"","protected":false},"excerpt":{"rendered":"<p>Sac \u00e0 dos et cartable en polyester dot\u00e9 d&rsquo;un compartiment central de grande capacit\u00e9 avec poche int\u00e9rieure. Il dispose d&rsquo;un compartiment externe sur le devant et sur deux c\u00f4t\u00e9s. Base avec 2 roues et support. Poign\u00e9e dans la zone sup\u00e9rieure. Entra\u00eenement pour le patinage artistique, le hockey et aller \u00e0 l&rsquo;\u00e9cole.<\/p>\n<p>Mesures: 43 cm hauteur x 34 cm large x 20 cm profondeur<\/p>\n","protected":false},"featured_media":4142,"template":"","meta":[],"product_cat":[38,77,146,131],"product_tag":[],"acf":[],"yoast_head":"<!-- This site is optimized with the Yoast SEO plugin v18.5.1 - https:\/\/yoast.com\/wordpress\/plugins\/seo\/ -->\n<title>BACKPACK TROLLEY BLEU | Hockey McRoller Shop<\/title>\n<meta name=\"robots\" content=\"index, follow, max-snippet:-1, max-image-preview:large, max-video-preview:-1\" \/>\n<link rel=\"canonical\" href=\"https:\/\/www.mcroller.com\/fr\/tienda\/mochila-trolley-azul\/\" \/>\n<meta property=\"og:locale\" content=\"fr_FR\" \/>\n<meta property=\"og:type\" content=\"article\" \/>\n<meta property=\"og:title\" content=\"BACKPACK TROLLEY BLEU | Hockey McRoller Shop\" \/>\n<meta property=\"og:description\" content=\"Sac \u00e0 dos et cartable en polyester dot\u00e9 d&#039;un compartiment central de grande capacit\u00e9 avec poche int\u00e9rieure. Il dispose d&#039;un compartiment externe sur le devant et sur deux c\u00f4t\u00e9s. Base avec 2 roues et support. Poign\u00e9e dans la zone sup\u00e9rieure. Entra\u00eenement pour le patinage artistique, le hockey et aller \u00e0 l&#039;\u00e9cole.  Mesures: 43 cm hauteur x 34 cm large x 20 cm profondeur\" \/>\n<meta property=\"og:url\" content=\"https:\/\/www.mcroller.com\/fr\/tienda\/mochila-trolley-azul\/\" \/>\n<meta property=\"og:site_name\" content=\"Hockey McRoller Shop\" \/>\n<meta property=\"article:publisher\" content=\"https:\/\/www.facebook.com\/McRoller-184371304938402\/\" \/>\n<meta property=\"article:modified_time\" content=\"2025-03-18T11:37:58+00:00\" \/>\n<meta property=\"og:image\" content=\"https:\/\/www.mcroller.com\/wp-content\/uploads\/2024\/03\/IMG_0420-scaled.jpg\" \/>\n\t<meta property=\"og:image:width\" content=\"1380\" \/>\n\t<meta property=\"og:image:height\" content=\"2560\" \/>\n\t<meta property=\"og:image:type\" content=\"image\/jpeg\" \/>\n<meta name=\"twitter:card\" content=\"summary_large_image\" \/>\n<script type=\"application\/ld+json\" class=\"yoast-schema-graph\">{\"@context\":\"https:\/\/schema.org\",\"@graph\":[{\"@type\":\"WebSite\",\"@id\":\"https:\/\/www.mcroller.com\/fr\/#website\",\"url\":\"https:\/\/www.mcroller.com\/fr\/\",\"name\":\"Hockey McRoller Shop\",\"description\":\"\",\"potentialAction\":[{\"@type\":\"SearchAction\",\"target\":{\"@type\":\"EntryPoint\",\"urlTemplate\":\"https:\/\/www.mcroller.com\/fr\/?s={search_term_string}\"},\"query-input\":\"required name=search_term_string\"}],\"inLanguage\":\"fr-FR\"},{\"@type\":\"ImageObject\",\"@id\":\"https:\/\/www.mcroller.com\/fr\/tienda\/mochila-trolley-azul\/#primaryimage\",\"inLanguage\":\"fr-FR\",\"url\":\"https:\/\/www.mcroller.com\/wp-content\/uploads\/2024\/03\/IMG_0420-scaled.jpg\",\"contentUrl\":\"https:\/\/www.mcroller.com\/wp-content\/uploads\/2024\/03\/IMG_0420-scaled.jpg\",\"width\":1380,\"height\":2560},{\"@type\":\"WebPage\",\"@id\":\"https:\/\/www.mcroller.com\/fr\/tienda\/mochila-trolley-azul\/#webpage\",\"url\":\"https:\/\/www.mcroller.com\/fr\/tienda\/mochila-trolley-azul\/\",\"name\":\"BACKPACK TROLLEY BLEU | Hockey McRoller Shop\",\"isPartOf\":{\"@id\":\"https:\/\/www.mcroller.com\/fr\/#website\"},\"primaryImageOfPage\":{\"@id\":\"https:\/\/www.mcroller.com\/fr\/tienda\/mochila-trolley-azul\/#primaryimage\"},\"datePublished\":\"2024-03-09T17:52:31+00:00\",\"dateModified\":\"2025-03-18T11:37:58+00:00\",\"breadcrumb\":{\"@id\":\"https:\/\/www.mcroller.com\/fr\/tienda\/mochila-trolley-azul\/#breadcrumb\"},\"inLanguage\":\"fr-FR\",\"potentialAction\":[{\"@type\":\"ReadAction\",\"target\":[[\"https:\/\/www.mcroller.com\/fr\/tienda\/mochila-trolley-azul\/\"]]}]},{\"@type\":\"BreadcrumbList\",\"@id\":\"https:\/\/www.mcroller.com\/fr\/tienda\/mochila-trolley-azul\/#breadcrumb\",\"itemListElement\":[{\"@type\":\"ListItem\",\"position\":1,\"name\":\"Accueil\",\"item\":\"https:\/\/www.mcroller.com\/fr\/\"},{\"@type\":\"ListItem\",\"position\":2,\"name\":\"Homepage\",\"item\":\"https:\/\/www.mcroller.com\/fr\/\"},{\"@type\":\"ListItem\",\"position\":3,\"name\":\"MOCHILA TROLLEY AZUL\"}]}]}<\/script>\n<!-- \/ Yoast SEO plugin. -->","yoast_head_json":{"title":"BACKPACK TROLLEY BLEU | Hockey McRoller Shop","robots":{"index":"index","follow":"follow","max-snippet":"max-snippet:-1","max-image-preview":"max-image-preview:large","max-video-preview":"max-video-preview:-1"},"canonical":"https:\/\/www.mcroller.com\/fr\/tienda\/mochila-trolley-azul\/","og_locale":"fr_FR","og_type":"article","og_title":"BACKPACK TROLLEY BLEU | Hockey McRoller Shop","og_description":"Sac \u00e0 dos et cartable en polyester dot\u00e9 d'un compartiment central de grande capacit\u00e9 avec poche int\u00e9rieure. Il dispose d'un compartiment externe sur le devant et sur deux c\u00f4t\u00e9s. Base avec 2 roues et support. Poign\u00e9e dans la zone sup\u00e9rieure. Entra\u00eenement pour le patinage artistique, le hockey et aller \u00e0 l'\u00e9cole.  Mesures: 43 cm hauteur x 34 cm large x 20 cm profondeur","og_url":"https:\/\/www.mcroller.com\/fr\/tienda\/mochila-trolley-azul\/","og_site_name":"Hockey McRoller Shop","article_publisher":"https:\/\/www.facebook.com\/McRoller-184371304938402\/","article_modified_time":"2025-03-18T11:37:58+00:00","og_image":[{"width":1380,"height":2560,"url":"https:\/\/www.mcroller.com\/wp-content\/uploads\/2024\/03\/IMG_0420-scaled.jpg","type":"image\/jpeg"}],"twitter_card":"summary_large_image","schema":{"@context":"https:\/\/schema.org","@graph":[{"@type":"WebSite","@id":"https:\/\/www.mcroller.com\/fr\/#website","url":"https:\/\/www.mcroller.com\/fr\/","name":"Hockey McRoller Shop","description":"","potentialAction":[{"@type":"SearchAction","target":{"@type":"EntryPoint","urlTemplate":"https:\/\/www.mcroller.com\/fr\/?s={search_term_string}"},"query-input":"required name=search_term_string"}],"inLanguage":"fr-FR"},{"@type":"ImageObject","@id":"https:\/\/www.mcroller.com\/fr\/tienda\/mochila-trolley-azul\/#primaryimage","inLanguage":"fr-FR","url":"https:\/\/www.mcroller.com\/wp-content\/uploads\/2024\/03\/IMG_0420-scaled.jpg","contentUrl":"https:\/\/www.mcroller.com\/wp-content\/uploads\/2024\/03\/IMG_0420-scaled.jpg","width":1380,"height":2560},{"@type":"WebPage","@id":"https:\/\/www.mcroller.com\/fr\/tienda\/mochila-trolley-azul\/#webpage","url":"https:\/\/www.mcroller.com\/fr\/tienda\/mochila-trolley-azul\/","name":"BACKPACK TROLLEY BLEU | Hockey McRoller Shop","isPartOf":{"@id":"https:\/\/www.mcroller.com\/fr\/#website"},"primaryImageOfPage":{"@id":"https:\/\/www.mcroller.com\/fr\/tienda\/mochila-trolley-azul\/#primaryimage"},"datePublished":"2024-03-09T17:52:31+00:00","dateModified":"2025-03-18T11:37:58+00:00","breadcrumb":{"@id":"https:\/\/www.mcroller.com\/fr\/tienda\/mochila-trolley-azul\/#breadcrumb"},"inLanguage":"fr-FR","potentialAction":[{"@type":"ReadAction","target":[["https:\/\/www.mcroller.com\/fr\/tienda\/mochila-trolley-azul\/"]]}]},{"@type":"BreadcrumbList","@id":"https:\/\/www.mcroller.com\/fr\/tienda\/mochila-trolley-azul\/#breadcrumb","itemListElement":[{"@type":"ListItem","position":1,"name":"Accueil","item":"https:\/\/www.mcroller.com\/fr\/"},{"@type":"ListItem","position":2,"name":"Homepage","item":"https:\/\/www.mcroller.com\/fr\/"},{"@type":"ListItem","position":3,"name":"MOCHILA TROLLEY AZUL"}]}]}},"_links":{"self":[{"href":"https:\/\/www.mcroller.com\/fr\/wp-json\/wp\/v2\/product\/4158"}],"collection":[{"href":"https:\/\/www.mcroller.com\/fr\/wp-json\/wp\/v2\/product"}],"about":[{"href":"https:\/\/www.mcroller.com\/fr\/wp-json\/wp\/v2\/types\/product"}],"wp:featuredmedia":[{"embeddable":true,"href":"https:\/\/www.mcroller.com\/fr\/wp-json\/wp\/v2\/media\/4142"}],"wp:attachment":[{"href":"https:\/\/www.mcroller.com\/fr\/wp-json\/wp\/v2\/media?parent=4158"}],"wp:term":[{"taxonomy":"product_cat","embeddable":true,"href":"https:\/\/www.mcroller.com\/fr\/wp-json\/wp\/v2\/product_cat?post=4158"},{"taxonomy":"product_tag","embeddable":true,"href":"https:\/\/www.mcroller.com\/fr\/wp-json\/wp\/v2\/product_tag?post=4158"}],"curies":[{"name":"wp","href":"https:\/\/api.w.org\/{rel}","templated":true}]}}