{"id":503,"date":"2017-10-31T17:10:59","date_gmt":"2017-10-31T17:10:59","guid":{"rendered":"https:\/\/www.mcroller.com\/?post_type=product&#038;p=503"},"modified":"2023-05-05T18:39:36","modified_gmt":"2023-05-05T18:39:36","slug":"set-pack-2-rosa","status":"publish","type":"product","link":"https:\/\/www.mcroller.com\/fr\/magasin\/initiation-protection-pack-ring-hockey-rose\/","title":{"rendered":"Initiation protection pack ring hockey \u2013 Rose"},"content":{"rendered":"<p><img loading=\"lazy\" class=\"aligncenter size-full wp-image-460\" src=\"https:\/\/www.mcroller.com\/wp-content\/uploads\/2017\/10\/SET2P_Pack_Hockey_patins.jpg\" alt=\"mcroller pack proteccions hoquei patins\" width=\"1920\" height=\"1280\" srcset=\"https:\/\/www.mcroller.com\/wp-content\/uploads\/2017\/10\/SET2P_Pack_Hockey_patins.jpg 1920w, https:\/\/www.mcroller.com\/wp-content\/uploads\/2017\/10\/SET2P_Pack_Hockey_patins-350x233.jpg 350w, https:\/\/www.mcroller.com\/wp-content\/uploads\/2017\/10\/SET2P_Pack_Hockey_patins-300x200.jpg 300w, https:\/\/www.mcroller.com\/wp-content\/uploads\/2017\/10\/SET2P_Pack_Hockey_patins-768x512.jpg 768w, https:\/\/www.mcroller.com\/wp-content\/uploads\/2017\/10\/SET2P_Pack_Hockey_patins-1024x683.jpg 1024w, https:\/\/www.mcroller.com\/wp-content\/uploads\/2017\/10\/SET2P_Pack_Hockey_patins-550x367.jpg 550w\" sizes=\"(max-width: 706px) 89vw, (max-width: 767px) 82vw, 740px\" \/><\/p>\n","protected":false},"excerpt":{"rendered":"<p>Pack de deux protections rink hockey McRoller, fabriqu\u00e9es en cuir synth\u00e9tique.<\/p>\n<p>Comprend des genouill\u00e8res et des gants.<\/p>\n<p>Genouill\u00e8res ajustables avec velcro, tr\u00e8s confortables et r\u00e9sistantes, id\u00e9ales pour l\u2019initiation au rink hockey.<\/p>\n<p>Disponibles dans une large gamme de couleurs et de tailles.<\/p>\n","protected":false},"featured_media":460,"template":"","meta":[],"product_cat":[81],"product_tag":[],"acf":[],"yoast_head":"<!-- This site is optimized with the Yoast SEO plugin v18.5.1 - https:\/\/yoast.com\/wordpress\/plugins\/seo\/ -->\n<title>Initiation protection pack ring hockey \u2013 Rose | Hockey McRoller Shop<\/title>\n<meta name=\"robots\" content=\"index, follow, max-snippet:-1, max-image-preview:large, max-video-preview:-1\" \/>\n<link rel=\"canonical\" href=\"https:\/\/www.mcroller.com\/fr\/product\/set-pack-2-rosa\/\" \/>\n<meta property=\"og:locale\" content=\"fr_FR\" \/>\n<meta property=\"og:type\" content=\"article\" \/>\n<meta property=\"og:title\" content=\"Initiation protection pack ring hockey \u2013 Rose | Hockey McRoller Shop\" \/>\n<meta property=\"og:description\" content=\"Pack de deux protections rink hockey McRoller, fabriqu\u00e9es en cuir synth\u00e9tique.  Comprend des genouill\u00e8res et des gants.  Genouill\u00e8res ajustables avec velcro, tr\u00e8s confortables et r\u00e9sistantes, id\u00e9ales pour l\u2019initiation au rink hockey.  Disponibles dans une large gamme de couleurs et de tailles.\" \/>\n<meta property=\"og:url\" content=\"https:\/\/www.mcroller.com\/fr\/product\/set-pack-2-rosa\/\" \/>\n<meta property=\"og:site_name\" content=\"Hockey McRoller Shop\" \/>\n<meta property=\"article:publisher\" content=\"https:\/\/www.facebook.com\/McRoller-184371304938402\/\" \/>\n<meta property=\"article:modified_time\" content=\"2023-05-05T18:39:36+00:00\" \/>\n<meta property=\"og:image\" content=\"https:\/\/www.mcroller.com\/wp-content\/uploads\/2017\/10\/SET2P_Pack_Hockey_patins.jpg\" \/>\n\t<meta property=\"og:image:width\" content=\"1920\" \/>\n\t<meta property=\"og:image:height\" content=\"1280\" \/>\n\t<meta property=\"og:image:type\" content=\"image\/jpeg\" \/>\n<meta name=\"twitter:card\" content=\"summary_large_image\" \/>\n<script type=\"application\/ld+json\" class=\"yoast-schema-graph\">{\"@context\":\"https:\/\/schema.org\",\"@graph\":[{\"@type\":\"WebSite\",\"@id\":\"https:\/\/www.mcroller.com\/fr\/#website\",\"url\":\"https:\/\/www.mcroller.com\/fr\/\",\"name\":\"Hockey McRoller Shop\",\"description\":\"\",\"potentialAction\":[{\"@type\":\"SearchAction\",\"target\":{\"@type\":\"EntryPoint\",\"urlTemplate\":\"https:\/\/www.mcroller.com\/fr\/?s={search_term_string}\"},\"query-input\":\"required name=search_term_string\"}],\"inLanguage\":\"fr-FR\"},{\"@type\":\"ImageObject\",\"@id\":\"https:\/\/www.mcroller.com\/fr\/product\/set-pack-2-rosa\/#primaryimage\",\"inLanguage\":\"fr-FR\",\"url\":\"https:\/\/www.mcroller.com\/wp-content\/uploads\/2017\/10\/SET2P_Pack_Hockey_patins.jpg\",\"contentUrl\":\"https:\/\/www.mcroller.com\/wp-content\/uploads\/2017\/10\/SET2P_Pack_Hockey_patins.jpg\",\"width\":1920,\"height\":1280,\"caption\":\"mcroller pack proteccions hoquei patins\"},{\"@type\":\"WebPage\",\"@id\":\"https:\/\/www.mcroller.com\/fr\/product\/set-pack-2-rosa\/#webpage\",\"url\":\"https:\/\/www.mcroller.com\/fr\/product\/set-pack-2-rosa\/\",\"name\":\"Initiation protection pack ring hockey \u2013 Rose | Hockey McRoller Shop\",\"isPartOf\":{\"@id\":\"https:\/\/www.mcroller.com\/fr\/#website\"},\"primaryImageOfPage\":{\"@id\":\"https:\/\/www.mcroller.com\/fr\/product\/set-pack-2-rosa\/#primaryimage\"},\"datePublished\":\"2017-10-31T17:10:59+00:00\",\"dateModified\":\"2023-05-05T18:39:36+00:00\",\"breadcrumb\":{\"@id\":\"https:\/\/www.mcroller.com\/fr\/product\/set-pack-2-rosa\/#breadcrumb\"},\"inLanguage\":\"fr-FR\",\"potentialAction\":[{\"@type\":\"ReadAction\",\"target\":[[\"https:\/\/www.mcroller.com\/fr\/product\/set-pack-2-rosa\/\"]]}]},{\"@type\":\"BreadcrumbList\",\"@id\":\"https:\/\/www.mcroller.com\/fr\/product\/set-pack-2-rosa\/#breadcrumb\",\"itemListElement\":[{\"@type\":\"ListItem\",\"position\":1,\"name\":\"Accueil\",\"item\":\"https:\/\/www.mcroller.com\/fr\/\"},{\"@type\":\"ListItem\",\"position\":2,\"name\":\"Homepage\",\"item\":\"https:\/\/www.mcroller.com\/fr\/\"},{\"@type\":\"ListItem\",\"position\":3,\"name\":\"Initiation protection pack ring hockey \u2013 Rose\"}]}]}<\/script>\n<!-- \/ Yoast SEO plugin. -->","yoast_head_json":{"title":"Initiation protection pack ring hockey \u2013 Rose | Hockey McRoller Shop","robots":{"index":"index","follow":"follow","max-snippet":"max-snippet:-1","max-image-preview":"max-image-preview:large","max-video-preview":"max-video-preview:-1"},"canonical":"https:\/\/www.mcroller.com\/fr\/product\/set-pack-2-rosa\/","og_locale":"fr_FR","og_type":"article","og_title":"Initiation protection pack ring hockey \u2013 Rose | Hockey McRoller Shop","og_description":"Pack de deux protections rink hockey McRoller, fabriqu\u00e9es en cuir synth\u00e9tique.  Comprend des genouill\u00e8res et des gants.  Genouill\u00e8res ajustables avec velcro, tr\u00e8s confortables et r\u00e9sistantes, id\u00e9ales pour l\u2019initiation au rink hockey.  Disponibles dans une large gamme de couleurs et de tailles.","og_url":"https:\/\/www.mcroller.com\/fr\/product\/set-pack-2-rosa\/","og_site_name":"Hockey McRoller Shop","article_publisher":"https:\/\/www.facebook.com\/McRoller-184371304938402\/","article_modified_time":"2023-05-05T18:39:36+00:00","og_image":[{"width":1920,"height":1280,"url":"https:\/\/www.mcroller.com\/wp-content\/uploads\/2017\/10\/SET2P_Pack_Hockey_patins.jpg","type":"image\/jpeg"}],"twitter_card":"summary_large_image","schema":{"@context":"https:\/\/schema.org","@graph":[{"@type":"WebSite","@id":"https:\/\/www.mcroller.com\/fr\/#website","url":"https:\/\/www.mcroller.com\/fr\/","name":"Hockey McRoller Shop","description":"","potentialAction":[{"@type":"SearchAction","target":{"@type":"EntryPoint","urlTemplate":"https:\/\/www.mcroller.com\/fr\/?s={search_term_string}"},"query-input":"required name=search_term_string"}],"inLanguage":"fr-FR"},{"@type":"ImageObject","@id":"https:\/\/www.mcroller.com\/fr\/product\/set-pack-2-rosa\/#primaryimage","inLanguage":"fr-FR","url":"https:\/\/www.mcroller.com\/wp-content\/uploads\/2017\/10\/SET2P_Pack_Hockey_patins.jpg","contentUrl":"https:\/\/www.mcroller.com\/wp-content\/uploads\/2017\/10\/SET2P_Pack_Hockey_patins.jpg","width":1920,"height":1280,"caption":"mcroller pack proteccions hoquei patins"},{"@type":"WebPage","@id":"https:\/\/www.mcroller.com\/fr\/product\/set-pack-2-rosa\/#webpage","url":"https:\/\/www.mcroller.com\/fr\/product\/set-pack-2-rosa\/","name":"Initiation protection pack ring hockey \u2013 Rose | Hockey McRoller Shop","isPartOf":{"@id":"https:\/\/www.mcroller.com\/fr\/#website"},"primaryImageOfPage":{"@id":"https:\/\/www.mcroller.com\/fr\/product\/set-pack-2-rosa\/#primaryimage"},"datePublished":"2017-10-31T17:10:59+00:00","dateModified":"2023-05-05T18:39:36+00:00","breadcrumb":{"@id":"https:\/\/www.mcroller.com\/fr\/product\/set-pack-2-rosa\/#breadcrumb"},"inLanguage":"fr-FR","potentialAction":[{"@type":"ReadAction","target":[["https:\/\/www.mcroller.com\/fr\/product\/set-pack-2-rosa\/"]]}]},{"@type":"BreadcrumbList","@id":"https:\/\/www.mcroller.com\/fr\/product\/set-pack-2-rosa\/#breadcrumb","itemListElement":[{"@type":"ListItem","position":1,"name":"Accueil","item":"https:\/\/www.mcroller.com\/fr\/"},{"@type":"ListItem","position":2,"name":"Homepage","item":"https:\/\/www.mcroller.com\/fr\/"},{"@type":"ListItem","position":3,"name":"Initiation protection pack ring hockey \u2013 Rose"}]}]}},"_links":{"self":[{"href":"https:\/\/www.mcroller.com\/fr\/wp-json\/wp\/v2\/product\/503"}],"collection":[{"href":"https:\/\/www.mcroller.com\/fr\/wp-json\/wp\/v2\/product"}],"about":[{"href":"https:\/\/www.mcroller.com\/fr\/wp-json\/wp\/v2\/types\/product"}],"wp:featuredmedia":[{"embeddable":true,"href":"https:\/\/www.mcroller.com\/fr\/wp-json\/wp\/v2\/media\/460"}],"wp:attachment":[{"href":"https:\/\/www.mcroller.com\/fr\/wp-json\/wp\/v2\/media?parent=503"}],"wp:term":[{"taxonomy":"product_cat","embeddable":true,"href":"https:\/\/www.mcroller.com\/fr\/wp-json\/wp\/v2\/product_cat?post=503"},{"taxonomy":"product_tag","embeddable":true,"href":"https:\/\/www.mcroller.com\/fr\/wp-json\/wp\/v2\/product_tag?post=503"}],"curies":[{"name":"wp","href":"https:\/\/api.w.org\/{rel}","templated":true}]}}