{"id":5482,"date":"2026-02-11T09:16:30","date_gmt":"2026-02-11T09:16:30","guid":{"rendered":"https:\/\/www.mcroller.com\/es\/?post_type=product&#038;p=5482"},"modified":"2026-04-12T08:45:32","modified_gmt":"2026-04-12T08:45:32","slug":"hockey-laces","status":"publish","type":"product","link":"https:\/\/www.mcroller.com\/fr\/magasin\/lacets-rink-hockey\/","title":{"rendered":"LACETS DE HOCKEY"},"content":{"rendered":"<p><img loading=\"lazy\" class=\"alignnone size-medium wp-image-5478\" src=\"https:\/\/www.mcroller.com\/wp-content\/uploads\/2026\/02\/CORDONES-VERDES-200x300.jpg\" alt=\"\" width=\"200\" height=\"300\" srcset=\"https:\/\/www.mcroller.com\/wp-content\/uploads\/2026\/02\/CORDONES-VERDES-200x300.jpg 200w, https:\/\/www.mcroller.com\/wp-content\/uploads\/2026\/02\/CORDONES-VERDES-683x1024.jpg 683w, https:\/\/www.mcroller.com\/wp-content\/uploads\/2026\/02\/CORDONES-VERDES-768x1151.jpg 768w, https:\/\/www.mcroller.com\/wp-content\/uploads\/2026\/02\/CORDONES-VERDES-1024x1536.jpg 1024w, https:\/\/www.mcroller.com\/wp-content\/uploads\/2026\/02\/CORDONES-VERDES-1366x2048.jpg 1366w, https:\/\/www.mcroller.com\/wp-content\/uploads\/2026\/02\/CORDONES-VERDES-367x550.jpg 367w, https:\/\/www.mcroller.com\/wp-content\/uploads\/2026\/02\/CORDONES-VERDES-350x525.jpg 350w, https:\/\/www.mcroller.com\/wp-content\/uploads\/2026\/02\/CORDONES-VERDES.jpg 1500w\" sizes=\"(max-width: 200px) 100vw, 200px\" \/><\/p>\n","protected":false},"excerpt":{"rendered":"<p>Lacets en polyester, tr\u00e8s r\u00e9sistants \u00e0 l&rsquo;abrasion, supportent une utilisation intensive et sont extr\u00eamement durables. Ils assurent un maintien s\u00fbr une fois nou\u00e9s, et leur surface textur\u00e9e emp\u00eache le n\u0153ud de se d\u00e9faire lors des mouvements.<\/p>\n<p>LONGUEUR\u00a0: 300\u00a0cm<\/p>\n","protected":false},"featured_media":5478,"template":"","meta":[],"product_cat":[285,28],"product_tag":[],"acf":[],"yoast_head":"<!-- This site is optimized with the Yoast SEO plugin v18.5.1 - https:\/\/yoast.com\/wordpress\/plugins\/seo\/ -->\n<title>LACETS DE HOCKEY | Hockey McRoller Shop<\/title>\n<meta name=\"robots\" content=\"index, follow, max-snippet:-1, max-image-preview:large, max-video-preview:-1\" \/>\n<link rel=\"canonical\" href=\"https:\/\/www.mcroller.com\/fr\/tienda\/cordones-hockey-patines\/\" \/>\n<meta property=\"og:locale\" content=\"fr_FR\" \/>\n<meta property=\"og:type\" content=\"article\" \/>\n<meta property=\"og:title\" content=\"LACETS DE HOCKEY | Hockey McRoller Shop\" \/>\n<meta property=\"og:description\" content=\"Lacets en polyester, tr\u00e8s r\u00e9sistants \u00e0 l&#039;abrasion, supportent une utilisation intensive et sont extr\u00eamement durables. Ils assurent un maintien s\u00fbr une fois nou\u00e9s, et leur surface textur\u00e9e emp\u00eache le n\u0153ud de se d\u00e9faire lors des mouvements.  LONGUEUR\u00a0: 300\u00a0cm\" \/>\n<meta property=\"og:url\" content=\"https:\/\/www.mcroller.com\/fr\/tienda\/cordones-hockey-patines\/\" \/>\n<meta property=\"og:site_name\" content=\"Hockey McRoller Shop\" \/>\n<meta property=\"article:publisher\" content=\"https:\/\/www.facebook.com\/McRoller-184371304938402\/\" \/>\n<meta property=\"article:modified_time\" content=\"2026-04-12T08:45:32+00:00\" \/>\n<meta property=\"og:image\" content=\"https:\/\/www.mcroller.com\/wp-content\/uploads\/2026\/02\/CORDONES-VERDES.jpg\" \/>\n\t<meta property=\"og:image:width\" content=\"1500\" \/>\n\t<meta property=\"og:image:height\" content=\"2249\" \/>\n\t<meta property=\"og:image:type\" content=\"image\/jpeg\" \/>\n<meta name=\"twitter:card\" content=\"summary_large_image\" \/>\n<script type=\"application\/ld+json\" class=\"yoast-schema-graph\">{\"@context\":\"https:\/\/schema.org\",\"@graph\":[{\"@type\":\"WebSite\",\"@id\":\"https:\/\/www.mcroller.com\/fr\/#website\",\"url\":\"https:\/\/www.mcroller.com\/fr\/\",\"name\":\"Hockey McRoller Shop\",\"description\":\"\",\"potentialAction\":[{\"@type\":\"SearchAction\",\"target\":{\"@type\":\"EntryPoint\",\"urlTemplate\":\"https:\/\/www.mcroller.com\/fr\/?s={search_term_string}\"},\"query-input\":\"required name=search_term_string\"}],\"inLanguage\":\"fr-FR\"},{\"@type\":\"ImageObject\",\"@id\":\"https:\/\/www.mcroller.com\/fr\/tienda\/cordones-hockey-patines\/#primaryimage\",\"inLanguage\":\"fr-FR\",\"url\":\"https:\/\/www.mcroller.com\/wp-content\/uploads\/2026\/02\/CORDONES-VERDES.jpg\",\"contentUrl\":\"https:\/\/www.mcroller.com\/wp-content\/uploads\/2026\/02\/CORDONES-VERDES.jpg\",\"width\":1500,\"height\":2249},{\"@type\":\"WebPage\",\"@id\":\"https:\/\/www.mcroller.com\/fr\/tienda\/cordones-hockey-patines\/#webpage\",\"url\":\"https:\/\/www.mcroller.com\/fr\/tienda\/cordones-hockey-patines\/\",\"name\":\"LACETS DE HOCKEY | Hockey McRoller Shop\",\"isPartOf\":{\"@id\":\"https:\/\/www.mcroller.com\/fr\/#website\"},\"primaryImageOfPage\":{\"@id\":\"https:\/\/www.mcroller.com\/fr\/tienda\/cordones-hockey-patines\/#primaryimage\"},\"datePublished\":\"2026-02-11T09:16:30+00:00\",\"dateModified\":\"2026-04-12T08:45:32+00:00\",\"breadcrumb\":{\"@id\":\"https:\/\/www.mcroller.com\/fr\/tienda\/cordones-hockey-patines\/#breadcrumb\"},\"inLanguage\":\"fr-FR\",\"potentialAction\":[{\"@type\":\"ReadAction\",\"target\":[[\"https:\/\/www.mcroller.com\/fr\/tienda\/cordones-hockey-patines\/\"]]}]},{\"@type\":\"BreadcrumbList\",\"@id\":\"https:\/\/www.mcroller.com\/fr\/tienda\/cordones-hockey-patines\/#breadcrumb\",\"itemListElement\":[{\"@type\":\"ListItem\",\"position\":1,\"name\":\"Accueil\",\"item\":\"https:\/\/www.mcroller.com\/fr\/\"},{\"@type\":\"ListItem\",\"position\":2,\"name\":\"Homepage\",\"item\":\"https:\/\/www.mcroller.com\/fr\/\"},{\"@type\":\"ListItem\",\"position\":3,\"name\":\"CORDONES HOCKEY\"}]}]}<\/script>\n<!-- \/ Yoast SEO plugin. -->","yoast_head_json":{"title":"LACETS DE HOCKEY | Hockey McRoller Shop","robots":{"index":"index","follow":"follow","max-snippet":"max-snippet:-1","max-image-preview":"max-image-preview:large","max-video-preview":"max-video-preview:-1"},"canonical":"https:\/\/www.mcroller.com\/fr\/tienda\/cordones-hockey-patines\/","og_locale":"fr_FR","og_type":"article","og_title":"LACETS DE HOCKEY | Hockey McRoller Shop","og_description":"Lacets en polyester, tr\u00e8s r\u00e9sistants \u00e0 l'abrasion, supportent une utilisation intensive et sont extr\u00eamement durables. Ils assurent un maintien s\u00fbr une fois nou\u00e9s, et leur surface textur\u00e9e emp\u00eache le n\u0153ud de se d\u00e9faire lors des mouvements.  LONGUEUR\u00a0: 300\u00a0cm","og_url":"https:\/\/www.mcroller.com\/fr\/tienda\/cordones-hockey-patines\/","og_site_name":"Hockey McRoller Shop","article_publisher":"https:\/\/www.facebook.com\/McRoller-184371304938402\/","article_modified_time":"2026-04-12T08:45:32+00:00","og_image":[{"width":1500,"height":2249,"url":"https:\/\/www.mcroller.com\/wp-content\/uploads\/2026\/02\/CORDONES-VERDES.jpg","type":"image\/jpeg"}],"twitter_card":"summary_large_image","schema":{"@context":"https:\/\/schema.org","@graph":[{"@type":"WebSite","@id":"https:\/\/www.mcroller.com\/fr\/#website","url":"https:\/\/www.mcroller.com\/fr\/","name":"Hockey McRoller Shop","description":"","potentialAction":[{"@type":"SearchAction","target":{"@type":"EntryPoint","urlTemplate":"https:\/\/www.mcroller.com\/fr\/?s={search_term_string}"},"query-input":"required name=search_term_string"}],"inLanguage":"fr-FR"},{"@type":"ImageObject","@id":"https:\/\/www.mcroller.com\/fr\/tienda\/cordones-hockey-patines\/#primaryimage","inLanguage":"fr-FR","url":"https:\/\/www.mcroller.com\/wp-content\/uploads\/2026\/02\/CORDONES-VERDES.jpg","contentUrl":"https:\/\/www.mcroller.com\/wp-content\/uploads\/2026\/02\/CORDONES-VERDES.jpg","width":1500,"height":2249},{"@type":"WebPage","@id":"https:\/\/www.mcroller.com\/fr\/tienda\/cordones-hockey-patines\/#webpage","url":"https:\/\/www.mcroller.com\/fr\/tienda\/cordones-hockey-patines\/","name":"LACETS DE HOCKEY | Hockey McRoller Shop","isPartOf":{"@id":"https:\/\/www.mcroller.com\/fr\/#website"},"primaryImageOfPage":{"@id":"https:\/\/www.mcroller.com\/fr\/tienda\/cordones-hockey-patines\/#primaryimage"},"datePublished":"2026-02-11T09:16:30+00:00","dateModified":"2026-04-12T08:45:32+00:00","breadcrumb":{"@id":"https:\/\/www.mcroller.com\/fr\/tienda\/cordones-hockey-patines\/#breadcrumb"},"inLanguage":"fr-FR","potentialAction":[{"@type":"ReadAction","target":[["https:\/\/www.mcroller.com\/fr\/tienda\/cordones-hockey-patines\/"]]}]},{"@type":"BreadcrumbList","@id":"https:\/\/www.mcroller.com\/fr\/tienda\/cordones-hockey-patines\/#breadcrumb","itemListElement":[{"@type":"ListItem","position":1,"name":"Accueil","item":"https:\/\/www.mcroller.com\/fr\/"},{"@type":"ListItem","position":2,"name":"Homepage","item":"https:\/\/www.mcroller.com\/fr\/"},{"@type":"ListItem","position":3,"name":"CORDONES HOCKEY"}]}]}},"_links":{"self":[{"href":"https:\/\/www.mcroller.com\/fr\/wp-json\/wp\/v2\/product\/5482"}],"collection":[{"href":"https:\/\/www.mcroller.com\/fr\/wp-json\/wp\/v2\/product"}],"about":[{"href":"https:\/\/www.mcroller.com\/fr\/wp-json\/wp\/v2\/types\/product"}],"wp:featuredmedia":[{"embeddable":true,"href":"https:\/\/www.mcroller.com\/fr\/wp-json\/wp\/v2\/media\/5478"}],"wp:attachment":[{"href":"https:\/\/www.mcroller.com\/fr\/wp-json\/wp\/v2\/media?parent=5482"}],"wp:term":[{"taxonomy":"product_cat","embeddable":true,"href":"https:\/\/www.mcroller.com\/fr\/wp-json\/wp\/v2\/product_cat?post=5482"},{"taxonomy":"product_tag","embeddable":true,"href":"https:\/\/www.mcroller.com\/fr\/wp-json\/wp\/v2\/product_tag?post=5482"}],"curies":[{"name":"wp","href":"https:\/\/api.w.org\/{rel}","templated":true}]}}