{"id":5537,"date":"2026-02-26T17:25:57","date_gmt":"2026-02-26T17:25:57","guid":{"rendered":"https:\/\/www.mcroller.com\/es\/?post_type=product&#038;p=5537"},"modified":"2026-03-10T08:19:25","modified_gmt":"2026-03-10T08:19:25","slug":"boxer","status":"publish","type":"product","link":"https:\/\/www.mcroller.com\/fr\/magasin\/boxer-rink-hockey\/","title":{"rendered":"BOXER"},"content":{"rendered":"<p><img loading=\"lazy\" class=\"alignnone size-medium wp-image-5479\" src=\"https:\/\/www.mcroller.com\/wp-content\/uploads\/2026\/02\/BOXER-300x263.jpg\" alt=\"\" width=\"300\" height=\"263\" srcset=\"https:\/\/www.mcroller.com\/wp-content\/uploads\/2026\/02\/BOXER-300x263.jpg 300w, https:\/\/www.mcroller.com\/wp-content\/uploads\/2026\/02\/BOXER-1024x896.jpg 1024w, https:\/\/www.mcroller.com\/wp-content\/uploads\/2026\/02\/BOXER-768x672.jpg 768w, https:\/\/www.mcroller.com\/wp-content\/uploads\/2026\/02\/BOXER-550x481.jpg 550w, https:\/\/www.mcroller.com\/wp-content\/uploads\/2026\/02\/BOXER-350x306.jpg 350w, https:\/\/www.mcroller.com\/wp-content\/uploads\/2026\/02\/BOXER.jpg 1500w\" sizes=\"(max-width: 300px) 100vw, 300px\" \/><\/p>\n","protected":false},"excerpt":{"rendered":"<p>Doublure technique avec poche pour coque rigide standard, con\u00e7ue pour garantir confort, ajustement et libert\u00e9 de mouvement lors des entra\u00eenements et comp\u00e9titions de roller hockey.<\/p>\n<p>Caract\u00e9ristiques principales\u00a0:<\/p>\n<p>Tissu respirant<br \/>\nCoutures plates FlexSystem pour \u00e9viter les frottements<br \/>\nConfort maximal, l\u00e9g\u00e8ret\u00e9 et flexibilit\u00e9<br \/>\nTissu doux et moelleux au contact de la peau<br \/>\nAntibact\u00e9rien, hypoallerg\u00e9nique et anti-odeurs<br \/>\nLavable en machine \u00e0 40\u00a0\u00b0C, conserve ses propri\u00e9t\u00e9s apr\u00e8s lavage<br \/>\nCompatible avec les coques rigides standard<\/p>\n<p>Conseils d\u2019entretien\u00a0:<\/p>\n<p>Lavage en machine \u00e0 40\u00a0\u00b0C<br \/>\nNe pas s\u00e9cher en machine ni repasser<br \/>\nRetirer la coque avant lavage<\/p>\n","protected":false},"featured_media":5479,"template":"","meta":[],"product_cat":[301,308,302,38,28],"product_tag":[],"acf":[],"yoast_head":"<!-- This site is optimized with the Yoast SEO plugin v18.5.1 - https:\/\/yoast.com\/wordpress\/plugins\/seo\/ -->\n<title>BOXER | Hockey McRoller Shop<\/title>\n<meta name=\"robots\" content=\"index, follow, max-snippet:-1, max-image-preview:large, max-video-preview:-1\" \/>\n<link rel=\"canonical\" href=\"https:\/\/www.mcroller.com\/fr\/tienda\/boxer-hockey-patines\/\" \/>\n<meta property=\"og:locale\" content=\"fr_FR\" \/>\n<meta property=\"og:type\" content=\"article\" \/>\n<meta property=\"og:title\" content=\"BOXER | Hockey McRoller Shop\" \/>\n<meta property=\"og:description\" content=\"Doublure technique avec poche pour coque rigide standard, con\u00e7ue pour garantir confort, ajustement et libert\u00e9 de mouvement lors des entra\u00eenements et comp\u00e9titions de roller hockey.  Caract\u00e9ristiques principales\u00a0:  Tissu respirant Coutures plates FlexSystem pour \u00e9viter les frottements Confort maximal, l\u00e9g\u00e8ret\u00e9 et flexibilit\u00e9 Tissu doux et moelleux au contact de la peau Antibact\u00e9rien, hypoallerg\u00e9nique et anti-odeurs Lavable en machine \u00e0 40\u00a0\u00b0C, conserve ses propri\u00e9t\u00e9s apr\u00e8s lavage Compatible avec les coques rigides standard  Conseils d\u2019entretien\u00a0:  Lavage en machine \u00e0 40\u00a0\u00b0C Ne pas s\u00e9cher en machine ni repasser Retirer la coque avant lavage\" \/>\n<meta property=\"og:url\" content=\"https:\/\/www.mcroller.com\/fr\/tienda\/boxer-hockey-patines\/\" \/>\n<meta property=\"og:site_name\" content=\"Hockey McRoller Shop\" \/>\n<meta property=\"article:publisher\" content=\"https:\/\/www.facebook.com\/McRoller-184371304938402\/\" \/>\n<meta property=\"article:modified_time\" content=\"2026-03-10T08:19:25+00:00\" \/>\n<meta property=\"og:image\" content=\"https:\/\/www.mcroller.com\/wp-content\/uploads\/2026\/02\/BOXER.jpg\" \/>\n\t<meta property=\"og:image:width\" content=\"1500\" \/>\n\t<meta property=\"og:image:height\" content=\"1313\" \/>\n\t<meta property=\"og:image:type\" content=\"image\/jpeg\" \/>\n<meta name=\"twitter:card\" content=\"summary_large_image\" \/>\n<script type=\"application\/ld+json\" class=\"yoast-schema-graph\">{\"@context\":\"https:\/\/schema.org\",\"@graph\":[{\"@type\":\"WebSite\",\"@id\":\"https:\/\/www.mcroller.com\/fr\/#website\",\"url\":\"https:\/\/www.mcroller.com\/fr\/\",\"name\":\"Hockey McRoller Shop\",\"description\":\"\",\"potentialAction\":[{\"@type\":\"SearchAction\",\"target\":{\"@type\":\"EntryPoint\",\"urlTemplate\":\"https:\/\/www.mcroller.com\/fr\/?s={search_term_string}\"},\"query-input\":\"required name=search_term_string\"}],\"inLanguage\":\"fr-FR\"},{\"@type\":\"ImageObject\",\"@id\":\"https:\/\/www.mcroller.com\/fr\/tienda\/boxer-hockey-patines\/#primaryimage\",\"inLanguage\":\"fr-FR\",\"url\":\"https:\/\/www.mcroller.com\/wp-content\/uploads\/2026\/02\/BOXER.jpg\",\"contentUrl\":\"https:\/\/www.mcroller.com\/wp-content\/uploads\/2026\/02\/BOXER.jpg\",\"width\":1500,\"height\":1313},{\"@type\":\"WebPage\",\"@id\":\"https:\/\/www.mcroller.com\/fr\/tienda\/boxer-hockey-patines\/#webpage\",\"url\":\"https:\/\/www.mcroller.com\/fr\/tienda\/boxer-hockey-patines\/\",\"name\":\"BOXER | Hockey McRoller Shop\",\"isPartOf\":{\"@id\":\"https:\/\/www.mcroller.com\/fr\/#website\"},\"primaryImageOfPage\":{\"@id\":\"https:\/\/www.mcroller.com\/fr\/tienda\/boxer-hockey-patines\/#primaryimage\"},\"datePublished\":\"2026-02-26T17:25:57+00:00\",\"dateModified\":\"2026-03-10T08:19:25+00:00\",\"breadcrumb\":{\"@id\":\"https:\/\/www.mcroller.com\/fr\/tienda\/boxer-hockey-patines\/#breadcrumb\"},\"inLanguage\":\"fr-FR\",\"potentialAction\":[{\"@type\":\"ReadAction\",\"target\":[[\"https:\/\/www.mcroller.com\/fr\/tienda\/boxer-hockey-patines\/\"]]}]},{\"@type\":\"BreadcrumbList\",\"@id\":\"https:\/\/www.mcroller.com\/fr\/tienda\/boxer-hockey-patines\/#breadcrumb\",\"itemListElement\":[{\"@type\":\"ListItem\",\"position\":1,\"name\":\"Accueil\",\"item\":\"https:\/\/www.mcroller.com\/fr\/\"},{\"@type\":\"ListItem\",\"position\":2,\"name\":\"Homepage\",\"item\":\"https:\/\/www.mcroller.com\/fr\/\"},{\"@type\":\"ListItem\",\"position\":3,\"name\":\"BOXER\"}]}]}<\/script>\n<!-- \/ Yoast SEO plugin. -->","yoast_head_json":{"title":"BOXER | Hockey McRoller Shop","robots":{"index":"index","follow":"follow","max-snippet":"max-snippet:-1","max-image-preview":"max-image-preview:large","max-video-preview":"max-video-preview:-1"},"canonical":"https:\/\/www.mcroller.com\/fr\/tienda\/boxer-hockey-patines\/","og_locale":"fr_FR","og_type":"article","og_title":"BOXER | Hockey McRoller Shop","og_description":"Doublure technique avec poche pour coque rigide standard, con\u00e7ue pour garantir confort, ajustement et libert\u00e9 de mouvement lors des entra\u00eenements et comp\u00e9titions de roller hockey.  Caract\u00e9ristiques principales\u00a0:  Tissu respirant Coutures plates FlexSystem pour \u00e9viter les frottements Confort maximal, l\u00e9g\u00e8ret\u00e9 et flexibilit\u00e9 Tissu doux et moelleux au contact de la peau Antibact\u00e9rien, hypoallerg\u00e9nique et anti-odeurs Lavable en machine \u00e0 40\u00a0\u00b0C, conserve ses propri\u00e9t\u00e9s apr\u00e8s lavage Compatible avec les coques rigides standard  Conseils d\u2019entretien\u00a0:  Lavage en machine \u00e0 40\u00a0\u00b0C Ne pas s\u00e9cher en machine ni repasser Retirer la coque avant lavage","og_url":"https:\/\/www.mcroller.com\/fr\/tienda\/boxer-hockey-patines\/","og_site_name":"Hockey McRoller Shop","article_publisher":"https:\/\/www.facebook.com\/McRoller-184371304938402\/","article_modified_time":"2026-03-10T08:19:25+00:00","og_image":[{"width":1500,"height":1313,"url":"https:\/\/www.mcroller.com\/wp-content\/uploads\/2026\/02\/BOXER.jpg","type":"image\/jpeg"}],"twitter_card":"summary_large_image","schema":{"@context":"https:\/\/schema.org","@graph":[{"@type":"WebSite","@id":"https:\/\/www.mcroller.com\/fr\/#website","url":"https:\/\/www.mcroller.com\/fr\/","name":"Hockey McRoller Shop","description":"","potentialAction":[{"@type":"SearchAction","target":{"@type":"EntryPoint","urlTemplate":"https:\/\/www.mcroller.com\/fr\/?s={search_term_string}"},"query-input":"required name=search_term_string"}],"inLanguage":"fr-FR"},{"@type":"ImageObject","@id":"https:\/\/www.mcroller.com\/fr\/tienda\/boxer-hockey-patines\/#primaryimage","inLanguage":"fr-FR","url":"https:\/\/www.mcroller.com\/wp-content\/uploads\/2026\/02\/BOXER.jpg","contentUrl":"https:\/\/www.mcroller.com\/wp-content\/uploads\/2026\/02\/BOXER.jpg","width":1500,"height":1313},{"@type":"WebPage","@id":"https:\/\/www.mcroller.com\/fr\/tienda\/boxer-hockey-patines\/#webpage","url":"https:\/\/www.mcroller.com\/fr\/tienda\/boxer-hockey-patines\/","name":"BOXER | Hockey McRoller Shop","isPartOf":{"@id":"https:\/\/www.mcroller.com\/fr\/#website"},"primaryImageOfPage":{"@id":"https:\/\/www.mcroller.com\/fr\/tienda\/boxer-hockey-patines\/#primaryimage"},"datePublished":"2026-02-26T17:25:57+00:00","dateModified":"2026-03-10T08:19:25+00:00","breadcrumb":{"@id":"https:\/\/www.mcroller.com\/fr\/tienda\/boxer-hockey-patines\/#breadcrumb"},"inLanguage":"fr-FR","potentialAction":[{"@type":"ReadAction","target":[["https:\/\/www.mcroller.com\/fr\/tienda\/boxer-hockey-patines\/"]]}]},{"@type":"BreadcrumbList","@id":"https:\/\/www.mcroller.com\/fr\/tienda\/boxer-hockey-patines\/#breadcrumb","itemListElement":[{"@type":"ListItem","position":1,"name":"Accueil","item":"https:\/\/www.mcroller.com\/fr\/"},{"@type":"ListItem","position":2,"name":"Homepage","item":"https:\/\/www.mcroller.com\/fr\/"},{"@type":"ListItem","position":3,"name":"BOXER"}]}]}},"_links":{"self":[{"href":"https:\/\/www.mcroller.com\/fr\/wp-json\/wp\/v2\/product\/5537"}],"collection":[{"href":"https:\/\/www.mcroller.com\/fr\/wp-json\/wp\/v2\/product"}],"about":[{"href":"https:\/\/www.mcroller.com\/fr\/wp-json\/wp\/v2\/types\/product"}],"wp:featuredmedia":[{"embeddable":true,"href":"https:\/\/www.mcroller.com\/fr\/wp-json\/wp\/v2\/media\/5479"}],"wp:attachment":[{"href":"https:\/\/www.mcroller.com\/fr\/wp-json\/wp\/v2\/media?parent=5537"}],"wp:term":[{"taxonomy":"product_cat","embeddable":true,"href":"https:\/\/www.mcroller.com\/fr\/wp-json\/wp\/v2\/product_cat?post=5537"},{"taxonomy":"product_tag","embeddable":true,"href":"https:\/\/www.mcroller.com\/fr\/wp-json\/wp\/v2\/product_tag?post=5537"}],"curies":[{"name":"wp","href":"https:\/\/api.w.org\/{rel}","templated":true}]}}