{"id":588,"date":"2017-11-01T10:06:56","date_gmt":"2017-11-01T10:06:56","guid":{"rendered":"https:\/\/www.mcroller.com\/?post_type=product&#038;p=588"},"modified":"2025-06-02T13:05:14","modified_gmt":"2025-06-02T13:05:14","slug":"espinilleras-de-fibra-de-vidrio","status":"publish","type":"product","link":"https:\/\/www.mcroller.com\/fr\/magasin\/protege-tibias-de-fibra-de-verre\/","title":{"rendered":"Prot\u00e8ge-tibias de Fibra de Verre"},"content":{"rendered":"<p><img loading=\"lazy\" class=\"aligncenter size-full wp-image-449\" src=\"https:\/\/www.mcroller.com\/wp-content\/uploads\/2017\/10\/EC2_guardie_dello_shin_hockey.jpg\" alt=\"mcroller espinilleras fibra hockey patines\" width=\"1920\" height=\"1280\" srcset=\"https:\/\/www.mcroller.com\/wp-content\/uploads\/2017\/10\/EC2_guardie_dello_shin_hockey.jpg 1920w, https:\/\/www.mcroller.com\/wp-content\/uploads\/2017\/10\/EC2_guardie_dello_shin_hockey-350x233.jpg 350w, https:\/\/www.mcroller.com\/wp-content\/uploads\/2017\/10\/EC2_guardie_dello_shin_hockey-300x200.jpg 300w, https:\/\/www.mcroller.com\/wp-content\/uploads\/2017\/10\/EC2_guardie_dello_shin_hockey-768x512.jpg 768w, https:\/\/www.mcroller.com\/wp-content\/uploads\/2017\/10\/EC2_guardie_dello_shin_hockey-1024x683.jpg 1024w, https:\/\/www.mcroller.com\/wp-content\/uploads\/2017\/10\/EC2_guardie_dello_shin_hockey-550x367.jpg 550w\" sizes=\"(max-width: 706px) 89vw, (max-width: 767px) 82vw, 740px\" \/><\/p>\n","protected":false},"excerpt":{"rendered":"<p>Prot\u00e8ge-tibias de hockey professionnel McRoller, tr\u00e8s confortables et l\u00e9g\u00e8rs.<\/p>\n<p>Fabriqu\u00e9s en fibre de verre, avec un design tr\u00e8s professionnel.<\/p>\n<p>Disponibles en plusieurs tailles:<\/p>\n<p>XS 22 Cms<br \/>\nS 24 Cms<br \/>\nM 26,5 Cms<br \/>\nL 29 cms<br \/>\nXL 31 cms<\/p>\n","protected":false},"featured_media":449,"template":"","meta":[],"product_cat":[82],"product_tag":[],"acf":[],"yoast_head":"<!-- This site is optimized with the Yoast SEO plugin v18.5.1 - https:\/\/yoast.com\/wordpress\/plugins\/seo\/ -->\n<title>Prot\u00e8ge-tibias de Fibra de Verre | Hockey McRoller Shop<\/title>\n<meta name=\"robots\" content=\"index, follow, max-snippet:-1, max-image-preview:large, max-video-preview:-1\" \/>\n<link rel=\"canonical\" href=\"https:\/\/www.mcroller.com\/fr\/tienda\/espinilleras-de-fibra-de-vidrio\/\" \/>\n<meta property=\"og:locale\" content=\"fr_FR\" \/>\n<meta property=\"og:type\" content=\"article\" \/>\n<meta property=\"og:title\" content=\"Prot\u00e8ge-tibias de Fibra de Verre | Hockey McRoller Shop\" \/>\n<meta property=\"og:description\" content=\"Prot\u00e8ge-tibias de hockey professionnel McRoller, tr\u00e8s confortables et l\u00e9g\u00e8rs.  Fabriqu\u00e9s en fibre de verre, avec un design tr\u00e8s professionnel.  Disponibles en plusieurs tailles:  XS 22 Cms S 24 Cms M 26,5 Cms L 29 cms XL 31 cms\" \/>\n<meta property=\"og:url\" content=\"https:\/\/www.mcroller.com\/fr\/tienda\/espinilleras-de-fibra-de-vidrio\/\" \/>\n<meta property=\"og:site_name\" content=\"Hockey McRoller Shop\" \/>\n<meta property=\"article:publisher\" content=\"https:\/\/www.facebook.com\/McRoller-184371304938402\/\" \/>\n<meta property=\"article:modified_time\" content=\"2025-06-02T13:05:14+00:00\" \/>\n<meta property=\"og:image\" content=\"https:\/\/www.mcroller.com\/wp-content\/uploads\/2017\/10\/EC2_guardie_dello_shin_hockey.jpg\" \/>\n\t<meta property=\"og:image:width\" content=\"1920\" \/>\n\t<meta property=\"og:image:height\" content=\"1280\" \/>\n\t<meta property=\"og:image:type\" content=\"image\/jpeg\" \/>\n<meta name=\"twitter:card\" content=\"summary_large_image\" \/>\n<script type=\"application\/ld+json\" class=\"yoast-schema-graph\">{\"@context\":\"https:\/\/schema.org\",\"@graph\":[{\"@type\":\"WebSite\",\"@id\":\"https:\/\/www.mcroller.com\/fr\/#website\",\"url\":\"https:\/\/www.mcroller.com\/fr\/\",\"name\":\"Hockey McRoller Shop\",\"description\":\"\",\"potentialAction\":[{\"@type\":\"SearchAction\",\"target\":{\"@type\":\"EntryPoint\",\"urlTemplate\":\"https:\/\/www.mcroller.com\/fr\/?s={search_term_string}\"},\"query-input\":\"required name=search_term_string\"}],\"inLanguage\":\"fr-FR\"},{\"@type\":\"ImageObject\",\"@id\":\"https:\/\/www.mcroller.com\/fr\/tienda\/espinilleras-de-fibra-de-vidrio\/#primaryimage\",\"inLanguage\":\"fr-FR\",\"url\":\"https:\/\/www.mcroller.com\/wp-content\/uploads\/2017\/10\/EC2_guardie_dello_shin_hockey.jpg\",\"contentUrl\":\"https:\/\/www.mcroller.com\/wp-content\/uploads\/2017\/10\/EC2_guardie_dello_shin_hockey.jpg\",\"width\":1920,\"height\":1280,\"caption\":\"mcroller espinilleras fibra hockey patines\"},{\"@type\":\"WebPage\",\"@id\":\"https:\/\/www.mcroller.com\/fr\/tienda\/espinilleras-de-fibra-de-vidrio\/#webpage\",\"url\":\"https:\/\/www.mcroller.com\/fr\/tienda\/espinilleras-de-fibra-de-vidrio\/\",\"name\":\"Prot\u00e8ge-tibias de Fibra de Verre | Hockey McRoller Shop\",\"isPartOf\":{\"@id\":\"https:\/\/www.mcroller.com\/fr\/#website\"},\"primaryImageOfPage\":{\"@id\":\"https:\/\/www.mcroller.com\/fr\/tienda\/espinilleras-de-fibra-de-vidrio\/#primaryimage\"},\"datePublished\":\"2017-11-01T10:06:56+00:00\",\"dateModified\":\"2025-06-02T13:05:14+00:00\",\"breadcrumb\":{\"@id\":\"https:\/\/www.mcroller.com\/fr\/tienda\/espinilleras-de-fibra-de-vidrio\/#breadcrumb\"},\"inLanguage\":\"fr-FR\",\"potentialAction\":[{\"@type\":\"ReadAction\",\"target\":[[\"https:\/\/www.mcroller.com\/fr\/tienda\/espinilleras-de-fibra-de-vidrio\/\"]]}]},{\"@type\":\"BreadcrumbList\",\"@id\":\"https:\/\/www.mcroller.com\/fr\/tienda\/espinilleras-de-fibra-de-vidrio\/#breadcrumb\",\"itemListElement\":[{\"@type\":\"ListItem\",\"position\":1,\"name\":\"Accueil\",\"item\":\"https:\/\/www.mcroller.com\/fr\/\"},{\"@type\":\"ListItem\",\"position\":2,\"name\":\"Homepage\",\"item\":\"https:\/\/www.mcroller.com\/fr\/\"},{\"@type\":\"ListItem\",\"position\":3,\"name\":\"Espinilleras de Fibra de Vidrio\"}]}]}<\/script>\n<!-- \/ Yoast SEO plugin. -->","yoast_head_json":{"title":"Prot\u00e8ge-tibias de Fibra de Verre | Hockey McRoller Shop","robots":{"index":"index","follow":"follow","max-snippet":"max-snippet:-1","max-image-preview":"max-image-preview:large","max-video-preview":"max-video-preview:-1"},"canonical":"https:\/\/www.mcroller.com\/fr\/tienda\/espinilleras-de-fibra-de-vidrio\/","og_locale":"fr_FR","og_type":"article","og_title":"Prot\u00e8ge-tibias de Fibra de Verre | Hockey McRoller Shop","og_description":"Prot\u00e8ge-tibias de hockey professionnel McRoller, tr\u00e8s confortables et l\u00e9g\u00e8rs.  Fabriqu\u00e9s en fibre de verre, avec un design tr\u00e8s professionnel.  Disponibles en plusieurs tailles:  XS 22 Cms S 24 Cms M 26,5 Cms L 29 cms XL 31 cms","og_url":"https:\/\/www.mcroller.com\/fr\/tienda\/espinilleras-de-fibra-de-vidrio\/","og_site_name":"Hockey McRoller Shop","article_publisher":"https:\/\/www.facebook.com\/McRoller-184371304938402\/","article_modified_time":"2025-06-02T13:05:14+00:00","og_image":[{"width":1920,"height":1280,"url":"https:\/\/www.mcroller.com\/wp-content\/uploads\/2017\/10\/EC2_guardie_dello_shin_hockey.jpg","type":"image\/jpeg"}],"twitter_card":"summary_large_image","schema":{"@context":"https:\/\/schema.org","@graph":[{"@type":"WebSite","@id":"https:\/\/www.mcroller.com\/fr\/#website","url":"https:\/\/www.mcroller.com\/fr\/","name":"Hockey McRoller Shop","description":"","potentialAction":[{"@type":"SearchAction","target":{"@type":"EntryPoint","urlTemplate":"https:\/\/www.mcroller.com\/fr\/?s={search_term_string}"},"query-input":"required name=search_term_string"}],"inLanguage":"fr-FR"},{"@type":"ImageObject","@id":"https:\/\/www.mcroller.com\/fr\/tienda\/espinilleras-de-fibra-de-vidrio\/#primaryimage","inLanguage":"fr-FR","url":"https:\/\/www.mcroller.com\/wp-content\/uploads\/2017\/10\/EC2_guardie_dello_shin_hockey.jpg","contentUrl":"https:\/\/www.mcroller.com\/wp-content\/uploads\/2017\/10\/EC2_guardie_dello_shin_hockey.jpg","width":1920,"height":1280,"caption":"mcroller espinilleras fibra hockey patines"},{"@type":"WebPage","@id":"https:\/\/www.mcroller.com\/fr\/tienda\/espinilleras-de-fibra-de-vidrio\/#webpage","url":"https:\/\/www.mcroller.com\/fr\/tienda\/espinilleras-de-fibra-de-vidrio\/","name":"Prot\u00e8ge-tibias de Fibra de Verre | Hockey McRoller Shop","isPartOf":{"@id":"https:\/\/www.mcroller.com\/fr\/#website"},"primaryImageOfPage":{"@id":"https:\/\/www.mcroller.com\/fr\/tienda\/espinilleras-de-fibra-de-vidrio\/#primaryimage"},"datePublished":"2017-11-01T10:06:56+00:00","dateModified":"2025-06-02T13:05:14+00:00","breadcrumb":{"@id":"https:\/\/www.mcroller.com\/fr\/tienda\/espinilleras-de-fibra-de-vidrio\/#breadcrumb"},"inLanguage":"fr-FR","potentialAction":[{"@type":"ReadAction","target":[["https:\/\/www.mcroller.com\/fr\/tienda\/espinilleras-de-fibra-de-vidrio\/"]]}]},{"@type":"BreadcrumbList","@id":"https:\/\/www.mcroller.com\/fr\/tienda\/espinilleras-de-fibra-de-vidrio\/#breadcrumb","itemListElement":[{"@type":"ListItem","position":1,"name":"Accueil","item":"https:\/\/www.mcroller.com\/fr\/"},{"@type":"ListItem","position":2,"name":"Homepage","item":"https:\/\/www.mcroller.com\/fr\/"},{"@type":"ListItem","position":3,"name":"Espinilleras de Fibra de Vidrio"}]}]}},"_links":{"self":[{"href":"https:\/\/www.mcroller.com\/fr\/wp-json\/wp\/v2\/product\/588"}],"collection":[{"href":"https:\/\/www.mcroller.com\/fr\/wp-json\/wp\/v2\/product"}],"about":[{"href":"https:\/\/www.mcroller.com\/fr\/wp-json\/wp\/v2\/types\/product"}],"wp:featuredmedia":[{"embeddable":true,"href":"https:\/\/www.mcroller.com\/fr\/wp-json\/wp\/v2\/media\/449"}],"wp:attachment":[{"href":"https:\/\/www.mcroller.com\/fr\/wp-json\/wp\/v2\/media?parent=588"}],"wp:term":[{"taxonomy":"product_cat","embeddable":true,"href":"https:\/\/www.mcroller.com\/fr\/wp-json\/wp\/v2\/product_cat?post=588"},{"taxonomy":"product_tag","embeddable":true,"href":"https:\/\/www.mcroller.com\/fr\/wp-json\/wp\/v2\/product_tag?post=588"}],"curies":[{"name":"wp","href":"https:\/\/api.w.org\/{rel}","templated":true}]}}