{"id":619,"date":"2017-11-01T11:09:16","date_gmt":"2017-11-01T11:09:16","guid":{"rendered":"https:\/\/www.mcroller.com\/?post_type=product&#038;p=619"},"modified":"2025-04-26T16:53:32","modified_gmt":"2025-04-26T16:53:32","slug":"coderas-portero","status":"publish","type":"product","link":"https:\/\/www.mcroller.com\/fr\/magasin\/coudieres-hockey-portero\/","title":{"rendered":"Coudi\u00e8res Hockey Portero"},"content":{"rendered":"","protected":false},"excerpt":{"rendered":"<p>Coudi\u00e8res de hockey professionnel McRoller, avec fermeture velcro.<\/p>\n<p>Tr\u00e8s confortables et avec une haute protection.<\/p>\n<p>Disponibles en plusieurs tailles.<\/p>\n<p><img loading=\"lazy\" class=\"alignnone size-medium wp-image-4904\" src=\"https:\/\/www.mcroller.com\/wp-content\/uploads\/2025\/04\/MEDIDAS-CODERAS-263x300.jpg\" alt=\"\" width=\"263\" height=\"300\" srcset=\"https:\/\/www.mcroller.com\/wp-content\/uploads\/2025\/04\/MEDIDAS-CODERAS-263x300.jpg 263w, https:\/\/www.mcroller.com\/wp-content\/uploads\/2025\/04\/MEDIDAS-CODERAS-481x550.jpg 481w, https:\/\/www.mcroller.com\/wp-content\/uploads\/2025\/04\/MEDIDAS-CODERAS-350x400.jpg 350w, https:\/\/www.mcroller.com\/wp-content\/uploads\/2025\/04\/MEDIDAS-CODERAS.jpg 554w\" sizes=\"(max-width: 263px) 100vw, 263px\" \/><\/p>\n","protected":false},"featured_media":4040,"template":"","meta":[],"product_cat":[84,83],"product_tag":[],"acf":[],"yoast_head":"<!-- This site is optimized with the Yoast SEO plugin v18.5.1 - https:\/\/yoast.com\/wordpress\/plugins\/seo\/ -->\n<title>Coudi\u00e8res Hockey Portero | Hockey McRoller Shop<\/title>\n<meta name=\"robots\" content=\"index, follow, max-snippet:-1, max-image-preview:large, max-video-preview:-1\" \/>\n<link rel=\"canonical\" href=\"https:\/\/www.mcroller.com\/fr\/tienda\/coderas-hockey-portero\/\" \/>\n<meta property=\"og:locale\" content=\"fr_FR\" \/>\n<meta property=\"og:type\" content=\"article\" \/>\n<meta property=\"og:title\" content=\"Coudi\u00e8res Hockey Portero | Hockey McRoller Shop\" \/>\n<meta property=\"og:description\" content=\"Coudi\u00e8res de hockey professionnel McRoller, avec fermeture velcro.  Tr\u00e8s confortables et avec une haute protection.  Disponibles en plusieurs tailles.\" \/>\n<meta property=\"og:url\" content=\"https:\/\/www.mcroller.com\/fr\/tienda\/coderas-hockey-portero\/\" \/>\n<meta property=\"og:site_name\" content=\"Hockey McRoller Shop\" \/>\n<meta property=\"article:publisher\" content=\"https:\/\/www.facebook.com\/McRoller-184371304938402\/\" \/>\n<meta property=\"article:modified_time\" content=\"2025-04-26T16:53:32+00:00\" \/>\n<meta property=\"og:image\" content=\"https:\/\/www.mcroller.com\/wp-content\/uploads\/2017\/11\/CODGOAL-CODERAS-PORTERO-PROFESIONAL.jpg.jpg\" \/>\n\t<meta property=\"og:image:width\" content=\"640\" \/>\n\t<meta property=\"og:image:height\" content=\"416\" \/>\n\t<meta property=\"og:image:type\" content=\"image\/jpeg\" \/>\n<meta name=\"twitter:card\" content=\"summary_large_image\" \/>\n<meta name=\"twitter:label1\" content=\"Dur\u00e9e de lecture estim\u00e9e\" \/>\n\t<meta name=\"twitter:data1\" content=\"1 minute\" \/>\n<script type=\"application\/ld+json\" class=\"yoast-schema-graph\">{\"@context\":\"https:\/\/schema.org\",\"@graph\":[{\"@type\":\"WebSite\",\"@id\":\"https:\/\/www.mcroller.com\/fr\/#website\",\"url\":\"https:\/\/www.mcroller.com\/fr\/\",\"name\":\"Hockey McRoller Shop\",\"description\":\"\",\"potentialAction\":[{\"@type\":\"SearchAction\",\"target\":{\"@type\":\"EntryPoint\",\"urlTemplate\":\"https:\/\/www.mcroller.com\/fr\/?s={search_term_string}\"},\"query-input\":\"required name=search_term_string\"}],\"inLanguage\":\"fr-FR\"},{\"@type\":\"ImageObject\",\"@id\":\"https:\/\/www.mcroller.com\/fr\/tienda\/coderas-hockey-portero\/#primaryimage\",\"inLanguage\":\"fr-FR\",\"url\":\"https:\/\/www.mcroller.com\/wp-content\/uploads\/2017\/11\/CODGOAL-CODERAS-PORTERO-PROFESIONAL.jpg.jpg\",\"contentUrl\":\"https:\/\/www.mcroller.com\/wp-content\/uploads\/2017\/11\/CODGOAL-CODERAS-PORTERO-PROFESIONAL.jpg.jpg\",\"width\":640,\"height\":416},{\"@type\":\"WebPage\",\"@id\":\"https:\/\/www.mcroller.com\/fr\/tienda\/coderas-hockey-portero\/#webpage\",\"url\":\"https:\/\/www.mcroller.com\/fr\/tienda\/coderas-hockey-portero\/\",\"name\":\"Coudi\u00e8res Hockey Portero | Hockey McRoller Shop\",\"isPartOf\":{\"@id\":\"https:\/\/www.mcroller.com\/fr\/#website\"},\"primaryImageOfPage\":{\"@id\":\"https:\/\/www.mcroller.com\/fr\/tienda\/coderas-hockey-portero\/#primaryimage\"},\"datePublished\":\"2017-11-01T11:09:16+00:00\",\"dateModified\":\"2025-04-26T16:53:32+00:00\",\"breadcrumb\":{\"@id\":\"https:\/\/www.mcroller.com\/fr\/tienda\/coderas-hockey-portero\/#breadcrumb\"},\"inLanguage\":\"fr-FR\",\"potentialAction\":[{\"@type\":\"ReadAction\",\"target\":[[\"https:\/\/www.mcroller.com\/fr\/tienda\/coderas-hockey-portero\/\"]]}]},{\"@type\":\"BreadcrumbList\",\"@id\":\"https:\/\/www.mcroller.com\/fr\/tienda\/coderas-hockey-portero\/#breadcrumb\",\"itemListElement\":[{\"@type\":\"ListItem\",\"position\":1,\"name\":\"Accueil\",\"item\":\"https:\/\/www.mcroller.com\/fr\/\"},{\"@type\":\"ListItem\",\"position\":2,\"name\":\"Homepage\",\"item\":\"https:\/\/www.mcroller.com\/fr\/\"},{\"@type\":\"ListItem\",\"position\":3,\"name\":\"Coderas Hockey Portero\"}]}]}<\/script>\n<!-- \/ Yoast SEO plugin. -->","yoast_head_json":{"title":"Coudi\u00e8res Hockey Portero | Hockey McRoller Shop","robots":{"index":"index","follow":"follow","max-snippet":"max-snippet:-1","max-image-preview":"max-image-preview:large","max-video-preview":"max-video-preview:-1"},"canonical":"https:\/\/www.mcroller.com\/fr\/tienda\/coderas-hockey-portero\/","og_locale":"fr_FR","og_type":"article","og_title":"Coudi\u00e8res Hockey Portero | Hockey McRoller Shop","og_description":"Coudi\u00e8res de hockey professionnel McRoller, avec fermeture velcro.  Tr\u00e8s confortables et avec une haute protection.  Disponibles en plusieurs tailles.","og_url":"https:\/\/www.mcroller.com\/fr\/tienda\/coderas-hockey-portero\/","og_site_name":"Hockey McRoller Shop","article_publisher":"https:\/\/www.facebook.com\/McRoller-184371304938402\/","article_modified_time":"2025-04-26T16:53:32+00:00","og_image":[{"width":640,"height":416,"url":"https:\/\/www.mcroller.com\/wp-content\/uploads\/2017\/11\/CODGOAL-CODERAS-PORTERO-PROFESIONAL.jpg.jpg","type":"image\/jpeg"}],"twitter_card":"summary_large_image","twitter_misc":{"Dur\u00e9e de lecture estim\u00e9e":"1 minute"},"schema":{"@context":"https:\/\/schema.org","@graph":[{"@type":"WebSite","@id":"https:\/\/www.mcroller.com\/fr\/#website","url":"https:\/\/www.mcroller.com\/fr\/","name":"Hockey McRoller Shop","description":"","potentialAction":[{"@type":"SearchAction","target":{"@type":"EntryPoint","urlTemplate":"https:\/\/www.mcroller.com\/fr\/?s={search_term_string}"},"query-input":"required name=search_term_string"}],"inLanguage":"fr-FR"},{"@type":"ImageObject","@id":"https:\/\/www.mcroller.com\/fr\/tienda\/coderas-hockey-portero\/#primaryimage","inLanguage":"fr-FR","url":"https:\/\/www.mcroller.com\/wp-content\/uploads\/2017\/11\/CODGOAL-CODERAS-PORTERO-PROFESIONAL.jpg.jpg","contentUrl":"https:\/\/www.mcroller.com\/wp-content\/uploads\/2017\/11\/CODGOAL-CODERAS-PORTERO-PROFESIONAL.jpg.jpg","width":640,"height":416},{"@type":"WebPage","@id":"https:\/\/www.mcroller.com\/fr\/tienda\/coderas-hockey-portero\/#webpage","url":"https:\/\/www.mcroller.com\/fr\/tienda\/coderas-hockey-portero\/","name":"Coudi\u00e8res Hockey Portero | Hockey McRoller Shop","isPartOf":{"@id":"https:\/\/www.mcroller.com\/fr\/#website"},"primaryImageOfPage":{"@id":"https:\/\/www.mcroller.com\/fr\/tienda\/coderas-hockey-portero\/#primaryimage"},"datePublished":"2017-11-01T11:09:16+00:00","dateModified":"2025-04-26T16:53:32+00:00","breadcrumb":{"@id":"https:\/\/www.mcroller.com\/fr\/tienda\/coderas-hockey-portero\/#breadcrumb"},"inLanguage":"fr-FR","potentialAction":[{"@type":"ReadAction","target":[["https:\/\/www.mcroller.com\/fr\/tienda\/coderas-hockey-portero\/"]]}]},{"@type":"BreadcrumbList","@id":"https:\/\/www.mcroller.com\/fr\/tienda\/coderas-hockey-portero\/#breadcrumb","itemListElement":[{"@type":"ListItem","position":1,"name":"Accueil","item":"https:\/\/www.mcroller.com\/fr\/"},{"@type":"ListItem","position":2,"name":"Homepage","item":"https:\/\/www.mcroller.com\/fr\/"},{"@type":"ListItem","position":3,"name":"Coderas Hockey Portero"}]}]}},"_links":{"self":[{"href":"https:\/\/www.mcroller.com\/fr\/wp-json\/wp\/v2\/product\/619"}],"collection":[{"href":"https:\/\/www.mcroller.com\/fr\/wp-json\/wp\/v2\/product"}],"about":[{"href":"https:\/\/www.mcroller.com\/fr\/wp-json\/wp\/v2\/types\/product"}],"wp:featuredmedia":[{"embeddable":true,"href":"https:\/\/www.mcroller.com\/fr\/wp-json\/wp\/v2\/media\/4040"}],"wp:attachment":[{"href":"https:\/\/www.mcroller.com\/fr\/wp-json\/wp\/v2\/media?parent=619"}],"wp:term":[{"taxonomy":"product_cat","embeddable":true,"href":"https:\/\/www.mcroller.com\/fr\/wp-json\/wp\/v2\/product_cat?post=619"},{"taxonomy":"product_tag","embeddable":true,"href":"https:\/\/www.mcroller.com\/fr\/wp-json\/wp\/v2\/product_tag?post=619"}],"curies":[{"name":"wp","href":"https:\/\/api.w.org\/{rel}","templated":true}]}}