{"id":785,"date":"2017-11-06T16:56:24","date_gmt":"2017-11-06T16:56:24","guid":{"rendered":"https:\/\/www.mcroller.com\/?post_type=product&#038;p=785"},"modified":"2026-04-11T18:22:36","modified_gmt":"2026-04-11T18:22:36","slug":"junior-hockey-boot-brisbane-2017","status":"publish","type":"product","link":"https:\/\/www.mcroller.com\/fr\/magasin\/botte-de-hockey-junior-brisbane\/","title":{"rendered":"Botte de hockey junior Brisbane"},"content":{"rendered":"<p><img loading=\"lazy\" class=\"aligncenter size-full wp-image-686\" src=\"https:\/\/www.mcroller.com\/wp-content\/uploads\/2017\/11\/B01_Bota_Iniciacion_brisbane_azul.jpg\" alt=\"bota iniciacion brisbane mcroller\" width=\"1920\" height=\"1280\" \/><\/p>\n","protected":false},"excerpt":{"rendered":"<p>Bottes de rink hockey professionnel junior Brisbane<\/p>\n<p>Tr\u00e8s confortables et avec bout renforc\u00e9. Finitions r\u00e9sistantes et de grande qualit\u00e9.<\/p>\n<p>Disponibles en plusieurs couleurs et pointures.<\/p>\n","protected":false},"featured_media":686,"template":"","meta":[],"product_cat":[132],"product_tag":[],"acf":[],"yoast_head":"<!-- This site is optimized with the Yoast SEO plugin v18.5.1 - https:\/\/yoast.com\/wordpress\/plugins\/seo\/ -->\n<title>Botte de hockey junior Brisbane | Hockey McRoller Shop<\/title>\n<meta name=\"robots\" content=\"index, follow, max-snippet:-1, max-image-preview:large, max-video-preview:-1\" \/>\n<link rel=\"canonical\" href=\"https:\/\/www.mcroller.com\/fr\/tienda\/bota-hockey-junior-brisbane\/\" \/>\n<meta property=\"og:locale\" content=\"fr_FR\" \/>\n<meta property=\"og:type\" content=\"article\" \/>\n<meta property=\"og:title\" content=\"Botte de hockey junior Brisbane | Hockey McRoller Shop\" \/>\n<meta property=\"og:description\" content=\"Bottes de rink hockey professionnel junior Brisbane  Tr\u00e8s confortables et avec bout renforc\u00e9. Finitions r\u00e9sistantes et de grande qualit\u00e9.  Disponibles en plusieurs couleurs et pointures.\" \/>\n<meta property=\"og:url\" content=\"https:\/\/www.mcroller.com\/fr\/tienda\/bota-hockey-junior-brisbane\/\" \/>\n<meta property=\"og:site_name\" content=\"Hockey McRoller Shop\" \/>\n<meta property=\"article:publisher\" content=\"https:\/\/www.facebook.com\/McRoller-184371304938402\/\" \/>\n<meta property=\"article:modified_time\" content=\"2026-04-11T18:22:36+00:00\" \/>\n<meta property=\"og:image\" content=\"https:\/\/www.mcroller.com\/wp-content\/uploads\/2017\/11\/B01_Bota_Iniciacion_brisbane_azul-e1532072766634.jpg\" \/>\n\t<meta property=\"og:image:width\" content=\"1200\" \/>\n\t<meta property=\"og:image:height\" content=\"800\" \/>\n\t<meta property=\"og:image:type\" content=\"image\/jpeg\" \/>\n<meta name=\"twitter:card\" content=\"summary_large_image\" \/>\n<script type=\"application\/ld+json\" class=\"yoast-schema-graph\">{\"@context\":\"https:\/\/schema.org\",\"@graph\":[{\"@type\":\"WebSite\",\"@id\":\"https:\/\/www.mcroller.com\/fr\/#website\",\"url\":\"https:\/\/www.mcroller.com\/fr\/\",\"name\":\"Hockey McRoller Shop\",\"description\":\"\",\"potentialAction\":[{\"@type\":\"SearchAction\",\"target\":{\"@type\":\"EntryPoint\",\"urlTemplate\":\"https:\/\/www.mcroller.com\/fr\/?s={search_term_string}\"},\"query-input\":\"required name=search_term_string\"}],\"inLanguage\":\"fr-FR\"},{\"@type\":\"ImageObject\",\"@id\":\"https:\/\/www.mcroller.com\/fr\/tienda\/bota-hockey-junior-brisbane\/#primaryimage\",\"inLanguage\":\"fr-FR\",\"url\":\"https:\/\/www.mcroller.com\/wp-content\/uploads\/2017\/11\/B01_Bota_Iniciacion_brisbane_azul-e1532072766634.jpg\",\"contentUrl\":\"https:\/\/www.mcroller.com\/wp-content\/uploads\/2017\/11\/B01_Bota_Iniciacion_brisbane_azul-e1532072766634.jpg\",\"width\":1200,\"height\":800,\"caption\":\"bota iniciacion brisbane mcroller\"},{\"@type\":\"WebPage\",\"@id\":\"https:\/\/www.mcroller.com\/fr\/tienda\/bota-hockey-junior-brisbane\/#webpage\",\"url\":\"https:\/\/www.mcroller.com\/fr\/tienda\/bota-hockey-junior-brisbane\/\",\"name\":\"Botte de hockey junior Brisbane | Hockey McRoller Shop\",\"isPartOf\":{\"@id\":\"https:\/\/www.mcroller.com\/fr\/#website\"},\"primaryImageOfPage\":{\"@id\":\"https:\/\/www.mcroller.com\/fr\/tienda\/bota-hockey-junior-brisbane\/#primaryimage\"},\"datePublished\":\"2017-11-06T16:56:24+00:00\",\"dateModified\":\"2026-04-11T18:22:36+00:00\",\"breadcrumb\":{\"@id\":\"https:\/\/www.mcroller.com\/fr\/tienda\/bota-hockey-junior-brisbane\/#breadcrumb\"},\"inLanguage\":\"fr-FR\",\"potentialAction\":[{\"@type\":\"ReadAction\",\"target\":[[\"https:\/\/www.mcroller.com\/fr\/tienda\/bota-hockey-junior-brisbane\/\"]]}]},{\"@type\":\"BreadcrumbList\",\"@id\":\"https:\/\/www.mcroller.com\/fr\/tienda\/bota-hockey-junior-brisbane\/#breadcrumb\",\"itemListElement\":[{\"@type\":\"ListItem\",\"position\":1,\"name\":\"Accueil\",\"item\":\"https:\/\/www.mcroller.com\/fr\/\"},{\"@type\":\"ListItem\",\"position\":2,\"name\":\"Homepage\",\"item\":\"https:\/\/www.mcroller.com\/fr\/\"},{\"@type\":\"ListItem\",\"position\":3,\"name\":\"Bota hockey Junior Brisbane\"}]}]}<\/script>\n<!-- \/ Yoast SEO plugin. -->","yoast_head_json":{"title":"Botte de hockey junior Brisbane | Hockey McRoller Shop","robots":{"index":"index","follow":"follow","max-snippet":"max-snippet:-1","max-image-preview":"max-image-preview:large","max-video-preview":"max-video-preview:-1"},"canonical":"https:\/\/www.mcroller.com\/fr\/tienda\/bota-hockey-junior-brisbane\/","og_locale":"fr_FR","og_type":"article","og_title":"Botte de hockey junior Brisbane | Hockey McRoller Shop","og_description":"Bottes de rink hockey professionnel junior Brisbane  Tr\u00e8s confortables et avec bout renforc\u00e9. Finitions r\u00e9sistantes et de grande qualit\u00e9.  Disponibles en plusieurs couleurs et pointures.","og_url":"https:\/\/www.mcroller.com\/fr\/tienda\/bota-hockey-junior-brisbane\/","og_site_name":"Hockey McRoller Shop","article_publisher":"https:\/\/www.facebook.com\/McRoller-184371304938402\/","article_modified_time":"2026-04-11T18:22:36+00:00","og_image":[{"width":1200,"height":800,"url":"https:\/\/www.mcroller.com\/wp-content\/uploads\/2017\/11\/B01_Bota_Iniciacion_brisbane_azul-e1532072766634.jpg","type":"image\/jpeg"}],"twitter_card":"summary_large_image","schema":{"@context":"https:\/\/schema.org","@graph":[{"@type":"WebSite","@id":"https:\/\/www.mcroller.com\/fr\/#website","url":"https:\/\/www.mcroller.com\/fr\/","name":"Hockey McRoller Shop","description":"","potentialAction":[{"@type":"SearchAction","target":{"@type":"EntryPoint","urlTemplate":"https:\/\/www.mcroller.com\/fr\/?s={search_term_string}"},"query-input":"required name=search_term_string"}],"inLanguage":"fr-FR"},{"@type":"ImageObject","@id":"https:\/\/www.mcroller.com\/fr\/tienda\/bota-hockey-junior-brisbane\/#primaryimage","inLanguage":"fr-FR","url":"https:\/\/www.mcroller.com\/wp-content\/uploads\/2017\/11\/B01_Bota_Iniciacion_brisbane_azul-e1532072766634.jpg","contentUrl":"https:\/\/www.mcroller.com\/wp-content\/uploads\/2017\/11\/B01_Bota_Iniciacion_brisbane_azul-e1532072766634.jpg","width":1200,"height":800,"caption":"bota iniciacion brisbane mcroller"},{"@type":"WebPage","@id":"https:\/\/www.mcroller.com\/fr\/tienda\/bota-hockey-junior-brisbane\/#webpage","url":"https:\/\/www.mcroller.com\/fr\/tienda\/bota-hockey-junior-brisbane\/","name":"Botte de hockey junior Brisbane | Hockey McRoller Shop","isPartOf":{"@id":"https:\/\/www.mcroller.com\/fr\/#website"},"primaryImageOfPage":{"@id":"https:\/\/www.mcroller.com\/fr\/tienda\/bota-hockey-junior-brisbane\/#primaryimage"},"datePublished":"2017-11-06T16:56:24+00:00","dateModified":"2026-04-11T18:22:36+00:00","breadcrumb":{"@id":"https:\/\/www.mcroller.com\/fr\/tienda\/bota-hockey-junior-brisbane\/#breadcrumb"},"inLanguage":"fr-FR","potentialAction":[{"@type":"ReadAction","target":[["https:\/\/www.mcroller.com\/fr\/tienda\/bota-hockey-junior-brisbane\/"]]}]},{"@type":"BreadcrumbList","@id":"https:\/\/www.mcroller.com\/fr\/tienda\/bota-hockey-junior-brisbane\/#breadcrumb","itemListElement":[{"@type":"ListItem","position":1,"name":"Accueil","item":"https:\/\/www.mcroller.com\/fr\/"},{"@type":"ListItem","position":2,"name":"Homepage","item":"https:\/\/www.mcroller.com\/fr\/"},{"@type":"ListItem","position":3,"name":"Bota hockey Junior Brisbane"}]}]}},"_links":{"self":[{"href":"https:\/\/www.mcroller.com\/fr\/wp-json\/wp\/v2\/product\/785"}],"collection":[{"href":"https:\/\/www.mcroller.com\/fr\/wp-json\/wp\/v2\/product"}],"about":[{"href":"https:\/\/www.mcroller.com\/fr\/wp-json\/wp\/v2\/types\/product"}],"wp:featuredmedia":[{"embeddable":true,"href":"https:\/\/www.mcroller.com\/fr\/wp-json\/wp\/v2\/media\/686"}],"wp:attachment":[{"href":"https:\/\/www.mcroller.com\/fr\/wp-json\/wp\/v2\/media?parent=785"}],"wp:term":[{"taxonomy":"product_cat","embeddable":true,"href":"https:\/\/www.mcroller.com\/fr\/wp-json\/wp\/v2\/product_cat?post=785"},{"taxonomy":"product_tag","embeddable":true,"href":"https:\/\/www.mcroller.com\/fr\/wp-json\/wp\/v2\/product_tag?post=785"}],"curies":[{"name":"wp","href":"https:\/\/api.w.org\/{rel}","templated":true}]}}