{"id":835,"date":"2017-11-06T17:52:48","date_gmt":"2017-11-06T17:52:48","guid":{"rendered":"https:\/\/www.mcroller.com\/?post_type=product&#038;p=835"},"modified":"2025-09-11T15:27:01","modified_gmt":"2025-09-11T15:27:01","slug":"senior-hockey-boot-2017","status":"publish","type":"product","link":"https:\/\/www.mcroller.com\/fr\/magasin\/botte-de-hockey-senior\/","title":{"rendered":"Botte de hockey senior"},"content":{"rendered":"<p><img loading=\"lazy\" class=\"aligncenter size-full wp-image-683\" src=\"https:\/\/www.mcroller.com\/wp-content\/uploads\/2017\/11\/BO2_Bota_Senior_Hockey_2.jpg\" alt=\"boot hockey initiation mcroller\" width=\"1920\" height=\"1280\" srcset=\"https:\/\/www.mcroller.com\/wp-content\/uploads\/2017\/11\/BO2_Bota_Senior_Hockey_2.jpg 1920w, https:\/\/www.mcroller.com\/wp-content\/uploads\/2017\/11\/BO2_Bota_Senior_Hockey_2-350x233.jpg 350w, https:\/\/www.mcroller.com\/wp-content\/uploads\/2017\/11\/BO2_Bota_Senior_Hockey_2-300x200.jpg 300w, https:\/\/www.mcroller.com\/wp-content\/uploads\/2017\/11\/BO2_Bota_Senior_Hockey_2-768x512.jpg 768w, https:\/\/www.mcroller.com\/wp-content\/uploads\/2017\/11\/BO2_Bota_Senior_Hockey_2-1024x683.jpg 1024w, https:\/\/www.mcroller.com\/wp-content\/uploads\/2017\/11\/BO2_Bota_Senior_Hockey_2-550x367.jpg 550w\" sizes=\"(max-width: 706px) 89vw, (max-width: 767px) 82vw, 740px\" \/><\/p>\n","protected":false},"excerpt":{"rendered":"<p>Bottes de rink hockey professionnel Senior<\/p>\n<p>Tr\u00e8s confortables et avec bout et talon renforc\u00e9s.<\/p>\n<p>Finitions r\u00e9sistantes et de grande qualit\u00e9.<\/p>\n<p>Disponibles en plusieurs pointures et avec un design attrayant blanc et bleu.<\/p>\n","protected":false},"featured_media":683,"template":"","meta":[],"product_cat":[137],"product_tag":[],"acf":[],"yoast_head":"<!-- This site is optimized with the Yoast SEO plugin v18.5.1 - https:\/\/yoast.com\/wordpress\/plugins\/seo\/ -->\n<title>Botte de hockey senior | Hockey McRoller Shop<\/title>\n<meta name=\"robots\" content=\"index, follow, max-snippet:-1, max-image-preview:large, max-video-preview:-1\" \/>\n<link rel=\"canonical\" href=\"https:\/\/www.mcroller.com\/fr\/tienda\/bota-hockey-senior\/\" \/>\n<meta property=\"og:locale\" content=\"fr_FR\" \/>\n<meta property=\"og:type\" content=\"article\" \/>\n<meta property=\"og:title\" content=\"Botte de hockey senior | Hockey McRoller Shop\" \/>\n<meta property=\"og:description\" content=\"Bottes de rink hockey professionnel Senior  Tr\u00e8s confortables et avec bout et talon renforc\u00e9s.  Finitions r\u00e9sistantes et de grande qualit\u00e9.  Disponibles en plusieurs pointures et avec un design attrayant blanc et bleu.\" \/>\n<meta property=\"og:url\" content=\"https:\/\/www.mcroller.com\/fr\/tienda\/bota-hockey-senior\/\" \/>\n<meta property=\"og:site_name\" content=\"Hockey McRoller Shop\" \/>\n<meta property=\"article:publisher\" content=\"https:\/\/www.facebook.com\/McRoller-184371304938402\/\" \/>\n<meta property=\"article:modified_time\" content=\"2025-09-11T15:27:01+00:00\" \/>\n<meta property=\"og:image\" content=\"https:\/\/www.mcroller.com\/wp-content\/uploads\/2017\/11\/BO2_Bota_Senior_Hockey_2.jpg\" \/>\n\t<meta property=\"og:image:width\" content=\"1920\" \/>\n\t<meta property=\"og:image:height\" content=\"1280\" \/>\n\t<meta property=\"og:image:type\" content=\"image\/jpeg\" \/>\n<meta name=\"twitter:card\" content=\"summary_large_image\" \/>\n<script type=\"application\/ld+json\" class=\"yoast-schema-graph\">{\"@context\":\"https:\/\/schema.org\",\"@graph\":[{\"@type\":\"WebSite\",\"@id\":\"https:\/\/www.mcroller.com\/fr\/#website\",\"url\":\"https:\/\/www.mcroller.com\/fr\/\",\"name\":\"Hockey McRoller Shop\",\"description\":\"\",\"potentialAction\":[{\"@type\":\"SearchAction\",\"target\":{\"@type\":\"EntryPoint\",\"urlTemplate\":\"https:\/\/www.mcroller.com\/fr\/?s={search_term_string}\"},\"query-input\":\"required name=search_term_string\"}],\"inLanguage\":\"fr-FR\"},{\"@type\":\"ImageObject\",\"@id\":\"https:\/\/www.mcroller.com\/fr\/tienda\/bota-hockey-senior\/#primaryimage\",\"inLanguage\":\"fr-FR\",\"url\":\"https:\/\/www.mcroller.com\/wp-content\/uploads\/2017\/11\/BO2_Bota_Senior_Hockey_2.jpg\",\"contentUrl\":\"https:\/\/www.mcroller.com\/wp-content\/uploads\/2017\/11\/BO2_Bota_Senior_Hockey_2.jpg\",\"width\":1920,\"height\":1280,\"caption\":\"boot hockey initiation mcroller\"},{\"@type\":\"WebPage\",\"@id\":\"https:\/\/www.mcroller.com\/fr\/tienda\/bota-hockey-senior\/#webpage\",\"url\":\"https:\/\/www.mcroller.com\/fr\/tienda\/bota-hockey-senior\/\",\"name\":\"Botte de hockey senior | Hockey McRoller Shop\",\"isPartOf\":{\"@id\":\"https:\/\/www.mcroller.com\/fr\/#website\"},\"primaryImageOfPage\":{\"@id\":\"https:\/\/www.mcroller.com\/fr\/tienda\/bota-hockey-senior\/#primaryimage\"},\"datePublished\":\"2017-11-06T17:52:48+00:00\",\"dateModified\":\"2025-09-11T15:27:01+00:00\",\"breadcrumb\":{\"@id\":\"https:\/\/www.mcroller.com\/fr\/tienda\/bota-hockey-senior\/#breadcrumb\"},\"inLanguage\":\"fr-FR\",\"potentialAction\":[{\"@type\":\"ReadAction\",\"target\":[[\"https:\/\/www.mcroller.com\/fr\/tienda\/bota-hockey-senior\/\"]]}]},{\"@type\":\"BreadcrumbList\",\"@id\":\"https:\/\/www.mcroller.com\/fr\/tienda\/bota-hockey-senior\/#breadcrumb\",\"itemListElement\":[{\"@type\":\"ListItem\",\"position\":1,\"name\":\"Accueil\",\"item\":\"https:\/\/www.mcroller.com\/fr\/\"},{\"@type\":\"ListItem\",\"position\":2,\"name\":\"Homepage\",\"item\":\"https:\/\/www.mcroller.com\/fr\/\"},{\"@type\":\"ListItem\",\"position\":3,\"name\":\"Bota hockey Senior\"}]}]}<\/script>\n<!-- \/ Yoast SEO plugin. -->","yoast_head_json":{"title":"Botte de hockey senior | Hockey McRoller Shop","robots":{"index":"index","follow":"follow","max-snippet":"max-snippet:-1","max-image-preview":"max-image-preview:large","max-video-preview":"max-video-preview:-1"},"canonical":"https:\/\/www.mcroller.com\/fr\/tienda\/bota-hockey-senior\/","og_locale":"fr_FR","og_type":"article","og_title":"Botte de hockey senior | Hockey McRoller Shop","og_description":"Bottes de rink hockey professionnel Senior  Tr\u00e8s confortables et avec bout et talon renforc\u00e9s.  Finitions r\u00e9sistantes et de grande qualit\u00e9.  Disponibles en plusieurs pointures et avec un design attrayant blanc et bleu.","og_url":"https:\/\/www.mcroller.com\/fr\/tienda\/bota-hockey-senior\/","og_site_name":"Hockey McRoller Shop","article_publisher":"https:\/\/www.facebook.com\/McRoller-184371304938402\/","article_modified_time":"2025-09-11T15:27:01+00:00","og_image":[{"width":1920,"height":1280,"url":"https:\/\/www.mcroller.com\/wp-content\/uploads\/2017\/11\/BO2_Bota_Senior_Hockey_2.jpg","type":"image\/jpeg"}],"twitter_card":"summary_large_image","schema":{"@context":"https:\/\/schema.org","@graph":[{"@type":"WebSite","@id":"https:\/\/www.mcroller.com\/fr\/#website","url":"https:\/\/www.mcroller.com\/fr\/","name":"Hockey McRoller Shop","description":"","potentialAction":[{"@type":"SearchAction","target":{"@type":"EntryPoint","urlTemplate":"https:\/\/www.mcroller.com\/fr\/?s={search_term_string}"},"query-input":"required name=search_term_string"}],"inLanguage":"fr-FR"},{"@type":"ImageObject","@id":"https:\/\/www.mcroller.com\/fr\/tienda\/bota-hockey-senior\/#primaryimage","inLanguage":"fr-FR","url":"https:\/\/www.mcroller.com\/wp-content\/uploads\/2017\/11\/BO2_Bota_Senior_Hockey_2.jpg","contentUrl":"https:\/\/www.mcroller.com\/wp-content\/uploads\/2017\/11\/BO2_Bota_Senior_Hockey_2.jpg","width":1920,"height":1280,"caption":"boot hockey initiation mcroller"},{"@type":"WebPage","@id":"https:\/\/www.mcroller.com\/fr\/tienda\/bota-hockey-senior\/#webpage","url":"https:\/\/www.mcroller.com\/fr\/tienda\/bota-hockey-senior\/","name":"Botte de hockey senior | Hockey McRoller Shop","isPartOf":{"@id":"https:\/\/www.mcroller.com\/fr\/#website"},"primaryImageOfPage":{"@id":"https:\/\/www.mcroller.com\/fr\/tienda\/bota-hockey-senior\/#primaryimage"},"datePublished":"2017-11-06T17:52:48+00:00","dateModified":"2025-09-11T15:27:01+00:00","breadcrumb":{"@id":"https:\/\/www.mcroller.com\/fr\/tienda\/bota-hockey-senior\/#breadcrumb"},"inLanguage":"fr-FR","potentialAction":[{"@type":"ReadAction","target":[["https:\/\/www.mcroller.com\/fr\/tienda\/bota-hockey-senior\/"]]}]},{"@type":"BreadcrumbList","@id":"https:\/\/www.mcroller.com\/fr\/tienda\/bota-hockey-senior\/#breadcrumb","itemListElement":[{"@type":"ListItem","position":1,"name":"Accueil","item":"https:\/\/www.mcroller.com\/fr\/"},{"@type":"ListItem","position":2,"name":"Homepage","item":"https:\/\/www.mcroller.com\/fr\/"},{"@type":"ListItem","position":3,"name":"Bota hockey Senior"}]}]}},"_links":{"self":[{"href":"https:\/\/www.mcroller.com\/fr\/wp-json\/wp\/v2\/product\/835"}],"collection":[{"href":"https:\/\/www.mcroller.com\/fr\/wp-json\/wp\/v2\/product"}],"about":[{"href":"https:\/\/www.mcroller.com\/fr\/wp-json\/wp\/v2\/types\/product"}],"wp:featuredmedia":[{"embeddable":true,"href":"https:\/\/www.mcroller.com\/fr\/wp-json\/wp\/v2\/media\/683"}],"wp:attachment":[{"href":"https:\/\/www.mcroller.com\/fr\/wp-json\/wp\/v2\/media?parent=835"}],"wp:term":[{"taxonomy":"product_cat","embeddable":true,"href":"https:\/\/www.mcroller.com\/fr\/wp-json\/wp\/v2\/product_cat?post=835"},{"taxonomy":"product_tag","embeddable":true,"href":"https:\/\/www.mcroller.com\/fr\/wp-json\/wp\/v2\/product_tag?post=835"}],"curies":[{"name":"wp","href":"https:\/\/api.w.org\/{rel}","templated":true}]}}