{"id":902,"date":"2017-11-06T18:50:19","date_gmt":"2017-11-06T18:50:19","guid":{"rendered":"https:\/\/www.mcroller.com\/?post_type=product&#038;p=902"},"modified":"2025-12-24T08:20:13","modified_gmt":"2025-12-24T08:20:13","slug":"trolley-player-hockey-50-ctms-3-departments","status":"publish","type":"product","link":"https:\/\/www.mcroller.com\/fr\/magasin\/trolleys-player-hockey-50-ctms-3-departements-2\/","title":{"rendered":"Sac Trolley Joueur Rink Hockey 50 Cms 3 D\u00e9partements"},"content":{"rendered":"<p class=\"qtranxs-available-languages-message qtranxs-available-languages-message-fr\">D\u00e9sol\u00e9, cet article est seulement disponible en <a href=\"https:\/\/www.mcroller.com\/en\/wp-json\/wp\/v2\/product\/902\" class=\"qtranxs-available-language-link qtranxs-available-language-link-en\" title=\"Eng\">anglais am\u00e9ricain<\/a>.<\/p>","protected":false},"excerpt":{"rendered":"<p>Sac trolley de joueur de rink hockey McRoller , fabriqu\u00e9 avec le meilleur polyester.<\/p>\n<p>Con\u00e7u avec de grandes roulettes r\u00e9sistantes et des coutures de haute qualit\u00e9, ce qui le rend tr\u00e8s r\u00e9sistant \u00e0 l\u2019usage quotidien.<\/p>\n<p>Mod\u00e8le de 50 cm avec 3 compartiments.<\/p>\n<p>Mesures 50 cm hateur x 31 cm largeur x 34 cm profondeur<\/p>\n<p>Manche t\u00e9lescopique 38 cm<\/p>\n<p>Capacit\u00e9 52,7 L<\/p>\n<p>Disponible dans une large gamme de couleurs.<\/p>\n","protected":false},"featured_media":768,"template":"","meta":[],"product_cat":[146],"product_tag":[],"acf":[],"yoast_head":"<!-- This site is optimized with the Yoast SEO plugin v18.5.1 - https:\/\/yoast.com\/wordpress\/plugins\/seo\/ -->\n<title>Sac Trolley Joueur Rink Hockey 50 Cms 3 D\u00e9partements | Hockey McRoller Shop<\/title>\n<meta name=\"robots\" content=\"index, follow, max-snippet:-1, max-image-preview:large, max-video-preview:-1\" \/>\n<link rel=\"canonical\" href=\"https:\/\/www.mcroller.com\/fr\/tienda\/trolleys-jugador-hockey-50-ctms-3-departamentos-2\/\" \/>\n<meta property=\"og:locale\" content=\"fr_FR\" \/>\n<meta property=\"og:type\" content=\"article\" \/>\n<meta property=\"og:title\" content=\"Sac Trolley Joueur Rink Hockey 50 Cms 3 D\u00e9partements | Hockey McRoller Shop\" \/>\n<meta property=\"og:description\" content=\"Sac trolley de joueur de rink hockey McRoller , fabriqu\u00e9 avec le meilleur polyester.  Con\u00e7u avec de grandes roulettes r\u00e9sistantes et des coutures de haute qualit\u00e9, ce qui le rend tr\u00e8s r\u00e9sistant \u00e0 l\u2019usage quotidien.  Mod\u00e8le de 50 cm avec 3 compartiments.  Mesures 50 cm hateur x 31 cm largeur x 34 cm profondeur  Manche t\u00e9lescopique 38 cm  Capacit\u00e9 52,7 L  Disponible dans une large gamme de couleurs.\" \/>\n<meta property=\"og:url\" content=\"https:\/\/www.mcroller.com\/fr\/tienda\/trolleys-jugador-hockey-50-ctms-3-departamentos-2\/\" \/>\n<meta property=\"og:site_name\" content=\"Hockey McRoller Shop\" \/>\n<meta property=\"article:publisher\" content=\"https:\/\/www.facebook.com\/McRoller-184371304938402\/\" \/>\n<meta property=\"article:modified_time\" content=\"2025-12-24T08:20:13+00:00\" \/>\n<meta property=\"og:image\" content=\"https:\/\/www.mcroller.com\/wp-content\/uploads\/2017\/11\/TRJ50_50CM_Trolley-jugador-hockey-azul-amarillo-e1532072376332.jpg\" \/>\n\t<meta property=\"og:image:width\" content=\"1200\" \/>\n\t<meta property=\"og:image:height\" content=\"800\" \/>\n\t<meta property=\"og:image:type\" content=\"image\/jpeg\" \/>\n<meta name=\"twitter:card\" content=\"summary_large_image\" \/>\n<script type=\"application\/ld+json\" class=\"yoast-schema-graph\">{\"@context\":\"https:\/\/schema.org\",\"@graph\":[{\"@type\":\"WebSite\",\"@id\":\"https:\/\/www.mcroller.com\/fr\/#website\",\"url\":\"https:\/\/www.mcroller.com\/fr\/\",\"name\":\"Hockey McRoller Shop\",\"description\":\"\",\"potentialAction\":[{\"@type\":\"SearchAction\",\"target\":{\"@type\":\"EntryPoint\",\"urlTemplate\":\"https:\/\/www.mcroller.com\/fr\/?s={search_term_string}\"},\"query-input\":\"required name=search_term_string\"}],\"inLanguage\":\"fr-FR\"},{\"@type\":\"ImageObject\",\"@id\":\"https:\/\/www.mcroller.com\/fr\/tienda\/trolleys-jugador-hockey-50-ctms-3-departamentos-2\/#primaryimage\",\"inLanguage\":\"fr-FR\",\"url\":\"https:\/\/www.mcroller.com\/wp-content\/uploads\/2017\/11\/TRJ50_50CM_Trolley-jugador-hockey-azul-amarillo-e1532072376332.jpg\",\"contentUrl\":\"https:\/\/www.mcroller.com\/wp-content\/uploads\/2017\/11\/TRJ50_50CM_Trolley-jugador-hockey-azul-amarillo-e1532072376332.jpg\",\"width\":1200,\"height\":800,\"caption\":\"patins de h\u00f3quei de trole player\"},{\"@type\":\"WebPage\",\"@id\":\"https:\/\/www.mcroller.com\/fr\/tienda\/trolleys-jugador-hockey-50-ctms-3-departamentos-2\/#webpage\",\"url\":\"https:\/\/www.mcroller.com\/fr\/tienda\/trolleys-jugador-hockey-50-ctms-3-departamentos-2\/\",\"name\":\"Sac Trolley Joueur Rink Hockey 50 Cms 3 D\u00e9partements | Hockey McRoller Shop\",\"isPartOf\":{\"@id\":\"https:\/\/www.mcroller.com\/fr\/#website\"},\"primaryImageOfPage\":{\"@id\":\"https:\/\/www.mcroller.com\/fr\/tienda\/trolleys-jugador-hockey-50-ctms-3-departamentos-2\/#primaryimage\"},\"datePublished\":\"2017-11-06T18:50:19+00:00\",\"dateModified\":\"2025-12-24T08:20:13+00:00\",\"breadcrumb\":{\"@id\":\"https:\/\/www.mcroller.com\/fr\/tienda\/trolleys-jugador-hockey-50-ctms-3-departamentos-2\/#breadcrumb\"},\"inLanguage\":\"fr-FR\",\"potentialAction\":[{\"@type\":\"ReadAction\",\"target\":[[\"https:\/\/www.mcroller.com\/fr\/tienda\/trolleys-jugador-hockey-50-ctms-3-departamentos-2\/\"]]}]},{\"@type\":\"BreadcrumbList\",\"@id\":\"https:\/\/www.mcroller.com\/fr\/tienda\/trolleys-jugador-hockey-50-ctms-3-departamentos-2\/#breadcrumb\",\"itemListElement\":[{\"@type\":\"ListItem\",\"position\":1,\"name\":\"Accueil\",\"item\":\"https:\/\/www.mcroller.com\/fr\/\"},{\"@type\":\"ListItem\",\"position\":2,\"name\":\"Homepage\",\"item\":\"https:\/\/www.mcroller.com\/fr\/\"},{\"@type\":\"ListItem\",\"position\":3,\"name\":\"Trolley Jugador Hockey Patines 50 cm 3 Departamentos\"}]}]}<\/script>\n<!-- \/ Yoast SEO plugin. -->","yoast_head_json":{"title":"Sac Trolley Joueur Rink Hockey 50 Cms 3 D\u00e9partements | Hockey McRoller Shop","robots":{"index":"index","follow":"follow","max-snippet":"max-snippet:-1","max-image-preview":"max-image-preview:large","max-video-preview":"max-video-preview:-1"},"canonical":"https:\/\/www.mcroller.com\/fr\/tienda\/trolleys-jugador-hockey-50-ctms-3-departamentos-2\/","og_locale":"fr_FR","og_type":"article","og_title":"Sac Trolley Joueur Rink Hockey 50 Cms 3 D\u00e9partements | Hockey McRoller Shop","og_description":"Sac trolley de joueur de rink hockey McRoller , fabriqu\u00e9 avec le meilleur polyester.  Con\u00e7u avec de grandes roulettes r\u00e9sistantes et des coutures de haute qualit\u00e9, ce qui le rend tr\u00e8s r\u00e9sistant \u00e0 l\u2019usage quotidien.  Mod\u00e8le de 50 cm avec 3 compartiments.  Mesures 50 cm hateur x 31 cm largeur x 34 cm profondeur  Manche t\u00e9lescopique 38 cm  Capacit\u00e9 52,7 L  Disponible dans une large gamme de couleurs.","og_url":"https:\/\/www.mcroller.com\/fr\/tienda\/trolleys-jugador-hockey-50-ctms-3-departamentos-2\/","og_site_name":"Hockey McRoller Shop","article_publisher":"https:\/\/www.facebook.com\/McRoller-184371304938402\/","article_modified_time":"2025-12-24T08:20:13+00:00","og_image":[{"width":1200,"height":800,"url":"https:\/\/www.mcroller.com\/wp-content\/uploads\/2017\/11\/TRJ50_50CM_Trolley-jugador-hockey-azul-amarillo-e1532072376332.jpg","type":"image\/jpeg"}],"twitter_card":"summary_large_image","schema":{"@context":"https:\/\/schema.org","@graph":[{"@type":"WebSite","@id":"https:\/\/www.mcroller.com\/fr\/#website","url":"https:\/\/www.mcroller.com\/fr\/","name":"Hockey McRoller Shop","description":"","potentialAction":[{"@type":"SearchAction","target":{"@type":"EntryPoint","urlTemplate":"https:\/\/www.mcroller.com\/fr\/?s={search_term_string}"},"query-input":"required name=search_term_string"}],"inLanguage":"fr-FR"},{"@type":"ImageObject","@id":"https:\/\/www.mcroller.com\/fr\/tienda\/trolleys-jugador-hockey-50-ctms-3-departamentos-2\/#primaryimage","inLanguage":"fr-FR","url":"https:\/\/www.mcroller.com\/wp-content\/uploads\/2017\/11\/TRJ50_50CM_Trolley-jugador-hockey-azul-amarillo-e1532072376332.jpg","contentUrl":"https:\/\/www.mcroller.com\/wp-content\/uploads\/2017\/11\/TRJ50_50CM_Trolley-jugador-hockey-azul-amarillo-e1532072376332.jpg","width":1200,"height":800,"caption":"patins de h\u00f3quei de trole player"},{"@type":"WebPage","@id":"https:\/\/www.mcroller.com\/fr\/tienda\/trolleys-jugador-hockey-50-ctms-3-departamentos-2\/#webpage","url":"https:\/\/www.mcroller.com\/fr\/tienda\/trolleys-jugador-hockey-50-ctms-3-departamentos-2\/","name":"Sac Trolley Joueur Rink Hockey 50 Cms 3 D\u00e9partements | Hockey McRoller Shop","isPartOf":{"@id":"https:\/\/www.mcroller.com\/fr\/#website"},"primaryImageOfPage":{"@id":"https:\/\/www.mcroller.com\/fr\/tienda\/trolleys-jugador-hockey-50-ctms-3-departamentos-2\/#primaryimage"},"datePublished":"2017-11-06T18:50:19+00:00","dateModified":"2025-12-24T08:20:13+00:00","breadcrumb":{"@id":"https:\/\/www.mcroller.com\/fr\/tienda\/trolleys-jugador-hockey-50-ctms-3-departamentos-2\/#breadcrumb"},"inLanguage":"fr-FR","potentialAction":[{"@type":"ReadAction","target":[["https:\/\/www.mcroller.com\/fr\/tienda\/trolleys-jugador-hockey-50-ctms-3-departamentos-2\/"]]}]},{"@type":"BreadcrumbList","@id":"https:\/\/www.mcroller.com\/fr\/tienda\/trolleys-jugador-hockey-50-ctms-3-departamentos-2\/#breadcrumb","itemListElement":[{"@type":"ListItem","position":1,"name":"Accueil","item":"https:\/\/www.mcroller.com\/fr\/"},{"@type":"ListItem","position":2,"name":"Homepage","item":"https:\/\/www.mcroller.com\/fr\/"},{"@type":"ListItem","position":3,"name":"Trolley Jugador Hockey Patines 50 cm 3 Departamentos"}]}]}},"_links":{"self":[{"href":"https:\/\/www.mcroller.com\/fr\/wp-json\/wp\/v2\/product\/902"}],"collection":[{"href":"https:\/\/www.mcroller.com\/fr\/wp-json\/wp\/v2\/product"}],"about":[{"href":"https:\/\/www.mcroller.com\/fr\/wp-json\/wp\/v2\/types\/product"}],"wp:featuredmedia":[{"embeddable":true,"href":"https:\/\/www.mcroller.com\/fr\/wp-json\/wp\/v2\/media\/768"}],"wp:attachment":[{"href":"https:\/\/www.mcroller.com\/fr\/wp-json\/wp\/v2\/media?parent=902"}],"wp:term":[{"taxonomy":"product_cat","embeddable":true,"href":"https:\/\/www.mcroller.com\/fr\/wp-json\/wp\/v2\/product_cat?post=902"},{"taxonomy":"product_tag","embeddable":true,"href":"https:\/\/www.mcroller.com\/fr\/wp-json\/wp\/v2\/product_tag?post=902"}],"curies":[{"name":"wp","href":"https:\/\/api.w.org\/{rel}","templated":true}]}}