{"id":922,"date":"2017-11-07T16:41:55","date_gmt":"2017-11-07T16:41:55","guid":{"rendered":"https:\/\/www.mcroller.com\/?post_type=product&#038;p=922"},"modified":"2025-11-04T19:23:29","modified_gmt":"2025-11-04T19:23:29","slug":"trolley-goalkeeper-helmet","status":"publish","type":"product","link":"https:\/\/www.mcroller.com\/fr\/magasin\/sac-trolley-gardien-rink-hockey-helmet\/","title":{"rendered":"Sac Trolley Gardien Rink Hockey HELMET"},"content":{"rendered":"<p class=\"qtranxs-available-languages-message qtranxs-available-languages-message-fr\">D\u00e9sol\u00e9, cet article est seulement disponible en <a href=\"https:\/\/www.mcroller.com\/es\/wp-json\/wp\/v2\/product\/922\" class=\"qtranxs-available-language-link qtranxs-available-language-link-es\" title=\"Cast\">espagnol europ\u00e9en<\/a>.<\/p>","protected":false},"excerpt":{"rendered":"<p>Sac trolley McRoller de gardien de hockey, fabriqu\u00e9 avec le meilleur polyester.<\/p>\n<p>Con\u00e7u avec de grandes roulettes r\u00e9sistantes et des coutures de haute qualit\u00e9, ce qui le rend tr\u00e8s r\u00e9sistant \u00e0 l\u2019usage quotidien.<\/p>\n<p>Dispose d\u2019une base pour permettre un maintien vertical et d\u2019un compartiment pour le casque et la visi\u00e8re.<\/p>\n<p>Disponible en noir, bleu, rouge.<\/p>\n<p>Mesures: 92 cm haut x 42 cm profondeur x 40cm large<\/p>\n","protected":false},"featured_media":766,"template":"","meta":[],"product_cat":[147],"product_tag":[],"acf":[],"yoast_head":"<!-- This site is optimized with the Yoast SEO plugin v18.5.1 - https:\/\/yoast.com\/wordpress\/plugins\/seo\/ -->\n<title>Sac Trolley Gardien Rink Hockey HELMET | Hockey McRoller Shop<\/title>\n<meta name=\"robots\" content=\"index, follow, max-snippet:-1, max-image-preview:large, max-video-preview:-1\" \/>\n<link rel=\"canonical\" href=\"https:\/\/www.mcroller.com\/fr\/tienda\/trolley-portero-hockey-patines-helmet\/\" \/>\n<meta property=\"og:locale\" content=\"fr_FR\" \/>\n<meta property=\"og:type\" content=\"article\" \/>\n<meta property=\"og:title\" content=\"Sac Trolley Gardien Rink Hockey HELMET | Hockey McRoller Shop\" \/>\n<meta property=\"og:description\" content=\"Sac trolley McRoller de gardien de hockey, fabriqu\u00e9 avec le meilleur polyester.  Con\u00e7u avec de grandes roulettes r\u00e9sistantes et des coutures de haute qualit\u00e9, ce qui le rend tr\u00e8s r\u00e9sistant \u00e0 l\u2019usage quotidien.  Dispose d\u2019une base pour permettre un maintien vertical et d\u2019un compartiment pour le casque et la visi\u00e8re.  Disponible en noir, bleu, rouge.  Mesures: 92 cm haut x 42 cm profondeur x 40cm large\" \/>\n<meta property=\"og:url\" content=\"https:\/\/www.mcroller.com\/fr\/tienda\/trolley-portero-hockey-patines-helmet\/\" \/>\n<meta property=\"og:site_name\" content=\"Hockey McRoller Shop\" \/>\n<meta property=\"article:publisher\" content=\"https:\/\/www.facebook.com\/McRoller-184371304938402\/\" \/>\n<meta property=\"article:modified_time\" content=\"2025-11-04T19:23:29+00:00\" \/>\n<meta property=\"og:image\" content=\"https:\/\/www.mcroller.com\/wp-content\/uploads\/2017\/11\/TRGH_Trolley-Goalkeeper-Helmet-90-e1532072477330.jpg\" \/>\n\t<meta property=\"og:image:width\" content=\"1200\" \/>\n\t<meta property=\"og:image:height\" content=\"800\" \/>\n\t<meta property=\"og:image:type\" content=\"image\/jpeg\" \/>\n<meta name=\"twitter:card\" content=\"summary_large_image\" \/>\n<script type=\"application\/ld+json\" class=\"yoast-schema-graph\">{\"@context\":\"https:\/\/schema.org\",\"@graph\":[{\"@type\":\"WebSite\",\"@id\":\"https:\/\/www.mcroller.com\/fr\/#website\",\"url\":\"https:\/\/www.mcroller.com\/fr\/\",\"name\":\"Hockey McRoller Shop\",\"description\":\"\",\"potentialAction\":[{\"@type\":\"SearchAction\",\"target\":{\"@type\":\"EntryPoint\",\"urlTemplate\":\"https:\/\/www.mcroller.com\/fr\/?s={search_term_string}\"},\"query-input\":\"required name=search_term_string\"}],\"inLanguage\":\"fr-FR\"},{\"@type\":\"ImageObject\",\"@id\":\"https:\/\/www.mcroller.com\/fr\/tienda\/trolley-portero-hockey-patines-helmet\/#primaryimage\",\"inLanguage\":\"fr-FR\",\"url\":\"https:\/\/www.mcroller.com\/wp-content\/uploads\/2017\/11\/TRGH_Trolley-Goalkeeper-Helmet-90-e1532072477330.jpg\",\"contentUrl\":\"https:\/\/www.mcroller.com\/wp-content\/uploads\/2017\/11\/TRGH_Trolley-Goalkeeper-Helmet-90-e1532072477330.jpg\",\"width\":1200,\"height\":800,\"caption\":\"mcroller trolley goalkeeper helmet\"},{\"@type\":\"WebPage\",\"@id\":\"https:\/\/www.mcroller.com\/fr\/tienda\/trolley-portero-hockey-patines-helmet\/#webpage\",\"url\":\"https:\/\/www.mcroller.com\/fr\/tienda\/trolley-portero-hockey-patines-helmet\/\",\"name\":\"Sac Trolley Gardien Rink Hockey HELMET | Hockey McRoller Shop\",\"isPartOf\":{\"@id\":\"https:\/\/www.mcroller.com\/fr\/#website\"},\"primaryImageOfPage\":{\"@id\":\"https:\/\/www.mcroller.com\/fr\/tienda\/trolley-portero-hockey-patines-helmet\/#primaryimage\"},\"datePublished\":\"2017-11-07T16:41:55+00:00\",\"dateModified\":\"2025-11-04T19:23:29+00:00\",\"breadcrumb\":{\"@id\":\"https:\/\/www.mcroller.com\/fr\/tienda\/trolley-portero-hockey-patines-helmet\/#breadcrumb\"},\"inLanguage\":\"fr-FR\",\"potentialAction\":[{\"@type\":\"ReadAction\",\"target\":[[\"https:\/\/www.mcroller.com\/fr\/tienda\/trolley-portero-hockey-patines-helmet\/\"]]}]},{\"@type\":\"BreadcrumbList\",\"@id\":\"https:\/\/www.mcroller.com\/fr\/tienda\/trolley-portero-hockey-patines-helmet\/#breadcrumb\",\"itemListElement\":[{\"@type\":\"ListItem\",\"position\":1,\"name\":\"Accueil\",\"item\":\"https:\/\/www.mcroller.com\/fr\/\"},{\"@type\":\"ListItem\",\"position\":2,\"name\":\"Homepage\",\"item\":\"https:\/\/www.mcroller.com\/fr\/\"},{\"@type\":\"ListItem\",\"position\":3,\"name\":\"Trolley Portero Hockey Patines HELMET\"}]}]}<\/script>\n<!-- \/ Yoast SEO plugin. -->","yoast_head_json":{"title":"Sac Trolley Gardien Rink Hockey HELMET | Hockey McRoller Shop","robots":{"index":"index","follow":"follow","max-snippet":"max-snippet:-1","max-image-preview":"max-image-preview:large","max-video-preview":"max-video-preview:-1"},"canonical":"https:\/\/www.mcroller.com\/fr\/tienda\/trolley-portero-hockey-patines-helmet\/","og_locale":"fr_FR","og_type":"article","og_title":"Sac Trolley Gardien Rink Hockey HELMET | Hockey McRoller Shop","og_description":"Sac trolley McRoller de gardien de hockey, fabriqu\u00e9 avec le meilleur polyester.  Con\u00e7u avec de grandes roulettes r\u00e9sistantes et des coutures de haute qualit\u00e9, ce qui le rend tr\u00e8s r\u00e9sistant \u00e0 l\u2019usage quotidien.  Dispose d\u2019une base pour permettre un maintien vertical et d\u2019un compartiment pour le casque et la visi\u00e8re.  Disponible en noir, bleu, rouge.  Mesures: 92 cm haut x 42 cm profondeur x 40cm large","og_url":"https:\/\/www.mcroller.com\/fr\/tienda\/trolley-portero-hockey-patines-helmet\/","og_site_name":"Hockey McRoller Shop","article_publisher":"https:\/\/www.facebook.com\/McRoller-184371304938402\/","article_modified_time":"2025-11-04T19:23:29+00:00","og_image":[{"width":1200,"height":800,"url":"https:\/\/www.mcroller.com\/wp-content\/uploads\/2017\/11\/TRGH_Trolley-Goalkeeper-Helmet-90-e1532072477330.jpg","type":"image\/jpeg"}],"twitter_card":"summary_large_image","schema":{"@context":"https:\/\/schema.org","@graph":[{"@type":"WebSite","@id":"https:\/\/www.mcroller.com\/fr\/#website","url":"https:\/\/www.mcroller.com\/fr\/","name":"Hockey McRoller Shop","description":"","potentialAction":[{"@type":"SearchAction","target":{"@type":"EntryPoint","urlTemplate":"https:\/\/www.mcroller.com\/fr\/?s={search_term_string}"},"query-input":"required name=search_term_string"}],"inLanguage":"fr-FR"},{"@type":"ImageObject","@id":"https:\/\/www.mcroller.com\/fr\/tienda\/trolley-portero-hockey-patines-helmet\/#primaryimage","inLanguage":"fr-FR","url":"https:\/\/www.mcroller.com\/wp-content\/uploads\/2017\/11\/TRGH_Trolley-Goalkeeper-Helmet-90-e1532072477330.jpg","contentUrl":"https:\/\/www.mcroller.com\/wp-content\/uploads\/2017\/11\/TRGH_Trolley-Goalkeeper-Helmet-90-e1532072477330.jpg","width":1200,"height":800,"caption":"mcroller trolley goalkeeper helmet"},{"@type":"WebPage","@id":"https:\/\/www.mcroller.com\/fr\/tienda\/trolley-portero-hockey-patines-helmet\/#webpage","url":"https:\/\/www.mcroller.com\/fr\/tienda\/trolley-portero-hockey-patines-helmet\/","name":"Sac Trolley Gardien Rink Hockey HELMET | Hockey McRoller Shop","isPartOf":{"@id":"https:\/\/www.mcroller.com\/fr\/#website"},"primaryImageOfPage":{"@id":"https:\/\/www.mcroller.com\/fr\/tienda\/trolley-portero-hockey-patines-helmet\/#primaryimage"},"datePublished":"2017-11-07T16:41:55+00:00","dateModified":"2025-11-04T19:23:29+00:00","breadcrumb":{"@id":"https:\/\/www.mcroller.com\/fr\/tienda\/trolley-portero-hockey-patines-helmet\/#breadcrumb"},"inLanguage":"fr-FR","potentialAction":[{"@type":"ReadAction","target":[["https:\/\/www.mcroller.com\/fr\/tienda\/trolley-portero-hockey-patines-helmet\/"]]}]},{"@type":"BreadcrumbList","@id":"https:\/\/www.mcroller.com\/fr\/tienda\/trolley-portero-hockey-patines-helmet\/#breadcrumb","itemListElement":[{"@type":"ListItem","position":1,"name":"Accueil","item":"https:\/\/www.mcroller.com\/fr\/"},{"@type":"ListItem","position":2,"name":"Homepage","item":"https:\/\/www.mcroller.com\/fr\/"},{"@type":"ListItem","position":3,"name":"Trolley Portero Hockey Patines HELMET"}]}]}},"_links":{"self":[{"href":"https:\/\/www.mcroller.com\/fr\/wp-json\/wp\/v2\/product\/922"}],"collection":[{"href":"https:\/\/www.mcroller.com\/fr\/wp-json\/wp\/v2\/product"}],"about":[{"href":"https:\/\/www.mcroller.com\/fr\/wp-json\/wp\/v2\/types\/product"}],"wp:featuredmedia":[{"embeddable":true,"href":"https:\/\/www.mcroller.com\/fr\/wp-json\/wp\/v2\/media\/766"}],"wp:attachment":[{"href":"https:\/\/www.mcroller.com\/fr\/wp-json\/wp\/v2\/media?parent=922"}],"wp:term":[{"taxonomy":"product_cat","embeddable":true,"href":"https:\/\/www.mcroller.com\/fr\/wp-json\/wp\/v2\/product_cat?post=922"},{"taxonomy":"product_tag","embeddable":true,"href":"https:\/\/www.mcroller.com\/fr\/wp-json\/wp\/v2\/product_tag?post=922"}],"curies":[{"name":"wp","href":"https:\/\/api.w.org\/{rel}","templated":true}]}}