{"id":922,"date":"2017-11-07T16:41:55","date_gmt":"2017-11-07T16:41:55","guid":{"rendered":"https:\/\/www.mcroller.com\/?post_type=product&#038;p=922"},"modified":"2025-11-04T19:23:29","modified_gmt":"2025-11-04T19:23:29","slug":"trolley-goalkeeper-helmet","status":"publish","type":"product","link":"https:\/\/www.mcroller.com\/it\/negozio\/borsa-trolley-portiere-hockey-su-pista-helmet\/","title":{"rendered":"Borsa Trolley Portiere Hockey su pista HELMET"},"content":{"rendered":"<p class=\"qtranxs-available-languages-message qtranxs-available-languages-message-it\">Ci spiace, ma questo articolo \u00e8 disponibile soltanto in <a href=\"https:\/\/www.mcroller.com\/es\/wp-json\/wp\/v2\/product\/922\" class=\"qtranxs-available-language-link qtranxs-available-language-link-es\" title=\"Cast\">spagnolo europeo<\/a>.<\/p>","protected":false},"excerpt":{"rendered":"<p>Borsone McRoller da hockey per portiere realizzato in poliestere di qualit\u00e0.<\/p>\n<p>Dotato di ruote grandi e robuste e cuciture di alta qualit\u00e0, che ne incrementano la resistenza durante le attivit\u00e0 di ogni giorno.<\/p>\n<p>Dispone di una base per mantenersi in verticale e scomparto per il casco e la visiera.<\/p>\n<p>Disponibile in colore nero, blu, rosso.<\/p>\n<p>le misure: 92 cm alto x 42 cm profondit\u00e0 x 40cm ampio<\/p>\n","protected":false},"featured_media":766,"template":"","meta":[],"product_cat":[147],"product_tag":[],"acf":[],"yoast_head":"<!-- This site is optimized with the Yoast SEO plugin v18.5.1 - https:\/\/yoast.com\/wordpress\/plugins\/seo\/ -->\n<title>Borsa Trolley Portiere Hockey su pista HELMET | Hockey McRoller Negozio<\/title>\n<meta name=\"robots\" content=\"index, follow, max-snippet:-1, max-image-preview:large, max-video-preview:-1\" \/>\n<link rel=\"canonical\" href=\"https:\/\/www.mcroller.com\/it\/tienda\/trolley-portero-hockey-patines-helmet\/\" \/>\n<meta property=\"og:locale\" content=\"it_IT\" \/>\n<meta property=\"og:type\" content=\"article\" \/>\n<meta property=\"og:title\" content=\"Borsa Trolley Portiere Hockey su pista HELMET | Hockey McRoller Negozio\" \/>\n<meta property=\"og:description\" content=\"Borsone McRoller da hockey per portiere realizzato in poliestere di qualit\u00e0.  Dotato di ruote grandi e robuste e cuciture di alta qualit\u00e0, che ne incrementano la resistenza durante le attivit\u00e0 di ogni giorno.  Dispone di una base per mantenersi in verticale e scomparto per il casco e la visiera.  Disponibile in colore nero, blu, rosso.  le misure: 92 cm alto x 42 cm profondit\u00e0 x 40cm ampio\" \/>\n<meta property=\"og:url\" content=\"https:\/\/www.mcroller.com\/it\/tienda\/trolley-portero-hockey-patines-helmet\/\" \/>\n<meta property=\"og:site_name\" content=\"Hockey McRoller Negozio\" \/>\n<meta property=\"article:publisher\" content=\"https:\/\/www.facebook.com\/McRoller-184371304938402\/\" \/>\n<meta property=\"article:modified_time\" content=\"2025-11-04T19:23:29+00:00\" \/>\n<meta property=\"og:image\" content=\"https:\/\/www.mcroller.com\/wp-content\/uploads\/2017\/11\/TRGH_Trolley-Goalkeeper-Helmet-90-e1532072477330.jpg\" \/>\n\t<meta property=\"og:image:width\" content=\"1200\" \/>\n\t<meta property=\"og:image:height\" content=\"800\" \/>\n\t<meta property=\"og:image:type\" content=\"image\/jpeg\" \/>\n<meta name=\"twitter:card\" content=\"summary_large_image\" \/>\n<script type=\"application\/ld+json\" class=\"yoast-schema-graph\">{\"@context\":\"https:\/\/schema.org\",\"@graph\":[{\"@type\":\"WebSite\",\"@id\":\"https:\/\/www.mcroller.com\/it\/#website\",\"url\":\"https:\/\/www.mcroller.com\/it\/\",\"name\":\"Hockey McRoller Negozio\",\"description\":\"\",\"potentialAction\":[{\"@type\":\"SearchAction\",\"target\":{\"@type\":\"EntryPoint\",\"urlTemplate\":\"https:\/\/www.mcroller.com\/it\/?s={search_term_string}\"},\"query-input\":\"required name=search_term_string\"}],\"inLanguage\":\"it-IT\"},{\"@type\":\"ImageObject\",\"@id\":\"https:\/\/www.mcroller.com\/it\/tienda\/trolley-portero-hockey-patines-helmet\/#primaryimage\",\"inLanguage\":\"it-IT\",\"url\":\"https:\/\/www.mcroller.com\/wp-content\/uploads\/2017\/11\/TRGH_Trolley-Goalkeeper-Helmet-90-e1532072477330.jpg\",\"contentUrl\":\"https:\/\/www.mcroller.com\/wp-content\/uploads\/2017\/11\/TRGH_Trolley-Goalkeeper-Helmet-90-e1532072477330.jpg\",\"width\":1200,\"height\":800,\"caption\":\"mcroller trolley goalkeeper helmet\"},{\"@type\":\"WebPage\",\"@id\":\"https:\/\/www.mcroller.com\/it\/tienda\/trolley-portero-hockey-patines-helmet\/#webpage\",\"url\":\"https:\/\/www.mcroller.com\/it\/tienda\/trolley-portero-hockey-patines-helmet\/\",\"name\":\"Borsa Trolley Portiere Hockey su pista HELMET | Hockey McRoller Negozio\",\"isPartOf\":{\"@id\":\"https:\/\/www.mcroller.com\/it\/#website\"},\"primaryImageOfPage\":{\"@id\":\"https:\/\/www.mcroller.com\/it\/tienda\/trolley-portero-hockey-patines-helmet\/#primaryimage\"},\"datePublished\":\"2017-11-07T16:41:55+00:00\",\"dateModified\":\"2025-11-04T19:23:29+00:00\",\"breadcrumb\":{\"@id\":\"https:\/\/www.mcroller.com\/it\/tienda\/trolley-portero-hockey-patines-helmet\/#breadcrumb\"},\"inLanguage\":\"it-IT\",\"potentialAction\":[{\"@type\":\"ReadAction\",\"target\":[[\"https:\/\/www.mcroller.com\/it\/tienda\/trolley-portero-hockey-patines-helmet\/\"]]}]},{\"@type\":\"BreadcrumbList\",\"@id\":\"https:\/\/www.mcroller.com\/it\/tienda\/trolley-portero-hockey-patines-helmet\/#breadcrumb\",\"itemListElement\":[{\"@type\":\"ListItem\",\"position\":1,\"name\":\"Home\",\"item\":\"https:\/\/www.mcroller.com\/it\/\"},{\"@type\":\"ListItem\",\"position\":2,\"name\":\"Homepage\",\"item\":\"https:\/\/www.mcroller.com\/it\/\"},{\"@type\":\"ListItem\",\"position\":3,\"name\":\"Trolley Portero Hockey Patines HELMET\"}]}]}<\/script>\n<!-- \/ Yoast SEO plugin. -->","yoast_head_json":{"title":"Borsa Trolley Portiere Hockey su pista HELMET | Hockey McRoller Negozio","robots":{"index":"index","follow":"follow","max-snippet":"max-snippet:-1","max-image-preview":"max-image-preview:large","max-video-preview":"max-video-preview:-1"},"canonical":"https:\/\/www.mcroller.com\/it\/tienda\/trolley-portero-hockey-patines-helmet\/","og_locale":"it_IT","og_type":"article","og_title":"Borsa Trolley Portiere Hockey su pista HELMET | Hockey McRoller Negozio","og_description":"Borsone McRoller da hockey per portiere realizzato in poliestere di qualit\u00e0.  Dotato di ruote grandi e robuste e cuciture di alta qualit\u00e0, che ne incrementano la resistenza durante le attivit\u00e0 di ogni giorno.  Dispone di una base per mantenersi in verticale e scomparto per il casco e la visiera.  Disponibile in colore nero, blu, rosso.  le misure: 92 cm alto x 42 cm profondit\u00e0 x 40cm ampio","og_url":"https:\/\/www.mcroller.com\/it\/tienda\/trolley-portero-hockey-patines-helmet\/","og_site_name":"Hockey McRoller Negozio","article_publisher":"https:\/\/www.facebook.com\/McRoller-184371304938402\/","article_modified_time":"2025-11-04T19:23:29+00:00","og_image":[{"width":1200,"height":800,"url":"https:\/\/www.mcroller.com\/wp-content\/uploads\/2017\/11\/TRGH_Trolley-Goalkeeper-Helmet-90-e1532072477330.jpg","type":"image\/jpeg"}],"twitter_card":"summary_large_image","schema":{"@context":"https:\/\/schema.org","@graph":[{"@type":"WebSite","@id":"https:\/\/www.mcroller.com\/it\/#website","url":"https:\/\/www.mcroller.com\/it\/","name":"Hockey McRoller Negozio","description":"","potentialAction":[{"@type":"SearchAction","target":{"@type":"EntryPoint","urlTemplate":"https:\/\/www.mcroller.com\/it\/?s={search_term_string}"},"query-input":"required name=search_term_string"}],"inLanguage":"it-IT"},{"@type":"ImageObject","@id":"https:\/\/www.mcroller.com\/it\/tienda\/trolley-portero-hockey-patines-helmet\/#primaryimage","inLanguage":"it-IT","url":"https:\/\/www.mcroller.com\/wp-content\/uploads\/2017\/11\/TRGH_Trolley-Goalkeeper-Helmet-90-e1532072477330.jpg","contentUrl":"https:\/\/www.mcroller.com\/wp-content\/uploads\/2017\/11\/TRGH_Trolley-Goalkeeper-Helmet-90-e1532072477330.jpg","width":1200,"height":800,"caption":"mcroller trolley goalkeeper helmet"},{"@type":"WebPage","@id":"https:\/\/www.mcroller.com\/it\/tienda\/trolley-portero-hockey-patines-helmet\/#webpage","url":"https:\/\/www.mcroller.com\/it\/tienda\/trolley-portero-hockey-patines-helmet\/","name":"Borsa Trolley Portiere Hockey su pista HELMET | Hockey McRoller Negozio","isPartOf":{"@id":"https:\/\/www.mcroller.com\/it\/#website"},"primaryImageOfPage":{"@id":"https:\/\/www.mcroller.com\/it\/tienda\/trolley-portero-hockey-patines-helmet\/#primaryimage"},"datePublished":"2017-11-07T16:41:55+00:00","dateModified":"2025-11-04T19:23:29+00:00","breadcrumb":{"@id":"https:\/\/www.mcroller.com\/it\/tienda\/trolley-portero-hockey-patines-helmet\/#breadcrumb"},"inLanguage":"it-IT","potentialAction":[{"@type":"ReadAction","target":[["https:\/\/www.mcroller.com\/it\/tienda\/trolley-portero-hockey-patines-helmet\/"]]}]},{"@type":"BreadcrumbList","@id":"https:\/\/www.mcroller.com\/it\/tienda\/trolley-portero-hockey-patines-helmet\/#breadcrumb","itemListElement":[{"@type":"ListItem","position":1,"name":"Home","item":"https:\/\/www.mcroller.com\/it\/"},{"@type":"ListItem","position":2,"name":"Homepage","item":"https:\/\/www.mcroller.com\/it\/"},{"@type":"ListItem","position":3,"name":"Trolley Portero Hockey Patines HELMET"}]}]}},"_links":{"self":[{"href":"https:\/\/www.mcroller.com\/it\/wp-json\/wp\/v2\/product\/922"}],"collection":[{"href":"https:\/\/www.mcroller.com\/it\/wp-json\/wp\/v2\/product"}],"about":[{"href":"https:\/\/www.mcroller.com\/it\/wp-json\/wp\/v2\/types\/product"}],"wp:featuredmedia":[{"embeddable":true,"href":"https:\/\/www.mcroller.com\/it\/wp-json\/wp\/v2\/media\/766"}],"wp:attachment":[{"href":"https:\/\/www.mcroller.com\/it\/wp-json\/wp\/v2\/media?parent=922"}],"wp:term":[{"taxonomy":"product_cat","embeddable":true,"href":"https:\/\/www.mcroller.com\/it\/wp-json\/wp\/v2\/product_cat?post=922"},{"taxonomy":"product_tag","embeddable":true,"href":"https:\/\/www.mcroller.com\/it\/wp-json\/wp\/v2\/product_tag?post=922"}],"curies":[{"name":"wp","href":"https:\/\/api.w.org\/{rel}","templated":true}]}}