{"id":1258,"date":"2018-02-13T09:56:13","date_gmt":"2018-02-13T09:56:13","guid":{"rendered":"https:\/\/www.mcroller.com\/?post_type=product&#038;p=1258"},"modified":"2026-02-09T10:13:59","modified_gmt":"2026-02-09T10:13:59","slug":"gloves-mesh-hockey-outlet","status":"publish","type":"product","link":"https:\/\/www.mcroller.com\/pt\/loja\/luvas-mesh-hockey-outlet\/","title":{"rendered":"Luvas Mesh Hockey OUTLET"},"content":{"rendered":"<p class=\"qtranxs-available-languages-message qtranxs-available-languages-message-pt\">Desculpe, este conte\u00fado s\u00f3 est\u00e1 dispon\u00edvel em <a href=\"https:\/\/www.mcroller.com\/es\/wp-json\/wp\/v2\/product\/1258\" class=\"qtranxs-available-language-link qtranxs-available-language-link-es\" title=\"Cast\">espanhol europeu<\/a> e <a href=\"https:\/\/www.mcroller.com\/en\/wp-json\/wp\/v2\/product\/1258\" class=\"qtranxs-available-language-link qtranxs-available-language-link-en\" title=\"Eng\">ingl\u00eas (EUA)<\/a>.<\/p>","protected":false},"excerpt":{"rendered":"<p>Luvas em Mesh McRoller, fabricadas em tecido transpir\u00e1vel.<\/p>\n<p>Confort\u00e1veis e de alta sensibilidade ao toque Bast\u00e3o\/Bola.<\/p>\n<p>Dispon\u00edvel em uma vasta gama de cores e tamanhos.<\/p>\n","protected":false},"featured_media":1284,"template":"","meta":[],"product_cat":[39],"product_tag":[],"acf":[],"yoast_head":"<!-- This site is optimized with the Yoast SEO plugin v18.5.1 - https:\/\/yoast.com\/wordpress\/plugins\/seo\/ -->\n<title>Luvas Mesh Hockey OUTLET | Hockey McRoller Loja<\/title>\n<meta name=\"robots\" content=\"index, follow, max-snippet:-1, max-image-preview:large, max-video-preview:-1\" \/>\n<link rel=\"canonical\" href=\"https:\/\/www.mcroller.com\/pt\/tienda\/guantes-mesh-outlet\/\" \/>\n<meta property=\"og:locale\" content=\"pt_PT\" \/>\n<meta property=\"og:type\" content=\"article\" \/>\n<meta property=\"og:title\" content=\"Luvas Mesh Hockey OUTLET | Hockey McRoller Loja\" \/>\n<meta property=\"og:description\" content=\"Luvas em Mesh McRoller, fabricadas em tecido transpir\u00e1vel.  Confort\u00e1veis e de alta sensibilidade ao toque Bast\u00e3o\/Bola.  Dispon\u00edvel em uma vasta gama de cores e tamanhos.\" \/>\n<meta property=\"og:url\" content=\"https:\/\/www.mcroller.com\/pt\/tienda\/guantes-mesh-outlet\/\" \/>\n<meta property=\"og:site_name\" content=\"Hockey McRoller Loja\" \/>\n<meta property=\"article:publisher\" content=\"https:\/\/www.facebook.com\/McRoller-184371304938402\/\" \/>\n<meta property=\"article:modified_time\" content=\"2026-02-09T10:13:59+00:00\" \/>\n<meta property=\"og:image\" content=\"https:\/\/www.mcroller.com\/wp-content\/uploads\/2018\/02\/GLOUT_MESH_MCROLLER_AMARILLO-e1532018876195.jpg\" \/>\n\t<meta property=\"og:image:width\" content=\"1200\" \/>\n\t<meta property=\"og:image:height\" content=\"800\" \/>\n\t<meta property=\"og:image:type\" content=\"image\/jpeg\" \/>\n<meta name=\"twitter:card\" content=\"summary_large_image\" \/>\n<script type=\"application\/ld+json\" class=\"yoast-schema-graph\">{\"@context\":\"https:\/\/schema.org\",\"@graph\":[{\"@type\":\"WebSite\",\"@id\":\"https:\/\/www.mcroller.com\/pt\/#website\",\"url\":\"https:\/\/www.mcroller.com\/pt\/\",\"name\":\"Hockey McRoller Loja\",\"description\":\"\",\"potentialAction\":[{\"@type\":\"SearchAction\",\"target\":{\"@type\":\"EntryPoint\",\"urlTemplate\":\"https:\/\/www.mcroller.com\/pt\/?s={search_term_string}\"},\"query-input\":\"required name=search_term_string\"}],\"inLanguage\":\"pt-PT\"},{\"@type\":\"ImageObject\",\"@id\":\"https:\/\/www.mcroller.com\/pt\/tienda\/guantes-mesh-outlet\/#primaryimage\",\"inLanguage\":\"pt-PT\",\"url\":\"https:\/\/www.mcroller.com\/wp-content\/uploads\/2018\/02\/GLOUT_MESH_MCROLLER_AMARILLO-e1532018876195.jpg\",\"contentUrl\":\"https:\/\/www.mcroller.com\/wp-content\/uploads\/2018\/02\/GLOUT_MESH_MCROLLER_AMARILLO-e1532018876195.jpg\",\"width\":1200,\"height\":800,\"caption\":\"guantes hockey patines mcroller\"},{\"@type\":\"WebPage\",\"@id\":\"https:\/\/www.mcroller.com\/pt\/tienda\/guantes-mesh-outlet\/#webpage\",\"url\":\"https:\/\/www.mcroller.com\/pt\/tienda\/guantes-mesh-outlet\/\",\"name\":\"Luvas Mesh Hockey OUTLET | Hockey McRoller Loja\",\"isPartOf\":{\"@id\":\"https:\/\/www.mcroller.com\/pt\/#website\"},\"primaryImageOfPage\":{\"@id\":\"https:\/\/www.mcroller.com\/pt\/tienda\/guantes-mesh-outlet\/#primaryimage\"},\"datePublished\":\"2018-02-13T09:56:13+00:00\",\"dateModified\":\"2026-02-09T10:13:59+00:00\",\"breadcrumb\":{\"@id\":\"https:\/\/www.mcroller.com\/pt\/tienda\/guantes-mesh-outlet\/#breadcrumb\"},\"inLanguage\":\"pt-PT\",\"potentialAction\":[{\"@type\":\"ReadAction\",\"target\":[[\"https:\/\/www.mcroller.com\/pt\/tienda\/guantes-mesh-outlet\/\"]]}]},{\"@type\":\"BreadcrumbList\",\"@id\":\"https:\/\/www.mcroller.com\/pt\/tienda\/guantes-mesh-outlet\/#breadcrumb\",\"itemListElement\":[{\"@type\":\"ListItem\",\"position\":1,\"name\":\"In\u00edcio\",\"item\":\"https:\/\/www.mcroller.com\/pt\/\"},{\"@type\":\"ListItem\",\"position\":2,\"name\":\"Homepage\",\"item\":\"https:\/\/www.mcroller.com\/pt\/\"},{\"@type\":\"ListItem\",\"position\":3,\"name\":\"Guantes Mesh OUTLET\"}]}]}<\/script>\n<!-- \/ Yoast SEO plugin. -->","yoast_head_json":{"title":"Luvas Mesh Hockey OUTLET | Hockey McRoller Loja","robots":{"index":"index","follow":"follow","max-snippet":"max-snippet:-1","max-image-preview":"max-image-preview:large","max-video-preview":"max-video-preview:-1"},"canonical":"https:\/\/www.mcroller.com\/pt\/tienda\/guantes-mesh-outlet\/","og_locale":"pt_PT","og_type":"article","og_title":"Luvas Mesh Hockey OUTLET | Hockey McRoller Loja","og_description":"Luvas em Mesh McRoller, fabricadas em tecido transpir\u00e1vel.  Confort\u00e1veis e de alta sensibilidade ao toque Bast\u00e3o\/Bola.  Dispon\u00edvel em uma vasta gama de cores e tamanhos.","og_url":"https:\/\/www.mcroller.com\/pt\/tienda\/guantes-mesh-outlet\/","og_site_name":"Hockey McRoller Loja","article_publisher":"https:\/\/www.facebook.com\/McRoller-184371304938402\/","article_modified_time":"2026-02-09T10:13:59+00:00","og_image":[{"width":1200,"height":800,"url":"https:\/\/www.mcroller.com\/wp-content\/uploads\/2018\/02\/GLOUT_MESH_MCROLLER_AMARILLO-e1532018876195.jpg","type":"image\/jpeg"}],"twitter_card":"summary_large_image","schema":{"@context":"https:\/\/schema.org","@graph":[{"@type":"WebSite","@id":"https:\/\/www.mcroller.com\/pt\/#website","url":"https:\/\/www.mcroller.com\/pt\/","name":"Hockey McRoller Loja","description":"","potentialAction":[{"@type":"SearchAction","target":{"@type":"EntryPoint","urlTemplate":"https:\/\/www.mcroller.com\/pt\/?s={search_term_string}"},"query-input":"required name=search_term_string"}],"inLanguage":"pt-PT"},{"@type":"ImageObject","@id":"https:\/\/www.mcroller.com\/pt\/tienda\/guantes-mesh-outlet\/#primaryimage","inLanguage":"pt-PT","url":"https:\/\/www.mcroller.com\/wp-content\/uploads\/2018\/02\/GLOUT_MESH_MCROLLER_AMARILLO-e1532018876195.jpg","contentUrl":"https:\/\/www.mcroller.com\/wp-content\/uploads\/2018\/02\/GLOUT_MESH_MCROLLER_AMARILLO-e1532018876195.jpg","width":1200,"height":800,"caption":"guantes hockey patines mcroller"},{"@type":"WebPage","@id":"https:\/\/www.mcroller.com\/pt\/tienda\/guantes-mesh-outlet\/#webpage","url":"https:\/\/www.mcroller.com\/pt\/tienda\/guantes-mesh-outlet\/","name":"Luvas Mesh Hockey OUTLET | Hockey McRoller Loja","isPartOf":{"@id":"https:\/\/www.mcroller.com\/pt\/#website"},"primaryImageOfPage":{"@id":"https:\/\/www.mcroller.com\/pt\/tienda\/guantes-mesh-outlet\/#primaryimage"},"datePublished":"2018-02-13T09:56:13+00:00","dateModified":"2026-02-09T10:13:59+00:00","breadcrumb":{"@id":"https:\/\/www.mcroller.com\/pt\/tienda\/guantes-mesh-outlet\/#breadcrumb"},"inLanguage":"pt-PT","potentialAction":[{"@type":"ReadAction","target":[["https:\/\/www.mcroller.com\/pt\/tienda\/guantes-mesh-outlet\/"]]}]},{"@type":"BreadcrumbList","@id":"https:\/\/www.mcroller.com\/pt\/tienda\/guantes-mesh-outlet\/#breadcrumb","itemListElement":[{"@type":"ListItem","position":1,"name":"In\u00edcio","item":"https:\/\/www.mcroller.com\/pt\/"},{"@type":"ListItem","position":2,"name":"Homepage","item":"https:\/\/www.mcroller.com\/pt\/"},{"@type":"ListItem","position":3,"name":"Guantes Mesh OUTLET"}]}]}},"_links":{"self":[{"href":"https:\/\/www.mcroller.com\/pt\/wp-json\/wp\/v2\/product\/1258"}],"collection":[{"href":"https:\/\/www.mcroller.com\/pt\/wp-json\/wp\/v2\/product"}],"about":[{"href":"https:\/\/www.mcroller.com\/pt\/wp-json\/wp\/v2\/types\/product"}],"wp:featuredmedia":[{"embeddable":true,"href":"https:\/\/www.mcroller.com\/pt\/wp-json\/wp\/v2\/media\/1284"}],"wp:attachment":[{"href":"https:\/\/www.mcroller.com\/pt\/wp-json\/wp\/v2\/media?parent=1258"}],"wp:term":[{"taxonomy":"product_cat","embeddable":true,"href":"https:\/\/www.mcroller.com\/pt\/wp-json\/wp\/v2\/product_cat?post=1258"},{"taxonomy":"product_tag","embeddable":true,"href":"https:\/\/www.mcroller.com\/pt\/wp-json\/wp\/v2\/product_tag?post=1258"}],"curies":[{"name":"wp","href":"https:\/\/api.w.org\/{rel}","templated":true}]}}