{"id":1481,"date":"2018-05-14T17:41:43","date_gmt":"2018-05-14T17:41:43","guid":{"rendered":"https:\/\/www.mcroller.com\/?post_type=product&#038;p=1481"},"modified":"2022-08-31T08:16:14","modified_gmt":"2022-08-31T08:16:14","slug":"rink-hockey-initiation-protection-kit-blue","status":"publish","type":"product","link":"https:\/\/www.mcroller.com\/pt\/loja\/kits-de-2-protecoes-do-jogador-hoquei-em-patins-verdes-2\/","title":{"rendered":"Kits de 2 Prote\u00e7\u00f5es do Jogador Hoquei em patins &#8211; azul"},"content":{"rendered":"","protected":false},"excerpt":{"rendered":"<p>Kits de protetores h\u00f3quei em patins McRoller,\u00a0 fabricados em pele sint\u00e9tica.<\/p>\n<p>Consta de joelheiras e luvas.<\/p>\n<p>Ajuste de joelheiras com velcro, muito confort\u00e1vel e resistente, ideal para a inicia\u00e7\u00e3o no h\u00f3quei em patins.<\/p>\n<p>Dispon\u00edvel em uma vasta gama cores e tamanhos.<\/p>\n","protected":false},"featured_media":1475,"template":"","meta":[],"product_cat":[81],"product_tag":[],"acf":[],"yoast_head":"<!-- This site is optimized with the Yoast SEO plugin v18.5.1 - https:\/\/yoast.com\/wordpress\/plugins\/seo\/ -->\n<title>Kits de 2 Prote\u00e7\u00f5es do Jogador Hoquei em patins - azul | Hockey McRoller Loja<\/title>\n<meta name=\"robots\" content=\"index, follow, max-snippet:-1, max-image-preview:large, max-video-preview:-1\" \/>\n<link rel=\"canonical\" href=\"https:\/\/www.mcroller.com\/pt\/tienda\/pack-2-protecciones-iniciacion-hockey-patines-verde-2\/\" \/>\n<meta property=\"og:locale\" content=\"pt_PT\" \/>\n<meta property=\"og:type\" content=\"article\" \/>\n<meta property=\"og:title\" content=\"Kits de 2 Prote\u00e7\u00f5es do Jogador Hoquei em patins - azul | Hockey McRoller Loja\" \/>\n<meta property=\"og:description\" content=\"Kits de protetores h\u00f3quei em patins McRoller,\u00a0 fabricados em pele sint\u00e9tica.  Consta de joelheiras e luvas.  Ajuste de joelheiras com velcro, muito confort\u00e1vel e resistente, ideal para a inicia\u00e7\u00e3o no h\u00f3quei em patins.  Dispon\u00edvel em uma vasta gama cores e tamanhos.\" \/>\n<meta property=\"og:url\" content=\"https:\/\/www.mcroller.com\/pt\/tienda\/pack-2-protecciones-iniciacion-hockey-patines-verde-2\/\" \/>\n<meta property=\"og:site_name\" content=\"Hockey McRoller Loja\" \/>\n<meta property=\"article:publisher\" content=\"https:\/\/www.facebook.com\/McRoller-184371304938402\/\" \/>\n<meta property=\"article:modified_time\" content=\"2022-08-31T08:16:14+00:00\" \/>\n<meta property=\"og:image\" content=\"https:\/\/www.mcroller.com\/wp-content\/uploads\/2018\/05\/SET2BLU-protezione-Hockey-su-pista-iniziazione-MCROLLER-OK-compressor-e1532071620369.jpg\" \/>\n\t<meta property=\"og:image:width\" content=\"1200\" \/>\n\t<meta property=\"og:image:height\" content=\"800\" \/>\n\t<meta property=\"og:image:type\" content=\"image\/jpeg\" \/>\n<meta name=\"twitter:card\" content=\"summary_large_image\" \/>\n<script type=\"application\/ld+json\" class=\"yoast-schema-graph\">{\"@context\":\"https:\/\/schema.org\",\"@graph\":[{\"@type\":\"WebSite\",\"@id\":\"https:\/\/www.mcroller.com\/pt\/#website\",\"url\":\"https:\/\/www.mcroller.com\/pt\/\",\"name\":\"Hockey McRoller Loja\",\"description\":\"\",\"potentialAction\":[{\"@type\":\"SearchAction\",\"target\":{\"@type\":\"EntryPoint\",\"urlTemplate\":\"https:\/\/www.mcroller.com\/pt\/?s={search_term_string}\"},\"query-input\":\"required name=search_term_string\"}],\"inLanguage\":\"pt-PT\"},{\"@type\":\"ImageObject\",\"@id\":\"https:\/\/www.mcroller.com\/pt\/tienda\/pack-2-protecciones-iniciacion-hockey-patines-verde-2\/#primaryimage\",\"inLanguage\":\"pt-PT\",\"url\":\"https:\/\/www.mcroller.com\/wp-content\/uploads\/2018\/05\/SET2BLU-protezione-Hockey-su-pista-iniziazione-MCROLLER-OK-compressor-e1532071620369.jpg\",\"contentUrl\":\"https:\/\/www.mcroller.com\/wp-content\/uploads\/2018\/05\/SET2BLU-protezione-Hockey-su-pista-iniziazione-MCROLLER-OK-compressor-e1532071620369.jpg\",\"width\":1200,\"height\":800,\"caption\":\"protezione Hockey su pista iniziazione\"},{\"@type\":\"WebPage\",\"@id\":\"https:\/\/www.mcroller.com\/pt\/tienda\/pack-2-protecciones-iniciacion-hockey-patines-verde-2\/#webpage\",\"url\":\"https:\/\/www.mcroller.com\/pt\/tienda\/pack-2-protecciones-iniciacion-hockey-patines-verde-2\/\",\"name\":\"Kits de 2 Prote\u00e7\u00f5es do Jogador Hoquei em patins - azul | Hockey McRoller Loja\",\"isPartOf\":{\"@id\":\"https:\/\/www.mcroller.com\/pt\/#website\"},\"primaryImageOfPage\":{\"@id\":\"https:\/\/www.mcroller.com\/pt\/tienda\/pack-2-protecciones-iniciacion-hockey-patines-verde-2\/#primaryimage\"},\"datePublished\":\"2018-05-14T17:41:43+00:00\",\"dateModified\":\"2022-08-31T08:16:14+00:00\",\"breadcrumb\":{\"@id\":\"https:\/\/www.mcroller.com\/pt\/tienda\/pack-2-protecciones-iniciacion-hockey-patines-verde-2\/#breadcrumb\"},\"inLanguage\":\"pt-PT\",\"potentialAction\":[{\"@type\":\"ReadAction\",\"target\":[[\"https:\/\/www.mcroller.com\/pt\/tienda\/pack-2-protecciones-iniciacion-hockey-patines-verde-2\/\"]]}]},{\"@type\":\"BreadcrumbList\",\"@id\":\"https:\/\/www.mcroller.com\/pt\/tienda\/pack-2-protecciones-iniciacion-hockey-patines-verde-2\/#breadcrumb\",\"itemListElement\":[{\"@type\":\"ListItem\",\"position\":1,\"name\":\"In\u00edcio\",\"item\":\"https:\/\/www.mcroller.com\/pt\/\"},{\"@type\":\"ListItem\",\"position\":2,\"name\":\"Homepage\",\"item\":\"https:\/\/www.mcroller.com\/pt\/\"},{\"@type\":\"ListItem\",\"position\":3,\"name\":\"Pack 2 Protecciones iniciaci\u00f3n hockey patines &#8211; Azul\"}]}]}<\/script>\n<!-- \/ Yoast SEO plugin. -->","yoast_head_json":{"title":"Kits de 2 Prote\u00e7\u00f5es do Jogador Hoquei em patins - azul | Hockey McRoller Loja","robots":{"index":"index","follow":"follow","max-snippet":"max-snippet:-1","max-image-preview":"max-image-preview:large","max-video-preview":"max-video-preview:-1"},"canonical":"https:\/\/www.mcroller.com\/pt\/tienda\/pack-2-protecciones-iniciacion-hockey-patines-verde-2\/","og_locale":"pt_PT","og_type":"article","og_title":"Kits de 2 Prote\u00e7\u00f5es do Jogador Hoquei em patins - azul | Hockey McRoller Loja","og_description":"Kits de protetores h\u00f3quei em patins McRoller,\u00a0 fabricados em pele sint\u00e9tica.  Consta de joelheiras e luvas.  Ajuste de joelheiras com velcro, muito confort\u00e1vel e resistente, ideal para a inicia\u00e7\u00e3o no h\u00f3quei em patins.  Dispon\u00edvel em uma vasta gama cores e tamanhos.","og_url":"https:\/\/www.mcroller.com\/pt\/tienda\/pack-2-protecciones-iniciacion-hockey-patines-verde-2\/","og_site_name":"Hockey McRoller Loja","article_publisher":"https:\/\/www.facebook.com\/McRoller-184371304938402\/","article_modified_time":"2022-08-31T08:16:14+00:00","og_image":[{"width":1200,"height":800,"url":"https:\/\/www.mcroller.com\/wp-content\/uploads\/2018\/05\/SET2BLU-protezione-Hockey-su-pista-iniziazione-MCROLLER-OK-compressor-e1532071620369.jpg","type":"image\/jpeg"}],"twitter_card":"summary_large_image","schema":{"@context":"https:\/\/schema.org","@graph":[{"@type":"WebSite","@id":"https:\/\/www.mcroller.com\/pt\/#website","url":"https:\/\/www.mcroller.com\/pt\/","name":"Hockey McRoller Loja","description":"","potentialAction":[{"@type":"SearchAction","target":{"@type":"EntryPoint","urlTemplate":"https:\/\/www.mcroller.com\/pt\/?s={search_term_string}"},"query-input":"required name=search_term_string"}],"inLanguage":"pt-PT"},{"@type":"ImageObject","@id":"https:\/\/www.mcroller.com\/pt\/tienda\/pack-2-protecciones-iniciacion-hockey-patines-verde-2\/#primaryimage","inLanguage":"pt-PT","url":"https:\/\/www.mcroller.com\/wp-content\/uploads\/2018\/05\/SET2BLU-protezione-Hockey-su-pista-iniziazione-MCROLLER-OK-compressor-e1532071620369.jpg","contentUrl":"https:\/\/www.mcroller.com\/wp-content\/uploads\/2018\/05\/SET2BLU-protezione-Hockey-su-pista-iniziazione-MCROLLER-OK-compressor-e1532071620369.jpg","width":1200,"height":800,"caption":"protezione Hockey su pista iniziazione"},{"@type":"WebPage","@id":"https:\/\/www.mcroller.com\/pt\/tienda\/pack-2-protecciones-iniciacion-hockey-patines-verde-2\/#webpage","url":"https:\/\/www.mcroller.com\/pt\/tienda\/pack-2-protecciones-iniciacion-hockey-patines-verde-2\/","name":"Kits de 2 Prote\u00e7\u00f5es do Jogador Hoquei em patins - azul | Hockey McRoller Loja","isPartOf":{"@id":"https:\/\/www.mcroller.com\/pt\/#website"},"primaryImageOfPage":{"@id":"https:\/\/www.mcroller.com\/pt\/tienda\/pack-2-protecciones-iniciacion-hockey-patines-verde-2\/#primaryimage"},"datePublished":"2018-05-14T17:41:43+00:00","dateModified":"2022-08-31T08:16:14+00:00","breadcrumb":{"@id":"https:\/\/www.mcroller.com\/pt\/tienda\/pack-2-protecciones-iniciacion-hockey-patines-verde-2\/#breadcrumb"},"inLanguage":"pt-PT","potentialAction":[{"@type":"ReadAction","target":[["https:\/\/www.mcroller.com\/pt\/tienda\/pack-2-protecciones-iniciacion-hockey-patines-verde-2\/"]]}]},{"@type":"BreadcrumbList","@id":"https:\/\/www.mcroller.com\/pt\/tienda\/pack-2-protecciones-iniciacion-hockey-patines-verde-2\/#breadcrumb","itemListElement":[{"@type":"ListItem","position":1,"name":"In\u00edcio","item":"https:\/\/www.mcroller.com\/pt\/"},{"@type":"ListItem","position":2,"name":"Homepage","item":"https:\/\/www.mcroller.com\/pt\/"},{"@type":"ListItem","position":3,"name":"Pack 2 Protecciones iniciaci\u00f3n hockey patines &#8211; Azul"}]}]}},"_links":{"self":[{"href":"https:\/\/www.mcroller.com\/pt\/wp-json\/wp\/v2\/product\/1481"}],"collection":[{"href":"https:\/\/www.mcroller.com\/pt\/wp-json\/wp\/v2\/product"}],"about":[{"href":"https:\/\/www.mcroller.com\/pt\/wp-json\/wp\/v2\/types\/product"}],"wp:featuredmedia":[{"embeddable":true,"href":"https:\/\/www.mcroller.com\/pt\/wp-json\/wp\/v2\/media\/1475"}],"wp:attachment":[{"href":"https:\/\/www.mcroller.com\/pt\/wp-json\/wp\/v2\/media?parent=1481"}],"wp:term":[{"taxonomy":"product_cat","embeddable":true,"href":"https:\/\/www.mcroller.com\/pt\/wp-json\/wp\/v2\/product_cat?post=1481"},{"taxonomy":"product_tag","embeddable":true,"href":"https:\/\/www.mcroller.com\/pt\/wp-json\/wp\/v2\/product_tag?post=1481"}],"curies":[{"name":"wp","href":"https:\/\/api.w.org\/{rel}","templated":true}]}}