{"id":1894,"date":"2019-12-01T17:32:58","date_gmt":"2019-12-01T17:32:58","guid":{"rendered":"https:\/\/www.mcroller.com\/es\/?post_type=product&#038;p=1894"},"modified":"2025-12-30T21:11:40","modified_gmt":"2025-12-30T21:11:40","slug":"trolley-figure-skating-60-ctms-3-departments","status":"publish","type":"product","link":"https:\/\/www.mcroller.com\/pt\/loja\/trolley-player-hockey-60-ctms-3-departamentos-2\/","title":{"rendered":"Trolley Patina\u00e7\u00e3o Art\u00edstica 60 Ctms 3 Departamentos"},"content":{"rendered":"<p class=\"qtranxs-available-languages-message qtranxs-available-languages-message-pt\">Desculpe, este conte\u00fado s\u00f3 est\u00e1 dispon\u00edvel em <a href=\"https:\/\/www.mcroller.com\/es\/wp-json\/wp\/v2\/product\/1894\" class=\"qtranxs-available-language-link qtranxs-available-language-link-es\" title=\"Cast\">espanhol europeu<\/a>.<\/p>","protected":false},"excerpt":{"rendered":"<p>Trolley Patina\u00e7\u00e3o Art\u00edstica McRoller, fabricada com o melhor poli\u00e9ster.<\/p>\n<p>Concebida com rodas grandes e resistentes e com costuras de alta qualidade, para ser muito resistente no dia-a-dia.<\/p>\n<p>Modelo de 60 cm com 3 compartimentos.<\/p>\n<p>Dispon\u00edvel em uma vasta gama de cores<\/p>\n","protected":false},"featured_media":1194,"template":"","meta":[],"product_cat":[131],"product_tag":[],"acf":[],"yoast_head":"<!-- This site is optimized with the Yoast SEO plugin v18.5.1 - https:\/\/yoast.com\/wordpress\/plugins\/seo\/ -->\n<title>Trolley Patina\u00e7\u00e3o Art\u00edstica 60 Ctms 3 Departamentos | Hockey McRoller Loja<\/title>\n<meta name=\"robots\" content=\"index, follow, max-snippet:-1, max-image-preview:large, max-video-preview:-1\" \/>\n<link rel=\"canonical\" href=\"https:\/\/www.mcroller.com\/pt\/tienda\/trolley-jugador-hockey-60-ctms-3-departamentos-2\/\" \/>\n<meta property=\"og:locale\" content=\"pt_PT\" \/>\n<meta property=\"og:type\" content=\"article\" \/>\n<meta property=\"og:title\" content=\"Trolley Patina\u00e7\u00e3o Art\u00edstica 60 Ctms 3 Departamentos | Hockey McRoller Loja\" \/>\n<meta property=\"og:description\" content=\"Trolley Patina\u00e7\u00e3o Art\u00edstica McRoller, fabricada com o melhor poli\u00e9ster.  Concebida com rodas grandes e resistentes e com costuras de alta qualidade, para ser muito resistente no dia-a-dia.  Modelo de 60 cm com 3 compartimentos.  Dispon\u00edvel em uma vasta gama de cores\" \/>\n<meta property=\"og:url\" content=\"https:\/\/www.mcroller.com\/pt\/tienda\/trolley-jugador-hockey-60-ctms-3-departamentos-2\/\" \/>\n<meta property=\"og:site_name\" content=\"Hockey McRoller Loja\" \/>\n<meta property=\"article:publisher\" content=\"https:\/\/www.facebook.com\/McRoller-184371304938402\/\" \/>\n<meta property=\"article:modified_time\" content=\"2025-12-30T21:11:40+00:00\" \/>\n<meta property=\"og:image\" content=\"https:\/\/www.mcroller.com\/wp-content\/uploads\/2018\/01\/TRJ50_3Trolley_Patinaje_artistico-e1532018926925.jpg\" \/>\n\t<meta property=\"og:image:width\" content=\"1200\" \/>\n\t<meta property=\"og:image:height\" content=\"800\" \/>\n\t<meta property=\"og:image:type\" content=\"image\/jpeg\" \/>\n<meta name=\"twitter:card\" content=\"summary_large_image\" \/>\n<script type=\"application\/ld+json\" class=\"yoast-schema-graph\">{\"@context\":\"https:\/\/schema.org\",\"@graph\":[{\"@type\":\"WebSite\",\"@id\":\"https:\/\/www.mcroller.com\/pt\/#website\",\"url\":\"https:\/\/www.mcroller.com\/pt\/\",\"name\":\"Hockey McRoller Loja\",\"description\":\"\",\"potentialAction\":[{\"@type\":\"SearchAction\",\"target\":{\"@type\":\"EntryPoint\",\"urlTemplate\":\"https:\/\/www.mcroller.com\/pt\/?s={search_term_string}\"},\"query-input\":\"required name=search_term_string\"}],\"inLanguage\":\"pt-PT\"},{\"@type\":\"ImageObject\",\"@id\":\"https:\/\/www.mcroller.com\/pt\/tienda\/trolley-jugador-hockey-60-ctms-3-departamentos-2\/#primaryimage\",\"inLanguage\":\"pt-PT\",\"url\":\"https:\/\/www.mcroller.com\/wp-content\/uploads\/2018\/01\/TRJ50_3Trolley_Patinaje_artistico-e1532018926925.jpg\",\"contentUrl\":\"https:\/\/www.mcroller.com\/wp-content\/uploads\/2018\/01\/TRJ50_3Trolley_Patinaje_artistico-e1532018926925.jpg\",\"width\":1200,\"height\":800,\"caption\":\"Sac roller hockey patins\"},{\"@type\":\"WebPage\",\"@id\":\"https:\/\/www.mcroller.com\/pt\/tienda\/trolley-jugador-hockey-60-ctms-3-departamentos-2\/#webpage\",\"url\":\"https:\/\/www.mcroller.com\/pt\/tienda\/trolley-jugador-hockey-60-ctms-3-departamentos-2\/\",\"name\":\"Trolley Patina\u00e7\u00e3o Art\u00edstica 60 Ctms 3 Departamentos | Hockey McRoller Loja\",\"isPartOf\":{\"@id\":\"https:\/\/www.mcroller.com\/pt\/#website\"},\"primaryImageOfPage\":{\"@id\":\"https:\/\/www.mcroller.com\/pt\/tienda\/trolley-jugador-hockey-60-ctms-3-departamentos-2\/#primaryimage\"},\"datePublished\":\"2019-12-01T17:32:58+00:00\",\"dateModified\":\"2025-12-30T21:11:40+00:00\",\"breadcrumb\":{\"@id\":\"https:\/\/www.mcroller.com\/pt\/tienda\/trolley-jugador-hockey-60-ctms-3-departamentos-2\/#breadcrumb\"},\"inLanguage\":\"pt-PT\",\"potentialAction\":[{\"@type\":\"ReadAction\",\"target\":[[\"https:\/\/www.mcroller.com\/pt\/tienda\/trolley-jugador-hockey-60-ctms-3-departamentos-2\/\"]]}]},{\"@type\":\"BreadcrumbList\",\"@id\":\"https:\/\/www.mcroller.com\/pt\/tienda\/trolley-jugador-hockey-60-ctms-3-departamentos-2\/#breadcrumb\",\"itemListElement\":[{\"@type\":\"ListItem\",\"position\":1,\"name\":\"In\u00edcio\",\"item\":\"https:\/\/www.mcroller.com\/pt\/\"},{\"@type\":\"ListItem\",\"position\":2,\"name\":\"Homepage\",\"item\":\"https:\/\/www.mcroller.com\/pt\/\"},{\"@type\":\"ListItem\",\"position\":3,\"name\":\"Trolley Patinaje Art\u00edstico 60 cm 3 Departamentos\"}]}]}<\/script>\n<!-- \/ Yoast SEO plugin. -->","yoast_head_json":{"title":"Trolley Patina\u00e7\u00e3o Art\u00edstica 60 Ctms 3 Departamentos | Hockey McRoller Loja","robots":{"index":"index","follow":"follow","max-snippet":"max-snippet:-1","max-image-preview":"max-image-preview:large","max-video-preview":"max-video-preview:-1"},"canonical":"https:\/\/www.mcroller.com\/pt\/tienda\/trolley-jugador-hockey-60-ctms-3-departamentos-2\/","og_locale":"pt_PT","og_type":"article","og_title":"Trolley Patina\u00e7\u00e3o Art\u00edstica 60 Ctms 3 Departamentos | Hockey McRoller Loja","og_description":"Trolley Patina\u00e7\u00e3o Art\u00edstica McRoller, fabricada com o melhor poli\u00e9ster.  Concebida com rodas grandes e resistentes e com costuras de alta qualidade, para ser muito resistente no dia-a-dia.  Modelo de 60 cm com 3 compartimentos.  Dispon\u00edvel em uma vasta gama de cores","og_url":"https:\/\/www.mcroller.com\/pt\/tienda\/trolley-jugador-hockey-60-ctms-3-departamentos-2\/","og_site_name":"Hockey McRoller Loja","article_publisher":"https:\/\/www.facebook.com\/McRoller-184371304938402\/","article_modified_time":"2025-12-30T21:11:40+00:00","og_image":[{"width":1200,"height":800,"url":"https:\/\/www.mcroller.com\/wp-content\/uploads\/2018\/01\/TRJ50_3Trolley_Patinaje_artistico-e1532018926925.jpg","type":"image\/jpeg"}],"twitter_card":"summary_large_image","schema":{"@context":"https:\/\/schema.org","@graph":[{"@type":"WebSite","@id":"https:\/\/www.mcroller.com\/pt\/#website","url":"https:\/\/www.mcroller.com\/pt\/","name":"Hockey McRoller Loja","description":"","potentialAction":[{"@type":"SearchAction","target":{"@type":"EntryPoint","urlTemplate":"https:\/\/www.mcroller.com\/pt\/?s={search_term_string}"},"query-input":"required name=search_term_string"}],"inLanguage":"pt-PT"},{"@type":"ImageObject","@id":"https:\/\/www.mcroller.com\/pt\/tienda\/trolley-jugador-hockey-60-ctms-3-departamentos-2\/#primaryimage","inLanguage":"pt-PT","url":"https:\/\/www.mcroller.com\/wp-content\/uploads\/2018\/01\/TRJ50_3Trolley_Patinaje_artistico-e1532018926925.jpg","contentUrl":"https:\/\/www.mcroller.com\/wp-content\/uploads\/2018\/01\/TRJ50_3Trolley_Patinaje_artistico-e1532018926925.jpg","width":1200,"height":800,"caption":"Sac roller hockey patins"},{"@type":"WebPage","@id":"https:\/\/www.mcroller.com\/pt\/tienda\/trolley-jugador-hockey-60-ctms-3-departamentos-2\/#webpage","url":"https:\/\/www.mcroller.com\/pt\/tienda\/trolley-jugador-hockey-60-ctms-3-departamentos-2\/","name":"Trolley Patina\u00e7\u00e3o Art\u00edstica 60 Ctms 3 Departamentos | Hockey McRoller Loja","isPartOf":{"@id":"https:\/\/www.mcroller.com\/pt\/#website"},"primaryImageOfPage":{"@id":"https:\/\/www.mcroller.com\/pt\/tienda\/trolley-jugador-hockey-60-ctms-3-departamentos-2\/#primaryimage"},"datePublished":"2019-12-01T17:32:58+00:00","dateModified":"2025-12-30T21:11:40+00:00","breadcrumb":{"@id":"https:\/\/www.mcroller.com\/pt\/tienda\/trolley-jugador-hockey-60-ctms-3-departamentos-2\/#breadcrumb"},"inLanguage":"pt-PT","potentialAction":[{"@type":"ReadAction","target":[["https:\/\/www.mcroller.com\/pt\/tienda\/trolley-jugador-hockey-60-ctms-3-departamentos-2\/"]]}]},{"@type":"BreadcrumbList","@id":"https:\/\/www.mcroller.com\/pt\/tienda\/trolley-jugador-hockey-60-ctms-3-departamentos-2\/#breadcrumb","itemListElement":[{"@type":"ListItem","position":1,"name":"In\u00edcio","item":"https:\/\/www.mcroller.com\/pt\/"},{"@type":"ListItem","position":2,"name":"Homepage","item":"https:\/\/www.mcroller.com\/pt\/"},{"@type":"ListItem","position":3,"name":"Trolley Patinaje Art\u00edstico 60 cm 3 Departamentos"}]}]}},"_links":{"self":[{"href":"https:\/\/www.mcroller.com\/pt\/wp-json\/wp\/v2\/product\/1894"}],"collection":[{"href":"https:\/\/www.mcroller.com\/pt\/wp-json\/wp\/v2\/product"}],"about":[{"href":"https:\/\/www.mcroller.com\/pt\/wp-json\/wp\/v2\/types\/product"}],"wp:featuredmedia":[{"embeddable":true,"href":"https:\/\/www.mcroller.com\/pt\/wp-json\/wp\/v2\/media\/1194"}],"wp:attachment":[{"href":"https:\/\/www.mcroller.com\/pt\/wp-json\/wp\/v2\/media?parent=1894"}],"wp:term":[{"taxonomy":"product_cat","embeddable":true,"href":"https:\/\/www.mcroller.com\/pt\/wp-json\/wp\/v2\/product_cat?post=1894"},{"taxonomy":"product_tag","embeddable":true,"href":"https:\/\/www.mcroller.com\/pt\/wp-json\/wp\/v2\/product_tag?post=1894"}],"curies":[{"name":"wp","href":"https:\/\/api.w.org\/{rel}","templated":true}]}}