{"id":3126,"date":"2022-11-07T08:29:02","date_gmt":"2022-11-07T08:29:02","guid":{"rendered":"https:\/\/www.mcroller.com\/es\/?post_type=product&#038;p=3126"},"modified":"2024-09-04T09:10:38","modified_gmt":"2024-09-04T09:10:38","slug":"junior-hockey-boot-brisbaine-copia","status":"publish","type":"product","link":"https:\/\/www.mcroller.com\/pt\/loja\/bota-de-hoquei-junior-raya-3\/","title":{"rendered":"Bota de h\u00f3quei j\u00fanior Blue-Black"},"content":{"rendered":"<p><img loading=\"lazy\" class=\"alignnone wp-image-3093 size-medium\" src=\"https:\/\/www.mcroller.com\/wp-content\/uploads\/2022\/10\/IMG_8117-300x233.jpg\" alt=\"\" width=\"300\" height=\"233\" srcset=\"https:\/\/www.mcroller.com\/wp-content\/uploads\/2022\/10\/IMG_8117-300x233.jpg 300w, https:\/\/www.mcroller.com\/wp-content\/uploads\/2022\/10\/IMG_8117-1024x795.jpg 1024w, https:\/\/www.mcroller.com\/wp-content\/uploads\/2022\/10\/IMG_8117-768x597.jpg 768w, https:\/\/www.mcroller.com\/wp-content\/uploads\/2022\/10\/IMG_8117-550x427.jpg 550w, https:\/\/www.mcroller.com\/wp-content\/uploads\/2022\/10\/IMG_8117-350x272.jpg 350w, https:\/\/www.mcroller.com\/wp-content\/uploads\/2022\/10\/IMG_8117.jpg 1299w\" sizes=\"(max-width: 300px) 100vw, 300px\" \/><\/p>\n","protected":false},"excerpt":{"rendered":"<p>Botas de h\u00f3quei em patins\u00a0 junior Blue-Black.<\/p>\n<p>Com biqueira refor\u00e7ada e muito confort\u00e1veis. Acabamentos resistentes e de alta qualidade.<\/p>\n<p>Dispon\u00edveis em v\u00e1rias cores e tamanhos.<\/p>\n","protected":false},"featured_media":3093,"template":"","meta":[],"product_cat":[38,132],"product_tag":[],"acf":[],"yoast_head":"<!-- This site is optimized with the Yoast SEO plugin v18.5.1 - https:\/\/yoast.com\/wordpress\/plugins\/seo\/ -->\n<title>Bota de h\u00f3quei j\u00fanior Blue-Black | Hockey McRoller Loja<\/title>\n<meta name=\"robots\" content=\"index, follow, max-snippet:-1, max-image-preview:large, max-video-preview:-1\" \/>\n<link rel=\"canonical\" href=\"https:\/\/www.mcroller.com\/pt\/tienda\/bota-hockey-junior-raya-3\/\" \/>\n<meta property=\"og:locale\" content=\"pt_PT\" \/>\n<meta property=\"og:type\" content=\"article\" \/>\n<meta property=\"og:title\" content=\"Bota de h\u00f3quei j\u00fanior Blue-Black | Hockey McRoller Loja\" \/>\n<meta property=\"og:description\" content=\"Botas de h\u00f3quei em patins\u00a0 junior Blue-Black.  Com biqueira refor\u00e7ada e muito confort\u00e1veis. Acabamentos resistentes e de alta qualidade.  Dispon\u00edveis em v\u00e1rias cores e tamanhos.\" \/>\n<meta property=\"og:url\" content=\"https:\/\/www.mcroller.com\/pt\/tienda\/bota-hockey-junior-raya-3\/\" \/>\n<meta property=\"og:site_name\" content=\"Hockey McRoller Loja\" \/>\n<meta property=\"article:publisher\" content=\"https:\/\/www.facebook.com\/McRoller-184371304938402\/\" \/>\n<meta property=\"article:modified_time\" content=\"2024-09-04T09:10:38+00:00\" \/>\n<meta property=\"og:image\" content=\"https:\/\/www.mcroller.com\/wp-content\/uploads\/2022\/10\/IMG_8117.jpg\" \/>\n\t<meta property=\"og:image:width\" content=\"1299\" \/>\n\t<meta property=\"og:image:height\" content=\"1009\" \/>\n\t<meta property=\"og:image:type\" content=\"image\/jpeg\" \/>\n<meta name=\"twitter:card\" content=\"summary_large_image\" \/>\n<meta name=\"twitter:label1\" content=\"Tempo estimado de leitura\" \/>\n\t<meta name=\"twitter:data1\" content=\"1 minuto\" \/>\n<script type=\"application\/ld+json\" class=\"yoast-schema-graph\">{\"@context\":\"https:\/\/schema.org\",\"@graph\":[{\"@type\":\"WebSite\",\"@id\":\"https:\/\/www.mcroller.com\/pt\/#website\",\"url\":\"https:\/\/www.mcroller.com\/pt\/\",\"name\":\"Hockey McRoller Loja\",\"description\":\"\",\"potentialAction\":[{\"@type\":\"SearchAction\",\"target\":{\"@type\":\"EntryPoint\",\"urlTemplate\":\"https:\/\/www.mcroller.com\/pt\/?s={search_term_string}\"},\"query-input\":\"required name=search_term_string\"}],\"inLanguage\":\"pt-PT\"},{\"@type\":\"ImageObject\",\"@id\":\"https:\/\/www.mcroller.com\/pt\/tienda\/bota-hockey-junior-raya-3\/#primaryimage\",\"inLanguage\":\"pt-PT\",\"url\":\"https:\/\/www.mcroller.com\/wp-content\/uploads\/2022\/10\/IMG_8117.jpg\",\"contentUrl\":\"https:\/\/www.mcroller.com\/wp-content\/uploads\/2022\/10\/IMG_8117.jpg\",\"width\":1299,\"height\":1009},{\"@type\":\"WebPage\",\"@id\":\"https:\/\/www.mcroller.com\/pt\/tienda\/bota-hockey-junior-raya-3\/#webpage\",\"url\":\"https:\/\/www.mcroller.com\/pt\/tienda\/bota-hockey-junior-raya-3\/\",\"name\":\"Bota de h\u00f3quei j\u00fanior Blue-Black | Hockey McRoller Loja\",\"isPartOf\":{\"@id\":\"https:\/\/www.mcroller.com\/pt\/#website\"},\"primaryImageOfPage\":{\"@id\":\"https:\/\/www.mcroller.com\/pt\/tienda\/bota-hockey-junior-raya-3\/#primaryimage\"},\"datePublished\":\"2022-11-07T08:29:02+00:00\",\"dateModified\":\"2024-09-04T09:10:38+00:00\",\"breadcrumb\":{\"@id\":\"https:\/\/www.mcroller.com\/pt\/tienda\/bota-hockey-junior-raya-3\/#breadcrumb\"},\"inLanguage\":\"pt-PT\",\"potentialAction\":[{\"@type\":\"ReadAction\",\"target\":[[\"https:\/\/www.mcroller.com\/pt\/tienda\/bota-hockey-junior-raya-3\/\"]]}]},{\"@type\":\"BreadcrumbList\",\"@id\":\"https:\/\/www.mcroller.com\/pt\/tienda\/bota-hockey-junior-raya-3\/#breadcrumb\",\"itemListElement\":[{\"@type\":\"ListItem\",\"position\":1,\"name\":\"In\u00edcio\",\"item\":\"https:\/\/www.mcroller.com\/pt\/\"},{\"@type\":\"ListItem\",\"position\":2,\"name\":\"Homepage\",\"item\":\"https:\/\/www.mcroller.com\/pt\/\"},{\"@type\":\"ListItem\",\"position\":3,\"name\":\"Bota hockey Junior Azul-Negro\"}]}]}<\/script>\n<!-- \/ Yoast SEO plugin. -->","yoast_head_json":{"title":"Bota de h\u00f3quei j\u00fanior Blue-Black | Hockey McRoller Loja","robots":{"index":"index","follow":"follow","max-snippet":"max-snippet:-1","max-image-preview":"max-image-preview:large","max-video-preview":"max-video-preview:-1"},"canonical":"https:\/\/www.mcroller.com\/pt\/tienda\/bota-hockey-junior-raya-3\/","og_locale":"pt_PT","og_type":"article","og_title":"Bota de h\u00f3quei j\u00fanior Blue-Black | Hockey McRoller Loja","og_description":"Botas de h\u00f3quei em patins\u00a0 junior Blue-Black.  Com biqueira refor\u00e7ada e muito confort\u00e1veis. Acabamentos resistentes e de alta qualidade.  Dispon\u00edveis em v\u00e1rias cores e tamanhos.","og_url":"https:\/\/www.mcroller.com\/pt\/tienda\/bota-hockey-junior-raya-3\/","og_site_name":"Hockey McRoller Loja","article_publisher":"https:\/\/www.facebook.com\/McRoller-184371304938402\/","article_modified_time":"2024-09-04T09:10:38+00:00","og_image":[{"width":1299,"height":1009,"url":"https:\/\/www.mcroller.com\/wp-content\/uploads\/2022\/10\/IMG_8117.jpg","type":"image\/jpeg"}],"twitter_card":"summary_large_image","twitter_misc":{"Tempo estimado de leitura":"1 minuto"},"schema":{"@context":"https:\/\/schema.org","@graph":[{"@type":"WebSite","@id":"https:\/\/www.mcroller.com\/pt\/#website","url":"https:\/\/www.mcroller.com\/pt\/","name":"Hockey McRoller Loja","description":"","potentialAction":[{"@type":"SearchAction","target":{"@type":"EntryPoint","urlTemplate":"https:\/\/www.mcroller.com\/pt\/?s={search_term_string}"},"query-input":"required name=search_term_string"}],"inLanguage":"pt-PT"},{"@type":"ImageObject","@id":"https:\/\/www.mcroller.com\/pt\/tienda\/bota-hockey-junior-raya-3\/#primaryimage","inLanguage":"pt-PT","url":"https:\/\/www.mcroller.com\/wp-content\/uploads\/2022\/10\/IMG_8117.jpg","contentUrl":"https:\/\/www.mcroller.com\/wp-content\/uploads\/2022\/10\/IMG_8117.jpg","width":1299,"height":1009},{"@type":"WebPage","@id":"https:\/\/www.mcroller.com\/pt\/tienda\/bota-hockey-junior-raya-3\/#webpage","url":"https:\/\/www.mcroller.com\/pt\/tienda\/bota-hockey-junior-raya-3\/","name":"Bota de h\u00f3quei j\u00fanior Blue-Black | Hockey McRoller Loja","isPartOf":{"@id":"https:\/\/www.mcroller.com\/pt\/#website"},"primaryImageOfPage":{"@id":"https:\/\/www.mcroller.com\/pt\/tienda\/bota-hockey-junior-raya-3\/#primaryimage"},"datePublished":"2022-11-07T08:29:02+00:00","dateModified":"2024-09-04T09:10:38+00:00","breadcrumb":{"@id":"https:\/\/www.mcroller.com\/pt\/tienda\/bota-hockey-junior-raya-3\/#breadcrumb"},"inLanguage":"pt-PT","potentialAction":[{"@type":"ReadAction","target":[["https:\/\/www.mcroller.com\/pt\/tienda\/bota-hockey-junior-raya-3\/"]]}]},{"@type":"BreadcrumbList","@id":"https:\/\/www.mcroller.com\/pt\/tienda\/bota-hockey-junior-raya-3\/#breadcrumb","itemListElement":[{"@type":"ListItem","position":1,"name":"In\u00edcio","item":"https:\/\/www.mcroller.com\/pt\/"},{"@type":"ListItem","position":2,"name":"Homepage","item":"https:\/\/www.mcroller.com\/pt\/"},{"@type":"ListItem","position":3,"name":"Bota hockey Junior Azul-Negro"}]}]}},"_links":{"self":[{"href":"https:\/\/www.mcroller.com\/pt\/wp-json\/wp\/v2\/product\/3126"}],"collection":[{"href":"https:\/\/www.mcroller.com\/pt\/wp-json\/wp\/v2\/product"}],"about":[{"href":"https:\/\/www.mcroller.com\/pt\/wp-json\/wp\/v2\/types\/product"}],"wp:featuredmedia":[{"embeddable":true,"href":"https:\/\/www.mcroller.com\/pt\/wp-json\/wp\/v2\/media\/3093"}],"wp:attachment":[{"href":"https:\/\/www.mcroller.com\/pt\/wp-json\/wp\/v2\/media?parent=3126"}],"wp:term":[{"taxonomy":"product_cat","embeddable":true,"href":"https:\/\/www.mcroller.com\/pt\/wp-json\/wp\/v2\/product_cat?post=3126"},{"taxonomy":"product_tag","embeddable":true,"href":"https:\/\/www.mcroller.com\/pt\/wp-json\/wp\/v2\/product_tag?post=3126"}],"curies":[{"name":"wp","href":"https:\/\/api.w.org\/{rel}","templated":true}]}}