{"id":4055,"date":"2024-02-05T07:07:57","date_gmt":"2024-02-05T07:07:57","guid":{"rendered":"https:\/\/www.mcroller.com\/es\/?post_type=product&#038;p=4055"},"modified":"2024-08-31T16:17:46","modified_gmt":"2024-08-31T16:17:46","slug":"neck-guards-goalkeeper","status":"publish","type":"product","link":"https:\/\/www.mcroller.com\/pt\/loja\/gargantilha\/","title":{"rendered":"Gargantilha"},"content":{"rendered":"<p class=\"qtranxs-available-languages-message qtranxs-available-languages-message-pt\">Desculpe, este conte\u00fado s\u00f3 est\u00e1 dispon\u00edvel em <a href=\"https:\/\/www.mcroller.com\/en\/wp-json\/wp\/v2\/product\/4055\" class=\"qtranxs-available-language-link qtranxs-available-language-link-en\" title=\"Eng\">ingl\u00eas (EUA)<\/a>.<\/p>","protected":false},"excerpt":{"rendered":"<p>Gargantilha para guarda-redes de h\u00f3quei.<\/p>\n<p>Concebida para jogadores profissionais.<\/p>\n<p><img loading=\"lazy\" class=\"alignnone size-medium wp-image-4053\" src=\"https:\/\/www.mcroller.com\/wp-content\/uploads\/2017\/11\/MEDIDAS-COLLARIN-300x218.jpg\" alt=\"\" width=\"300\" height=\"218\" srcset=\"https:\/\/www.mcroller.com\/wp-content\/uploads\/2017\/11\/MEDIDAS-COLLARIN-300x218.jpg 300w, https:\/\/www.mcroller.com\/wp-content\/uploads\/2017\/11\/MEDIDAS-COLLARIN-350x254.jpg 350w, https:\/\/www.mcroller.com\/wp-content\/uploads\/2017\/11\/MEDIDAS-COLLARIN.jpg 398w\" sizes=\"(max-width: 300px) 100vw, 300px\" \/><\/p>\n","protected":false},"featured_media":4061,"template":"","meta":[],"product_cat":[84,83],"product_tag":[],"acf":[],"yoast_head":"<!-- This site is optimized with the Yoast SEO plugin v18.5.1 - https:\/\/yoast.com\/wordpress\/plugins\/seo\/ -->\n<title>Gargantilha | Hockey McRoller Loja<\/title>\n<meta name=\"robots\" content=\"index, follow, max-snippet:-1, max-image-preview:large, max-video-preview:-1\" \/>\n<link rel=\"canonical\" href=\"https:\/\/www.mcroller.com\/pt\/tienda\/collarin\/\" \/>\n<meta property=\"og:locale\" content=\"pt_PT\" \/>\n<meta property=\"og:type\" content=\"article\" \/>\n<meta property=\"og:title\" content=\"Gargantilha | Hockey McRoller Loja\" \/>\n<meta property=\"og:description\" content=\"Gargantilha para guarda-redes de h\u00f3quei.  Concebida para jogadores profissionais.\" \/>\n<meta property=\"og:url\" content=\"https:\/\/www.mcroller.com\/pt\/tienda\/collarin\/\" \/>\n<meta property=\"og:site_name\" content=\"Hockey McRoller Loja\" \/>\n<meta property=\"article:publisher\" content=\"https:\/\/www.facebook.com\/McRoller-184371304938402\/\" \/>\n<meta property=\"article:modified_time\" content=\"2024-08-31T16:17:46+00:00\" \/>\n<meta property=\"og:image\" content=\"https:\/\/www.mcroller.com\/wp-content\/uploads\/2024\/02\/COLL2-COLLARIN-SIN-BABERO.jpg\" \/>\n\t<meta property=\"og:image:width\" content=\"640\" \/>\n\t<meta property=\"og:image:height\" content=\"334\" \/>\n\t<meta property=\"og:image:type\" content=\"image\/jpeg\" \/>\n<meta name=\"twitter:card\" content=\"summary_large_image\" \/>\n<script type=\"application\/ld+json\" class=\"yoast-schema-graph\">{\"@context\":\"https:\/\/schema.org\",\"@graph\":[{\"@type\":\"WebSite\",\"@id\":\"https:\/\/www.mcroller.com\/pt\/#website\",\"url\":\"https:\/\/www.mcroller.com\/pt\/\",\"name\":\"Hockey McRoller Loja\",\"description\":\"\",\"potentialAction\":[{\"@type\":\"SearchAction\",\"target\":{\"@type\":\"EntryPoint\",\"urlTemplate\":\"https:\/\/www.mcroller.com\/pt\/?s={search_term_string}\"},\"query-input\":\"required name=search_term_string\"}],\"inLanguage\":\"pt-PT\"},{\"@type\":\"ImageObject\",\"@id\":\"https:\/\/www.mcroller.com\/pt\/tienda\/collarin\/#primaryimage\",\"inLanguage\":\"pt-PT\",\"url\":\"https:\/\/www.mcroller.com\/wp-content\/uploads\/2024\/02\/COLL2-COLLARIN-SIN-BABERO.jpg\",\"contentUrl\":\"https:\/\/www.mcroller.com\/wp-content\/uploads\/2024\/02\/COLL2-COLLARIN-SIN-BABERO.jpg\",\"width\":640,\"height\":334},{\"@type\":\"WebPage\",\"@id\":\"https:\/\/www.mcroller.com\/pt\/tienda\/collarin\/#webpage\",\"url\":\"https:\/\/www.mcroller.com\/pt\/tienda\/collarin\/\",\"name\":\"Gargantilha | Hockey McRoller Loja\",\"isPartOf\":{\"@id\":\"https:\/\/www.mcroller.com\/pt\/#website\"},\"primaryImageOfPage\":{\"@id\":\"https:\/\/www.mcroller.com\/pt\/tienda\/collarin\/#primaryimage\"},\"datePublished\":\"2024-02-05T07:07:57+00:00\",\"dateModified\":\"2024-08-31T16:17:46+00:00\",\"breadcrumb\":{\"@id\":\"https:\/\/www.mcroller.com\/pt\/tienda\/collarin\/#breadcrumb\"},\"inLanguage\":\"pt-PT\",\"potentialAction\":[{\"@type\":\"ReadAction\",\"target\":[[\"https:\/\/www.mcroller.com\/pt\/tienda\/collarin\/\"]]}]},{\"@type\":\"BreadcrumbList\",\"@id\":\"https:\/\/www.mcroller.com\/pt\/tienda\/collarin\/#breadcrumb\",\"itemListElement\":[{\"@type\":\"ListItem\",\"position\":1,\"name\":\"In\u00edcio\",\"item\":\"https:\/\/www.mcroller.com\/pt\/\"},{\"@type\":\"ListItem\",\"position\":2,\"name\":\"Homepage\",\"item\":\"https:\/\/www.mcroller.com\/pt\/\"},{\"@type\":\"ListItem\",\"position\":3,\"name\":\"Collarin\"}]}]}<\/script>\n<!-- \/ Yoast SEO plugin. -->","yoast_head_json":{"title":"Gargantilha | Hockey McRoller Loja","robots":{"index":"index","follow":"follow","max-snippet":"max-snippet:-1","max-image-preview":"max-image-preview:large","max-video-preview":"max-video-preview:-1"},"canonical":"https:\/\/www.mcroller.com\/pt\/tienda\/collarin\/","og_locale":"pt_PT","og_type":"article","og_title":"Gargantilha | Hockey McRoller Loja","og_description":"Gargantilha para guarda-redes de h\u00f3quei.  Concebida para jogadores profissionais.","og_url":"https:\/\/www.mcroller.com\/pt\/tienda\/collarin\/","og_site_name":"Hockey McRoller Loja","article_publisher":"https:\/\/www.facebook.com\/McRoller-184371304938402\/","article_modified_time":"2024-08-31T16:17:46+00:00","og_image":[{"width":640,"height":334,"url":"https:\/\/www.mcroller.com\/wp-content\/uploads\/2024\/02\/COLL2-COLLARIN-SIN-BABERO.jpg","type":"image\/jpeg"}],"twitter_card":"summary_large_image","schema":{"@context":"https:\/\/schema.org","@graph":[{"@type":"WebSite","@id":"https:\/\/www.mcroller.com\/pt\/#website","url":"https:\/\/www.mcroller.com\/pt\/","name":"Hockey McRoller Loja","description":"","potentialAction":[{"@type":"SearchAction","target":{"@type":"EntryPoint","urlTemplate":"https:\/\/www.mcroller.com\/pt\/?s={search_term_string}"},"query-input":"required name=search_term_string"}],"inLanguage":"pt-PT"},{"@type":"ImageObject","@id":"https:\/\/www.mcroller.com\/pt\/tienda\/collarin\/#primaryimage","inLanguage":"pt-PT","url":"https:\/\/www.mcroller.com\/wp-content\/uploads\/2024\/02\/COLL2-COLLARIN-SIN-BABERO.jpg","contentUrl":"https:\/\/www.mcroller.com\/wp-content\/uploads\/2024\/02\/COLL2-COLLARIN-SIN-BABERO.jpg","width":640,"height":334},{"@type":"WebPage","@id":"https:\/\/www.mcroller.com\/pt\/tienda\/collarin\/#webpage","url":"https:\/\/www.mcroller.com\/pt\/tienda\/collarin\/","name":"Gargantilha | Hockey McRoller Loja","isPartOf":{"@id":"https:\/\/www.mcroller.com\/pt\/#website"},"primaryImageOfPage":{"@id":"https:\/\/www.mcroller.com\/pt\/tienda\/collarin\/#primaryimage"},"datePublished":"2024-02-05T07:07:57+00:00","dateModified":"2024-08-31T16:17:46+00:00","breadcrumb":{"@id":"https:\/\/www.mcroller.com\/pt\/tienda\/collarin\/#breadcrumb"},"inLanguage":"pt-PT","potentialAction":[{"@type":"ReadAction","target":[["https:\/\/www.mcroller.com\/pt\/tienda\/collarin\/"]]}]},{"@type":"BreadcrumbList","@id":"https:\/\/www.mcroller.com\/pt\/tienda\/collarin\/#breadcrumb","itemListElement":[{"@type":"ListItem","position":1,"name":"In\u00edcio","item":"https:\/\/www.mcroller.com\/pt\/"},{"@type":"ListItem","position":2,"name":"Homepage","item":"https:\/\/www.mcroller.com\/pt\/"},{"@type":"ListItem","position":3,"name":"Collarin"}]}]}},"_links":{"self":[{"href":"https:\/\/www.mcroller.com\/pt\/wp-json\/wp\/v2\/product\/4055"}],"collection":[{"href":"https:\/\/www.mcroller.com\/pt\/wp-json\/wp\/v2\/product"}],"about":[{"href":"https:\/\/www.mcroller.com\/pt\/wp-json\/wp\/v2\/types\/product"}],"wp:featuredmedia":[{"embeddable":true,"href":"https:\/\/www.mcroller.com\/pt\/wp-json\/wp\/v2\/media\/4061"}],"wp:attachment":[{"href":"https:\/\/www.mcroller.com\/pt\/wp-json\/wp\/v2\/media?parent=4055"}],"wp:term":[{"taxonomy":"product_cat","embeddable":true,"href":"https:\/\/www.mcroller.com\/pt\/wp-json\/wp\/v2\/product_cat?post=4055"},{"taxonomy":"product_tag","embeddable":true,"href":"https:\/\/www.mcroller.com\/pt\/wp-json\/wp\/v2\/product_tag?post=4055"}],"curies":[{"name":"wp","href":"https:\/\/api.w.org\/{rel}","templated":true}]}}