{"id":4066,"date":"2024-02-05T09:12:18","date_gmt":"2024-02-05T09:12:18","guid":{"rendered":"https:\/\/www.mcroller.com\/es\/?post_type=product&#038;p=4066"},"modified":"2026-04-12T14:52:12","modified_gmt":"2026-04-12T14:52:12","slug":"protection-goalkeeper-professional-junior","status":"publish","type":"product","link":"https:\/\/www.mcroller.com\/pt\/loja\/guardas-portero-junior\/","title":{"rendered":"Prote\u00e7\u00e3o Goleiro H\u00f3quei junior"},"content":{"rendered":"<p><img loading=\"lazy\" class=\"alignnone size-medium wp-image-1328\" src=\"https:\/\/www.mcroller.com\/wp-content\/uploads\/2018\/02\/Goalkeeper_Guards_Mcroller-300x200.jpg\" alt=\"chest guard hockey patines\" width=\"300\" height=\"200\" \/><\/p>","protected":false},"excerpt":{"rendered":"<p>Peto Goalies para patins de h\u00f3quei.<\/p>\n<p>Prote\u00e7\u00f5es ergon\u00f4micas, qualidade confort\u00e1vel e profissional.<\/p>\n<p>Leve e ideal para goleiros profissionais e goleiros de h\u00f3quei.<\/p>\n<p>Dispon\u00edvel em v\u00e1rios tamanhos:<\/p>\n<p><img loading=\"lazy\" class=\"alignnone size-medium wp-image-4072\" src=\"https:\/\/www.mcroller.com\/wp-content\/uploads\/2024\/02\/MEDIDAS-PETO-PORTERO-INICIACION-300x203.jpg\" alt=\"\" width=\"300\" height=\"203\" srcset=\"https:\/\/www.mcroller.com\/wp-content\/uploads\/2024\/02\/MEDIDAS-PETO-PORTERO-INICIACION-300x203.jpg 300w, https:\/\/www.mcroller.com\/wp-content\/uploads\/2024\/02\/MEDIDAS-PETO-PORTERO-INICIACION-550x371.jpg 550w, https:\/\/www.mcroller.com\/wp-content\/uploads\/2024\/02\/MEDIDAS-PETO-PORTERO-INICIACION-350x236.jpg 350w, https:\/\/www.mcroller.com\/wp-content\/uploads\/2024\/02\/MEDIDAS-PETO-PORTERO-INICIACION.jpg 764w\" sizes=\"(max-width: 300px) 100vw, 300px\" \/><\/p>\n","protected":false},"featured_media":4073,"template":"","meta":[],"product_cat":[83],"product_tag":[],"acf":[],"yoast_head":"<!-- This site is optimized with the Yoast SEO plugin v18.5.1 - https:\/\/yoast.com\/wordpress\/plugins\/seo\/ -->\n<title>Prote\u00e7\u00e3o Goleiro H\u00f3quei junior | Hockey McRoller Loja<\/title>\n<meta name=\"robots\" content=\"index, follow, max-snippet:-1, max-image-preview:large, max-video-preview:-1\" \/>\n<link rel=\"canonical\" href=\"https:\/\/www.mcroller.com\/pt\/tienda\/guardas-portero-junior\/\" \/>\n<meta property=\"og:locale\" content=\"pt_PT\" \/>\n<meta property=\"og:type\" content=\"article\" \/>\n<meta property=\"og:title\" content=\"Prote\u00e7\u00e3o Goleiro H\u00f3quei junior | Hockey McRoller Loja\" \/>\n<meta property=\"og:description\" content=\"Peto Goalies para patins de h\u00f3quei.  Prote\u00e7\u00f5es ergon\u00f4micas, qualidade confort\u00e1vel e profissional.  Leve e ideal para goleiros profissionais e goleiros de h\u00f3quei.  Dispon\u00edvel em v\u00e1rios tamanhos:\" \/>\n<meta property=\"og:url\" content=\"https:\/\/www.mcroller.com\/pt\/tienda\/guardas-portero-junior\/\" \/>\n<meta property=\"og:site_name\" content=\"Hockey McRoller Loja\" \/>\n<meta property=\"article:publisher\" content=\"https:\/\/www.facebook.com\/McRoller-184371304938402\/\" \/>\n<meta property=\"article:modified_time\" content=\"2026-04-12T14:52:12+00:00\" \/>\n<meta property=\"og:image\" content=\"https:\/\/www.mcroller.com\/wp-content\/uploads\/2024\/02\/JUNIOR-CHEST-GUARD.jpg\" \/>\n\t<meta property=\"og:image:width\" content=\"949\" \/>\n\t<meta property=\"og:image:height\" content=\"870\" \/>\n\t<meta property=\"og:image:type\" content=\"image\/jpeg\" \/>\n<meta name=\"twitter:card\" content=\"summary_large_image\" \/>\n<script type=\"application\/ld+json\" class=\"yoast-schema-graph\">{\"@context\":\"https:\/\/schema.org\",\"@graph\":[{\"@type\":\"WebSite\",\"@id\":\"https:\/\/www.mcroller.com\/pt\/#website\",\"url\":\"https:\/\/www.mcroller.com\/pt\/\",\"name\":\"Hockey McRoller Loja\",\"description\":\"\",\"potentialAction\":[{\"@type\":\"SearchAction\",\"target\":{\"@type\":\"EntryPoint\",\"urlTemplate\":\"https:\/\/www.mcroller.com\/pt\/?s={search_term_string}\"},\"query-input\":\"required name=search_term_string\"}],\"inLanguage\":\"pt-PT\"},{\"@type\":\"ImageObject\",\"@id\":\"https:\/\/www.mcroller.com\/pt\/tienda\/guardas-portero-junior\/#primaryimage\",\"inLanguage\":\"pt-PT\",\"url\":\"https:\/\/www.mcroller.com\/wp-content\/uploads\/2024\/02\/JUNIOR-CHEST-GUARD.jpg\",\"contentUrl\":\"https:\/\/www.mcroller.com\/wp-content\/uploads\/2024\/02\/JUNIOR-CHEST-GUARD.jpg\",\"width\":949,\"height\":870},{\"@type\":\"WebPage\",\"@id\":\"https:\/\/www.mcroller.com\/pt\/tienda\/guardas-portero-junior\/#webpage\",\"url\":\"https:\/\/www.mcroller.com\/pt\/tienda\/guardas-portero-junior\/\",\"name\":\"Prote\u00e7\u00e3o Goleiro H\u00f3quei junior | Hockey McRoller Loja\",\"isPartOf\":{\"@id\":\"https:\/\/www.mcroller.com\/pt\/#website\"},\"primaryImageOfPage\":{\"@id\":\"https:\/\/www.mcroller.com\/pt\/tienda\/guardas-portero-junior\/#primaryimage\"},\"datePublished\":\"2024-02-05T09:12:18+00:00\",\"dateModified\":\"2026-04-12T14:52:12+00:00\",\"breadcrumb\":{\"@id\":\"https:\/\/www.mcroller.com\/pt\/tienda\/guardas-portero-junior\/#breadcrumb\"},\"inLanguage\":\"pt-PT\",\"potentialAction\":[{\"@type\":\"ReadAction\",\"target\":[[\"https:\/\/www.mcroller.com\/pt\/tienda\/guardas-portero-junior\/\"]]}]},{\"@type\":\"BreadcrumbList\",\"@id\":\"https:\/\/www.mcroller.com\/pt\/tienda\/guardas-portero-junior\/#breadcrumb\",\"itemListElement\":[{\"@type\":\"ListItem\",\"position\":1,\"name\":\"In\u00edcio\",\"item\":\"https:\/\/www.mcroller.com\/pt\/\"},{\"@type\":\"ListItem\",\"position\":2,\"name\":\"Homepage\",\"item\":\"https:\/\/www.mcroller.com\/pt\/\"},{\"@type\":\"ListItem\",\"position\":3,\"name\":\"Peto Portero Hockey Iniciaci\u00f3n\"}]}]}<\/script>\n<!-- \/ Yoast SEO plugin. -->","yoast_head_json":{"title":"Prote\u00e7\u00e3o Goleiro H\u00f3quei junior | Hockey McRoller Loja","robots":{"index":"index","follow":"follow","max-snippet":"max-snippet:-1","max-image-preview":"max-image-preview:large","max-video-preview":"max-video-preview:-1"},"canonical":"https:\/\/www.mcroller.com\/pt\/tienda\/guardas-portero-junior\/","og_locale":"pt_PT","og_type":"article","og_title":"Prote\u00e7\u00e3o Goleiro H\u00f3quei junior | Hockey McRoller Loja","og_description":"Peto Goalies para patins de h\u00f3quei.  Prote\u00e7\u00f5es ergon\u00f4micas, qualidade confort\u00e1vel e profissional.  Leve e ideal para goleiros profissionais e goleiros de h\u00f3quei.  Dispon\u00edvel em v\u00e1rios tamanhos:","og_url":"https:\/\/www.mcroller.com\/pt\/tienda\/guardas-portero-junior\/","og_site_name":"Hockey McRoller Loja","article_publisher":"https:\/\/www.facebook.com\/McRoller-184371304938402\/","article_modified_time":"2026-04-12T14:52:12+00:00","og_image":[{"width":949,"height":870,"url":"https:\/\/www.mcroller.com\/wp-content\/uploads\/2024\/02\/JUNIOR-CHEST-GUARD.jpg","type":"image\/jpeg"}],"twitter_card":"summary_large_image","schema":{"@context":"https:\/\/schema.org","@graph":[{"@type":"WebSite","@id":"https:\/\/www.mcroller.com\/pt\/#website","url":"https:\/\/www.mcroller.com\/pt\/","name":"Hockey McRoller Loja","description":"","potentialAction":[{"@type":"SearchAction","target":{"@type":"EntryPoint","urlTemplate":"https:\/\/www.mcroller.com\/pt\/?s={search_term_string}"},"query-input":"required name=search_term_string"}],"inLanguage":"pt-PT"},{"@type":"ImageObject","@id":"https:\/\/www.mcroller.com\/pt\/tienda\/guardas-portero-junior\/#primaryimage","inLanguage":"pt-PT","url":"https:\/\/www.mcroller.com\/wp-content\/uploads\/2024\/02\/JUNIOR-CHEST-GUARD.jpg","contentUrl":"https:\/\/www.mcroller.com\/wp-content\/uploads\/2024\/02\/JUNIOR-CHEST-GUARD.jpg","width":949,"height":870},{"@type":"WebPage","@id":"https:\/\/www.mcroller.com\/pt\/tienda\/guardas-portero-junior\/#webpage","url":"https:\/\/www.mcroller.com\/pt\/tienda\/guardas-portero-junior\/","name":"Prote\u00e7\u00e3o Goleiro H\u00f3quei junior | Hockey McRoller Loja","isPartOf":{"@id":"https:\/\/www.mcroller.com\/pt\/#website"},"primaryImageOfPage":{"@id":"https:\/\/www.mcroller.com\/pt\/tienda\/guardas-portero-junior\/#primaryimage"},"datePublished":"2024-02-05T09:12:18+00:00","dateModified":"2026-04-12T14:52:12+00:00","breadcrumb":{"@id":"https:\/\/www.mcroller.com\/pt\/tienda\/guardas-portero-junior\/#breadcrumb"},"inLanguage":"pt-PT","potentialAction":[{"@type":"ReadAction","target":[["https:\/\/www.mcroller.com\/pt\/tienda\/guardas-portero-junior\/"]]}]},{"@type":"BreadcrumbList","@id":"https:\/\/www.mcroller.com\/pt\/tienda\/guardas-portero-junior\/#breadcrumb","itemListElement":[{"@type":"ListItem","position":1,"name":"In\u00edcio","item":"https:\/\/www.mcroller.com\/pt\/"},{"@type":"ListItem","position":2,"name":"Homepage","item":"https:\/\/www.mcroller.com\/pt\/"},{"@type":"ListItem","position":3,"name":"Peto Portero Hockey Iniciaci\u00f3n"}]}]}},"_links":{"self":[{"href":"https:\/\/www.mcroller.com\/pt\/wp-json\/wp\/v2\/product\/4066"}],"collection":[{"href":"https:\/\/www.mcroller.com\/pt\/wp-json\/wp\/v2\/product"}],"about":[{"href":"https:\/\/www.mcroller.com\/pt\/wp-json\/wp\/v2\/types\/product"}],"wp:featuredmedia":[{"embeddable":true,"href":"https:\/\/www.mcroller.com\/pt\/wp-json\/wp\/v2\/media\/4073"}],"wp:attachment":[{"href":"https:\/\/www.mcroller.com\/pt\/wp-json\/wp\/v2\/media?parent=4066"}],"wp:term":[{"taxonomy":"product_cat","embeddable":true,"href":"https:\/\/www.mcroller.com\/pt\/wp-json\/wp\/v2\/product_cat?post=4066"},{"taxonomy":"product_tag","embeddable":true,"href":"https:\/\/www.mcroller.com\/pt\/wp-json\/wp\/v2\/product_tag?post=4066"}],"curies":[{"name":"wp","href":"https:\/\/api.w.org\/{rel}","templated":true}]}}