{"id":407,"date":"2017-10-24T16:49:13","date_gmt":"2017-10-24T16:49:13","guid":{"rendered":"https:\/\/www.mcroller.com\/?post_type=product&#038;p=407"},"modified":"2026-01-31T21:30:31","modified_gmt":"2026-01-31T21:30:31","slug":"mcroller-sticks-junior-madera-natural","status":"publish","type":"product","link":"https:\/\/www.mcroller.com\/pt\/loja\/mcroller-bastoes-hoquei-junior-tural\/","title":{"rendered":"Bast\u00f5es H\u00f3quei em patins Junior McRoller"},"content":{"rendered":"<p class=\"qtranxs-available-languages-message qtranxs-available-languages-message-pt\">Desculpe, este conte\u00fado s\u00f3 est\u00e1 dispon\u00edvel em <a href=\"https:\/\/www.mcroller.com\/es\/wp-json\/wp\/v2\/product\/407\" class=\"qtranxs-available-language-link qtranxs-available-language-link-es\" title=\"Cast\">espanhol europeu<\/a> e <a href=\"https:\/\/www.mcroller.com\/fr\/wp-json\/wp\/v2\/product\/407\" class=\"qtranxs-available-language-link qtranxs-available-language-link-fr\" title=\"FR\">franc\u00eas<\/a>.<\/p>","protected":false},"excerpt":{"rendered":"<h3><span lang=\"PT\"><span style=\"font-family: Calibri;\">Sticks McRoller &#8211; Pista de h\u00f3quei para iniciantes, feita de madeira e francesa.<\/span><\/span><\/h3>\n<h3><span lang=\"PT\"><span style=\"font-family: Calibri;\"><br \/>\nPronta para uso e confort\u00e1vel para o seu treino.<\/span><\/span><\/h3>\n<h3><span lang=\"PT\"><span style=\"font-family: Calibri;\"><br \/>\nPratique seus primeiros passos no h\u00f3quei na pista.<\/span><\/span><\/h3>\n<h3><span lang=\"PT\"><span style=\"font-family: Calibri;\"><br \/>\nDispon\u00edvel nos tamanhos 90 cm e 102 cm.<\/span><\/span><\/h3>\n<h3><span lang=\"PT\"><span style=\"font-family: Calibri;\"><br \/>\nDispon\u00edvel em diversas cores.<\/span><\/span><\/h3>\n","protected":false},"featured_media":5107,"template":"","meta":[],"product_cat":[38,28,29,57],"product_tag":[],"acf":[],"yoast_head":"<!-- This site is optimized with the Yoast SEO plugin v18.5.1 - https:\/\/yoast.com\/wordpress\/plugins\/seo\/ -->\n<title>Bast\u00f5es H\u00f3quei em patins Junior McRoller | Hockey McRoller Loja<\/title>\n<meta name=\"robots\" content=\"index, follow, max-snippet:-1, max-image-preview:large, max-video-preview:-1\" \/>\n<link rel=\"canonical\" href=\"https:\/\/www.mcroller.com\/pt\/tienda\/mcroller-sticks-junior\/\" \/>\n<meta property=\"og:locale\" content=\"pt_PT\" \/>\n<meta property=\"og:type\" content=\"article\" \/>\n<meta property=\"og:title\" content=\"Bast\u00f5es H\u00f3quei em patins Junior McRoller | Hockey McRoller Loja\" \/>\n<meta property=\"og:description\" content=\"Sticks McRoller - Pista de h\u00f3quei para iniciantes, feita de madeira e francesa.  Pronta para uso e confort\u00e1vel para o seu treino.  Pratique seus primeiros passos no h\u00f3quei na pista.  Dispon\u00edvel nos tamanhos 90 cm e 102 cm.  Dispon\u00edvel em diversas cores.\" \/>\n<meta property=\"og:url\" content=\"https:\/\/www.mcroller.com\/pt\/tienda\/mcroller-sticks-junior\/\" \/>\n<meta property=\"og:site_name\" content=\"Hockey McRoller Loja\" \/>\n<meta property=\"article:publisher\" content=\"https:\/\/www.facebook.com\/McRoller-184371304938402\/\" \/>\n<meta property=\"article:modified_time\" content=\"2026-01-31T21:30:31+00:00\" \/>\n<meta property=\"og:image\" content=\"https:\/\/www.mcroller.com\/wp-content\/uploads\/2025\/09\/stick-mcroller-azul.jpg\" \/>\n\t<meta property=\"og:image:width\" content=\"864\" \/>\n\t<meta property=\"og:image:height\" content=\"1184\" \/>\n\t<meta property=\"og:image:type\" content=\"image\/jpeg\" \/>\n<meta name=\"twitter:card\" content=\"summary_large_image\" \/>\n<script type=\"application\/ld+json\" class=\"yoast-schema-graph\">{\"@context\":\"https:\/\/schema.org\",\"@graph\":[{\"@type\":\"WebSite\",\"@id\":\"https:\/\/www.mcroller.com\/pt\/#website\",\"url\":\"https:\/\/www.mcroller.com\/pt\/\",\"name\":\"Hockey McRoller Loja\",\"description\":\"\",\"potentialAction\":[{\"@type\":\"SearchAction\",\"target\":{\"@type\":\"EntryPoint\",\"urlTemplate\":\"https:\/\/www.mcroller.com\/pt\/?s={search_term_string}\"},\"query-input\":\"required name=search_term_string\"}],\"inLanguage\":\"pt-PT\"},{\"@type\":\"ImageObject\",\"@id\":\"https:\/\/www.mcroller.com\/pt\/tienda\/mcroller-sticks-junior\/#primaryimage\",\"inLanguage\":\"pt-PT\",\"url\":\"https:\/\/www.mcroller.com\/wp-content\/uploads\/2025\/09\/stick-mcroller-azul.jpg\",\"contentUrl\":\"https:\/\/www.mcroller.com\/wp-content\/uploads\/2025\/09\/stick-mcroller-azul.jpg\",\"width\":864,\"height\":1184},{\"@type\":\"WebPage\",\"@id\":\"https:\/\/www.mcroller.com\/pt\/tienda\/mcroller-sticks-junior\/#webpage\",\"url\":\"https:\/\/www.mcroller.com\/pt\/tienda\/mcroller-sticks-junior\/\",\"name\":\"Bast\u00f5es H\u00f3quei em patins Junior McRoller | Hockey McRoller Loja\",\"isPartOf\":{\"@id\":\"https:\/\/www.mcroller.com\/pt\/#website\"},\"primaryImageOfPage\":{\"@id\":\"https:\/\/www.mcroller.com\/pt\/tienda\/mcroller-sticks-junior\/#primaryimage\"},\"datePublished\":\"2017-10-24T16:49:13+00:00\",\"dateModified\":\"2026-01-31T21:30:31+00:00\",\"breadcrumb\":{\"@id\":\"https:\/\/www.mcroller.com\/pt\/tienda\/mcroller-sticks-junior\/#breadcrumb\"},\"inLanguage\":\"pt-PT\",\"potentialAction\":[{\"@type\":\"ReadAction\",\"target\":[[\"https:\/\/www.mcroller.com\/pt\/tienda\/mcroller-sticks-junior\/\"]]}]},{\"@type\":\"BreadcrumbList\",\"@id\":\"https:\/\/www.mcroller.com\/pt\/tienda\/mcroller-sticks-junior\/#breadcrumb\",\"itemListElement\":[{\"@type\":\"ListItem\",\"position\":1,\"name\":\"In\u00edcio\",\"item\":\"https:\/\/www.mcroller.com\/pt\/\"},{\"@type\":\"ListItem\",\"position\":2,\"name\":\"Homepage\",\"item\":\"https:\/\/www.mcroller.com\/pt\/\"},{\"@type\":\"ListItem\",\"position\":3,\"name\":\"Sticks Hockey Patines Junior McRoller\"}]}]}<\/script>\n<!-- \/ Yoast SEO plugin. -->","yoast_head_json":{"title":"Bast\u00f5es H\u00f3quei em patins Junior McRoller | Hockey McRoller Loja","robots":{"index":"index","follow":"follow","max-snippet":"max-snippet:-1","max-image-preview":"max-image-preview:large","max-video-preview":"max-video-preview:-1"},"canonical":"https:\/\/www.mcroller.com\/pt\/tienda\/mcroller-sticks-junior\/","og_locale":"pt_PT","og_type":"article","og_title":"Bast\u00f5es H\u00f3quei em patins Junior McRoller | Hockey McRoller Loja","og_description":"Sticks McRoller - Pista de h\u00f3quei para iniciantes, feita de madeira e francesa.  Pronta para uso e confort\u00e1vel para o seu treino.  Pratique seus primeiros passos no h\u00f3quei na pista.  Dispon\u00edvel nos tamanhos 90 cm e 102 cm.  Dispon\u00edvel em diversas cores.","og_url":"https:\/\/www.mcroller.com\/pt\/tienda\/mcroller-sticks-junior\/","og_site_name":"Hockey McRoller Loja","article_publisher":"https:\/\/www.facebook.com\/McRoller-184371304938402\/","article_modified_time":"2026-01-31T21:30:31+00:00","og_image":[{"width":864,"height":1184,"url":"https:\/\/www.mcroller.com\/wp-content\/uploads\/2025\/09\/stick-mcroller-azul.jpg","type":"image\/jpeg"}],"twitter_card":"summary_large_image","schema":{"@context":"https:\/\/schema.org","@graph":[{"@type":"WebSite","@id":"https:\/\/www.mcroller.com\/pt\/#website","url":"https:\/\/www.mcroller.com\/pt\/","name":"Hockey McRoller Loja","description":"","potentialAction":[{"@type":"SearchAction","target":{"@type":"EntryPoint","urlTemplate":"https:\/\/www.mcroller.com\/pt\/?s={search_term_string}"},"query-input":"required name=search_term_string"}],"inLanguage":"pt-PT"},{"@type":"ImageObject","@id":"https:\/\/www.mcroller.com\/pt\/tienda\/mcroller-sticks-junior\/#primaryimage","inLanguage":"pt-PT","url":"https:\/\/www.mcroller.com\/wp-content\/uploads\/2025\/09\/stick-mcroller-azul.jpg","contentUrl":"https:\/\/www.mcroller.com\/wp-content\/uploads\/2025\/09\/stick-mcroller-azul.jpg","width":864,"height":1184},{"@type":"WebPage","@id":"https:\/\/www.mcroller.com\/pt\/tienda\/mcroller-sticks-junior\/#webpage","url":"https:\/\/www.mcroller.com\/pt\/tienda\/mcroller-sticks-junior\/","name":"Bast\u00f5es H\u00f3quei em patins Junior McRoller | Hockey McRoller Loja","isPartOf":{"@id":"https:\/\/www.mcroller.com\/pt\/#website"},"primaryImageOfPage":{"@id":"https:\/\/www.mcroller.com\/pt\/tienda\/mcroller-sticks-junior\/#primaryimage"},"datePublished":"2017-10-24T16:49:13+00:00","dateModified":"2026-01-31T21:30:31+00:00","breadcrumb":{"@id":"https:\/\/www.mcroller.com\/pt\/tienda\/mcroller-sticks-junior\/#breadcrumb"},"inLanguage":"pt-PT","potentialAction":[{"@type":"ReadAction","target":[["https:\/\/www.mcroller.com\/pt\/tienda\/mcroller-sticks-junior\/"]]}]},{"@type":"BreadcrumbList","@id":"https:\/\/www.mcroller.com\/pt\/tienda\/mcroller-sticks-junior\/#breadcrumb","itemListElement":[{"@type":"ListItem","position":1,"name":"In\u00edcio","item":"https:\/\/www.mcroller.com\/pt\/"},{"@type":"ListItem","position":2,"name":"Homepage","item":"https:\/\/www.mcroller.com\/pt\/"},{"@type":"ListItem","position":3,"name":"Sticks Hockey Patines Junior McRoller"}]}]}},"_links":{"self":[{"href":"https:\/\/www.mcroller.com\/pt\/wp-json\/wp\/v2\/product\/407"}],"collection":[{"href":"https:\/\/www.mcroller.com\/pt\/wp-json\/wp\/v2\/product"}],"about":[{"href":"https:\/\/www.mcroller.com\/pt\/wp-json\/wp\/v2\/types\/product"}],"wp:featuredmedia":[{"embeddable":true,"href":"https:\/\/www.mcroller.com\/pt\/wp-json\/wp\/v2\/media\/5107"}],"wp:attachment":[{"href":"https:\/\/www.mcroller.com\/pt\/wp-json\/wp\/v2\/media?parent=407"}],"wp:term":[{"taxonomy":"product_cat","embeddable":true,"href":"https:\/\/www.mcroller.com\/pt\/wp-json\/wp\/v2\/product_cat?post=407"},{"taxonomy":"product_tag","embeddable":true,"href":"https:\/\/www.mcroller.com\/pt\/wp-json\/wp\/v2\/product_tag?post=407"}],"curies":[{"name":"wp","href":"https:\/\/api.w.org\/{rel}","templated":true}]}}